{"id":105,"date":"2025-07-07T16:48:11","date_gmt":"2025-07-07T16:48:11","guid":{"rendered":"https:\/\/www.prestamospersonalesnet.com\/?page_id=105"},"modified":"2025-07-07T17:26:40","modified_gmt":"2025-07-07T17:26:40","slug":"solicita-prestamos-personales-en-ing-direct","status":"publish","type":"page","link":"https:\/\/www.prestamospersonalesnet.com\/solicita-prestamos-personales-en-ing-direct\/","title":{"rendered":"Solicita Pr\u00e9stamos Personales En ING Direct"},"content":{"rendered":"<div class=\"wp-block-image\">\n<figure class=\"alignleft size-full\"><img loading=\"lazy\" decoding=\"async\" width=\"150\" height=\"150\" src=\"https:\/\/www.prestamospersonalesnet.com\/wp-content\/uploads\/2025\/07\/prestamos-personales-ingdirect-150x150-4.jpg\" alt=\"Solicita Pr\u00e9stamos Personales En ING Direct\" class=\"wp-image-106\"\/><\/figure>\n<\/div>\n\n\n<p>ING Direct pertenece al grupo ING, la primera entidad financiera de Holanda y una de las m\u00e1s grandes del mundo y se caracteriza por hacer un tipo de <strong>banca f\u00e1cil y online<\/strong>, donde se escuchan las necesidades de los clientes y se evitan las comisiones. Ofrece <strong>pr\u00e9stamos personales<\/strong> con un tipo de inter\u00e9s muy competitivo y transparente, adem\u00e1s de <strong>no tener comisiones<\/strong> de ning\u00fan tipo.<\/p>\n\n\n\n<p>Los <strong>pr\u00e9stamos personales de ING Direct<\/strong> son sencillos, transparentes y sin comisiones, estando disponible s\u00f3lo para clientes de ING Direct. Si no eres cliente de esta entidad no te preocupes porque el alta es muy sencilla y <strong>se puede realizar online r\u00e1pidamente<\/strong>.<\/p>\n\n\n\n<h3 class=\"wp-block-heading\"><strong>\u00bfC\u00f3mo solicitar pr\u00e9stamos personales ING Direct?<\/strong><\/h3>\n\n\n\n<p>Para solicitar pr\u00e9stamos personales ING Direct <strong>es necesario ser cliente<\/strong> de esta entidad bancaria, por lo que existen dos opciones:<\/p>\n\n\n\n<ul class=\"wp-block-list\">\n<li><strong>Si no eres cliente<\/strong> has de hacerte cliente de este banco <strong>abriendo una cuenta n\u00f3mina<\/strong>, una <strong>cuenta sin n\u00f3mina<\/strong> o una <strong>cuenta naranja<\/strong>. Se puede realizar de forma muy sencilla en unos minutos e inmediatamente despu\u00e9s podr\u00e1s solicitar tu pr\u00e9stamo personal, que ellos denominan <em>Pr\u00e9stamo Naranja<\/em>. <strong>Para abrir una cuenta n\u00f3mina o cuenta sin n\u00f3mina pincha aqu\u00ed<\/strong> y <strong>para abrir una cuenta naranja puedes hacerlo aqu\u00ed<\/strong>.<\/li>\n\n\n\n<li><strong>Si ya eres cliente<\/strong> de ING Direct tan s\u00f3lo tienes que acceder a tu cuenta y solicitar el pr\u00e9stamo personal.<\/li>\n<\/ul>\n\n\n\n<p>Una vez seas cliente tendr\u00e1s que <strong>acceder con tus datos<\/strong>&nbsp;en su p\u00e1gina web y en la secci\u00f3n de <em>pr\u00e9stamos personales<\/em>&nbsp;seleccionar el importe y el plazo y con el simulador de cuota descubrir\u00e1s la cuota mensual y si en principio <strong>tu pr\u00e9stamo es viable<\/strong>. Posteriormente te solicitar\u00e1n rellenar un formulario de apertura y el env\u00edo de documentos justificativos de ingresos y gastos, que podr\u00e1s enviarlos tanto en sus oficinas, por correo, fax o email (escaneados o haci\u00e9ndoles una foto con el m\u00f3vil). Una vez revisada tu documentaci\u00f3n <strong>te comunicar\u00e1n si el pr\u00e9stamo ha sido aceptado<\/strong>, en cuyo caso tendr\u00e1s que confirmarlo y te ingresar\u00e1n el dinero en tu cuenta.<\/p>\n\n\n\n<h3 class=\"wp-block-heading\"><strong>\u00bfC\u00f3mo funcionan?<\/strong><\/h3>\n\n\n\n<p>Los pr\u00e9stamos personales de ING Direct <strong>no tienen comisiones de ning\u00fan tipo<\/strong>, por lo que puedes solicitarlos sin compromiso ya que no poseen comisi\u00f3n de estudio. Su tipo de inter\u00e9s es competitivo y transparente, habiendo diferencias de <strong>tipo de inter\u00e9s dependiendo del tipo de cliente<\/strong> que seas:<\/p>\n\n\n\n<ul class=\"wp-block-list\">\n<li>Si eres cliente de la <em><strong>Cuenta N\u00f3mina<\/strong><\/em> con una n\u00f3mina, pensi\u00f3n o prestaci\u00f3n por desempleo domiciliada tendr\u00e1s un tipo de inter\u00e9s del 8,95 % (9,33 % TAE).<\/li>\n\n\n\n<li>Si eres cliente de una <em><strong>Cuenta Sin N\u00f3mina<\/strong><\/em>\u00a0manteniendo un saldo de 2.000 \u20ac o realizando ingresos mensuales de 1.000 \u20ac tendr\u00e1s un tipo de\u00a0inter\u00e9s del 8,95 % (9,33 % TAE).<\/li>\n\n\n\n<li>Si eres cliente de una <em><strong>Cuenta Naranja<\/strong><\/em> tendr\u00e1s un tipo de inter\u00e9s del 9,95 % (10,42 % TAE).<\/li>\n<\/ul>\n\n\n\n<p>El dinero del pr\u00e9stamo personal ser\u00e1 ingresado en tu cuenta bancaria de ING Direct y las cuotas se ir\u00e1n cobrando de dicha cuenta. Al no tener comisiones <strong>podr\u00e1s amortizar tantas cuotas como desees por adelantado<\/strong> e incluso pagar el pr\u00e9stamo completo por adelantado ahorrando as\u00ed intereses.<\/p>\n\n\n\n<h3 class=\"wp-block-heading\"><strong>\u00bfQue ventajas tienen los pr\u00e9stamos personales ING Direct?<\/strong><\/h3>\n\n\n\n<p>La principal ventaja de los pr\u00e9stamos personales ING Direct es <strong>no tener comisiones de ning\u00fan tipo<\/strong>, pudiendo solicitarlo sin pagar nada. Esto es ideal en el caso de solicitar el pr\u00e9stamo en varias entidades y aceptar el que mejores condiciones te de sin perder tiempo ni dinero. Otra de las ventajas de sus pr\u00e9stamos personales es la <strong>transparencia y los tipos de inter\u00e9s competitivos<\/strong> que posee. Adem\u00e1s su solicitud es muy sencilla y no hay que realizar gran cantidad de papeleos, no requiriendo firma de notario.<\/p>\n\n\n\n<p>Por \u00faltimo, si te haces cliente de ING Direct abriendo una Cuenta N\u00f3mina, una Cuenta Sin N\u00f3mina o una Cuenta Naranja disfrutar\u00e1s adem\u00e1s de <strong>todas las ventajas que te ofrece este banco<\/strong> como tener una cuenta sin comisiones, tarjetas gratis, poder sacar dinero a d\u00e9bito en toda la red 4B o ahorro de combustible.<\/p>\n","protected":false},"excerpt":{"rendered":"<p>ING Direct pertenece al grupo ING, la primera entidad financiera de Holanda y una de las m\u00e1s grandes del mundo y se caracteriza por hacer un tipo de banca f\u00e1cil y online, donde se escuchan las necesidades de los clientes y se evitan las comisiones. Ofrece pr\u00e9stamos personales con un tipo de inter\u00e9s muy competitivo &hellip; <a href=\"https:\/\/www.prestamospersonalesnet.com\/solicita-prestamos-personales-en-ing-direct\/\" class=\"more-link\">Continue reading <span class=\"screen-reader-text\">Solicita Pr\u00e9stamos Personales En ING Direct<\/span><\/a><\/p>\n","protected":false},"author":1,"featured_media":0,"parent":0,"menu_order":0,"comment_status":"closed","ping_status":"closed","template":"","meta":{"_uag_custom_page_level_css":"","footnotes":""},"class_list":["post-105","page","type-page","status-publish","hentry"],"yoast_head":"<!-- This site is optimized with the Yoast SEO plugin v25.4 - https:\/\/yoast.com\/wordpress\/plugins\/seo\/ -->\n<title>Solicita Pr\u00e9stamos Personales En ING Direct | Pr\u00e9stamos Personales<\/title>\n<meta name=\"description\" content=\"Solicita pr\u00e9stamos personales en ING Direct sin comisiones y un inter\u00e9s competitivo.Entra para ver las condiciones de sus pr\u00e9stamos y obtener dinero r\u00e1pido.\" \/>\n<meta name=\"robots\" content=\"index, follow, max-snippet:-1, max-image-preview:large, max-video-preview:-1\" \/>\n<link rel=\"canonical\" href=\"https:\/\/www.prestamospersonalesnet.com\/solicita-prestamos-personales-en-ing-direct\/\" \/>\n<meta property=\"og:locale\" content=\"en_US\" \/>\n<meta property=\"og:type\" content=\"article\" \/>\n<meta property=\"og:title\" content=\"Solicita Pr\u00e9stamos Personales En ING Direct | Pr\u00e9stamos Personales\" \/>\n<meta property=\"og:description\" content=\"Solicita pr\u00e9stamos personales en ING Direct sin comisiones y un inter\u00e9s competitivo.Entra para ver las condiciones de sus pr\u00e9stamos y obtener dinero r\u00e1pido.\" \/>\n<meta property=\"og:url\" content=\"https:\/\/www.prestamospersonalesnet.com\/solicita-prestamos-personales-en-ing-direct\/\" \/>\n<meta property=\"og:site_name\" content=\"Pr\u00e9stamos Personales\" \/>\n<meta property=\"article:modified_time\" content=\"2025-07-07T17:26:40+00:00\" \/>\n<meta property=\"og:image\" content=\"https:\/\/www.prestamospersonalesnet.com\/wp-content\/uploads\/2025\/07\/prestamos-personales-ingdirect-150x150-4.jpg\" \/>\n<meta name=\"twitter:card\" content=\"summary_large_image\" \/>\n<meta name=\"twitter:label1\" content=\"Est. reading time\" \/>\n\t<meta name=\"twitter:data1\" content=\"4 minutes\" \/>\n<script type=\"application\/ld+json\" class=\"yoast-schema-graph\">{\"@context\":\"https:\/\/schema.org\",\"@graph\":[{\"@type\":\"WebPage\",\"@id\":\"https:\/\/www.prestamospersonalesnet.com\/solicita-prestamos-personales-en-ing-direct\/\",\"url\":\"https:\/\/www.prestamospersonalesnet.com\/solicita-prestamos-personales-en-ing-direct\/\",\"name\":\"Solicita Pr\u00e9stamos Personales En ING Direct | Pr\u00e9stamos Personales\",\"isPartOf\":{\"@id\":\"https:\/\/www.prestamospersonalesnet.com\/#website\"},\"primaryImageOfPage\":{\"@id\":\"https:\/\/www.prestamospersonalesnet.com\/solicita-prestamos-personales-en-ing-direct\/#primaryimage\"},\"image\":{\"@id\":\"https:\/\/www.prestamospersonalesnet.com\/solicita-prestamos-personales-en-ing-direct\/#primaryimage\"},\"thumbnailUrl\":\"https:\/\/www.prestamospersonalesnet.com\/wp-content\/uploads\/2025\/07\/prestamos-personales-ingdirect-150x150-4.jpg\",\"datePublished\":\"2025-07-07T16:48:11+00:00\",\"dateModified\":\"2025-07-07T17:26:40+00:00\",\"description\":\"Solicita pr\u00e9stamos personales en ING Direct sin comisiones y un inter\u00e9s competitivo.Entra para ver las condiciones de sus pr\u00e9stamos y obtener dinero r\u00e1pido.\",\"breadcrumb\":{\"@id\":\"https:\/\/www.prestamospersonalesnet.com\/solicita-prestamos-personales-en-ing-direct\/#breadcrumb\"},\"inLanguage\":\"en-US\",\"potentialAction\":[{\"@type\":\"ReadAction\",\"target\":[\"https:\/\/www.prestamospersonalesnet.com\/solicita-prestamos-personales-en-ing-direct\/\"]}]},{\"@type\":\"ImageObject\",\"inLanguage\":\"en-US\",\"@id\":\"https:\/\/www.prestamospersonalesnet.com\/solicita-prestamos-personales-en-ing-direct\/#primaryimage\",\"url\":\"https:\/\/www.prestamospersonalesnet.com\/wp-content\/uploads\/2025\/07\/prestamos-personales-ingdirect-150x150-4.jpg\",\"contentUrl\":\"https:\/\/www.prestamospersonalesnet.com\/wp-content\/uploads\/2025\/07\/prestamos-personales-ingdirect-150x150-4.jpg\",\"width\":150,\"height\":150},{\"@type\":\"BreadcrumbList\",\"@id\":\"https:\/\/www.prestamospersonalesnet.com\/solicita-prestamos-personales-en-ing-direct\/#breadcrumb\",\"itemListElement\":[{\"@type\":\"ListItem\",\"position\":1,\"name\":\"Home\",\"item\":\"https:\/\/www.prestamospersonalesnet.com\/\"},{\"@type\":\"ListItem\",\"position\":2,\"name\":\"Solicita Pr\u00e9stamos Personales En ING Direct\"}]},{\"@type\":\"WebSite\",\"@id\":\"https:\/\/www.prestamospersonalesnet.com\/#website\",\"url\":\"https:\/\/www.prestamospersonalesnet.com\/\",\"name\":\"Pr\u00e9stamos Personales\",\"description\":\"Toda la informaci\u00f3n sobre pr\u00e9stamos personales\",\"potentialAction\":[{\"@type\":\"SearchAction\",\"target\":{\"@type\":\"EntryPoint\",\"urlTemplate\":\"https:\/\/www.prestamospersonalesnet.com\/?s={search_term_string}\"},\"query-input\":{\"@type\":\"PropertyValueSpecification\",\"valueRequired\":true,\"valueName\":\"search_term_string\"}}],\"inLanguage\":\"en-US\"}]}<\/script>\n<!-- \/ Yoast SEO plugin. -->","yoast_head_json":{"title":"Solicita Pr\u00e9stamos Personales En ING Direct | Pr\u00e9stamos Personales","description":"Solicita pr\u00e9stamos personales en ING Direct sin comisiones y un inter\u00e9s competitivo.Entra para ver las condiciones de sus pr\u00e9stamos y obtener dinero r\u00e1pido.","robots":{"index":"index","follow":"follow","max-snippet":"max-snippet:-1","max-image-preview":"max-image-preview:large","max-video-preview":"max-video-preview:-1"},"canonical":"https:\/\/www.prestamospersonalesnet.com\/solicita-prestamos-personales-en-ing-direct\/","og_locale":"en_US","og_type":"article","og_title":"Solicita Pr\u00e9stamos Personales En ING Direct | Pr\u00e9stamos Personales","og_description":"Solicita pr\u00e9stamos personales en ING Direct sin comisiones y un inter\u00e9s competitivo.Entra para ver las condiciones de sus pr\u00e9stamos y obtener dinero r\u00e1pido.","og_url":"https:\/\/www.prestamospersonalesnet.com\/solicita-prestamos-personales-en-ing-direct\/","og_site_name":"Pr\u00e9stamos Personales","article_modified_time":"2025-07-07T17:26:40+00:00","og_image":[{"url":"https:\/\/www.prestamospersonalesnet.com\/wp-content\/uploads\/2025\/07\/prestamos-personales-ingdirect-150x150-4.jpg","type":"","width":"","height":""}],"twitter_card":"summary_large_image","twitter_misc":{"Est. reading time":"4 minutes"},"schema":{"@context":"https:\/\/schema.org","@graph":[{"@type":"WebPage","@id":"https:\/\/www.prestamospersonalesnet.com\/solicita-prestamos-personales-en-ing-direct\/","url":"https:\/\/www.prestamospersonalesnet.com\/solicita-prestamos-personales-en-ing-direct\/","name":"Solicita Pr\u00e9stamos Personales En ING Direct | Pr\u00e9stamos Personales","isPartOf":{"@id":"https:\/\/www.prestamospersonalesnet.com\/#website"},"primaryImageOfPage":{"@id":"https:\/\/www.prestamospersonalesnet.com\/solicita-prestamos-personales-en-ing-direct\/#primaryimage"},"image":{"@id":"https:\/\/www.prestamospersonalesnet.com\/solicita-prestamos-personales-en-ing-direct\/#primaryimage"},"thumbnailUrl":"https:\/\/www.prestamospersonalesnet.com\/wp-content\/uploads\/2025\/07\/prestamos-personales-ingdirect-150x150-4.jpg","datePublished":"2025-07-07T16:48:11+00:00","dateModified":"2025-07-07T17:26:40+00:00","description":"Solicita pr\u00e9stamos personales en ING Direct sin comisiones y un inter\u00e9s competitivo.Entra para ver las condiciones de sus pr\u00e9stamos y obtener dinero r\u00e1pido.","breadcrumb":{"@id":"https:\/\/www.prestamospersonalesnet.com\/solicita-prestamos-personales-en-ing-direct\/#breadcrumb"},"inLanguage":"en-US","potentialAction":[{"@type":"ReadAction","target":["https:\/\/www.prestamospersonalesnet.com\/solicita-prestamos-personales-en-ing-direct\/"]}]},{"@type":"ImageObject","inLanguage":"en-US","@id":"https:\/\/www.prestamospersonalesnet.com\/solicita-prestamos-personales-en-ing-direct\/#primaryimage","url":"https:\/\/www.prestamospersonalesnet.com\/wp-content\/uploads\/2025\/07\/prestamos-personales-ingdirect-150x150-4.jpg","contentUrl":"https:\/\/www.prestamospersonalesnet.com\/wp-content\/uploads\/2025\/07\/prestamos-personales-ingdirect-150x150-4.jpg","width":150,"height":150},{"@type":"BreadcrumbList","@id":"https:\/\/www.prestamospersonalesnet.com\/solicita-prestamos-personales-en-ing-direct\/#breadcrumb","itemListElement":[{"@type":"ListItem","position":1,"name":"Home","item":"https:\/\/www.prestamospersonalesnet.com\/"},{"@type":"ListItem","position":2,"name":"Solicita Pr\u00e9stamos Personales En ING Direct"}]},{"@type":"WebSite","@id":"https:\/\/www.prestamospersonalesnet.com\/#website","url":"https:\/\/www.prestamospersonalesnet.com\/","name":"Pr\u00e9stamos Personales","description":"Toda la informaci\u00f3n sobre pr\u00e9stamos personales","potentialAction":[{"@type":"SearchAction","target":{"@type":"EntryPoint","urlTemplate":"https:\/\/www.prestamospersonalesnet.com\/?s={search_term_string}"},"query-input":{"@type":"PropertyValueSpecification","valueRequired":true,"valueName":"search_term_string"}}],"inLanguage":"en-US"}]}},"uagb_featured_image_src":{"full":false,"thumbnail":false,"medium":false,"medium_large":false,"large":false,"1536x1536":false,"2048x2048":false,"post-thumbnail":false},"uagb_author_info":{"display_name":"admin","author_link":"https:\/\/www.prestamospersonalesnet.com\/index.php\/author\/admin\/"},"uagb_comment_info":0,"uagb_excerpt":"ING Direct pertenece al grupo ING, la primera entidad financiera de Holanda y una de las m\u00e1s grandes del mundo y se caracteriza por hacer un tipo de banca f\u00e1cil y online, donde se escuchan las necesidades de los clientes y se evitan las comisiones. Ofrece pr\u00e9stamos personales con un tipo de inter\u00e9s muy competitivo&hellip;","_links":{"self":[{"href":"https:\/\/www.prestamospersonalesnet.com\/index.php\/wp-json\/wp\/v2\/pages\/105","targetHints":{"allow":["GET"]}}],"collection":[{"href":"https:\/\/www.prestamospersonalesnet.com\/index.php\/wp-json\/wp\/v2\/pages"}],"about":[{"href":"https:\/\/www.prestamospersonalesnet.com\/index.php\/wp-json\/wp\/v2\/types\/page"}],"author":[{"embeddable":true,"href":"https:\/\/www.prestamospersonalesnet.com\/index.php\/wp-json\/wp\/v2\/users\/1"}],"replies":[{"embeddable":true,"href":"https:\/\/www.prestamospersonalesnet.com\/index.php\/wp-json\/wp\/v2\/comments?post=105"}],"version-history":[{"count":1,"href":"https:\/\/www.prestamospersonalesnet.com\/index.php\/wp-json\/wp\/v2\/pages\/105\/revisions"}],"predecessor-version":[{"id":107,"href":"https:\/\/www.prestamospersonalesnet.com\/index.php\/wp-json\/wp\/v2\/pages\/105\/revisions\/107"}],"wp:attachment":[{"href":"https:\/\/www.prestamospersonalesnet.com\/index.php\/wp-json\/wp\/v2\/media?parent=105"}],"curies":[{"name":"wp","href":"https:\/\/api.w.org\/{rel}","templated":true}]}}