{"id":18,"date":"2025-07-07T15:22:40","date_gmt":"2025-07-07T15:22:40","guid":{"rendered":"https:\/\/www.prestamospersonalesnet.com\/?page_id=18"},"modified":"2025-07-07T17:26:21","modified_gmt":"2025-07-07T17:26:21","slug":"reunificacion-de-deudas-y-prestamos-con-mejores-condiciones","status":"publish","type":"page","link":"https:\/\/www.prestamospersonalesnet.com\/reunificacion-de-deudas-y-prestamos-con-mejores-condiciones\/","title":{"rendered":"Reunificaci\u00f3n De Deudas Y Pr\u00e9stamos Con Mejores Condiciones"},"content":{"rendered":"<div class=\"wp-block-image\">\n<figure class=\"alignleft size-full\"><img loading=\"lazy\" decoding=\"async\" width=\"250\" height=\"250\" src=\"https:\/\/www.prestamospersonalesnet.com\/wp-content\/uploads\/2025\/07\/reunificacion-de-deudas-agencia-negociadora.gif\" alt=\"prestamospersonalesnet\" class=\"wp-image-19\"\/><\/figure>\n<\/div>\n\n\n<p>La <strong>reunificaci\u00f3n de deudas<\/strong> en un mismo pr\u00e9stamo o hipoteca es la mejor opci\u00f3n para obtener mejores condiciones y pagar menos todos los meses. Es posible realizar la reunificaci\u00f3n de deudas que tenga una persona o familia en un solo pr\u00e9stamo, pudiendo incluir hipotecas, pr\u00e9stamos personales, pagos con tarjetas de cr\u00e9dito u otro tipo de deudas que puedas tener, y llegando a pagar<strong> hasta el 80 % menos de cuota mensual<\/strong>. Para ello solamente es necesario realizar una <strong>simulaci\u00f3n<\/strong> de reunificaci\u00f3n de deudas, con las deudas que quieres unificar&nbsp;y, si est\u00e1s interesado, <strong>la agencia negociadora se encargar\u00e1 de negociar con las entidades financieras y de realizar todo el papeleo<\/strong>.<\/p>\n\n\n\n<p>La <strong>reunificaci\u00f3n de deudas<\/strong> puede ser la mejor opci\u00f3n para pagar menos todos los meses por tus pr\u00e9stamos, cr\u00e9ditos e hipotecas, pudiendo conseguir pagar hasta el 80 % menos todos los meses gracias a las mejores condiciones o ampliaci\u00f3n de plazo que vas a conseguir. Las <strong>agencias de reunificaci\u00f3n de deudas<\/strong>&nbsp;negociar\u00e1n con las entidades financieras para ofrecerte las mejores condiciones posibles y pagar menos por tus pr\u00e9stamos en una sola cuota mensual.<\/p>\n\n\n<div class=\"wp-block-image\">\n<figure class=\"aligncenter size-full\"><img loading=\"lazy\" decoding=\"async\" width=\"728\" height=\"90\" src=\"https:\/\/www.prestamospersonalesnet.com\/wp-content\/uploads\/2025\/07\/reunificacion-de-prestamos-agencia-negociadora.gif\" alt=\"prestamospersonalesnet\" class=\"wp-image-20\"\/><\/figure>\n<\/div>\n\n\n<p><strong>Pasos para realizar la reunificaci\u00f3n de deudas que tengas<\/strong><\/p>\n\n\n\n<p>Para <strong>realizar la reunificaci\u00f3n de deudas<\/strong> es necesario realizar los siguientes pasos, de tal forma que en primer lugar realices una simulaci\u00f3n de forma gratuita y posteriormente, si est\u00e1s interesado, agrupar los pr\u00e9stamos, cr\u00e9ditos e hipotecas en un nuevo pr\u00e9stamo o hipoteca. Como ver\u00e1s, no tendr\u00e1s que realizar ning\u00fan tipo de papeleo ni negociar con ninguna entidad financiera, ya que la agencia se encargar\u00e1 de todo.<\/p>\n\n\n\n<p><strong>1. Realiza una simulaci\u00f3n de la reunificaci\u00f3n de deudas que tienes<\/strong><\/p>\n\n\n\n<p>En primer lugar es muy importante que realices una simulaci\u00f3n de la reunificaci\u00f3n de deudas y pr\u00e9stamos que tienes, de tal forma que puedas saber en cuanto se quedar\u00eda tu cuota mensual, por cuanto tiempo y si la operaci\u00f3n es viable. Agencia negociadora, una de las mayores entidades de reunificaci\u00f3n de deudas, te ofrece un simulador donde puedes comprobar si la operaci\u00f3n es viable y cuanto tendr\u00edas que pagar. <strong>Puedes acceder al simulador de reunificaci\u00f3n de deudas aqu\u00ed<\/strong>.<\/p>\n\n\n\n<p><strong>2. Realizar la solicitud de la reunificaci\u00f3n de deudas<\/strong><\/p>\n\n\n\n<p>Si la operaci\u00f3n es viable y es rentable para tu bolsillo o comodidad de pago, realiza la solicitud con tus datos personales para que hagan un estudio de riesgos m\u00e1s exhaustivo. La agencia se encargar\u00e1 de realizar todo el papeleo y negociar con las entidades bancarias y financieras para que tengas las mejores condiciones posibles.<\/p>\n\n\n\n<p><strong>3. Se pondr\u00e1n en contacto contigo para asesorarte<\/strong><\/p>\n\n\n\n<p>En un plazo de 48 horas un asesor personal se pondr\u00e1 en contacto contigo para informarte de la operaci\u00f3n y analizar tu situaci\u00f3n particular y tus necesidades de financiaci\u00f3n. Te explicar\u00e1 las opciones de financiaci\u00f3n que tienes disponibles y cuales ser\u00edan las condiciones de cada una de las opciones. Tambi\u00e9n te ayudar\u00e1 a decidir la mejor opci\u00f3n disponible para tu caso.<\/p>\n\n\n\n<p><strong>4. Aceptar la operaci\u00f3n<\/strong><\/p>\n\n\n\n<p>Si est\u00e1s de acuerdo con las nuevas condiciones de tus pr\u00e9stamos, cr\u00e9ditos e hipotecas unidas en un nuevo pr\u00e9stamo o hipoteca, solamente necesitas aceptar la operaci\u00f3n y enviar la documentaci\u00f3n que te soliciten para que la agencia negociadora se ponga en contacto con las entidades financieras y bancarias para realizar la operaci\u00f3n. Tu asesor personal negociar\u00e1 las mejores condiciones posibles con las entidades y cuando tenga todo el trabajo terminado, se pondr\u00e1 en contacto contigo para proponerte una fecha para la firma de la operaci\u00f3n<\/p>\n\n\n\n<p><strong>5. Firma de la operaci\u00f3n<\/strong><\/p>\n\n\n\n<p>Ya solo queda firmar la operaci\u00f3n para que sea efectiva. A partir de este instante tendr\u00e1s las condiciones que te han ofrecido.<\/p>\n\n\n\n<p><strong>\u00bfC\u00f3mo funciona la reunificaci\u00f3n de deudas?<\/strong><\/p>\n\n\n\n<p>La <strong>reunificaci\u00f3n de deudas<\/strong> se basa en unificar todos los pr\u00e9stamos, cr\u00e9ditos e hipotecas que tengas o que quieras unificar en un mismo pr\u00e9stamo o hipoteca, de tal forma que consigas mejores condiciones y por consiguiente <strong>pagues menos a fin de mes<\/strong>. Esto es posible porque la agencia negociadora se encargar\u00e1 de negociar con las entidades financieras y bancarias dichas condiciones, obteniendo <strong>mejores condiciones que si lo hicieras tu mismo<\/strong>, adem\u00e1s de tener que pagar solamente una letra a final de mes.<\/p>\n\n\n\n<p>Mediante esta operaci\u00f3n bancaria vas a poder obtener mejores condiciones, consiguiendo una cuota mensual <strong>hasta un 80 % inferior que la suma de todas las cuotas que tienes<\/strong>&nbsp;que pagar a fin de mes. Esto es posible en base a dos factores:<\/p>\n\n\n\n<ul class=\"wp-block-list\">\n<li>1. Los <strong>tipos de inter\u00e9s<\/strong> de las hipotecas son menores que los de los pr\u00e9stamos personales y cr\u00e9ditos.<\/li>\n\n\n\n<li>2. El <strong>plazo de devoluci\u00f3n<\/strong> puede alagarse si lo necesitas, pagando menos a fin de mes.<\/li>\n<\/ul>\n\n\n\n<p>Adem\u00e1s, la agencia negociadora elegir\u00e1 entre las ofertas que tengan las entidades bancarias para elegir la opci\u00f3n que m\u00e1s se adapta a tus necesidades, <strong>ofreci\u00e9ndote las mejores condiciones posibles<\/strong>.<\/p>\n\n\n\n<p><strong>Condiciones que puedes conseguir con la reunificaci\u00f3n de deudas<\/strong><\/p>\n\n\n\n<p>Con la reunificaci\u00f3n de deudas vas a poder conseguir las siguientes condiciones:<\/p>\n\n\n\n<ul class=\"wp-block-list\">\n<li>1. Una financiaci\u00f3n de <strong>hasta el 80 % del valor de tasaci\u00f3n<\/strong> del bien de la hipoteca.<\/li>\n\n\n\n<li>2. Un plazo de amortizaci\u00f3n de <strong>hasta 30 a\u00f1os<\/strong>.<\/li>\n\n\n\n<li>3. Un tipo de inter\u00e9s muy competitivo, referenciado al Euribor, <strong>desde Euribor + 0,30 %<\/strong>.<\/li>\n<\/ul>\n\n\n\n<p>Para ello seria conveniente&nbsp;<strong>tener una hipoteca o un inmueble para hipotecar<\/strong>, de tal manera que funcione como aval y bajen los tipos de inter\u00e9s del nuevo pr\u00e9stamo.<\/p>\n\n\n<div class=\"wp-block-image\">\n<figure class=\"aligncenter size-full\"><img loading=\"lazy\" decoding=\"async\" width=\"1024\" height=\"512\" src=\"https:\/\/www.prestamospersonalesnet.com\/wp-content\/uploads\/2025\/07\/reunificacion-de-deudas-1024x512-1.jpg\" alt=\"prestamospersonalesnet\" class=\"wp-image-21\" srcset=\"https:\/\/www.prestamospersonalesnet.com\/wp-content\/uploads\/2025\/07\/reunificacion-de-deudas-1024x512-1.jpg 1024w, https:\/\/www.prestamospersonalesnet.com\/wp-content\/uploads\/2025\/07\/reunificacion-de-deudas-1024x512-1-300x150.jpg 300w, https:\/\/www.prestamospersonalesnet.com\/wp-content\/uploads\/2025\/07\/reunificacion-de-deudas-1024x512-1-768x384.jpg 768w\" sizes=\"auto, (max-width: 1024px) 100vw, 1024px\" \/><\/figure>\n<\/div>\n\n\n<p><strong>Ventajas de la reunificaci\u00f3n de deudas?<\/strong><\/p>\n\n\n\n<p>La reunificaci\u00f3n de deudas tiene una ventaja principal que es <strong>pagar menos a fin de mes<\/strong> por todos tus pr\u00e9stamos, cr\u00e9ditos e hipotecas. Adem\u00e1s de pagar menos a final de mes, vas a poder conseguir <strong>pagar menos por el montante final<\/strong> de todas las deudas que tengas debido a que los tipos de inter\u00e9s que vas a conseguir son mucho menores que los que est\u00e1s pagando. Seg\u00fan la web especializada en cr\u00e9ditos <strong>creditosrapidos10min<\/strong>, conseguir\u00e1s pagar al mes&nbsp;<strong>hasta un 80 % menos<\/strong> de lo que est\u00e1s pagando en la actualidad.<\/p>\n\n\n\n<p>Adem\u00e1s de obtener mejores condiciones debido a que la agencia negociadora va a negociar con las entidades bancarias para que obtengas mejores condiciones, vas a poder <strong>pagar tus deudas en un plazo mayor si as\u00ed lo deseas<\/strong>, haciendo que tengas menos cuota a fin de mes.<\/p>\n\n\n\n<p>Podr\u00e1s <strong>simular la reunificaci\u00f3n de tus deudas de forma gratuita y online<\/strong>, pudiendo comprobar en un momento las condiciones que puedes conseguir y, si te interesa, podr\u00e1s obtener m\u00e1s informaci\u00f3n sin tener que pagar nada ni moverte de casa.<\/p>\n\n\n\n<p>No vas a tener que realizar ning\u00fan tipo de papeleo ni ir a ninguna entidad bancaria o financiera para obtener mejores condiciones, ya que <strong>la agencia se ocupar\u00e1 de todo<\/strong> y tu solamente tendr\u00e1s que obtener los documentos que te soliciten y firmar la operaci\u00f3n si est\u00e1s interesado en ella.<\/p>\n\n\n\n<p>Por \u00faltimo, <strong>vas a tener un asesor personal<\/strong> que se pondr\u00e1 en contacto contigo para informarte de las condiciones que puedes conseguir y te ayudar\u00e1 a decidir la mejor opci\u00f3n disponible para obtener mejore condiciones. Dicho asesor estar\u00e1 disponible en todo momento hasta que firmes el nuevo pr\u00e9stamo o hipoteca que unifique todas tus deudas.<\/p>\n","protected":false},"excerpt":{"rendered":"<p>La reunificaci\u00f3n de deudas en un mismo pr\u00e9stamo o hipoteca es la mejor opci\u00f3n para obtener mejores condiciones y pagar menos todos los meses. Es posible realizar la reunificaci\u00f3n de deudas que tenga una persona o familia en un solo pr\u00e9stamo, pudiendo incluir hipotecas, pr\u00e9stamos personales, pagos con tarjetas de cr\u00e9dito u otro tipo de &hellip; <a href=\"https:\/\/www.prestamospersonalesnet.com\/reunificacion-de-deudas-y-prestamos-con-mejores-condiciones\/\" class=\"more-link\">Continue reading <span class=\"screen-reader-text\">Reunificaci\u00f3n De Deudas Y Pr\u00e9stamos Con Mejores Condiciones<\/span><\/a><\/p>\n","protected":false},"author":1,"featured_media":0,"parent":0,"menu_order":0,"comment_status":"closed","ping_status":"closed","template":"","meta":{"_uag_custom_page_level_css":"","footnotes":""},"class_list":["post-18","page","type-page","status-publish","hentry"],"yoast_head":"<!-- This site is optimized with the Yoast SEO plugin v25.4 - https:\/\/yoast.com\/wordpress\/plugins\/seo\/ -->\n<title>Reunificaci\u00f3n De Deudas Y Pr\u00e9stamos Con Mejores Condiciones | Pr\u00e9stamos Personales<\/title>\n<meta name=\"description\" content=\"Reunificaci\u00f3n de deudas y pr\u00e9stamos donde podr\u00e1s agrupar tus cr\u00e9ditos, pr\u00e9stamos e hipotecas para en un mismo pr\u00e9stamo con mejores condiciones y pagar menos\" \/>\n<meta name=\"robots\" content=\"index, follow, max-snippet:-1, max-image-preview:large, max-video-preview:-1\" \/>\n<link rel=\"canonical\" href=\"https:\/\/www.prestamospersonalesnet.com\/reunificacion-de-deudas-y-prestamos-con-mejores-condiciones\/\" \/>\n<meta property=\"og:locale\" content=\"en_US\" \/>\n<meta property=\"og:type\" content=\"article\" \/>\n<meta property=\"og:title\" content=\"Reunificaci\u00f3n De Deudas Y Pr\u00e9stamos Con Mejores Condiciones | Pr\u00e9stamos Personales\" \/>\n<meta property=\"og:description\" content=\"Reunificaci\u00f3n de deudas y pr\u00e9stamos donde podr\u00e1s agrupar tus cr\u00e9ditos, pr\u00e9stamos e hipotecas para en un mismo pr\u00e9stamo con mejores condiciones y pagar menos\" \/>\n<meta property=\"og:url\" content=\"https:\/\/www.prestamospersonalesnet.com\/reunificacion-de-deudas-y-prestamos-con-mejores-condiciones\/\" \/>\n<meta property=\"og:site_name\" content=\"Pr\u00e9stamos Personales\" \/>\n<meta property=\"article:modified_time\" content=\"2025-07-07T17:26:21+00:00\" \/>\n<meta property=\"og:image\" content=\"https:\/\/www.prestamospersonalesnet.com\/wp-content\/uploads\/2025\/07\/reunificacion-de-deudas-agencia-negociadora.gif\" \/>\n<meta name=\"twitter:card\" content=\"summary_large_image\" \/>\n<meta name=\"twitter:label1\" content=\"Est. reading time\" \/>\n\t<meta name=\"twitter:data1\" content=\"6 minutes\" \/>\n<script type=\"application\/ld+json\" class=\"yoast-schema-graph\">{\"@context\":\"https:\/\/schema.org\",\"@graph\":[{\"@type\":\"WebPage\",\"@id\":\"https:\/\/www.prestamospersonalesnet.com\/reunificacion-de-deudas-y-prestamos-con-mejores-condiciones\/\",\"url\":\"https:\/\/www.prestamospersonalesnet.com\/reunificacion-de-deudas-y-prestamos-con-mejores-condiciones\/\",\"name\":\"Reunificaci\u00f3n De Deudas Y Pr\u00e9stamos Con Mejores Condiciones | Pr\u00e9stamos Personales\",\"isPartOf\":{\"@id\":\"https:\/\/www.prestamospersonalesnet.com\/#website\"},\"primaryImageOfPage\":{\"@id\":\"https:\/\/www.prestamospersonalesnet.com\/reunificacion-de-deudas-y-prestamos-con-mejores-condiciones\/#primaryimage\"},\"image\":{\"@id\":\"https:\/\/www.prestamospersonalesnet.com\/reunificacion-de-deudas-y-prestamos-con-mejores-condiciones\/#primaryimage\"},\"thumbnailUrl\":\"https:\/\/www.prestamospersonalesnet.com\/wp-content\/uploads\/2025\/07\/reunificacion-de-deudas-agencia-negociadora.gif\",\"datePublished\":\"2025-07-07T15:22:40+00:00\",\"dateModified\":\"2025-07-07T17:26:21+00:00\",\"description\":\"Reunificaci\u00f3n de deudas y pr\u00e9stamos donde podr\u00e1s agrupar tus cr\u00e9ditos, pr\u00e9stamos e hipotecas para en un mismo pr\u00e9stamo con mejores condiciones y pagar menos\",\"breadcrumb\":{\"@id\":\"https:\/\/www.prestamospersonalesnet.com\/reunificacion-de-deudas-y-prestamos-con-mejores-condiciones\/#breadcrumb\"},\"inLanguage\":\"en-US\",\"potentialAction\":[{\"@type\":\"ReadAction\",\"target\":[\"https:\/\/www.prestamospersonalesnet.com\/reunificacion-de-deudas-y-prestamos-con-mejores-condiciones\/\"]}]},{\"@type\":\"ImageObject\",\"inLanguage\":\"en-US\",\"@id\":\"https:\/\/www.prestamospersonalesnet.com\/reunificacion-de-deudas-y-prestamos-con-mejores-condiciones\/#primaryimage\",\"url\":\"https:\/\/www.prestamospersonalesnet.com\/wp-content\/uploads\/2025\/07\/reunificacion-de-deudas-agencia-negociadora.gif\",\"contentUrl\":\"https:\/\/www.prestamospersonalesnet.com\/wp-content\/uploads\/2025\/07\/reunificacion-de-deudas-agencia-negociadora.gif\",\"width\":250,\"height\":250},{\"@type\":\"BreadcrumbList\",\"@id\":\"https:\/\/www.prestamospersonalesnet.com\/reunificacion-de-deudas-y-prestamos-con-mejores-condiciones\/#breadcrumb\",\"itemListElement\":[{\"@type\":\"ListItem\",\"position\":1,\"name\":\"Home\",\"item\":\"https:\/\/www.prestamospersonalesnet.com\/\"},{\"@type\":\"ListItem\",\"position\":2,\"name\":\"Reunificaci\u00f3n De Deudas Y Pr\u00e9stamos Con Mejores Condiciones\"}]},{\"@type\":\"WebSite\",\"@id\":\"https:\/\/www.prestamospersonalesnet.com\/#website\",\"url\":\"https:\/\/www.prestamospersonalesnet.com\/\",\"name\":\"Pr\u00e9stamos Personales\",\"description\":\"Toda la informaci\u00f3n sobre pr\u00e9stamos personales\",\"potentialAction\":[{\"@type\":\"SearchAction\",\"target\":{\"@type\":\"EntryPoint\",\"urlTemplate\":\"https:\/\/www.prestamospersonalesnet.com\/?s={search_term_string}\"},\"query-input\":{\"@type\":\"PropertyValueSpecification\",\"valueRequired\":true,\"valueName\":\"search_term_string\"}}],\"inLanguage\":\"en-US\"}]}<\/script>\n<!-- \/ Yoast SEO plugin. -->","yoast_head_json":{"title":"Reunificaci\u00f3n De Deudas Y Pr\u00e9stamos Con Mejores Condiciones | Pr\u00e9stamos Personales","description":"Reunificaci\u00f3n de deudas y pr\u00e9stamos donde podr\u00e1s agrupar tus cr\u00e9ditos, pr\u00e9stamos e hipotecas para en un mismo pr\u00e9stamo con mejores condiciones y pagar menos","robots":{"index":"index","follow":"follow","max-snippet":"max-snippet:-1","max-image-preview":"max-image-preview:large","max-video-preview":"max-video-preview:-1"},"canonical":"https:\/\/www.prestamospersonalesnet.com\/reunificacion-de-deudas-y-prestamos-con-mejores-condiciones\/","og_locale":"en_US","og_type":"article","og_title":"Reunificaci\u00f3n De Deudas Y Pr\u00e9stamos Con Mejores Condiciones | Pr\u00e9stamos Personales","og_description":"Reunificaci\u00f3n de deudas y pr\u00e9stamos donde podr\u00e1s agrupar tus cr\u00e9ditos, pr\u00e9stamos e hipotecas para en un mismo pr\u00e9stamo con mejores condiciones y pagar menos","og_url":"https:\/\/www.prestamospersonalesnet.com\/reunificacion-de-deudas-y-prestamos-con-mejores-condiciones\/","og_site_name":"Pr\u00e9stamos Personales","article_modified_time":"2025-07-07T17:26:21+00:00","og_image":[{"url":"https:\/\/www.prestamospersonalesnet.com\/wp-content\/uploads\/2025\/07\/reunificacion-de-deudas-agencia-negociadora.gif","type":"","width":"","height":""}],"twitter_card":"summary_large_image","twitter_misc":{"Est. reading time":"6 minutes"},"schema":{"@context":"https:\/\/schema.org","@graph":[{"@type":"WebPage","@id":"https:\/\/www.prestamospersonalesnet.com\/reunificacion-de-deudas-y-prestamos-con-mejores-condiciones\/","url":"https:\/\/www.prestamospersonalesnet.com\/reunificacion-de-deudas-y-prestamos-con-mejores-condiciones\/","name":"Reunificaci\u00f3n De Deudas Y Pr\u00e9stamos Con Mejores Condiciones | Pr\u00e9stamos Personales","isPartOf":{"@id":"https:\/\/www.prestamospersonalesnet.com\/#website"},"primaryImageOfPage":{"@id":"https:\/\/www.prestamospersonalesnet.com\/reunificacion-de-deudas-y-prestamos-con-mejores-condiciones\/#primaryimage"},"image":{"@id":"https:\/\/www.prestamospersonalesnet.com\/reunificacion-de-deudas-y-prestamos-con-mejores-condiciones\/#primaryimage"},"thumbnailUrl":"https:\/\/www.prestamospersonalesnet.com\/wp-content\/uploads\/2025\/07\/reunificacion-de-deudas-agencia-negociadora.gif","datePublished":"2025-07-07T15:22:40+00:00","dateModified":"2025-07-07T17:26:21+00:00","description":"Reunificaci\u00f3n de deudas y pr\u00e9stamos donde podr\u00e1s agrupar tus cr\u00e9ditos, pr\u00e9stamos e hipotecas para en un mismo pr\u00e9stamo con mejores condiciones y pagar menos","breadcrumb":{"@id":"https:\/\/www.prestamospersonalesnet.com\/reunificacion-de-deudas-y-prestamos-con-mejores-condiciones\/#breadcrumb"},"inLanguage":"en-US","potentialAction":[{"@type":"ReadAction","target":["https:\/\/www.prestamospersonalesnet.com\/reunificacion-de-deudas-y-prestamos-con-mejores-condiciones\/"]}]},{"@type":"ImageObject","inLanguage":"en-US","@id":"https:\/\/www.prestamospersonalesnet.com\/reunificacion-de-deudas-y-prestamos-con-mejores-condiciones\/#primaryimage","url":"https:\/\/www.prestamospersonalesnet.com\/wp-content\/uploads\/2025\/07\/reunificacion-de-deudas-agencia-negociadora.gif","contentUrl":"https:\/\/www.prestamospersonalesnet.com\/wp-content\/uploads\/2025\/07\/reunificacion-de-deudas-agencia-negociadora.gif","width":250,"height":250},{"@type":"BreadcrumbList","@id":"https:\/\/www.prestamospersonalesnet.com\/reunificacion-de-deudas-y-prestamos-con-mejores-condiciones\/#breadcrumb","itemListElement":[{"@type":"ListItem","position":1,"name":"Home","item":"https:\/\/www.prestamospersonalesnet.com\/"},{"@type":"ListItem","position":2,"name":"Reunificaci\u00f3n De Deudas Y Pr\u00e9stamos Con Mejores Condiciones"}]},{"@type":"WebSite","@id":"https:\/\/www.prestamospersonalesnet.com\/#website","url":"https:\/\/www.prestamospersonalesnet.com\/","name":"Pr\u00e9stamos Personales","description":"Toda la informaci\u00f3n sobre pr\u00e9stamos personales","potentialAction":[{"@type":"SearchAction","target":{"@type":"EntryPoint","urlTemplate":"https:\/\/www.prestamospersonalesnet.com\/?s={search_term_string}"},"query-input":{"@type":"PropertyValueSpecification","valueRequired":true,"valueName":"search_term_string"}}],"inLanguage":"en-US"}]}},"uagb_featured_image_src":{"full":false,"thumbnail":false,"medium":false,"medium_large":false,"large":false,"1536x1536":false,"2048x2048":false,"post-thumbnail":false},"uagb_author_info":{"display_name":"admin","author_link":"https:\/\/www.prestamospersonalesnet.com\/index.php\/author\/admin\/"},"uagb_comment_info":0,"uagb_excerpt":"La reunificaci\u00f3n de deudas en un mismo pr\u00e9stamo o hipoteca es la mejor opci\u00f3n para obtener mejores condiciones y pagar menos todos los meses. Es posible realizar la reunificaci\u00f3n de deudas que tenga una persona o familia en un solo pr\u00e9stamo, pudiendo incluir hipotecas, pr\u00e9stamos personales, pagos con tarjetas de cr\u00e9dito u otro tipo de&hellip;","_links":{"self":[{"href":"https:\/\/www.prestamospersonalesnet.com\/index.php\/wp-json\/wp\/v2\/pages\/18","targetHints":{"allow":["GET"]}}],"collection":[{"href":"https:\/\/www.prestamospersonalesnet.com\/index.php\/wp-json\/wp\/v2\/pages"}],"about":[{"href":"https:\/\/www.prestamospersonalesnet.com\/index.php\/wp-json\/wp\/v2\/types\/page"}],"author":[{"embeddable":true,"href":"https:\/\/www.prestamospersonalesnet.com\/index.php\/wp-json\/wp\/v2\/users\/1"}],"replies":[{"embeddable":true,"href":"https:\/\/www.prestamospersonalesnet.com\/index.php\/wp-json\/wp\/v2\/comments?post=18"}],"version-history":[{"count":3,"href":"https:\/\/www.prestamospersonalesnet.com\/index.php\/wp-json\/wp\/v2\/pages\/18\/revisions"}],"predecessor-version":[{"id":127,"href":"https:\/\/www.prestamospersonalesnet.com\/index.php\/wp-json\/wp\/v2\/pages\/18\/revisions\/127"}],"wp:attachment":[{"href":"https:\/\/www.prestamospersonalesnet.com\/index.php\/wp-json\/wp\/v2\/media?parent=18"}],"curies":[{"name":"wp","href":"https:\/\/api.w.org\/{rel}","templated":true}]}}