{"id":24,"date":"2025-07-07T15:29:58","date_gmt":"2025-07-07T15:29:58","guid":{"rendered":"https:\/\/www.prestamospersonalesnet.com\/?page_id=24"},"modified":"2025-07-07T17:24:36","modified_gmt":"2025-07-07T17:24:36","slug":"donde-solicito-prestamos-con-asnef","status":"publish","type":"page","link":"https:\/\/www.prestamospersonalesnet.com\/donde-solicito-prestamos-con-asnef\/","title":{"rendered":"\u00bfD\u00f3nde Solicito Pr\u00e9stamos Con ASNEF?"},"content":{"rendered":"<div class=\"wp-block-image\">\n<figure class=\"alignleft size-full\"><img loading=\"lazy\" decoding=\"async\" width=\"150\" height=\"150\" src=\"https:\/\/www.prestamospersonalesnet.com\/wp-content\/uploads\/2025\/07\/creditos-rapidos-prestamos-con-asnef-150x150-1.jpg\" alt=\"\u00bfD\u00f3nde Solicito Pr\u00e9stamos Con ASNEF?\" class=\"wp-image-25\"\/><\/figure>\n<\/div>\n\n\n<p>Solicitar <strong>pr\u00e9stamos con ASNEF<\/strong> es un tema muy &nbsp;buscado por las personas que est\u00e1n incluidas en dicha lista debido a que <strong>las entidades financieras no aceptan cr\u00e9ditos y pr\u00e9stamos con ASNEF<\/strong>. Pero la creaci\u00f3n de nuevos productos financieros adaptados a las necesidades reales de las personas ha provocado que hayan aparecido entidades financieras que ofrezcan <strong>cr\u00e9ditos con ASNEF<\/strong> para que las personas que se encuentran en ese listado puedan <strong>obtener dinero r\u00e1pido<\/strong>.<\/p>\n\n\n\n<p>En estos momentos de crisis econ\u00f3mica la <strong>morosidad se ha disparado<\/strong> y las entidades financieras se han blindado, no ofreciendo pr\u00e9stamos a personas con una puntuaci\u00f3n de cr\u00e9dito baja y mucho menos aceptan pr\u00e9stamos con ASNEF. Las entidades de <strong>cr\u00e9ditos r\u00e1pidos online son de las pocas empresas que ofrecen pr\u00e9stamos con ASNEF<\/strong>. Veamos cuales son dichas entidades:<\/p>\n\n\n\n<h3 class=\"wp-block-heading\"><strong>Solicitar pr\u00e9stamos con ASNEF en Zaimo<\/strong><\/h3>\n\n\n<div class=\"wp-block-image\">\n<figure class=\"alignright size-full\"><img loading=\"lazy\" decoding=\"async\" width=\"250\" height=\"250\" src=\"https:\/\/www.prestamospersonalesnet.com\/wp-content\/uploads\/2025\/07\/prestamos-con-asnef-zaimo.gif\" alt=\"prestamospersonalesnet\" class=\"wp-image-26\"\/><\/figure>\n<\/div>\n\n\n<p><strong>Zaimo<\/strong> es una entidad de pr\u00e9stamos r\u00e1pidos online donde es posible conseguir hasta 5.000 euros en 12 minutos sin necesidad de cumplir requisitos, ya que ofrecen pr\u00e9stamos sin n\u00f3mina o pensi\u00f3n y pr\u00e9stamos con ASNEF. Los pr\u00e9stamos r\u00e1pidos de Zaimo no necesitan aval ya que son pr\u00e9stamos sin garant\u00eda.<\/p>\n\n\n\n<p>Para solicitar pr\u00e9stamos r\u00e1pidos con ASNEF en Zaimo <strong>solamente tienes que acceder a su p\u00e1gina web de solicitudes<\/strong>, seleccionar la cantidad y plazo del pr\u00e9stamo y rellenar el formulario con tus datos. En unos minutos te indicar\u00e1n las condiciones personalizadas de tu pr\u00e9stamo y, si las confirmas, te enviar\u00e1n el dinero de forma inmediata.<\/p>\n\n\n\n<h3 class=\"wp-block-heading\"><strong>Solicitar pr\u00e9stamos con ASNEF en Kredito24<\/strong><\/h3>\n\n\n<div class=\"wp-block-image\">\n<figure class=\"alignright size-full\"><img loading=\"lazy\" decoding=\"async\" width=\"300\" height=\"250\" src=\"https:\/\/www.prestamospersonalesnet.com\/wp-content\/uploads\/2025\/07\/prestamos-con-asnef-kredito24.gif\" alt=\"prestamospersonalesnet\" class=\"wp-image-27\"\/><\/figure>\n<\/div>\n\n\n<p><strong>Kredito24<\/strong> es una entidad financiera de cr\u00e9ditos r\u00e1pidos online donde es posible conseguir hasta 750 euros en 10 minutos sin n\u00f3mina o pensi\u00f3n, sin aval y donde es posible conseguir el pr\u00e9stamo con ASNEF. Para ello tan solo <strong>tienes que acceder a su p\u00e1gina web<\/strong> y elegir la cantidad que necesitas y el plazo de devoluci\u00f3n del pr\u00e9stamo, rellenando a continuaci\u00f3n el formulario con tus datos.<\/p>\n\n\n\n<p>En unos minutos se pondr\u00e1n contigo para indicarte la aceptaci\u00f3n de la solicitud y una vez confirmada, te enviar\u00e1n el dinero de forma inmediata, siendo una de las formas m\u00e1s sencillas y r\u00e1pidas de conseguir dinero.<\/p>\n\n\n\n<h3 class=\"wp-block-heading\"><strong>Solicitar pr\u00e9stamos con ASNEF en Cashper<\/strong><\/h3>\n\n\n<div class=\"wp-block-image\">\n<figure class=\"alignright size-full\"><img loading=\"lazy\" decoding=\"async\" width=\"336\" height=\"280\" src=\"https:\/\/www.prestamospersonalesnet.com\/wp-content\/uploads\/2025\/07\/mini-creditos-rapidos-cashper.gif\" alt=\"prestamospersonalesnet\" class=\"wp-image-28\"\/><\/figure>\n<\/div>\n\n\n<p><strong>Cashper<\/strong> es otra entidad de mini cr\u00e9ditos r\u00e1pidos online que ofrece dinero r\u00e1pido a personas que est\u00e1n inscritas en las listas de morosos ASNEF. Podr\u00e1s obtener pr\u00e9stamos con ASNEF de forma sencilla y totalmente online, ya que <strong>su solicitud se realiza a trav\u00e9s de su p\u00e1gina web<\/strong>.<\/p>\n\n\n\n<p>Cashper ofrece <strong>desde 50 \u20ac a 500 \u20ac en 10 minutos<\/strong> con s\u00f3lo indicar la cantidad a solicitar y rellenar un formulario de solicitud donde tendr\u00e1s que indicar tus datos personales. Los <strong>requisitos para solicitar minicreditos en Cashper<\/strong> son los siguientes:<\/p>\n\n\n\n<ol class=\"wp-block-list\">\n<li>\u2013 Ser mayor de edad y tener un documento de identidad.<\/li>\n\n\n\n<li>\u2013 Tener una cuenta bancaria a tu nombre.<\/li>\n\n\n\n<li>\u2013 Un n\u00famero de tel\u00e9fono m\u00f3vil y una direcci\u00f3n de correo electr\u00f3nico para ponerse en contacto contigo.<\/li>\n\n\n\n<li>\u2013 Un justificante de ingresos mensuales.<\/li>\n<\/ol>\n\n\n\n<p><strong>Pincha aqu\u00ed<\/strong>\u00a0para obtener m\u00e1s informaci\u00f3n sobre los cr\u00e9ditos r\u00e1pidos de Cashper.<\/p>\n\n\n\n<h3 class=\"wp-block-heading\"><strong>Solicitar pr\u00e9stamos con ASNEF en Sucredito<\/strong><\/h3>\n\n\n<div class=\"wp-block-image\">\n<figure class=\"alignright size-full\"><img loading=\"lazy\" decoding=\"async\" width=\"150\" height=\"150\" src=\"https:\/\/www.prestamospersonalesnet.com\/wp-content\/uploads\/2025\/07\/prestamos-personales-mini-prestamos-rapidos-sucredito.jpg\" alt=\"prestamospersonalesnet\" class=\"wp-image-29\"\/><\/figure>\n<\/div>\n\n\n<p><strong>Sucredito<\/strong> es una empresa que ofrece dinero r\u00e1pido a trav\u00e9s de mini cr\u00e9ditos r\u00e1pidos online. Podr\u00e1s disponer de hasta 500 \u20ac en 10 minutos gracias a su sistema automatizado que ofrece dinero de forma online. Para solicitar dinero con ASNEF en Sucredito tan solo tienes que <strong>acceder a su p\u00e1gina web de solicitud de pr\u00e9stamos<\/strong> y seleccionar la cantidad a solicitar, el plazo de devoluci\u00f3n del mismo y rellenar la solicitud que consiste en un formulario muy sencillo.<\/p>\n\n\n\n<p>En unos minutos se pondr\u00e1n en contacto contigo para indicarte la aceptaci\u00f3n de la solicitud del pr\u00e9stamo y podr\u00e1s disponer del <strong>dinero en tu cuenta bancaria en 10 minutos<\/strong>. Los <strong>requisitos que solicita Sucredito<\/strong> para aceptar un cr\u00e9dito son:<\/p>\n\n\n\n<ol class=\"wp-block-list\">\n<li>\u2013 Ser mayor de edad.<\/li>\n\n\n\n<li>\u2013 Tener un documento de identidad.<\/li>\n\n\n\n<li>\u2013 Tener un n\u00famero de cuenta bancaria a tu nombre.<\/li>\n\n\n\n<li>\u2013 Un n\u00famero de tel\u00e9fono m\u00f3vil.<\/li>\n<\/ol>\n\n\n\n<p><strong>Pincha aqu\u00ed<\/strong> para obtener m\u00e1s informaci\u00f3n sobre los cr\u00e9ditos r\u00e1pidos de Sucredito.<\/p>\n\n\n\n<h3 class=\"wp-block-heading\"><strong>Obtener pr\u00e9stamos con ASNEF a trav\u00e9s de empe\u00f1o de bienes<\/strong><\/h3>\n\n\n\n<p>Otra opci\u00f3n poco utilizada hace unos a\u00f1os y que con la crisis econ\u00f3mica va tomando relevancia de nuevo es <strong>obtener dinero r\u00e1pido en efectivo empe\u00f1ando bienes<\/strong> en una casa de empe\u00f1o. Como sabr\u00e1s, en una casa de empe\u00f1o puedes empe\u00f1ar bienes por una cantidad de dinero en efectivo, que tendr\u00e1s que <strong>devolver junto a los honorarios antes del plazo m\u00e1ximo de devoluci\u00f3n<\/strong> si quieres recuperar dicho bien.<\/p>\n\n\n\n<p>Existen casas de empe\u00f1o f\u00edsicas y online, donde <strong>se suelen especializar en un tipo de producto que saben que pueden vender con facilidad<\/strong> si el dinero no es devuelto. Existen casas de empe\u00f1o que incluso te permiten disfrutar del bien empe\u00f1ado mientras dura el empe\u00f1o en r\u00e9gimen de alquiler.<\/p>\n\n\n\n<h3 class=\"wp-block-heading\"><strong>Obtener pr\u00e9stamos con ASNEF hipotecando bienes<\/strong><\/h3>\n\n\n\n<p>Hipotecar bienes es otra de las formas de obtener pr\u00e9stamos con ASNEF. Para ello tendr\u00e1s que contactar con empresas especializadas en <strong>pr\u00e9stamos con garant\u00eda hipotecaria<\/strong>, que ofrecen pr\u00e9stamos a todo tipo de personas, sin realizar un estudio de riesgos, por lo que podr\u00e1s obtener pr\u00e9stamos con ASNEF.<\/p>\n\n\n\n<p>Este tipo de empresas suele prestar hasta un m\u00e1ximo del 50 % del valor del bien hipotecado y <strong>embargar\u00e1n dicho bien si el dinero del pr\u00e9stamo no se devuelve<\/strong> en el plazo firmado. Al igual que las casas de empe\u00f1o, las empresas que ofrecen pr\u00e9stamos con garant\u00eda hipotecaria <strong>est\u00e1n especializadas en alg\u00fan tipo de bien<\/strong> debido a que saben como sacarlo al mercado.<\/p>\n\n\n\n<p>En prestamospersonalesnet.com\u00a0te ofrecemos todas las opciones para conseguir dinero a trav\u00e9s de pr\u00e9stamos personales u otro tipo de productos. Elige el que m\u00e1s se adapta a tus necesidades financieras.<\/p>\n","protected":false},"excerpt":{"rendered":"<p>Solicitar pr\u00e9stamos con ASNEF es un tema muy &nbsp;buscado por las personas que est\u00e1n incluidas en dicha lista debido a que las entidades financieras no aceptan cr\u00e9ditos y pr\u00e9stamos con ASNEF. Pero la creaci\u00f3n de nuevos productos financieros adaptados a las necesidades reales de las personas ha provocado que hayan aparecido entidades financieras que ofrezcan &hellip; <a href=\"https:\/\/www.prestamospersonalesnet.com\/donde-solicito-prestamos-con-asnef\/\" class=\"more-link\">Continue reading <span class=\"screen-reader-text\">\u00bfD\u00f3nde Solicito Pr\u00e9stamos Con ASNEF?<\/span><\/a><\/p>\n","protected":false},"author":1,"featured_media":0,"parent":0,"menu_order":0,"comment_status":"closed","ping_status":"closed","template":"","meta":{"_uag_custom_page_level_css":"","footnotes":""},"class_list":["post-24","page","type-page","status-publish","hentry"],"yoast_head":"<!-- This site is optimized with the Yoast SEO plugin v25.4 - https:\/\/yoast.com\/wordpress\/plugins\/seo\/ -->\n<title>\u00bfD\u00f3nde Solicito Pr\u00e9stamos Con ASNEF? | Pr\u00e9stamos Personales<\/title>\n<meta name=\"description\" content=\"Solicita pr\u00e9stamos con ASNEF de forma sencilla a trav\u00e9s de cr\u00e9ditos r\u00e1pidos, tarjetas de cr\u00e9dito y otros productos financieros. Entra aqu\u00ed para saber como.\" \/>\n<meta name=\"robots\" content=\"index, follow, max-snippet:-1, max-image-preview:large, max-video-preview:-1\" \/>\n<link rel=\"canonical\" href=\"https:\/\/www.prestamospersonalesnet.com\/donde-solicito-prestamos-con-asnef\/\" \/>\n<meta property=\"og:locale\" content=\"en_US\" \/>\n<meta property=\"og:type\" content=\"article\" \/>\n<meta property=\"og:title\" content=\"\u00bfD\u00f3nde Solicito Pr\u00e9stamos Con ASNEF? | Pr\u00e9stamos Personales\" \/>\n<meta property=\"og:description\" content=\"Solicita pr\u00e9stamos con ASNEF de forma sencilla a trav\u00e9s de cr\u00e9ditos r\u00e1pidos, tarjetas de cr\u00e9dito y otros productos financieros. Entra aqu\u00ed para saber como.\" \/>\n<meta property=\"og:url\" content=\"https:\/\/www.prestamospersonalesnet.com\/donde-solicito-prestamos-con-asnef\/\" \/>\n<meta property=\"og:site_name\" content=\"Pr\u00e9stamos Personales\" \/>\n<meta property=\"article:modified_time\" content=\"2025-07-07T17:24:36+00:00\" \/>\n<meta property=\"og:image\" content=\"https:\/\/www.prestamospersonalesnet.com\/wp-content\/uploads\/2025\/07\/creditos-rapidos-prestamos-con-asnef-150x150-1.jpg\" \/>\n<meta name=\"twitter:card\" content=\"summary_large_image\" \/>\n<meta name=\"twitter:label1\" content=\"Est. reading time\" \/>\n\t<meta name=\"twitter:data1\" content=\"6 minutes\" \/>\n<script type=\"application\/ld+json\" class=\"yoast-schema-graph\">{\"@context\":\"https:\/\/schema.org\",\"@graph\":[{\"@type\":\"WebPage\",\"@id\":\"https:\/\/www.prestamospersonalesnet.com\/donde-solicito-prestamos-con-asnef\/\",\"url\":\"https:\/\/www.prestamospersonalesnet.com\/donde-solicito-prestamos-con-asnef\/\",\"name\":\"\u00bfD\u00f3nde Solicito Pr\u00e9stamos Con ASNEF? | Pr\u00e9stamos Personales\",\"isPartOf\":{\"@id\":\"https:\/\/www.prestamospersonalesnet.com\/#website\"},\"primaryImageOfPage\":{\"@id\":\"https:\/\/www.prestamospersonalesnet.com\/donde-solicito-prestamos-con-asnef\/#primaryimage\"},\"image\":{\"@id\":\"https:\/\/www.prestamospersonalesnet.com\/donde-solicito-prestamos-con-asnef\/#primaryimage\"},\"thumbnailUrl\":\"https:\/\/www.prestamospersonalesnet.com\/wp-content\/uploads\/2025\/07\/creditos-rapidos-prestamos-con-asnef-150x150-1.jpg\",\"datePublished\":\"2025-07-07T15:29:58+00:00\",\"dateModified\":\"2025-07-07T17:24:36+00:00\",\"description\":\"Solicita pr\u00e9stamos con ASNEF de forma sencilla a trav\u00e9s de cr\u00e9ditos r\u00e1pidos, tarjetas de cr\u00e9dito y otros productos financieros. Entra aqu\u00ed para saber como.\",\"breadcrumb\":{\"@id\":\"https:\/\/www.prestamospersonalesnet.com\/donde-solicito-prestamos-con-asnef\/#breadcrumb\"},\"inLanguage\":\"en-US\",\"potentialAction\":[{\"@type\":\"ReadAction\",\"target\":[\"https:\/\/www.prestamospersonalesnet.com\/donde-solicito-prestamos-con-asnef\/\"]}]},{\"@type\":\"ImageObject\",\"inLanguage\":\"en-US\",\"@id\":\"https:\/\/www.prestamospersonalesnet.com\/donde-solicito-prestamos-con-asnef\/#primaryimage\",\"url\":\"https:\/\/www.prestamospersonalesnet.com\/wp-content\/uploads\/2025\/07\/creditos-rapidos-prestamos-con-asnef-150x150-1.jpg\",\"contentUrl\":\"https:\/\/www.prestamospersonalesnet.com\/wp-content\/uploads\/2025\/07\/creditos-rapidos-prestamos-con-asnef-150x150-1.jpg\",\"width\":150,\"height\":150},{\"@type\":\"BreadcrumbList\",\"@id\":\"https:\/\/www.prestamospersonalesnet.com\/donde-solicito-prestamos-con-asnef\/#breadcrumb\",\"itemListElement\":[{\"@type\":\"ListItem\",\"position\":1,\"name\":\"Home\",\"item\":\"https:\/\/www.prestamospersonalesnet.com\/\"},{\"@type\":\"ListItem\",\"position\":2,\"name\":\"\u00bfD\u00f3nde Solicito Pr\u00e9stamos Con ASNEF?\"}]},{\"@type\":\"WebSite\",\"@id\":\"https:\/\/www.prestamospersonalesnet.com\/#website\",\"url\":\"https:\/\/www.prestamospersonalesnet.com\/\",\"name\":\"Pr\u00e9stamos Personales\",\"description\":\"Toda la informaci\u00f3n sobre pr\u00e9stamos personales\",\"potentialAction\":[{\"@type\":\"SearchAction\",\"target\":{\"@type\":\"EntryPoint\",\"urlTemplate\":\"https:\/\/www.prestamospersonalesnet.com\/?s={search_term_string}\"},\"query-input\":{\"@type\":\"PropertyValueSpecification\",\"valueRequired\":true,\"valueName\":\"search_term_string\"}}],\"inLanguage\":\"en-US\"}]}<\/script>\n<!-- \/ Yoast SEO plugin. -->","yoast_head_json":{"title":"\u00bfD\u00f3nde Solicito Pr\u00e9stamos Con ASNEF? | Pr\u00e9stamos Personales","description":"Solicita pr\u00e9stamos con ASNEF de forma sencilla a trav\u00e9s de cr\u00e9ditos r\u00e1pidos, tarjetas de cr\u00e9dito y otros productos financieros. Entra aqu\u00ed para saber como.","robots":{"index":"index","follow":"follow","max-snippet":"max-snippet:-1","max-image-preview":"max-image-preview:large","max-video-preview":"max-video-preview:-1"},"canonical":"https:\/\/www.prestamospersonalesnet.com\/donde-solicito-prestamos-con-asnef\/","og_locale":"en_US","og_type":"article","og_title":"\u00bfD\u00f3nde Solicito Pr\u00e9stamos Con ASNEF? | Pr\u00e9stamos Personales","og_description":"Solicita pr\u00e9stamos con ASNEF de forma sencilla a trav\u00e9s de cr\u00e9ditos r\u00e1pidos, tarjetas de cr\u00e9dito y otros productos financieros. Entra aqu\u00ed para saber como.","og_url":"https:\/\/www.prestamospersonalesnet.com\/donde-solicito-prestamos-con-asnef\/","og_site_name":"Pr\u00e9stamos Personales","article_modified_time":"2025-07-07T17:24:36+00:00","og_image":[{"url":"https:\/\/www.prestamospersonalesnet.com\/wp-content\/uploads\/2025\/07\/creditos-rapidos-prestamos-con-asnef-150x150-1.jpg","type":"","width":"","height":""}],"twitter_card":"summary_large_image","twitter_misc":{"Est. reading time":"6 minutes"},"schema":{"@context":"https:\/\/schema.org","@graph":[{"@type":"WebPage","@id":"https:\/\/www.prestamospersonalesnet.com\/donde-solicito-prestamos-con-asnef\/","url":"https:\/\/www.prestamospersonalesnet.com\/donde-solicito-prestamos-con-asnef\/","name":"\u00bfD\u00f3nde Solicito Pr\u00e9stamos Con ASNEF? | Pr\u00e9stamos Personales","isPartOf":{"@id":"https:\/\/www.prestamospersonalesnet.com\/#website"},"primaryImageOfPage":{"@id":"https:\/\/www.prestamospersonalesnet.com\/donde-solicito-prestamos-con-asnef\/#primaryimage"},"image":{"@id":"https:\/\/www.prestamospersonalesnet.com\/donde-solicito-prestamos-con-asnef\/#primaryimage"},"thumbnailUrl":"https:\/\/www.prestamospersonalesnet.com\/wp-content\/uploads\/2025\/07\/creditos-rapidos-prestamos-con-asnef-150x150-1.jpg","datePublished":"2025-07-07T15:29:58+00:00","dateModified":"2025-07-07T17:24:36+00:00","description":"Solicita pr\u00e9stamos con ASNEF de forma sencilla a trav\u00e9s de cr\u00e9ditos r\u00e1pidos, tarjetas de cr\u00e9dito y otros productos financieros. Entra aqu\u00ed para saber como.","breadcrumb":{"@id":"https:\/\/www.prestamospersonalesnet.com\/donde-solicito-prestamos-con-asnef\/#breadcrumb"},"inLanguage":"en-US","potentialAction":[{"@type":"ReadAction","target":["https:\/\/www.prestamospersonalesnet.com\/donde-solicito-prestamos-con-asnef\/"]}]},{"@type":"ImageObject","inLanguage":"en-US","@id":"https:\/\/www.prestamospersonalesnet.com\/donde-solicito-prestamos-con-asnef\/#primaryimage","url":"https:\/\/www.prestamospersonalesnet.com\/wp-content\/uploads\/2025\/07\/creditos-rapidos-prestamos-con-asnef-150x150-1.jpg","contentUrl":"https:\/\/www.prestamospersonalesnet.com\/wp-content\/uploads\/2025\/07\/creditos-rapidos-prestamos-con-asnef-150x150-1.jpg","width":150,"height":150},{"@type":"BreadcrumbList","@id":"https:\/\/www.prestamospersonalesnet.com\/donde-solicito-prestamos-con-asnef\/#breadcrumb","itemListElement":[{"@type":"ListItem","position":1,"name":"Home","item":"https:\/\/www.prestamospersonalesnet.com\/"},{"@type":"ListItem","position":2,"name":"\u00bfD\u00f3nde Solicito Pr\u00e9stamos Con ASNEF?"}]},{"@type":"WebSite","@id":"https:\/\/www.prestamospersonalesnet.com\/#website","url":"https:\/\/www.prestamospersonalesnet.com\/","name":"Pr\u00e9stamos Personales","description":"Toda la informaci\u00f3n sobre pr\u00e9stamos personales","potentialAction":[{"@type":"SearchAction","target":{"@type":"EntryPoint","urlTemplate":"https:\/\/www.prestamospersonalesnet.com\/?s={search_term_string}"},"query-input":{"@type":"PropertyValueSpecification","valueRequired":true,"valueName":"search_term_string"}}],"inLanguage":"en-US"}]}},"uagb_featured_image_src":{"full":false,"thumbnail":false,"medium":false,"medium_large":false,"large":false,"1536x1536":false,"2048x2048":false,"post-thumbnail":false},"uagb_author_info":{"display_name":"admin","author_link":"https:\/\/www.prestamospersonalesnet.com\/index.php\/author\/admin\/"},"uagb_comment_info":0,"uagb_excerpt":"Solicitar pr\u00e9stamos con ASNEF es un tema muy &nbsp;buscado por las personas que est\u00e1n incluidas en dicha lista debido a que las entidades financieras no aceptan cr\u00e9ditos y pr\u00e9stamos con ASNEF. Pero la creaci\u00f3n de nuevos productos financieros adaptados a las necesidades reales de las personas ha provocado que hayan aparecido entidades financieras que ofrezcan&hellip;","_links":{"self":[{"href":"https:\/\/www.prestamospersonalesnet.com\/index.php\/wp-json\/wp\/v2\/pages\/24","targetHints":{"allow":["GET"]}}],"collection":[{"href":"https:\/\/www.prestamospersonalesnet.com\/index.php\/wp-json\/wp\/v2\/pages"}],"about":[{"href":"https:\/\/www.prestamospersonalesnet.com\/index.php\/wp-json\/wp\/v2\/types\/page"}],"author":[{"embeddable":true,"href":"https:\/\/www.prestamospersonalesnet.com\/index.php\/wp-json\/wp\/v2\/users\/1"}],"replies":[{"embeddable":true,"href":"https:\/\/www.prestamospersonalesnet.com\/index.php\/wp-json\/wp\/v2\/comments?post=24"}],"version-history":[{"count":1,"href":"https:\/\/www.prestamospersonalesnet.com\/index.php\/wp-json\/wp\/v2\/pages\/24\/revisions"}],"predecessor-version":[{"id":30,"href":"https:\/\/www.prestamospersonalesnet.com\/index.php\/wp-json\/wp\/v2\/pages\/24\/revisions\/30"}],"wp:attachment":[{"href":"https:\/\/www.prestamospersonalesnet.com\/index.php\/wp-json\/wp\/v2\/media?parent=24"}],"curies":[{"name":"wp","href":"https:\/\/api.w.org\/{rel}","templated":true}]}}