{"id":31,"date":"2025-07-07T15:33:24","date_gmt":"2025-07-07T15:33:24","guid":{"rendered":"https:\/\/www.prestamospersonalesnet.com\/?page_id=31"},"modified":"2025-07-07T17:26:15","modified_gmt":"2025-07-07T17:26:15","slug":"prestamos-personales-solicitar-prestamos-rapidos-online","status":"publish","type":"page","link":"https:\/\/www.prestamospersonalesnet.com\/prestamos-personales-solicitar-prestamos-rapidos-online\/","title":{"rendered":"Pr\u00e9stamos Personales: Solicitar Pr\u00e9stamos R\u00e1pidos Online"},"content":{"rendered":"\n<p>Como ya te contamos en este art\u00edculo, los <strong>pr\u00e9stamos r\u00e1pidos<\/strong> son un tipo de <strong>pr\u00e9stamos personales<\/strong> que se caracterizan por su rapidez tanto en la gesti\u00f3n como en el env\u00edo de dinero. Es la manera m\u00e1s <strong>sencilla y r\u00e1pida<\/strong> de conseguir dinero y adem\u00e1s no es necesario realizar papeleos y puedes realizarlo online y de forma an\u00f3nima. Existen dos tipos de pr\u00e9stamos r\u00e1pidos, los <strong>minipr\u00e9stamos<\/strong> o minicr\u00e9ditos, que son pr\u00e9stamos hasta 600 \u20ac a devolver en un plazo hasta 45 d\u00edas y los <strong>cr\u00e9ditos r\u00e1pidos<\/strong>, que son pr\u00e9stamos de 500 \u20ac a 10.000 \u20ac con un plazo de devoluci\u00f3n que puede ser de hasta varios a\u00f1os. En este art\u00edculo vamos a hablar de este \u00faltimo tipo y te vamos a contar donde puedes <strong>solicitar pr\u00e9stamos r\u00e1pidos online<\/strong>.<\/p>\n\n\n\n<p>Solicitar pr\u00e9stamos r\u00e1pidos online es la manera m\u00e1s r\u00e1pida y sencilla de <strong>conseguir dinero r\u00e1pido<\/strong>. Para ello hay que realizar la solicitud &nbsp;que hay en las p\u00e1ginas web de las entidades financieras que ofrecen este tipo de <strong>pr\u00e9stamos personales<\/strong>. Puedes comparar las entidades financieras de pr\u00e9stamos y cr\u00e9ditos r\u00e1pidos online en <strong>Creditosrapidos10min<\/strong>. Los tr\u00e1mites que hay que realizar en casi todos los casos es rellenar el formulario de solicitud y esperar unos minutos para que estudien tu solicitud y te den la respuesta de <strong>concesi\u00f3n del pr\u00e9stamo<\/strong>. Una vez obtenida la confirmaci\u00f3n suele ser necesario enviar fotocopia de DNI\/NIF, los datos de la \u00faltima n\u00f3mina o pensi\u00f3n y el n\u00famero de cuenta bancaria para que te hagan el ingreso, por lo que tenlo en cuenta para tener esta documentaci\u00f3n.<\/p>\n\n\n\n<p>Las principales entidades que ofrecen <strong>pr\u00e9stamos r\u00e1pidos online<\/strong> son las siguientes:<\/p>\n\n\n<div class=\"wp-block-image\">\n<figure class=\"alignleft size-full\"><img loading=\"lazy\" decoding=\"async\" width=\"150\" height=\"150\" src=\"https:\/\/www.prestamospersonalesnet.com\/wp-content\/uploads\/2025\/07\/prestamos-personales-prestamos-rapidos-cofidis.jpg\" alt=\"prestamospersonalesnet\" class=\"wp-image-32\"\/><\/figure>\n<\/div>\n\n\n<p><strong>Cofidis<\/strong><\/p>\n\n\n\n<p>Cofidis es la compa\u00f1ia lider de pr\u00e9stamos r\u00e1pidos, y ofrece cr\u00e9ditos a trav\u00e9s de su p\u00e1gina sin realizar ning\u00fan papeleo y totalmente online. Ofrece pr\u00e9stamos r\u00e1pidos de&nbsp;<strong>500 a 6000 Euros<\/strong>&nbsp;a devolver<strong>&nbsp;entre 12 y 48 meses<\/strong>. M\u00e1s informaci\u00f3n aqu\u00ed.<\/p>\n\n\n<div class=\"wp-block-image\">\n<figure class=\"alignleft size-full\"><img loading=\"lazy\" decoding=\"async\" width=\"150\" height=\"150\" src=\"https:\/\/www.prestamospersonalesnet.com\/wp-content\/uploads\/2025\/07\/prestamos-personales-prestamos-rapidos-bigbank.jpg\" alt=\"prestamospersonalesnet\" class=\"wp-image-33\"\/><\/figure>\n<\/div>\n\n\n<p><strong>Bigbank<\/strong><\/p>\n\n\n\n<p>BigBank es un banco que est\u00e1 especializado en ofrecer pr\u00e9stamos r\u00e1pidos, dep\u00f3sitos a plazo fijo y otro tipo de pr\u00e9stamos personales.&nbsp;Ofrece pr\u00e9stamos r\u00e1pidos&nbsp;<strong>hasta 10.000 \u20ac<\/strong> con un plazo de devoluci\u00f3n de&nbsp;<strong>hasta en 5 a\u00f1os<\/strong>. M\u00e1s informaci\u00f3n aqu\u00ed.<\/p>\n\n\n<div class=\"wp-block-image\">\n<figure class=\"alignleft size-full is-resized\"><img loading=\"lazy\" decoding=\"async\" width=\"300\" height=\"250\" src=\"https:\/\/www.prestamospersonalesnet.com\/wp-content\/uploads\/2025\/07\/creditos-rapidos-online-zaimo.gif\" alt=\"prestamospersonalesnet\" class=\"wp-image-34\" style=\"width:151px;height:auto\"\/><\/figure>\n<\/div>\n\n\n<p><strong>Zaimo<\/strong><\/p>\n\n\n\n<p>Zaimo es una entidad perteneciente a kreditech, lider en cr\u00e9ditos r\u00e1pidos online, donde puedes obtener hasta 1.500 euros <strong>en 10 minutos sin necesidad de aval, sin n\u00f3mina y con unas condiciones personalizadas<\/strong>. El plazo m\u00e1ximo de devoluci\u00f3n es de 12 meses y podr\u00e1s devolver el dinero con antelaci\u00f3n y ahorrar intereses.<\/p>\n\n\n\n<p>Solicitando <strong>pr\u00e9stamos r\u00e1pidos online<\/strong> es muy f\u00e1cil obtener dinero r\u00e1pido, ya que los tr\u00e1mites que hay que realizar son muy sencillos y adem\u00e1s los requisitos para que los concedan suelen ser <strong>ser mayor de edad<\/strong> y no estar en las <strong>listas de morosos<\/strong> como&nbsp;<a href=\"https:\/\/www.equifax.es\/equifaxnet\/asnef.html\">ASNEF<\/a>&nbsp;o&nbsp;<a href=\"https:\/\/www.einforma.com\/informacion-empresas\/rai\" target=\"_blank\" rel=\"noreferrer noopener\">RAI<\/a>. Si estas incluido en estas listas ser\u00e1 necesario mejorar tu puntuaci\u00f3n de cr\u00e9dito y solicitar que te saquen de ellas. En pr\u00f3ximos art\u00edculos hablaremos de este tema.<\/p>\n\n\n\n<p>Como <strong>desventajas sobre los pr\u00e9stamos personales<\/strong> podemos comentar que los tipos de inter\u00e9s suelen ser m\u00e1s altos, por lo que es importante tenerlo en cuenta antes de solicitarlos. \u00c9sto es debido a la <strong>rapidez<\/strong> de las gestiones que hay que realizar y al poder concederlos a personas con <strong>puntuaci\u00f3n de cr\u00e9dito baja<\/strong> que no pueden acceder a pr\u00e9stamos personales.<\/p>\n\n\n\n<p>Puedes obtener m\u00e1s informaci\u00f3n sobre estos y otros tipos de <strong>pr\u00e9stamos personales<\/strong> en los art\u00edculos que publicamos regularmente en prestamospersonalesnet.com, la web de los pr\u00e9stamos personales y donde te contamos todas las formas de <strong>c\u00f3mo conseguir dinero<\/strong>. <\/p>\n","protected":false},"excerpt":{"rendered":"<p>Como ya te contamos en este art\u00edculo, los pr\u00e9stamos r\u00e1pidos son un tipo de pr\u00e9stamos personales que se caracterizan por su rapidez tanto en la gesti\u00f3n como en el env\u00edo de dinero. Es la manera m\u00e1s sencilla y r\u00e1pida de conseguir dinero y adem\u00e1s no es necesario realizar papeleos y puedes realizarlo online y de &hellip; <a href=\"https:\/\/www.prestamospersonalesnet.com\/prestamos-personales-solicitar-prestamos-rapidos-online\/\" class=\"more-link\">Continue reading <span class=\"screen-reader-text\">Pr\u00e9stamos Personales: Solicitar Pr\u00e9stamos R\u00e1pidos Online<\/span><\/a><\/p>\n","protected":false},"author":1,"featured_media":0,"parent":0,"menu_order":0,"comment_status":"closed","ping_status":"closed","template":"","meta":{"_uag_custom_page_level_css":"","footnotes":""},"class_list":["post-31","page","type-page","status-publish","hentry"],"yoast_head":"<!-- This site is optimized with the Yoast SEO plugin v25.4 - https:\/\/yoast.com\/wordpress\/plugins\/seo\/ -->\n<title>Pr\u00e9stamos Personales: Solicitar Pr\u00e9stamos R\u00e1pidos Online | Pr\u00e9stamos Personales<\/title>\n<meta name=\"description\" content=\"Solicita pr\u00e9stamos r\u00e1pidos online al instante de forma an\u00f3nima, con toda confianza y sin papeleos. Obt\u00e9n dinero r\u00e1pido solicitando pr\u00e9stamos personales.\" \/>\n<meta name=\"robots\" content=\"index, follow, max-snippet:-1, max-image-preview:large, max-video-preview:-1\" \/>\n<link rel=\"canonical\" href=\"https:\/\/www.prestamospersonalesnet.com\/prestamos-personales-solicitar-prestamos-rapidos-online\/\" \/>\n<meta property=\"og:locale\" content=\"en_US\" \/>\n<meta property=\"og:type\" content=\"article\" \/>\n<meta property=\"og:title\" content=\"Pr\u00e9stamos Personales: Solicitar Pr\u00e9stamos R\u00e1pidos Online | Pr\u00e9stamos Personales\" \/>\n<meta property=\"og:description\" content=\"Solicita pr\u00e9stamos r\u00e1pidos online al instante de forma an\u00f3nima, con toda confianza y sin papeleos. Obt\u00e9n dinero r\u00e1pido solicitando pr\u00e9stamos personales.\" \/>\n<meta property=\"og:url\" content=\"https:\/\/www.prestamospersonalesnet.com\/prestamos-personales-solicitar-prestamos-rapidos-online\/\" \/>\n<meta property=\"og:site_name\" content=\"Pr\u00e9stamos Personales\" \/>\n<meta property=\"article:modified_time\" content=\"2025-07-07T17:26:15+00:00\" \/>\n<meta property=\"og:image\" content=\"https:\/\/www.prestamospersonalesnet.com\/wp-content\/uploads\/2025\/07\/prestamos-personales-prestamos-rapidos-cofidis.jpg\" \/>\n<meta name=\"twitter:card\" content=\"summary_large_image\" \/>\n<meta name=\"twitter:label1\" content=\"Est. reading time\" \/>\n\t<meta name=\"twitter:data1\" content=\"4 minutes\" \/>\n<script type=\"application\/ld+json\" class=\"yoast-schema-graph\">{\"@context\":\"https:\/\/schema.org\",\"@graph\":[{\"@type\":\"WebPage\",\"@id\":\"https:\/\/www.prestamospersonalesnet.com\/prestamos-personales-solicitar-prestamos-rapidos-online\/\",\"url\":\"https:\/\/www.prestamospersonalesnet.com\/prestamos-personales-solicitar-prestamos-rapidos-online\/\",\"name\":\"Pr\u00e9stamos Personales: Solicitar Pr\u00e9stamos R\u00e1pidos Online | Pr\u00e9stamos Personales\",\"isPartOf\":{\"@id\":\"https:\/\/www.prestamospersonalesnet.com\/#website\"},\"primaryImageOfPage\":{\"@id\":\"https:\/\/www.prestamospersonalesnet.com\/prestamos-personales-solicitar-prestamos-rapidos-online\/#primaryimage\"},\"image\":{\"@id\":\"https:\/\/www.prestamospersonalesnet.com\/prestamos-personales-solicitar-prestamos-rapidos-online\/#primaryimage\"},\"thumbnailUrl\":\"https:\/\/www.prestamospersonalesnet.com\/wp-content\/uploads\/2025\/07\/prestamos-personales-prestamos-rapidos-cofidis.jpg\",\"datePublished\":\"2025-07-07T15:33:24+00:00\",\"dateModified\":\"2025-07-07T17:26:15+00:00\",\"description\":\"Solicita pr\u00e9stamos r\u00e1pidos online al instante de forma an\u00f3nima, con toda confianza y sin papeleos. Obt\u00e9n dinero r\u00e1pido solicitando pr\u00e9stamos personales.\",\"breadcrumb\":{\"@id\":\"https:\/\/www.prestamospersonalesnet.com\/prestamos-personales-solicitar-prestamos-rapidos-online\/#breadcrumb\"},\"inLanguage\":\"en-US\",\"potentialAction\":[{\"@type\":\"ReadAction\",\"target\":[\"https:\/\/www.prestamospersonalesnet.com\/prestamos-personales-solicitar-prestamos-rapidos-online\/\"]}]},{\"@type\":\"ImageObject\",\"inLanguage\":\"en-US\",\"@id\":\"https:\/\/www.prestamospersonalesnet.com\/prestamos-personales-solicitar-prestamos-rapidos-online\/#primaryimage\",\"url\":\"https:\/\/www.prestamospersonalesnet.com\/wp-content\/uploads\/2025\/07\/prestamos-personales-prestamos-rapidos-cofidis.jpg\",\"contentUrl\":\"https:\/\/www.prestamospersonalesnet.com\/wp-content\/uploads\/2025\/07\/prestamos-personales-prestamos-rapidos-cofidis.jpg\",\"width\":150,\"height\":150},{\"@type\":\"BreadcrumbList\",\"@id\":\"https:\/\/www.prestamospersonalesnet.com\/prestamos-personales-solicitar-prestamos-rapidos-online\/#breadcrumb\",\"itemListElement\":[{\"@type\":\"ListItem\",\"position\":1,\"name\":\"Home\",\"item\":\"https:\/\/www.prestamospersonalesnet.com\/\"},{\"@type\":\"ListItem\",\"position\":2,\"name\":\"Pr\u00e9stamos Personales: Solicitar Pr\u00e9stamos R\u00e1pidos Online\"}]},{\"@type\":\"WebSite\",\"@id\":\"https:\/\/www.prestamospersonalesnet.com\/#website\",\"url\":\"https:\/\/www.prestamospersonalesnet.com\/\",\"name\":\"Pr\u00e9stamos Personales\",\"description\":\"Toda la informaci\u00f3n sobre pr\u00e9stamos personales\",\"potentialAction\":[{\"@type\":\"SearchAction\",\"target\":{\"@type\":\"EntryPoint\",\"urlTemplate\":\"https:\/\/www.prestamospersonalesnet.com\/?s={search_term_string}\"},\"query-input\":{\"@type\":\"PropertyValueSpecification\",\"valueRequired\":true,\"valueName\":\"search_term_string\"}}],\"inLanguage\":\"en-US\"}]}<\/script>\n<!-- \/ Yoast SEO plugin. -->","yoast_head_json":{"title":"Pr\u00e9stamos Personales: Solicitar Pr\u00e9stamos R\u00e1pidos Online | Pr\u00e9stamos Personales","description":"Solicita pr\u00e9stamos r\u00e1pidos online al instante de forma an\u00f3nima, con toda confianza y sin papeleos. Obt\u00e9n dinero r\u00e1pido solicitando pr\u00e9stamos personales.","robots":{"index":"index","follow":"follow","max-snippet":"max-snippet:-1","max-image-preview":"max-image-preview:large","max-video-preview":"max-video-preview:-1"},"canonical":"https:\/\/www.prestamospersonalesnet.com\/prestamos-personales-solicitar-prestamos-rapidos-online\/","og_locale":"en_US","og_type":"article","og_title":"Pr\u00e9stamos Personales: Solicitar Pr\u00e9stamos R\u00e1pidos Online | Pr\u00e9stamos Personales","og_description":"Solicita pr\u00e9stamos r\u00e1pidos online al instante de forma an\u00f3nima, con toda confianza y sin papeleos. Obt\u00e9n dinero r\u00e1pido solicitando pr\u00e9stamos personales.","og_url":"https:\/\/www.prestamospersonalesnet.com\/prestamos-personales-solicitar-prestamos-rapidos-online\/","og_site_name":"Pr\u00e9stamos Personales","article_modified_time":"2025-07-07T17:26:15+00:00","og_image":[{"url":"https:\/\/www.prestamospersonalesnet.com\/wp-content\/uploads\/2025\/07\/prestamos-personales-prestamos-rapidos-cofidis.jpg","type":"","width":"","height":""}],"twitter_card":"summary_large_image","twitter_misc":{"Est. reading time":"4 minutes"},"schema":{"@context":"https:\/\/schema.org","@graph":[{"@type":"WebPage","@id":"https:\/\/www.prestamospersonalesnet.com\/prestamos-personales-solicitar-prestamos-rapidos-online\/","url":"https:\/\/www.prestamospersonalesnet.com\/prestamos-personales-solicitar-prestamos-rapidos-online\/","name":"Pr\u00e9stamos Personales: Solicitar Pr\u00e9stamos R\u00e1pidos Online | Pr\u00e9stamos Personales","isPartOf":{"@id":"https:\/\/www.prestamospersonalesnet.com\/#website"},"primaryImageOfPage":{"@id":"https:\/\/www.prestamospersonalesnet.com\/prestamos-personales-solicitar-prestamos-rapidos-online\/#primaryimage"},"image":{"@id":"https:\/\/www.prestamospersonalesnet.com\/prestamos-personales-solicitar-prestamos-rapidos-online\/#primaryimage"},"thumbnailUrl":"https:\/\/www.prestamospersonalesnet.com\/wp-content\/uploads\/2025\/07\/prestamos-personales-prestamos-rapidos-cofidis.jpg","datePublished":"2025-07-07T15:33:24+00:00","dateModified":"2025-07-07T17:26:15+00:00","description":"Solicita pr\u00e9stamos r\u00e1pidos online al instante de forma an\u00f3nima, con toda confianza y sin papeleos. Obt\u00e9n dinero r\u00e1pido solicitando pr\u00e9stamos personales.","breadcrumb":{"@id":"https:\/\/www.prestamospersonalesnet.com\/prestamos-personales-solicitar-prestamos-rapidos-online\/#breadcrumb"},"inLanguage":"en-US","potentialAction":[{"@type":"ReadAction","target":["https:\/\/www.prestamospersonalesnet.com\/prestamos-personales-solicitar-prestamos-rapidos-online\/"]}]},{"@type":"ImageObject","inLanguage":"en-US","@id":"https:\/\/www.prestamospersonalesnet.com\/prestamos-personales-solicitar-prestamos-rapidos-online\/#primaryimage","url":"https:\/\/www.prestamospersonalesnet.com\/wp-content\/uploads\/2025\/07\/prestamos-personales-prestamos-rapidos-cofidis.jpg","contentUrl":"https:\/\/www.prestamospersonalesnet.com\/wp-content\/uploads\/2025\/07\/prestamos-personales-prestamos-rapidos-cofidis.jpg","width":150,"height":150},{"@type":"BreadcrumbList","@id":"https:\/\/www.prestamospersonalesnet.com\/prestamos-personales-solicitar-prestamos-rapidos-online\/#breadcrumb","itemListElement":[{"@type":"ListItem","position":1,"name":"Home","item":"https:\/\/www.prestamospersonalesnet.com\/"},{"@type":"ListItem","position":2,"name":"Pr\u00e9stamos Personales: Solicitar Pr\u00e9stamos R\u00e1pidos Online"}]},{"@type":"WebSite","@id":"https:\/\/www.prestamospersonalesnet.com\/#website","url":"https:\/\/www.prestamospersonalesnet.com\/","name":"Pr\u00e9stamos Personales","description":"Toda la informaci\u00f3n sobre pr\u00e9stamos personales","potentialAction":[{"@type":"SearchAction","target":{"@type":"EntryPoint","urlTemplate":"https:\/\/www.prestamospersonalesnet.com\/?s={search_term_string}"},"query-input":{"@type":"PropertyValueSpecification","valueRequired":true,"valueName":"search_term_string"}}],"inLanguage":"en-US"}]}},"uagb_featured_image_src":{"full":false,"thumbnail":false,"medium":false,"medium_large":false,"large":false,"1536x1536":false,"2048x2048":false,"post-thumbnail":false},"uagb_author_info":{"display_name":"admin","author_link":"https:\/\/www.prestamospersonalesnet.com\/index.php\/author\/admin\/"},"uagb_comment_info":0,"uagb_excerpt":"Como ya te contamos en este art\u00edculo, los pr\u00e9stamos r\u00e1pidos son un tipo de pr\u00e9stamos personales que se caracterizan por su rapidez tanto en la gesti\u00f3n como en el env\u00edo de dinero. Es la manera m\u00e1s sencilla y r\u00e1pida de conseguir dinero y adem\u00e1s no es necesario realizar papeleos y puedes realizarlo online y de&hellip;","_links":{"self":[{"href":"https:\/\/www.prestamospersonalesnet.com\/index.php\/wp-json\/wp\/v2\/pages\/31","targetHints":{"allow":["GET"]}}],"collection":[{"href":"https:\/\/www.prestamospersonalesnet.com\/index.php\/wp-json\/wp\/v2\/pages"}],"about":[{"href":"https:\/\/www.prestamospersonalesnet.com\/index.php\/wp-json\/wp\/v2\/types\/page"}],"author":[{"embeddable":true,"href":"https:\/\/www.prestamospersonalesnet.com\/index.php\/wp-json\/wp\/v2\/users\/1"}],"replies":[{"embeddable":true,"href":"https:\/\/www.prestamospersonalesnet.com\/index.php\/wp-json\/wp\/v2\/comments?post=31"}],"version-history":[{"count":2,"href":"https:\/\/www.prestamospersonalesnet.com\/index.php\/wp-json\/wp\/v2\/pages\/31\/revisions"}],"predecessor-version":[{"id":123,"href":"https:\/\/www.prestamospersonalesnet.com\/index.php\/wp-json\/wp\/v2\/pages\/31\/revisions\/123"}],"wp:attachment":[{"href":"https:\/\/www.prestamospersonalesnet.com\/index.php\/wp-json\/wp\/v2\/media?parent=31"}],"curies":[{"name":"wp","href":"https:\/\/api.w.org\/{rel}","templated":true}]}}