{"id":36,"date":"2025-07-07T15:46:51","date_gmt":"2025-07-07T15:46:51","guid":{"rendered":"https:\/\/www.prestamospersonalesnet.com\/?page_id=36"},"modified":"2025-07-07T17:32:42","modified_gmt":"2025-07-07T17:32:42","slug":"mini-prestamos-rapidos-los-prestamos-personales-al-instante","status":"publish","type":"page","link":"https:\/\/www.prestamospersonalesnet.com\/mini-prestamos-rapidos-los-prestamos-personales-al-instante\/","title":{"rendered":"Mini Pr\u00e9stamos R\u00e1pidos, Los Pr\u00e9stamos Personales Al Instante"},"content":{"rendered":"\n<p>Los <strong>minicr\u00e9ditos<\/strong> o <strong>mini pr\u00e9stamos r\u00e1pidos<\/strong> son un tipo de <strong>pr\u00e9stamos personales<\/strong> que se caracterizan por ser operaciones con muy bajo capital, normalmente entre 50 \u20ac y 600 \u20ac y con un plazo de devoluci\u00f3n tambi\u00e9n muy corto, comprendiendo entre una semana y 40 d\u00edas. Se utilizan para <strong>peque\u00f1os gastos o imprevistos<\/strong>, como pueden ser la aver\u00eda de un electrodom\u00e9stico, el pago de una multa, la aver\u00eda de un veh\u00edculo o la vuelta al cole de los ni\u00f1os.Lo importante a la hora de solicitar mini pr\u00e9stamos r\u00e1pidos es que&nbsp;se tenga la perspectiva de <strong>devolverlos dentro del plazo<\/strong> de devoluci\u00f3n, ya que su utilizaci\u00f3n es para ello.<\/p>\n\n\n\n<p>Si necesitas <strong>pr\u00e9stamos r\u00e1pidos<\/strong> con <strong>mayores importes o plazos de devoluci\u00f3n&nbsp;entra aqu\u00ed<\/strong>, donde te mostramos las principales caracter\u00edsticas y entidades que ofrecen este tipo de pr\u00e9stamos personales con importes que suelen estar <strong>entre 500 \u20ac y 10.000 \u20ac<\/strong> a devolver en plazos de <strong>hasta 5 a\u00f1os<\/strong>.<\/p>\n\n\n\n<p>Las entidades de este tipo de <strong>pr\u00e9stamos personales<\/strong> como son los <strong>mini pr\u00e9stamos r\u00e1pidos<\/strong> ofrecen su contrataci\u00f3n de forma <strong>online<\/strong>, sin realizar <strong>ning\u00fan papeleo<\/strong> y hasta <strong>sin aval<\/strong>. Lo \u00fanico que tienes que hacer es rellenar el formulario de solicitud y en unos minutos tendr\u00e1s la respuesta de si te han concedido el <strong>minicr\u00e9dito<\/strong>. Si la repuesta es positiva tendr\u00e1s el dinero en tu cuenta a partir de unas horas.<\/p>\n\n\n\n<p>Seg\u00fan la web especializada en cr\u00e9ditos <strong>Creditosrapidos10min<\/strong>, las <strong>principales entidades<\/strong> financieras donde <strong>solicitar mini pr\u00e9stamos r\u00e1pidos<\/strong> son las siguientes:<\/p>\n\n\n<div class=\"wp-block-image\">\n<figure class=\"alignright size-full is-resized\"><img loading=\"lazy\" decoding=\"async\" width=\"200\" height=\"200\" src=\"https:\/\/www.prestamospersonalesnet.com\/wp-content\/uploads\/2025\/07\/prestamos-personales-minicreditos-online-rapidos-kredito24.gif\" alt=\"prestamospersonalesnet\" class=\"wp-image-37\" style=\"width:150px\" title=\"Pr\u00e9stamos Personales - Minicreditos Online en Kredito24\"\/><\/figure>\n<\/div>\n\n\n<p><strong><strong>\u2713<\/strong>&nbsp;Kredito24<\/strong><\/p>\n\n\n\n<p>Kredito24&nbsp;es la filial espa\u00f1ola de una empresa alemana especialista en&nbsp;minicr\u00e9ditos online&nbsp;y pr\u00e9stamos personales urgentes. Ofrece <strong>minicr\u00e9ditos r\u00e1pidos online&nbsp;de 50 \u20ac a 500 \u20ac<\/strong>&nbsp;a devolver en un plazo que est\u00e1&nbsp;entre 7 y 30 d\u00edas&nbsp;de forma r\u00e1pida y sencilla y completamente online.<\/p>\n\n\n<div class=\"wp-block-image\">\n<figure class=\"alignright size-full is-resized\"><img loading=\"lazy\" decoding=\"async\" width=\"150\" height=\"150\" src=\"https:\/\/www.prestamospersonalesnet.com\/wp-content\/uploads\/2025\/07\/mini-prestamos-rapidos-vivus-150x150-1.png\" alt=\"prestamospersonalesnet\" class=\"wp-image-38\" style=\"width:150px\" title=\"Pr\u00e9stamos Personales - Mini Pr\u00e9stamos R\u00e1pidos En Vivus\"\/><\/figure>\n<\/div>\n\n\n<p><strong><strong>\u2713<\/strong>&nbsp;Vivus<\/strong><\/p>\n\n\n\n<p>Vivus &nbsp;es una entidad de cr\u00e9dito especilizada en pr\u00e9stamos r\u00e1pidos que ofrece&nbsp;minicr\u00e9ditos&nbsp;<strong>de 50 \u20ac a 800 \u20ac<\/strong>&nbsp;a devolver en un plazo m\u00e1ximo de&nbsp;<strong>30 d\u00edas<\/strong>. Ofrece el&nbsp;<strong>primer cr\u00e9dito gratis, un minicr\u00e9dito de hasta 300 \u20ac a devolver hasta en 30 d\u00edas, al 0% de inter\u00e9s<\/strong>.<\/p>\n\n\n<div class=\"wp-block-image\">\n<figure class=\"alignright size-full is-resized\"><img loading=\"lazy\" decoding=\"async\" width=\"300\" height=\"250\" src=\"https:\/\/www.prestamospersonalesnet.com\/wp-content\/uploads\/2025\/07\/creditos-rapidos-online-zaimo-1.gif\" alt=\"prestamospersonalesnet\" class=\"wp-image-39\" style=\"width:150px\"\/><\/figure>\n<\/div>\n\n\n<p><strong>\u2713&nbsp;Zaimo<\/strong><\/p>\n\n\n\n<p>Zaimo es una entidad financiera especializada en&nbsp;cr\u00e9ditos r\u00e1pidos online&nbsp;que ofrece pr\u00e9stamos&nbsp;hasta 1.500 euros en 10 minutos&nbsp;a devolver&nbsp;entre 1 y 12 meses&nbsp;sin necesidad de n\u00f3mina ni aval ni la necesidad de realizar papeleos.<\/p>\n\n\n<div class=\"wp-block-image\">\n<figure class=\"alignright size-full is-resized\"><img loading=\"lazy\" decoding=\"async\" width=\"150\" height=\"150\" src=\"https:\/\/www.prestamospersonalesnet.com\/wp-content\/uploads\/2025\/07\/creditos-rapidos-prestamo10-150x150-1.jpg\" alt=\"prestamospersonalesnet\" class=\"wp-image-40\" style=\"width:150px\" title=\"Pr\u00e9stamos Personales Urgentes - Minicr\u00e9ditos R\u00e1pidos Online En Prestamo10\"\/><\/figure>\n<\/div>\n\n\n<p><strong><strong>\u2713<\/strong>&nbsp;Prestamo10<\/strong><\/p>\n\n\n\n<p>Prestamo10 es una compa\u00f1\u00eda perteneciente al grupo P10 Finance que ofrece pr\u00e9stamos personales urgentes <strong>hasta 600 \u20ac<\/strong> a devolver en un plazo de <strong>hasta 30 d\u00edas<\/strong> de forma r\u00e1pida y sencilla, teniendo la respuesta de <strong>tu solicitud en 10 minutos<\/strong>.<\/p>\n\n\n<div class=\"wp-block-image\">\n<figure class=\"alignright size-full is-resized\"><img loading=\"lazy\" decoding=\"async\" width=\"336\" height=\"280\" src=\"https:\/\/www.prestamospersonalesnet.com\/wp-content\/uploads\/2025\/07\/mini-creditos-rapidos-cashper-1.gif\" alt=\"prestamospersonalesnet\" class=\"wp-image-41\" style=\"width:150px\"\/><\/figure>\n<\/div>\n\n\n<p><strong>\u2713&nbsp;Cashper<\/strong><\/p>\n\n\n\n<p>Cashper es una entidad financiera online con la que puedes conseguir&nbsp;<strong>de 50 \u20ac a 500 \u20ac<\/strong>&nbsp;a devolver en 15 \u00f3 30 d\u00edas de forma sencilla, r\u00e1pida, segura y confidencial. Para obtenerlo solo necesitas tener ingresos mensuales e incluso&nbsp;<strong>aceptan clientes con ASNEF<\/strong>. M\u00e1s informaci\u00f3n aqu\u00ed.<\/p>\n\n\n<div class=\"wp-block-image\">\n<figure class=\"alignright size-full is-resized\"><img loading=\"lazy\" decoding=\"async\" width=\"138\" height=\"92\" src=\"https:\/\/www.prestamospersonalesnet.com\/wp-content\/uploads\/2025\/07\/prestamos-personales-mini-prestamos-rapidos-creditorapid.png\" alt=\"prestamospersonalesnet\" class=\"wp-image-42\" style=\"width:150px\" title=\"Pr\u00e9stamos Personales - Mini Pr\u00e9stamos R\u00e1pidos En Creditorapid\"\/><\/figure>\n<\/div>\n\n\n<p><strong><strong>\u2713<\/strong>&nbsp;CreditoRapid<\/strong><\/p>\n\n\n\n<p>Creditorapid&nbsp; es una entidad espa\u00f1ola especializada en pr\u00e9stamos r\u00e1pidos que ofrece&nbsp;mini cr\u00e9ditos r\u00e1pidos&nbsp;<strong>de 50 \u20ac a 500 \u20ac<\/strong>&nbsp;a devolver en un plazo m\u00e1ximo de&nbsp;<strong>30 d\u00edas<\/strong>.<\/p>\n\n\n<div class=\"wp-block-image\">\n<figure class=\"alignright size-full is-resized\"><img loading=\"lazy\" decoding=\"async\" width=\"150\" height=\"150\" src=\"https:\/\/www.prestamospersonalesnet.com\/wp-content\/uploads\/2025\/07\/prestamos-personales-mini-prestamos-rapidos-sucredito-1.jpg\" alt=\"prestamospersonalesnet\" class=\"wp-image-43\" style=\"width:150px\"\/><\/figure>\n<\/div>\n\n\n<p><strong><strong>\u2713<\/strong>&nbsp;Sucredito<\/strong><\/p>\n\n\n\n<p>Sucredito&nbsp;es una&nbsp;empresa espa\u00f1ola l\u00edder en&nbsp;mini pr\u00e9stamos r\u00e1pidos&nbsp;a corto plazo para peque\u00f1as necesidades financieras.&nbsp;Sus pr\u00e9stamos personales se basan en el pr\u00e9stamo&nbsp;<strong>de 50 \u20ac a 500 \u20ac<\/strong>&nbsp;a devolver en un plazo de&nbsp;<strong>15 o 30 d\u00edas<\/strong>. <strong>Aceptan clientes con ASNEF<\/strong>.<\/p>\n\n\n<div class=\"wp-block-image\">\n<figure class=\"alignright size-full is-resized\"><img loading=\"lazy\" decoding=\"async\" width=\"300\" height=\"250\" src=\"https:\/\/www.prestamospersonalesnet.com\/wp-content\/uploads\/2025\/07\/minicreditos-rapidos-quebueno.gif\" alt=\"prestamospersonalesnet\" class=\"wp-image-44\" style=\"width:150px\"\/><\/figure>\n<\/div>\n\n\n<p><strong>\u2713&nbsp;Quebueno<\/strong><\/p>\n\n\n\n<p>QueBueno&nbsp;es un servicio gestionado por la empresa Deenero Spain S.A, con sede en Barcelona.&nbsp;Ofrecen cr\u00e9ditos r\u00e1pidos&nbsp;hasta 300 \u20ac&nbsp;a devolver en un plazo m\u00e1ximo de&nbsp;30 d\u00edas, aunque ofrecen&nbsp;hasta 600 \u20ac&nbsp;para clientes responsables que hayan devuelto pr\u00e9stamos de forma correcta.<\/p>\n\n\n\n<p>Los <strong>requisitos<\/strong> que hay que cumplir en cada uno de los casos suelen coincidir y suelen ser que residas en Espa\u00f1a, que seas mayor de edad y no estar en listas como&nbsp;ASNEF&nbsp;o&nbsp;RAI. En cuanto a la <strong>documentaci\u00f3n<\/strong> que te van a solicitar y te recomendamos tengas presente a la hora de solicitarlos suele ser fotocopia de DNI y una fotocopia de la cartilla bancaria o un recibo domiciliado a tu nombre de la entidad donde te van a ingresar el dinero. Algunas <strong>entidades financieras<\/strong> solicitan m\u00e1s documentaci\u00f3n pero no suele ser lo normal.<\/p>\n\n\n\n<p>Por \u00faltimo comentarte que los <strong>mini pr\u00e9stamos r\u00e1pidos tienen la ventaja<\/strong> frente a otros pr\u00e9stamos personales de son muy r\u00e1pidos tanto en la respuesta por parte de la entidad como en la entrega del dinero, no requieren de realizar papeleos ni entregar aval y se pueden realizar de forma totalmente online. Por otra parte, tienen la desventaja con otro tipo de <strong>pr\u00e9stamos personales<\/strong> de que los tipos de inter\u00e9s son mucho m\u00e1s altos.<\/p>\n","protected":false},"excerpt":{"rendered":"<p>Los minicr\u00e9ditos o mini pr\u00e9stamos r\u00e1pidos son un tipo de pr\u00e9stamos personales que se caracterizan por ser operaciones con muy bajo capital, normalmente entre 50 \u20ac y 600 \u20ac y con un plazo de devoluci\u00f3n tambi\u00e9n muy corto, comprendiendo entre una semana y 40 d\u00edas. Se utilizan para peque\u00f1os gastos o imprevistos, como pueden ser &hellip; <a href=\"https:\/\/www.prestamospersonalesnet.com\/mini-prestamos-rapidos-los-prestamos-personales-al-instante\/\" class=\"more-link\">Continue reading <span class=\"screen-reader-text\">Mini Pr\u00e9stamos R\u00e1pidos, Los Pr\u00e9stamos Personales Al Instante<\/span><\/a><\/p>\n","protected":false},"author":1,"featured_media":0,"parent":0,"menu_order":0,"comment_status":"closed","ping_status":"closed","template":"","meta":{"_uag_custom_page_level_css":"","footnotes":""},"class_list":["post-36","page","type-page","status-publish","hentry"],"yoast_head":"<!-- This site is optimized with the Yoast SEO plugin v25.4 - https:\/\/yoast.com\/wordpress\/plugins\/seo\/ -->\n<title>Mini Pr\u00e9stamos R\u00e1pidos, Los Pr\u00e9stamos Personales Al Instante | Pr\u00e9stamos Personales<\/title>\n<meta name=\"description\" content=\"Solicita minicr\u00e9ditos o mini pr\u00e9stamos r\u00e1pidos de forma online y confidencial. Entra para ver las mejores entidades que ofrecen estos pr\u00e9stamos personales.\" \/>\n<meta name=\"robots\" content=\"index, follow, max-snippet:-1, max-image-preview:large, max-video-preview:-1\" \/>\n<link rel=\"canonical\" href=\"https:\/\/www.prestamospersonalesnet.com\/mini-prestamos-rapidos-los-prestamos-personales-al-instante\/\" \/>\n<meta property=\"og:locale\" content=\"en_US\" \/>\n<meta property=\"og:type\" content=\"article\" \/>\n<meta property=\"og:title\" content=\"Mini Pr\u00e9stamos R\u00e1pidos, Los Pr\u00e9stamos Personales Al Instante | Pr\u00e9stamos Personales\" \/>\n<meta property=\"og:description\" content=\"Solicita minicr\u00e9ditos o mini pr\u00e9stamos r\u00e1pidos de forma online y confidencial. Entra para ver las mejores entidades que ofrecen estos pr\u00e9stamos personales.\" \/>\n<meta property=\"og:url\" content=\"https:\/\/www.prestamospersonalesnet.com\/mini-prestamos-rapidos-los-prestamos-personales-al-instante\/\" \/>\n<meta property=\"og:site_name\" content=\"Pr\u00e9stamos Personales\" \/>\n<meta property=\"article:modified_time\" content=\"2025-07-07T17:32:42+00:00\" \/>\n<meta property=\"og:image\" content=\"https:\/\/www.prestamospersonalesnet.com\/wp-content\/uploads\/2025\/07\/prestamos-personales-minicreditos-online-rapidos-kredito24.gif\" \/>\n<meta name=\"twitter:card\" content=\"summary_large_image\" \/>\n<meta name=\"twitter:label1\" content=\"Est. reading time\" \/>\n\t<meta name=\"twitter:data1\" content=\"5 minutes\" \/>\n<script type=\"application\/ld+json\" class=\"yoast-schema-graph\">{\"@context\":\"https:\/\/schema.org\",\"@graph\":[{\"@type\":\"WebPage\",\"@id\":\"https:\/\/www.prestamospersonalesnet.com\/mini-prestamos-rapidos-los-prestamos-personales-al-instante\/\",\"url\":\"https:\/\/www.prestamospersonalesnet.com\/mini-prestamos-rapidos-los-prestamos-personales-al-instante\/\",\"name\":\"Mini Pr\u00e9stamos R\u00e1pidos, Los Pr\u00e9stamos Personales Al Instante | Pr\u00e9stamos Personales\",\"isPartOf\":{\"@id\":\"https:\/\/www.prestamospersonalesnet.com\/#website\"},\"primaryImageOfPage\":{\"@id\":\"https:\/\/www.prestamospersonalesnet.com\/mini-prestamos-rapidos-los-prestamos-personales-al-instante\/#primaryimage\"},\"image\":{\"@id\":\"https:\/\/www.prestamospersonalesnet.com\/mini-prestamos-rapidos-los-prestamos-personales-al-instante\/#primaryimage\"},\"thumbnailUrl\":\"https:\/\/www.prestamospersonalesnet.com\/wp-content\/uploads\/2025\/07\/prestamos-personales-minicreditos-online-rapidos-kredito24.gif\",\"datePublished\":\"2025-07-07T15:46:51+00:00\",\"dateModified\":\"2025-07-07T17:32:42+00:00\",\"description\":\"Solicita minicr\u00e9ditos o mini pr\u00e9stamos r\u00e1pidos de forma online y confidencial. Entra para ver las mejores entidades que ofrecen estos pr\u00e9stamos personales.\",\"breadcrumb\":{\"@id\":\"https:\/\/www.prestamospersonalesnet.com\/mini-prestamos-rapidos-los-prestamos-personales-al-instante\/#breadcrumb\"},\"inLanguage\":\"en-US\",\"potentialAction\":[{\"@type\":\"ReadAction\",\"target\":[\"https:\/\/www.prestamospersonalesnet.com\/mini-prestamos-rapidos-los-prestamos-personales-al-instante\/\"]}]},{\"@type\":\"ImageObject\",\"inLanguage\":\"en-US\",\"@id\":\"https:\/\/www.prestamospersonalesnet.com\/mini-prestamos-rapidos-los-prestamos-personales-al-instante\/#primaryimage\",\"url\":\"https:\/\/www.prestamospersonalesnet.com\/wp-content\/uploads\/2025\/07\/prestamos-personales-minicreditos-online-rapidos-kredito24.gif\",\"contentUrl\":\"https:\/\/www.prestamospersonalesnet.com\/wp-content\/uploads\/2025\/07\/prestamos-personales-minicreditos-online-rapidos-kredito24.gif\",\"width\":200,\"height\":200},{\"@type\":\"BreadcrumbList\",\"@id\":\"https:\/\/www.prestamospersonalesnet.com\/mini-prestamos-rapidos-los-prestamos-personales-al-instante\/#breadcrumb\",\"itemListElement\":[{\"@type\":\"ListItem\",\"position\":1,\"name\":\"Home\",\"item\":\"https:\/\/www.prestamospersonalesnet.com\/\"},{\"@type\":\"ListItem\",\"position\":2,\"name\":\"Mini Pr\u00e9stamos R\u00e1pidos, Los Pr\u00e9stamos Personales Al Instante\"}]},{\"@type\":\"WebSite\",\"@id\":\"https:\/\/www.prestamospersonalesnet.com\/#website\",\"url\":\"https:\/\/www.prestamospersonalesnet.com\/\",\"name\":\"Pr\u00e9stamos Personales\",\"description\":\"Toda la informaci\u00f3n sobre pr\u00e9stamos personales\",\"potentialAction\":[{\"@type\":\"SearchAction\",\"target\":{\"@type\":\"EntryPoint\",\"urlTemplate\":\"https:\/\/www.prestamospersonalesnet.com\/?s={search_term_string}\"},\"query-input\":{\"@type\":\"PropertyValueSpecification\",\"valueRequired\":true,\"valueName\":\"search_term_string\"}}],\"inLanguage\":\"en-US\"}]}<\/script>\n<!-- \/ Yoast SEO plugin. -->","yoast_head_json":{"title":"Mini Pr\u00e9stamos R\u00e1pidos, Los Pr\u00e9stamos Personales Al Instante | Pr\u00e9stamos Personales","description":"Solicita minicr\u00e9ditos o mini pr\u00e9stamos r\u00e1pidos de forma online y confidencial. Entra para ver las mejores entidades que ofrecen estos pr\u00e9stamos personales.","robots":{"index":"index","follow":"follow","max-snippet":"max-snippet:-1","max-image-preview":"max-image-preview:large","max-video-preview":"max-video-preview:-1"},"canonical":"https:\/\/www.prestamospersonalesnet.com\/mini-prestamos-rapidos-los-prestamos-personales-al-instante\/","og_locale":"en_US","og_type":"article","og_title":"Mini Pr\u00e9stamos R\u00e1pidos, Los Pr\u00e9stamos Personales Al Instante | Pr\u00e9stamos Personales","og_description":"Solicita minicr\u00e9ditos o mini pr\u00e9stamos r\u00e1pidos de forma online y confidencial. Entra para ver las mejores entidades que ofrecen estos pr\u00e9stamos personales.","og_url":"https:\/\/www.prestamospersonalesnet.com\/mini-prestamos-rapidos-los-prestamos-personales-al-instante\/","og_site_name":"Pr\u00e9stamos Personales","article_modified_time":"2025-07-07T17:32:42+00:00","og_image":[{"url":"https:\/\/www.prestamospersonalesnet.com\/wp-content\/uploads\/2025\/07\/prestamos-personales-minicreditos-online-rapidos-kredito24.gif","type":"","width":"","height":""}],"twitter_card":"summary_large_image","twitter_misc":{"Est. reading time":"5 minutes"},"schema":{"@context":"https:\/\/schema.org","@graph":[{"@type":"WebPage","@id":"https:\/\/www.prestamospersonalesnet.com\/mini-prestamos-rapidos-los-prestamos-personales-al-instante\/","url":"https:\/\/www.prestamospersonalesnet.com\/mini-prestamos-rapidos-los-prestamos-personales-al-instante\/","name":"Mini Pr\u00e9stamos R\u00e1pidos, Los Pr\u00e9stamos Personales Al Instante | Pr\u00e9stamos Personales","isPartOf":{"@id":"https:\/\/www.prestamospersonalesnet.com\/#website"},"primaryImageOfPage":{"@id":"https:\/\/www.prestamospersonalesnet.com\/mini-prestamos-rapidos-los-prestamos-personales-al-instante\/#primaryimage"},"image":{"@id":"https:\/\/www.prestamospersonalesnet.com\/mini-prestamos-rapidos-los-prestamos-personales-al-instante\/#primaryimage"},"thumbnailUrl":"https:\/\/www.prestamospersonalesnet.com\/wp-content\/uploads\/2025\/07\/prestamos-personales-minicreditos-online-rapidos-kredito24.gif","datePublished":"2025-07-07T15:46:51+00:00","dateModified":"2025-07-07T17:32:42+00:00","description":"Solicita minicr\u00e9ditos o mini pr\u00e9stamos r\u00e1pidos de forma online y confidencial. Entra para ver las mejores entidades que ofrecen estos pr\u00e9stamos personales.","breadcrumb":{"@id":"https:\/\/www.prestamospersonalesnet.com\/mini-prestamos-rapidos-los-prestamos-personales-al-instante\/#breadcrumb"},"inLanguage":"en-US","potentialAction":[{"@type":"ReadAction","target":["https:\/\/www.prestamospersonalesnet.com\/mini-prestamos-rapidos-los-prestamos-personales-al-instante\/"]}]},{"@type":"ImageObject","inLanguage":"en-US","@id":"https:\/\/www.prestamospersonalesnet.com\/mini-prestamos-rapidos-los-prestamos-personales-al-instante\/#primaryimage","url":"https:\/\/www.prestamospersonalesnet.com\/wp-content\/uploads\/2025\/07\/prestamos-personales-minicreditos-online-rapidos-kredito24.gif","contentUrl":"https:\/\/www.prestamospersonalesnet.com\/wp-content\/uploads\/2025\/07\/prestamos-personales-minicreditos-online-rapidos-kredito24.gif","width":200,"height":200},{"@type":"BreadcrumbList","@id":"https:\/\/www.prestamospersonalesnet.com\/mini-prestamos-rapidos-los-prestamos-personales-al-instante\/#breadcrumb","itemListElement":[{"@type":"ListItem","position":1,"name":"Home","item":"https:\/\/www.prestamospersonalesnet.com\/"},{"@type":"ListItem","position":2,"name":"Mini Pr\u00e9stamos R\u00e1pidos, Los Pr\u00e9stamos Personales Al Instante"}]},{"@type":"WebSite","@id":"https:\/\/www.prestamospersonalesnet.com\/#website","url":"https:\/\/www.prestamospersonalesnet.com\/","name":"Pr\u00e9stamos Personales","description":"Toda la informaci\u00f3n sobre pr\u00e9stamos personales","potentialAction":[{"@type":"SearchAction","target":{"@type":"EntryPoint","urlTemplate":"https:\/\/www.prestamospersonalesnet.com\/?s={search_term_string}"},"query-input":{"@type":"PropertyValueSpecification","valueRequired":true,"valueName":"search_term_string"}}],"inLanguage":"en-US"}]}},"uagb_featured_image_src":{"full":false,"thumbnail":false,"medium":false,"medium_large":false,"large":false,"1536x1536":false,"2048x2048":false,"post-thumbnail":false},"uagb_author_info":{"display_name":"admin","author_link":"https:\/\/www.prestamospersonalesnet.com\/index.php\/author\/admin\/"},"uagb_comment_info":0,"uagb_excerpt":"Los minicr\u00e9ditos o mini pr\u00e9stamos r\u00e1pidos son un tipo de pr\u00e9stamos personales que se caracterizan por ser operaciones con muy bajo capital, normalmente entre 50 \u20ac y 600 \u20ac y con un plazo de devoluci\u00f3n tambi\u00e9n muy corto, comprendiendo entre una semana y 40 d\u00edas. Se utilizan para peque\u00f1os gastos o imprevistos, como pueden ser&hellip;","_links":{"self":[{"href":"https:\/\/www.prestamospersonalesnet.com\/index.php\/wp-json\/wp\/v2\/pages\/36","targetHints":{"allow":["GET"]}}],"collection":[{"href":"https:\/\/www.prestamospersonalesnet.com\/index.php\/wp-json\/wp\/v2\/pages"}],"about":[{"href":"https:\/\/www.prestamospersonalesnet.com\/index.php\/wp-json\/wp\/v2\/types\/page"}],"author":[{"embeddable":true,"href":"https:\/\/www.prestamospersonalesnet.com\/index.php\/wp-json\/wp\/v2\/users\/1"}],"replies":[{"embeddable":true,"href":"https:\/\/www.prestamospersonalesnet.com\/index.php\/wp-json\/wp\/v2\/comments?post=36"}],"version-history":[{"count":5,"href":"https:\/\/www.prestamospersonalesnet.com\/index.php\/wp-json\/wp\/v2\/pages\/36\/revisions"}],"predecessor-version":[{"id":132,"href":"https:\/\/www.prestamospersonalesnet.com\/index.php\/wp-json\/wp\/v2\/pages\/36\/revisions\/132"}],"wp:attachment":[{"href":"https:\/\/www.prestamospersonalesnet.com\/index.php\/wp-json\/wp\/v2\/media?parent=36"}],"curies":[{"name":"wp","href":"https:\/\/api.w.org\/{rel}","templated":true}]}}