{"id":46,"date":"2025-07-07T15:50:09","date_gmt":"2025-07-07T15:50:09","guid":{"rendered":"https:\/\/www.prestamospersonalesnet.com\/?page_id=46"},"modified":"2025-07-07T17:27:01","modified_gmt":"2025-07-07T17:27:01","slug":"solicitar-prestamos-personales","status":"publish","type":"page","link":"https:\/\/www.prestamospersonalesnet.com\/solicitar-prestamos-personales\/","title":{"rendered":"Solicitar Pr\u00e9stamos Personales"},"content":{"rendered":"\n<p>\u00bfEst\u00e1s buscando <strong>pr\u00e9stamos personales<\/strong> y no sabes c\u00f3mo o donde solicitarlos? En pr\u00e9stamos personales te vamos a ayudar cont\u00e1ndote todo lo que tienes que saber sobre <strong>solicitar pr\u00e9stamos personales<\/strong>, as\u00ed como las entidades donde vas a encontrar las mejores condiciones y lo que tienes que tener en cuenta antes de solicitarlos.<\/p>\n\n\n\n<h3 class=\"wp-block-heading\"><strong>\u00bfQu\u00e9 son los pr\u00e9stamos personales?<\/strong><\/h3>\n\n\n\n<p>Los pr\u00e9stamos personales son productos financieros en los que una <strong>entidad de cr\u00e9dito<\/strong> presta cierta cantidad de dinero sin contar con una garant\u00eda especial para el recobro del cr\u00e9dito, solamente los bienes de la persona que solicita el pr\u00e9stamo. Se utilizan normalmente para <strong>financiar bienes perecederos<\/strong>, como pueden ser viajes, salud, realizar eventos, etc. Tambi\u00e9n se utilizan para <strong>financiar bienes duraderos<\/strong>, como comprar un veh\u00edculo, realizar reformas en el hogar o realizar un regalo, en cuyo caso se llaman <strong>pr\u00e9stamos de consumo<\/strong>.<\/p>\n\n\n\n<h3 class=\"wp-block-heading\"><strong>\u00bfC\u00f3mo y d\u00f3nde solicitar pr\u00e9stamos personales?<\/strong><\/h3>\n\n\n\n<p>Para poder <strong>solicitar pr\u00e9stamos personales<\/strong> es recomendable y a veces necesario tener una cuenta bancaria en la entidad donde se va a solicitar, ya que puede ser uno de los requisitos que nos van a pedir las entidades financieras. Por lo que si vas a necesitar pr\u00e9stamos personales pr\u00f3ximamente <strong>te recomendamos abrir una cuenta bancaria en alguna entidad que los ofrecen<\/strong> para que en el momento de solicitarlos ya tengas realizado ese tr\u00e1mite y as\u00ed sea m\u00e1s r\u00e1pido.<\/p>\n\n\n\n<p>Las entidades que ofrecen <strong>mejores condiciones en pr\u00e9stamos personales<\/strong> este momento son las siguientes:<\/p>\n\n\n\n<blockquote class=\"wp-block-quote is-layout-flow wp-block-quote-is-layout-flow\">\n<p>Ten en cuenta que si no eres cliente de estas entidades vas a tener que abrir una cuenta o un dep\u00f3sito aportando capital y\u00a0es posible que no puedas solicitar el pr\u00e9stamo hasta transcurridos varios meses\u00a0desde la apertura de la cuenta o dep\u00f3sito, por lo que\u00a0si necesitas dinero urgente\u00a0te recomendamos solicitar cr\u00e9ditos r\u00e1pidos.<\/p>\n<\/blockquote>\n\n\n<div class=\"wp-block-image\">\n<figure class=\"alignleft size-full is-resized\"><img loading=\"lazy\" decoding=\"async\" width=\"150\" height=\"150\" src=\"https:\/\/www.prestamospersonalesnet.com\/wp-content\/uploads\/2025\/07\/prestamos-personales-prestamos-rapidos-cofidis-1.jpg\" alt=\"prestamospersonalesnet\" class=\"wp-image-47\" style=\"width:150px\"\/><\/figure>\n<\/div>\n\n\n<p><strong>Cofidis\u00a0<\/strong><\/p>\n\n\n\n<p>Cofidis es una entidad financiera de pr\u00e9stamos personales r\u00e1pidos en la que puedes conseguir hasta 10.000 euros en 24 horas de forma sencilla y sin necesidad de realizar papeleo. Su solicitud se realiza de forma online en su p\u00e1gina web. M\u00e1s informaci\u00f3n aqu\u00ed.<\/p>\n\n\n<div class=\"wp-block-image\">\n<figure class=\"alignleft size-full is-resized\"><img loading=\"lazy\" decoding=\"async\" width=\"150\" height=\"150\" src=\"https:\/\/www.prestamospersonalesnet.com\/wp-content\/uploads\/2025\/07\/prestamos-personales-ingdirect-150x150-1.jpg\" alt=\"prestamospersonalesnet\" class=\"wp-image-48\" style=\"width:150px\"\/><\/figure>\n<\/div>\n\n\n<p><strong>ING Direct<\/strong><\/p>\n\n\n\n<p>ING DIRECT\u00a0pertenece al Grupo ING, primera entidad financiera de Holanda y una de las mayores del mundo. Ofrece <strong>pr\u00e9stamos personales<\/strong> y\u00a0<strong>pr\u00e9stamos preconcedidos<\/strong>\u00a0a sus clientes de Cuenta N\u00f3mina y Cuenta Naranja.<\/p>\n\n\n<div class=\"wp-block-image\">\n<figure class=\"alignleft size-full is-resized\"><img loading=\"lazy\" decoding=\"async\" width=\"100\" height=\"100\" src=\"https:\/\/www.prestamospersonalesnet.com\/wp-content\/uploads\/2025\/07\/prestamos-personales-banco-sabadell.gif\" alt=\"prestamospersonalesnet\" class=\"wp-image-49\" style=\"width:150px\"\/><\/figure>\n<\/div>\n\n\n<p><strong>Banco Sabadell<\/strong><\/p>\n\n\n\n<p>Banco Sabadell es un banco de capital privado formado por la integraci\u00f3n de bancos, marcas y sociedades. Ofrece una gran ofertas de\u00a0<strong>pr\u00e9stamos personales <\/strong>a sus clientes de\u00a0cuenta Expansi\u00f3n.<\/p>\n\n\n<div class=\"wp-block-image\">\n<figure class=\"alignleft size-full is-resized\"><img loading=\"lazy\" decoding=\"async\" width=\"150\" height=\"150\" src=\"https:\/\/www.prestamospersonalesnet.com\/wp-content\/uploads\/2025\/07\/prestamos-preconcedidos-la-caixa-150x150-1.jpg\" alt=\"prestamospersonalesnet\" class=\"wp-image-50\" style=\"width:150px\"\/><\/figure>\n<\/div>\n\n\n<p><strong>La Caixa<\/strong><\/p>\n\n\n\n<p>La Caixa es una de las mayores entidades bancarias espa\u00f1olas. Tiene una gran oferta de\u00a0<strong>pr\u00e9stamos personales , pr\u00e9stamos preconcedidos y cr\u00e9ditos r\u00e1pidos\u00a0<\/strong>abriendo una cuenta.<\/p>\n\n\n\n<h3 class=\"wp-block-heading\"><strong>\u00bfQu\u00e9 caracter\u00edsticas hay que tener en cuenta a la hora de solicitarlos?<\/strong><\/h3>\n\n\n\n<p>A la hora de solicitar pr\u00e9stamos personales hay una serie de <strong>factores<\/strong> que hay que tener en cuenta si queremos tener las mejores condiciones. Son los siguientes:<\/p>\n\n\n\n<ul class=\"wp-block-list\">\n<li>\u2013 <strong>El importe y plazo de vencimiento<\/strong>: Hay que tener en cuenta el importe a solicitar y el plazo de vencimiento del mismo, ya que \u00e9sto junto con los tipos de inter\u00e9s nos van a dar las cuotas que vamos a pagar mes a mes. Es muy importante saber que podemos hacer frente a estas cuotas, ya que las penalizaciones si no las pagamos pueden ser importantes. Por eso a veces es m\u00e1s interesante aumentar el plazo de vencimiento aunque al final paguemos m\u00e1s por el pr\u00e9stamo.<\/li>\n\n\n\n<li>\u2013 <strong>Los tipos de inter\u00e9s<\/strong>: Es el precio que nos van a cobrar las entidades de cr\u00e9dito. Es muy importante tener unos tipos de\u00a0inter\u00e9s\u00a0bajos para que las cuotas tambi\u00e9n lo sean.<\/li>\n\n\n\n<li>\u2013 <strong>Las comisiones<\/strong>: Las entidades financieras pueden cobrarnos comisiones por estudio, apertura, por reembolso por anticipado, modificaciones, etc. Es recomendable no solicitar pr\u00e9stamos personales donde haya comisiones de estudio, ya que si no lo conceden tendr\u00e1s que pagarlas igualmente. Si crees que puedes pagar el pr\u00e9stamo con antelaci\u00f3n es recomendable que no tenga comisiones por reembolso por anticipado.<\/li>\n\n\n\n<li>\u2013 <strong>Poder pagar el pr\u00e9stamo personal por anticipado<\/strong>: Si crees que vas a poder pagar el pr\u00e9stamo con antelaci\u00f3n al vencimiento es recomendable que \u00e9ste de la opci\u00f3n de pagarlo por anticipado para as\u00ed ahorrarte intereses.<\/li>\n<\/ul>\n\n\n\n<p>Y por \u00faltimo comentarte que es muy importante solicitar los <strong>pr\u00e9stamos personales adecuados a tu situaci\u00f3n<\/strong> y <strong>necesidades<\/strong>, por lo que te recomendamos que sepas si el pr\u00e9stamo que vas a solicitar est\u00e1 adaptado a tus necesidades comprobando los <strong>tipos de pr\u00e9stamos<\/strong> que existen en el mercado.<\/p>\n","protected":false},"excerpt":{"rendered":"<p>\u00bfEst\u00e1s buscando pr\u00e9stamos personales y no sabes c\u00f3mo o donde solicitarlos? En pr\u00e9stamos personales te vamos a ayudar cont\u00e1ndote todo lo que tienes que saber sobre solicitar pr\u00e9stamos personales, as\u00ed como las entidades donde vas a encontrar las mejores condiciones y lo que tienes que tener en cuenta antes de solicitarlos. \u00bfQu\u00e9 son los pr\u00e9stamos &hellip; <a href=\"https:\/\/www.prestamospersonalesnet.com\/solicitar-prestamos-personales\/\" class=\"more-link\">Continue reading <span class=\"screen-reader-text\">Solicitar Pr\u00e9stamos Personales<\/span><\/a><\/p>\n","protected":false},"author":1,"featured_media":0,"parent":0,"menu_order":0,"comment_status":"closed","ping_status":"closed","template":"","meta":{"_uag_custom_page_level_css":"","footnotes":""},"class_list":["post-46","page","type-page","status-publish","hentry"],"yoast_head":"<!-- This site is optimized with the Yoast SEO plugin v25.4 - https:\/\/yoast.com\/wordpress\/plugins\/seo\/ -->\n<title>Solicitar Pr\u00e9stamos Personales | Pr\u00e9stamos Personales<\/title>\n<meta name=\"description\" content=\"Solicita pr\u00e9stamos personales en este momento con las mejores condiciones y de forma online. Entra para obtener el mejor cr\u00e9dito personal ahora mismo.\" \/>\n<meta name=\"robots\" content=\"index, follow, max-snippet:-1, max-image-preview:large, max-video-preview:-1\" \/>\n<link rel=\"canonical\" href=\"https:\/\/www.prestamospersonalesnet.com\/solicitar-prestamos-personales\/\" \/>\n<meta property=\"og:locale\" content=\"en_US\" \/>\n<meta property=\"og:type\" content=\"article\" \/>\n<meta property=\"og:title\" content=\"Solicitar Pr\u00e9stamos Personales | Pr\u00e9stamos Personales\" \/>\n<meta property=\"og:description\" content=\"Solicita pr\u00e9stamos personales en este momento con las mejores condiciones y de forma online. Entra para obtener el mejor cr\u00e9dito personal ahora mismo.\" \/>\n<meta property=\"og:url\" content=\"https:\/\/www.prestamospersonalesnet.com\/solicitar-prestamos-personales\/\" \/>\n<meta property=\"og:site_name\" content=\"Pr\u00e9stamos Personales\" \/>\n<meta property=\"article:modified_time\" content=\"2025-07-07T17:27:01+00:00\" \/>\n<meta property=\"og:image\" content=\"https:\/\/www.prestamospersonalesnet.com\/wp-content\/uploads\/2025\/07\/prestamos-personales-prestamos-rapidos-cofidis-1.jpg\" \/>\n<meta name=\"twitter:card\" content=\"summary_large_image\" \/>\n<meta name=\"twitter:label1\" content=\"Est. reading time\" \/>\n\t<meta name=\"twitter:data1\" content=\"4 minutes\" \/>\n<script type=\"application\/ld+json\" class=\"yoast-schema-graph\">{\"@context\":\"https:\/\/schema.org\",\"@graph\":[{\"@type\":\"WebPage\",\"@id\":\"https:\/\/www.prestamospersonalesnet.com\/solicitar-prestamos-personales\/\",\"url\":\"https:\/\/www.prestamospersonalesnet.com\/solicitar-prestamos-personales\/\",\"name\":\"Solicitar Pr\u00e9stamos Personales | Pr\u00e9stamos Personales\",\"isPartOf\":{\"@id\":\"https:\/\/www.prestamospersonalesnet.com\/#website\"},\"primaryImageOfPage\":{\"@id\":\"https:\/\/www.prestamospersonalesnet.com\/solicitar-prestamos-personales\/#primaryimage\"},\"image\":{\"@id\":\"https:\/\/www.prestamospersonalesnet.com\/solicitar-prestamos-personales\/#primaryimage\"},\"thumbnailUrl\":\"https:\/\/www.prestamospersonalesnet.com\/wp-content\/uploads\/2025\/07\/prestamos-personales-prestamos-rapidos-cofidis-1.jpg\",\"datePublished\":\"2025-07-07T15:50:09+00:00\",\"dateModified\":\"2025-07-07T17:27:01+00:00\",\"description\":\"Solicita pr\u00e9stamos personales en este momento con las mejores condiciones y de forma online. Entra para obtener el mejor cr\u00e9dito personal ahora mismo.\",\"breadcrumb\":{\"@id\":\"https:\/\/www.prestamospersonalesnet.com\/solicitar-prestamos-personales\/#breadcrumb\"},\"inLanguage\":\"en-US\",\"potentialAction\":[{\"@type\":\"ReadAction\",\"target\":[\"https:\/\/www.prestamospersonalesnet.com\/solicitar-prestamos-personales\/\"]}]},{\"@type\":\"ImageObject\",\"inLanguage\":\"en-US\",\"@id\":\"https:\/\/www.prestamospersonalesnet.com\/solicitar-prestamos-personales\/#primaryimage\",\"url\":\"https:\/\/www.prestamospersonalesnet.com\/wp-content\/uploads\/2025\/07\/prestamos-personales-prestamos-rapidos-cofidis-1.jpg\",\"contentUrl\":\"https:\/\/www.prestamospersonalesnet.com\/wp-content\/uploads\/2025\/07\/prestamos-personales-prestamos-rapidos-cofidis-1.jpg\",\"width\":150,\"height\":150},{\"@type\":\"BreadcrumbList\",\"@id\":\"https:\/\/www.prestamospersonalesnet.com\/solicitar-prestamos-personales\/#breadcrumb\",\"itemListElement\":[{\"@type\":\"ListItem\",\"position\":1,\"name\":\"Home\",\"item\":\"https:\/\/www.prestamospersonalesnet.com\/\"},{\"@type\":\"ListItem\",\"position\":2,\"name\":\"Solicitar Pr\u00e9stamos Personales\"}]},{\"@type\":\"WebSite\",\"@id\":\"https:\/\/www.prestamospersonalesnet.com\/#website\",\"url\":\"https:\/\/www.prestamospersonalesnet.com\/\",\"name\":\"Pr\u00e9stamos Personales\",\"description\":\"Toda la informaci\u00f3n sobre pr\u00e9stamos personales\",\"potentialAction\":[{\"@type\":\"SearchAction\",\"target\":{\"@type\":\"EntryPoint\",\"urlTemplate\":\"https:\/\/www.prestamospersonalesnet.com\/?s={search_term_string}\"},\"query-input\":{\"@type\":\"PropertyValueSpecification\",\"valueRequired\":true,\"valueName\":\"search_term_string\"}}],\"inLanguage\":\"en-US\"}]}<\/script>\n<!-- \/ Yoast SEO plugin. -->","yoast_head_json":{"title":"Solicitar Pr\u00e9stamos Personales | Pr\u00e9stamos Personales","description":"Solicita pr\u00e9stamos personales en este momento con las mejores condiciones y de forma online. Entra para obtener el mejor cr\u00e9dito personal ahora mismo.","robots":{"index":"index","follow":"follow","max-snippet":"max-snippet:-1","max-image-preview":"max-image-preview:large","max-video-preview":"max-video-preview:-1"},"canonical":"https:\/\/www.prestamospersonalesnet.com\/solicitar-prestamos-personales\/","og_locale":"en_US","og_type":"article","og_title":"Solicitar Pr\u00e9stamos Personales | Pr\u00e9stamos Personales","og_description":"Solicita pr\u00e9stamos personales en este momento con las mejores condiciones y de forma online. Entra para obtener el mejor cr\u00e9dito personal ahora mismo.","og_url":"https:\/\/www.prestamospersonalesnet.com\/solicitar-prestamos-personales\/","og_site_name":"Pr\u00e9stamos Personales","article_modified_time":"2025-07-07T17:27:01+00:00","og_image":[{"url":"https:\/\/www.prestamospersonalesnet.com\/wp-content\/uploads\/2025\/07\/prestamos-personales-prestamos-rapidos-cofidis-1.jpg","type":"","width":"","height":""}],"twitter_card":"summary_large_image","twitter_misc":{"Est. reading time":"4 minutes"},"schema":{"@context":"https:\/\/schema.org","@graph":[{"@type":"WebPage","@id":"https:\/\/www.prestamospersonalesnet.com\/solicitar-prestamos-personales\/","url":"https:\/\/www.prestamospersonalesnet.com\/solicitar-prestamos-personales\/","name":"Solicitar Pr\u00e9stamos Personales | Pr\u00e9stamos Personales","isPartOf":{"@id":"https:\/\/www.prestamospersonalesnet.com\/#website"},"primaryImageOfPage":{"@id":"https:\/\/www.prestamospersonalesnet.com\/solicitar-prestamos-personales\/#primaryimage"},"image":{"@id":"https:\/\/www.prestamospersonalesnet.com\/solicitar-prestamos-personales\/#primaryimage"},"thumbnailUrl":"https:\/\/www.prestamospersonalesnet.com\/wp-content\/uploads\/2025\/07\/prestamos-personales-prestamos-rapidos-cofidis-1.jpg","datePublished":"2025-07-07T15:50:09+00:00","dateModified":"2025-07-07T17:27:01+00:00","description":"Solicita pr\u00e9stamos personales en este momento con las mejores condiciones y de forma online. Entra para obtener el mejor cr\u00e9dito personal ahora mismo.","breadcrumb":{"@id":"https:\/\/www.prestamospersonalesnet.com\/solicitar-prestamos-personales\/#breadcrumb"},"inLanguage":"en-US","potentialAction":[{"@type":"ReadAction","target":["https:\/\/www.prestamospersonalesnet.com\/solicitar-prestamos-personales\/"]}]},{"@type":"ImageObject","inLanguage":"en-US","@id":"https:\/\/www.prestamospersonalesnet.com\/solicitar-prestamos-personales\/#primaryimage","url":"https:\/\/www.prestamospersonalesnet.com\/wp-content\/uploads\/2025\/07\/prestamos-personales-prestamos-rapidos-cofidis-1.jpg","contentUrl":"https:\/\/www.prestamospersonalesnet.com\/wp-content\/uploads\/2025\/07\/prestamos-personales-prestamos-rapidos-cofidis-1.jpg","width":150,"height":150},{"@type":"BreadcrumbList","@id":"https:\/\/www.prestamospersonalesnet.com\/solicitar-prestamos-personales\/#breadcrumb","itemListElement":[{"@type":"ListItem","position":1,"name":"Home","item":"https:\/\/www.prestamospersonalesnet.com\/"},{"@type":"ListItem","position":2,"name":"Solicitar Pr\u00e9stamos Personales"}]},{"@type":"WebSite","@id":"https:\/\/www.prestamospersonalesnet.com\/#website","url":"https:\/\/www.prestamospersonalesnet.com\/","name":"Pr\u00e9stamos Personales","description":"Toda la informaci\u00f3n sobre pr\u00e9stamos personales","potentialAction":[{"@type":"SearchAction","target":{"@type":"EntryPoint","urlTemplate":"https:\/\/www.prestamospersonalesnet.com\/?s={search_term_string}"},"query-input":{"@type":"PropertyValueSpecification","valueRequired":true,"valueName":"search_term_string"}}],"inLanguage":"en-US"}]}},"uagb_featured_image_src":{"full":false,"thumbnail":false,"medium":false,"medium_large":false,"large":false,"1536x1536":false,"2048x2048":false,"post-thumbnail":false},"uagb_author_info":{"display_name":"admin","author_link":"https:\/\/www.prestamospersonalesnet.com\/index.php\/author\/admin\/"},"uagb_comment_info":0,"uagb_excerpt":"\u00bfEst\u00e1s buscando pr\u00e9stamos personales y no sabes c\u00f3mo o donde solicitarlos? En pr\u00e9stamos personales te vamos a ayudar cont\u00e1ndote todo lo que tienes que saber sobre solicitar pr\u00e9stamos personales, as\u00ed como las entidades donde vas a encontrar las mejores condiciones y lo que tienes que tener en cuenta antes de solicitarlos. \u00bfQu\u00e9 son los pr\u00e9stamos&hellip;","_links":{"self":[{"href":"https:\/\/www.prestamospersonalesnet.com\/index.php\/wp-json\/wp\/v2\/pages\/46","targetHints":{"allow":["GET"]}}],"collection":[{"href":"https:\/\/www.prestamospersonalesnet.com\/index.php\/wp-json\/wp\/v2\/pages"}],"about":[{"href":"https:\/\/www.prestamospersonalesnet.com\/index.php\/wp-json\/wp\/v2\/types\/page"}],"author":[{"embeddable":true,"href":"https:\/\/www.prestamospersonalesnet.com\/index.php\/wp-json\/wp\/v2\/users\/1"}],"replies":[{"embeddable":true,"href":"https:\/\/www.prestamospersonalesnet.com\/index.php\/wp-json\/wp\/v2\/comments?post=46"}],"version-history":[{"count":1,"href":"https:\/\/www.prestamospersonalesnet.com\/index.php\/wp-json\/wp\/v2\/pages\/46\/revisions"}],"predecessor-version":[{"id":51,"href":"https:\/\/www.prestamospersonalesnet.com\/index.php\/wp-json\/wp\/v2\/pages\/46\/revisions\/51"}],"wp:attachment":[{"href":"https:\/\/www.prestamospersonalesnet.com\/index.php\/wp-json\/wp\/v2\/media?parent=46"}],"curies":[{"name":"wp","href":"https:\/\/api.w.org\/{rel}","templated":true}]}}