{"id":52,"date":"2025-07-07T15:53:39","date_gmt":"2025-07-07T15:53:39","guid":{"rendered":"https:\/\/www.prestamospersonalesnet.com\/?page_id=52"},"modified":"2025-07-07T17:26:09","modified_gmt":"2025-07-07T17:26:09","slug":"prestamos-personales-solicitar-prestamos-preconcedidos","status":"publish","type":"page","link":"https:\/\/www.prestamospersonalesnet.com\/prestamos-personales-solicitar-prestamos-preconcedidos\/","title":{"rendered":"Pr\u00e9stamos Personales: Solicitar Pr\u00e9stamos Preconcedidos"},"content":{"rendered":"\n<p>Los <strong>pr\u00e9stamos personales preconcedidos<\/strong> son un tipo de pr\u00e9stamos personales que est\u00e1n ofreciendo las entidades financieras desde hace unos a\u00f1os y consisten poder solicitar de una cantidad de dinero para poder utilizarlo cuando tu lo necesites, pudi\u00e9ndo disponer de \u00e9l desde el momento que lo solicitas, es decir, un cr\u00e9dito al instante. Los <strong>pr\u00e9stamos preconcedidos<\/strong> son un tipo de financiaci\u00f3n muy r\u00e1pida,&nbsp;pudiendo&nbsp;utilizarse para situaciones urgentes y adem\u00e1s con muy buenas condiciones.<\/p>\n\n\n\n<p>Te vamos a mostrar c\u00f3mo <strong>solicitar pr\u00e9stamos preconcedidos<\/strong> y d\u00f3nde vas a poder solicitarlos con las mejores condiciones, adem\u00e1s de tener la posibilidad de realizarlo de forma online.<\/p>\n\n\n\n<h3 class=\"wp-block-heading\"><strong>\u00bfD\u00f3nde solicitar pr\u00e9stamos preconcedidos?<\/strong><\/h3>\n\n\n\n<p>Cada vez hay m\u00e1s <strong>entidades financieras<\/strong> que ofrecen pr\u00e9stamos personales preconcedidos. Las principales que ofrecen este tipo de productos son las siguientes:<\/p>\n\n\n\n<blockquote class=\"wp-block-quote is-layout-flow wp-block-quote-is-layout-flow\">\n<p>Ten en cuenta que si no eres cliente de estas entidades vas a tener que abrir una cuenta o un dep\u00f3sito aportando capital y&nbsp;es posible que no puedas solicitar el pr\u00e9stamo hasta transcurridos varios meses&nbsp;desde la apertura de la cuenta o dep\u00f3sito, por lo que&nbsp;si necesitas dinero urgente&nbsp;te recomendamos solicitar&nbsp;cr\u00e9ditos r\u00e1pidos.<\/p>\n<\/blockquote>\n\n\n<div class=\"wp-block-image\">\n<figure class=\"alignright size-full is-resized\"><img loading=\"lazy\" decoding=\"async\" width=\"150\" height=\"150\" src=\"https:\/\/www.prestamospersonalesnet.com\/wp-content\/uploads\/2025\/07\/prestamos-personales-ingdirect-150x150-2.jpg\" alt=\"prestamospersonalesnet\" class=\"wp-image-53\" style=\"width:150px\" title=\"Pr\u00e9stamos Personales - ING Direct\"\/><\/figure>\n<\/div>\n\n\n<p><strong><strong>\u2022&nbsp;<\/strong>ING Direct<\/strong><\/p>\n\n\n\n<p>ING DIRECT&nbsp;pertenece al Grupo ING, primera entidad financiera de Holanda y una de las mayores del mundo. Ofrece&nbsp;<strong>pr\u00e9stamos preconcedidos de 3.000 \u20ac a 60.000 \u20ac<\/strong>&nbsp;a sus clientes de&nbsp;cuenta n\u00f3mina.<\/p>\n\n\n<div class=\"wp-block-image\">\n<figure class=\"alignright size-full is-resized\"><img loading=\"lazy\" decoding=\"async\" width=\"160\" height=\"160\" src=\"https:\/\/www.prestamospersonalesnet.com\/wp-content\/uploads\/2025\/07\/cuenta-corriente-openbank.png\" alt=\"prestamospersonalesnet\" class=\"wp-image-54\" style=\"width:150px\" title=\"Pr\u00e9stamos personales - Openbank\" srcset=\"https:\/\/www.prestamospersonalesnet.com\/wp-content\/uploads\/2025\/07\/cuenta-corriente-openbank.png 160w, https:\/\/www.prestamospersonalesnet.com\/wp-content\/uploads\/2025\/07\/cuenta-corriente-openbank-150x150.png 150w\" sizes=\"auto, (max-width: 160px) 100vw, 160px\" \/><\/figure>\n<\/div>\n\n\n<p><strong>\u2022&nbsp;Openbank<\/strong><\/p>\n\n\n\n<p>Openbank te ofrece pr\u00e9stamos preconcedidos <strong>hasta un m\u00e1ximo de 12.000 \u20ac<\/strong> al abrir una cuenta corriente y domiciliar tu n\u00f3mina o contratar un dep\u00f3sito bancario. Para obtener m\u00e1s informaci\u00f3n sobre los pr\u00e9stamos, cr\u00e9ditos e hipotecas entra aqu\u00ed.<\/p>\n\n\n\n<h3 class=\"wp-block-heading\"><strong>\u00bfQu\u00e9 tengo que hacer para solicitarlos?<\/strong><\/h3>\n\n\n\n<p>Para solicitarlos es necesario ser cliente de la entidad bancaria, por lo que en primer lugar <strong>es necesario abrir una cuenta bancaria<\/strong> en la misma. Una vez seas cliente, la entidad bancaria se pondr\u00e1 en contacto contigo, bien v\u00eda email, telef\u00f3nica o a trav\u00e9s de su p\u00e1gina web y te ofrecer\u00e1 una cantidad de <strong>dinero disponible<\/strong> para solicitarla en el momento que la necesites.<\/p>\n\n\n\n<p>Una vez tengas esta cantidad de dinero disponible, vas a poder <strong>solicitar pr\u00e9stamos preconcedidos<\/strong> cuando los necesites, siempre que la cantidad no supere lo que la entidad financiera te ofrece. Vas a poder solicitarlos a trav\u00e9s de su p\u00e1gina web, por tel\u00e9fono o incluso en sus propias oficinas, teniendo <strong>el dinero en tu cuenta bancaria al instante<\/strong> una vez realizada la solicitud.<\/p>\n\n\n<div class=\"wp-block-image\">\n<figure class=\"aligncenter size-full\"><img loading=\"lazy\" decoding=\"async\" width=\"600\" height=\"300\" src=\"https:\/\/www.prestamospersonalesnet.com\/wp-content\/uploads\/2025\/07\/prestamos-personales-prestamos-preconcedidos.png\" alt=\"prestamospersonalesnet\" class=\"wp-image-55\" title=\"Pr\u00e9stamos Personales - Pr\u00e9stamos Preconcedidos\" srcset=\"https:\/\/www.prestamospersonalesnet.com\/wp-content\/uploads\/2025\/07\/prestamos-personales-prestamos-preconcedidos.png 600w, https:\/\/www.prestamospersonalesnet.com\/wp-content\/uploads\/2025\/07\/prestamos-personales-prestamos-preconcedidos-300x150.png 300w\" sizes=\"auto, (max-width: 600px) 100vw, 600px\" \/><\/figure>\n<\/div>\n\n\n<p>Por \u00faltimo hay que comentar que tendr\u00e1s el dinero al instante en tu cuenta bancaria, pero algunas entidades realizan una <strong>\u00faltima comprobaci\u00f3n<\/strong> antes de ingresarte el dinero en tu cuenta bancaria, por lo que puede demorarse un poco m\u00e1s.<\/p>\n\n\n\n<h3 class=\"wp-block-heading\"><strong>Pr\u00e9stamos preconcedidos para obtener cr\u00e9ditos r\u00e1pidos<\/strong><\/h3>\n\n\n\n<p>Los pr\u00e9stamos preconcedidos son una forma muy r\u00e1pida y sencilla para conseguir dinero r\u00e1pido, ya que no es necesario realizar un estudio de riesgos financieros en el momento de realizar la solicitud de pr\u00e9stamo, y es posible incluso solicitarlo a trav\u00e9s de Internet mediante el sitio web de la entidad bancaria que los oferta. Son un producto diferente a los <strong>pr\u00e9stamos&nbsp;r\u00e1pidos<\/strong>, que ofrecen dinero inmediato con solo realizar una solicitud online.<\/p>\n\n\n\n<p>La diferencia entre los pr\u00e9stamos preconcedidos y los cr\u00e9ditos r\u00e1pidos esta en que los pr\u00e9stamos preconcedidos son pr\u00e9stamos personales que ofrecen las entidades bancarias a sus clientes, de forma que puedan obtenerlos r\u00e1pidamente, y <strong>los cr\u00e9ditos r\u00e1pidos son pr\u00e9stamos destinados a financiar una urgencia financiera puntual<\/strong>, de forma que sea posible conseguir el dinero en unos minutos y devolverlo cuando recibas tu pr\u00f3xima n\u00f3mina. Los cr\u00e9ditos r\u00e1pidos tambi\u00e9n est\u00e1n destinados a que personas que no pueden obtener la financiaci\u00f3n a trav\u00e9s de otro producto financiero, puedan hacerlo.<\/p>\n\n\n\n<p>Si tienes una urgencia financiera puntual, <strong>te recomendamos que solicites pr\u00e9stamos preconcedidos antes de cr\u00e9ditos r\u00e1pidos<\/strong>, ya que es un producto mucho m\u00e1s barato y, si lo tienes concedido con antelaci\u00f3n a la solicitud, podr\u00e1s disponer del dinero en el mismo plazo que en el caso de los cr\u00e9ditos r\u00e1pidos, obteniendo el dinero con la misma urgencia y con mejores condiciones. En el caso de que no tengas el pr\u00e9stamo preconcedido en tu entidad bancaria y necesites dinero de forma urgente, los cr\u00e9ditos r\u00e1pidos pueden ser el producto financiero que te saque del aprieto de forma puntual.<\/p>\n\n\n\n<p>Si necesitas <strong>m\u00e1s informaci\u00f3n<\/strong> sobre otras opciones de financiaci\u00f3n, en esta web te ofrecemos todas las disponibles para que obtengas pr\u00e9stamos con <strong>las mejores condiciones<\/strong> y en el momento que lo necesites. Ahora tu eliges, puedes solicitar pr\u00e9stamos preconcedidos o ver m\u00e1s opciones para obtener pr\u00e9stamos.<br><\/p>\n","protected":false},"excerpt":{"rendered":"<p>Los pr\u00e9stamos personales preconcedidos son un tipo de pr\u00e9stamos personales que est\u00e1n ofreciendo las entidades financieras desde hace unos a\u00f1os y consisten poder solicitar de una cantidad de dinero para poder utilizarlo cuando tu lo necesites, pudi\u00e9ndo disponer de \u00e9l desde el momento que lo solicitas, es decir, un cr\u00e9dito al instante. Los pr\u00e9stamos preconcedidos &hellip; <a href=\"https:\/\/www.prestamospersonalesnet.com\/prestamos-personales-solicitar-prestamos-preconcedidos\/\" class=\"more-link\">Continue reading <span class=\"screen-reader-text\">Pr\u00e9stamos Personales: Solicitar Pr\u00e9stamos Preconcedidos<\/span><\/a><\/p>\n","protected":false},"author":1,"featured_media":0,"parent":0,"menu_order":0,"comment_status":"closed","ping_status":"closed","template":"","meta":{"_uag_custom_page_level_css":"","footnotes":""},"class_list":["post-52","page","type-page","status-publish","hentry"],"yoast_head":"<!-- This site is optimized with the Yoast SEO plugin v25.4 - https:\/\/yoast.com\/wordpress\/plugins\/seo\/ -->\n<title>Pr\u00e9stamos Personales: Solicitar Pr\u00e9stamos Preconcedidos | Pr\u00e9stamos Personales<\/title>\n<meta name=\"description\" content=\"Solicita pr\u00e9stamos preconcedidos de forma online. Entra y te mostramos las mejores entidades financieras para solicitar pr\u00e9stamos personales preconcedidos.\" \/>\n<meta name=\"robots\" content=\"index, follow, max-snippet:-1, max-image-preview:large, max-video-preview:-1\" \/>\n<link rel=\"canonical\" href=\"https:\/\/www.prestamospersonalesnet.com\/prestamos-personales-solicitar-prestamos-preconcedidos\/\" \/>\n<meta property=\"og:locale\" content=\"en_US\" \/>\n<meta property=\"og:type\" content=\"article\" \/>\n<meta property=\"og:title\" content=\"Pr\u00e9stamos Personales: Solicitar Pr\u00e9stamos Preconcedidos | Pr\u00e9stamos Personales\" \/>\n<meta property=\"og:description\" content=\"Solicita pr\u00e9stamos preconcedidos de forma online. Entra y te mostramos las mejores entidades financieras para solicitar pr\u00e9stamos personales preconcedidos.\" \/>\n<meta property=\"og:url\" content=\"https:\/\/www.prestamospersonalesnet.com\/prestamos-personales-solicitar-prestamos-preconcedidos\/\" \/>\n<meta property=\"og:site_name\" content=\"Pr\u00e9stamos Personales\" \/>\n<meta property=\"article:modified_time\" content=\"2025-07-07T17:26:09+00:00\" \/>\n<meta property=\"og:image\" content=\"https:\/\/www.prestamospersonalesnet.com\/wp-content\/uploads\/2025\/07\/prestamos-personales-ingdirect-150x150-2.jpg\" \/>\n<meta name=\"twitter:card\" content=\"summary_large_image\" \/>\n<meta name=\"twitter:label1\" content=\"Est. reading time\" \/>\n\t<meta name=\"twitter:data1\" content=\"4 minutes\" \/>\n<script type=\"application\/ld+json\" class=\"yoast-schema-graph\">{\"@context\":\"https:\/\/schema.org\",\"@graph\":[{\"@type\":\"WebPage\",\"@id\":\"https:\/\/www.prestamospersonalesnet.com\/prestamos-personales-solicitar-prestamos-preconcedidos\/\",\"url\":\"https:\/\/www.prestamospersonalesnet.com\/prestamos-personales-solicitar-prestamos-preconcedidos\/\",\"name\":\"Pr\u00e9stamos Personales: Solicitar Pr\u00e9stamos Preconcedidos | Pr\u00e9stamos Personales\",\"isPartOf\":{\"@id\":\"https:\/\/www.prestamospersonalesnet.com\/#website\"},\"primaryImageOfPage\":{\"@id\":\"https:\/\/www.prestamospersonalesnet.com\/prestamos-personales-solicitar-prestamos-preconcedidos\/#primaryimage\"},\"image\":{\"@id\":\"https:\/\/www.prestamospersonalesnet.com\/prestamos-personales-solicitar-prestamos-preconcedidos\/#primaryimage\"},\"thumbnailUrl\":\"https:\/\/www.prestamospersonalesnet.com\/wp-content\/uploads\/2025\/07\/prestamos-personales-ingdirect-150x150-2.jpg\",\"datePublished\":\"2025-07-07T15:53:39+00:00\",\"dateModified\":\"2025-07-07T17:26:09+00:00\",\"description\":\"Solicita pr\u00e9stamos preconcedidos de forma online. Entra y te mostramos las mejores entidades financieras para solicitar pr\u00e9stamos personales preconcedidos.\",\"breadcrumb\":{\"@id\":\"https:\/\/www.prestamospersonalesnet.com\/prestamos-personales-solicitar-prestamos-preconcedidos\/#breadcrumb\"},\"inLanguage\":\"en-US\",\"potentialAction\":[{\"@type\":\"ReadAction\",\"target\":[\"https:\/\/www.prestamospersonalesnet.com\/prestamos-personales-solicitar-prestamos-preconcedidos\/\"]}]},{\"@type\":\"ImageObject\",\"inLanguage\":\"en-US\",\"@id\":\"https:\/\/www.prestamospersonalesnet.com\/prestamos-personales-solicitar-prestamos-preconcedidos\/#primaryimage\",\"url\":\"https:\/\/www.prestamospersonalesnet.com\/wp-content\/uploads\/2025\/07\/prestamos-personales-ingdirect-150x150-2.jpg\",\"contentUrl\":\"https:\/\/www.prestamospersonalesnet.com\/wp-content\/uploads\/2025\/07\/prestamos-personales-ingdirect-150x150-2.jpg\",\"width\":150,\"height\":150},{\"@type\":\"BreadcrumbList\",\"@id\":\"https:\/\/www.prestamospersonalesnet.com\/prestamos-personales-solicitar-prestamos-preconcedidos\/#breadcrumb\",\"itemListElement\":[{\"@type\":\"ListItem\",\"position\":1,\"name\":\"Home\",\"item\":\"https:\/\/www.prestamospersonalesnet.com\/\"},{\"@type\":\"ListItem\",\"position\":2,\"name\":\"Pr\u00e9stamos Personales: Solicitar Pr\u00e9stamos Preconcedidos\"}]},{\"@type\":\"WebSite\",\"@id\":\"https:\/\/www.prestamospersonalesnet.com\/#website\",\"url\":\"https:\/\/www.prestamospersonalesnet.com\/\",\"name\":\"Pr\u00e9stamos Personales\",\"description\":\"Toda la informaci\u00f3n sobre pr\u00e9stamos personales\",\"potentialAction\":[{\"@type\":\"SearchAction\",\"target\":{\"@type\":\"EntryPoint\",\"urlTemplate\":\"https:\/\/www.prestamospersonalesnet.com\/?s={search_term_string}\"},\"query-input\":{\"@type\":\"PropertyValueSpecification\",\"valueRequired\":true,\"valueName\":\"search_term_string\"}}],\"inLanguage\":\"en-US\"}]}<\/script>\n<!-- \/ Yoast SEO plugin. -->","yoast_head_json":{"title":"Pr\u00e9stamos Personales: Solicitar Pr\u00e9stamos Preconcedidos | Pr\u00e9stamos Personales","description":"Solicita pr\u00e9stamos preconcedidos de forma online. Entra y te mostramos las mejores entidades financieras para solicitar pr\u00e9stamos personales preconcedidos.","robots":{"index":"index","follow":"follow","max-snippet":"max-snippet:-1","max-image-preview":"max-image-preview:large","max-video-preview":"max-video-preview:-1"},"canonical":"https:\/\/www.prestamospersonalesnet.com\/prestamos-personales-solicitar-prestamos-preconcedidos\/","og_locale":"en_US","og_type":"article","og_title":"Pr\u00e9stamos Personales: Solicitar Pr\u00e9stamos Preconcedidos | Pr\u00e9stamos Personales","og_description":"Solicita pr\u00e9stamos preconcedidos de forma online. Entra y te mostramos las mejores entidades financieras para solicitar pr\u00e9stamos personales preconcedidos.","og_url":"https:\/\/www.prestamospersonalesnet.com\/prestamos-personales-solicitar-prestamos-preconcedidos\/","og_site_name":"Pr\u00e9stamos Personales","article_modified_time":"2025-07-07T17:26:09+00:00","og_image":[{"url":"https:\/\/www.prestamospersonalesnet.com\/wp-content\/uploads\/2025\/07\/prestamos-personales-ingdirect-150x150-2.jpg","type":"","width":"","height":""}],"twitter_card":"summary_large_image","twitter_misc":{"Est. reading time":"4 minutes"},"schema":{"@context":"https:\/\/schema.org","@graph":[{"@type":"WebPage","@id":"https:\/\/www.prestamospersonalesnet.com\/prestamos-personales-solicitar-prestamos-preconcedidos\/","url":"https:\/\/www.prestamospersonalesnet.com\/prestamos-personales-solicitar-prestamos-preconcedidos\/","name":"Pr\u00e9stamos Personales: Solicitar Pr\u00e9stamos Preconcedidos | Pr\u00e9stamos Personales","isPartOf":{"@id":"https:\/\/www.prestamospersonalesnet.com\/#website"},"primaryImageOfPage":{"@id":"https:\/\/www.prestamospersonalesnet.com\/prestamos-personales-solicitar-prestamos-preconcedidos\/#primaryimage"},"image":{"@id":"https:\/\/www.prestamospersonalesnet.com\/prestamos-personales-solicitar-prestamos-preconcedidos\/#primaryimage"},"thumbnailUrl":"https:\/\/www.prestamospersonalesnet.com\/wp-content\/uploads\/2025\/07\/prestamos-personales-ingdirect-150x150-2.jpg","datePublished":"2025-07-07T15:53:39+00:00","dateModified":"2025-07-07T17:26:09+00:00","description":"Solicita pr\u00e9stamos preconcedidos de forma online. Entra y te mostramos las mejores entidades financieras para solicitar pr\u00e9stamos personales preconcedidos.","breadcrumb":{"@id":"https:\/\/www.prestamospersonalesnet.com\/prestamos-personales-solicitar-prestamos-preconcedidos\/#breadcrumb"},"inLanguage":"en-US","potentialAction":[{"@type":"ReadAction","target":["https:\/\/www.prestamospersonalesnet.com\/prestamos-personales-solicitar-prestamos-preconcedidos\/"]}]},{"@type":"ImageObject","inLanguage":"en-US","@id":"https:\/\/www.prestamospersonalesnet.com\/prestamos-personales-solicitar-prestamos-preconcedidos\/#primaryimage","url":"https:\/\/www.prestamospersonalesnet.com\/wp-content\/uploads\/2025\/07\/prestamos-personales-ingdirect-150x150-2.jpg","contentUrl":"https:\/\/www.prestamospersonalesnet.com\/wp-content\/uploads\/2025\/07\/prestamos-personales-ingdirect-150x150-2.jpg","width":150,"height":150},{"@type":"BreadcrumbList","@id":"https:\/\/www.prestamospersonalesnet.com\/prestamos-personales-solicitar-prestamos-preconcedidos\/#breadcrumb","itemListElement":[{"@type":"ListItem","position":1,"name":"Home","item":"https:\/\/www.prestamospersonalesnet.com\/"},{"@type":"ListItem","position":2,"name":"Pr\u00e9stamos Personales: Solicitar Pr\u00e9stamos Preconcedidos"}]},{"@type":"WebSite","@id":"https:\/\/www.prestamospersonalesnet.com\/#website","url":"https:\/\/www.prestamospersonalesnet.com\/","name":"Pr\u00e9stamos Personales","description":"Toda la informaci\u00f3n sobre pr\u00e9stamos personales","potentialAction":[{"@type":"SearchAction","target":{"@type":"EntryPoint","urlTemplate":"https:\/\/www.prestamospersonalesnet.com\/?s={search_term_string}"},"query-input":{"@type":"PropertyValueSpecification","valueRequired":true,"valueName":"search_term_string"}}],"inLanguage":"en-US"}]}},"uagb_featured_image_src":{"full":false,"thumbnail":false,"medium":false,"medium_large":false,"large":false,"1536x1536":false,"2048x2048":false,"post-thumbnail":false},"uagb_author_info":{"display_name":"admin","author_link":"https:\/\/www.prestamospersonalesnet.com\/index.php\/author\/admin\/"},"uagb_comment_info":0,"uagb_excerpt":"Los pr\u00e9stamos personales preconcedidos son un tipo de pr\u00e9stamos personales que est\u00e1n ofreciendo las entidades financieras desde hace unos a\u00f1os y consisten poder solicitar de una cantidad de dinero para poder utilizarlo cuando tu lo necesites, pudi\u00e9ndo disponer de \u00e9l desde el momento que lo solicitas, es decir, un cr\u00e9dito al instante. Los pr\u00e9stamos preconcedidos&hellip;","_links":{"self":[{"href":"https:\/\/www.prestamospersonalesnet.com\/index.php\/wp-json\/wp\/v2\/pages\/52","targetHints":{"allow":["GET"]}}],"collection":[{"href":"https:\/\/www.prestamospersonalesnet.com\/index.php\/wp-json\/wp\/v2\/pages"}],"about":[{"href":"https:\/\/www.prestamospersonalesnet.com\/index.php\/wp-json\/wp\/v2\/types\/page"}],"author":[{"embeddable":true,"href":"https:\/\/www.prestamospersonalesnet.com\/index.php\/wp-json\/wp\/v2\/users\/1"}],"replies":[{"embeddable":true,"href":"https:\/\/www.prestamospersonalesnet.com\/index.php\/wp-json\/wp\/v2\/comments?post=52"}],"version-history":[{"count":3,"href":"https:\/\/www.prestamospersonalesnet.com\/index.php\/wp-json\/wp\/v2\/pages\/52\/revisions"}],"predecessor-version":[{"id":130,"href":"https:\/\/www.prestamospersonalesnet.com\/index.php\/wp-json\/wp\/v2\/pages\/52\/revisions\/130"}],"wp:attachment":[{"href":"https:\/\/www.prestamospersonalesnet.com\/index.php\/wp-json\/wp\/v2\/media?parent=52"}],"curies":[{"name":"wp","href":"https:\/\/api.w.org\/{rel}","templated":true}]}}