{"id":57,"date":"2025-07-07T15:57:14","date_gmt":"2025-07-07T15:57:14","guid":{"rendered":"https:\/\/www.prestamospersonalesnet.com\/?page_id=57"},"modified":"2025-07-07T17:25:41","modified_gmt":"2025-07-07T17:25:41","slug":"prestamos-p2p-los-prestamos-sin-intermediarios","status":"publish","type":"page","link":"https:\/\/www.prestamospersonalesnet.com\/prestamos-p2p-los-prestamos-sin-intermediarios\/","title":{"rendered":"Pr\u00e9stamos P2P, Los Pr\u00e9stamos Sin Intermediarios"},"content":{"rendered":"<div class=\"wp-block-image\">\n<figure class=\"alignleft size-full\"><img loading=\"lazy\" decoding=\"async\" width=\"300\" height=\"249\" src=\"https:\/\/www.prestamospersonalesnet.com\/wp-content\/uploads\/2025\/07\/prestamos-personales-prestamos-p2p-300x249-1.jpg\" alt=\"prestamospersonalesnet\" class=\"wp-image-59\"\/><\/figure>\n<\/div>\n\n\n<p>Los <strong>pr\u00e9stamos P2P<\/strong> &nbsp;o pr\u00e9stamos peer to peer (pr\u00e9stamos persona a persona) son una forma de obtener pr\u00e9stamos personales <strong>sin intermediarios<\/strong>, haciendo que el prestamista preste dinero directamente al prestatario. Pero, \u00bfc\u00f3mo es posible saltarse a los bancos en el negocio de los pr\u00e9stamos? \u00bfEs posible obtener mejores condiciones con este tipo de pr\u00e9stamos personales? \u00bfD\u00f3nde es posible obtenerlos y cuales son los requisitos y ventajas a la hora de obtenerlos? En este art\u00edculo respondemos a todas estas dudas sobre los <strong>pr\u00e9stamos P2P<\/strong>.<\/p>\n\n\n\n<p>Si necesitas dinero r\u00e1pido con buenas condiciones, realizando una <strong>solicitud de pr\u00e9stamos p2p<\/strong> podr\u00e1s disponerlo sin moverte de casa y sin realizar papeleos, pudiendo disponer del dinero en unas horas.<\/p>\n\n\n\n<h3 class=\"wp-block-heading\"><strong>\u00bfQu\u00e9 son los pr\u00e9stamos P2P?<\/strong><\/h3>\n\n\n\n<p>Los pr\u00e9stamos P2P son un tipo de pr\u00e9stamos donde el prestamista presta dinero directamente al prestatario sin intermediarios por medio, solamente la plataforma de <strong>pr\u00e9stamos P2P<\/strong>. Este tipo de pr\u00e9stamos es posible gracias a las plataformas de pr\u00e9stamos P2P que existen en Internet, que ponen en contacto a los prestamistas y los prestatarios sin ning\u00fan tipo de intermediarios por medio, haciendo que las condiciones de los pr\u00e9stamos puedan se mejores, dependiendo de la <strong>solvencia del prestatario<\/strong>.<\/p>\n\n\n\n<p>Su funcionamiento es muy sencillo, el prestatario solicita un pr\u00e9stamo indicando la cantidad, el uso que le va a dar al dinero prestado, su <strong>capacidad de ingresos y endeudamiento<\/strong> que posee, entre otras caracter\u00edsticas y la plataforma confirma estos datos, indicando la viabilidad y las condiciones del pr\u00e9stamo. A partir de ese momento los prestatarios aportan dinero al pr\u00e9stamo hasta que se complete el 100 % de la cantidad solicitada. En este momento el pr\u00e9stamo habr\u00e1 sido aceptado y se entrega el dinero al prestatario.<\/p>\n\n\n\n<h3 class=\"wp-block-heading\"><strong>\u00bfCuales son las principales entidades donde solicitar pr\u00e9stamos P2P?<\/strong><\/h3>\n\n\n<div class=\"wp-block-image\">\n<figure class=\"alignleft size-full\"><img loading=\"lazy\" decoding=\"async\" width=\"300\" height=\"250\" src=\"https:\/\/www.prestamospersonalesnet.com\/wp-content\/uploads\/2025\/07\/prestamos-p2p-isepankur.gif\" alt=\"prestamospersonalesnet\" class=\"wp-image-58\"\/><\/figure>\n<\/div>\n\n\n<p>Puedes obtener pr\u00e9stamos P2P en&nbsp;<strong>Bondora<\/strong> (anteriormente llamada Isepankur), donde podr\u00e1s solicitar <strong>desde 500 \u20ac hasta 10.000 \u20ac a devolver en un plazo m\u00e1ximo de 60 meses a un tipo de inter\u00e9s muy competitivo<\/strong> que depender\u00e1 del riesgo que calculen en base a tus datos. Tu solicitud se realizar\u00e1 en 5 minutos a&nbsp;<strong>trav\u00e9s de su p\u00e1gina web<\/strong>&nbsp;y en poco tiempo se pondr\u00e1n en contacto contigo para confirmarte la aceptaci\u00f3n del pr\u00e9stamo y las condiciones del mismo. Posteriormente tu pr\u00e9stamo se pondr\u00e1 en subasta para que los inversores inviertan su dinero en \u00e9l y el sistema autom\u00e1ticamente elegir\u00e1 los inversores que mejores tipos de inter\u00e9s te ofrecen para obtener el dinero con las mejores condiciones y lo m\u00e1s r\u00e1pido posible.<\/p>\n\n\n\n<p>Los pr\u00e9stamos P2P no est\u00e1n muy extendidos todav\u00eda en Espa\u00f1a pero&nbsp;vas a poder solicitar pr\u00e9stamos personales de forma sencilla y r\u00e1pida gracias a su plataforma, evitando los bancos y sus comisiones. Para poder solicitar un pr\u00e9stamo P2P en Isepankur tan s\u00f3lo tienes que <strong>acceder a su plataforma de pr\u00e9stamos P2P<\/strong>&nbsp;e indicar la cantidad a solicitar, el plazo m\u00e1ximo de devoluci\u00f3n y tu direcci\u00f3n de correo electr\u00f3nico. En el plazo de 10 minutos se pondr\u00e1n en contacto contigo para realizar la comprobaci\u00f3n de tus datos y tendr\u00e1s la viabilidad del mismo y sus condiciones.<\/p>\n\n\n\n<h3 class=\"wp-block-heading\"><strong>Principales ventajas de los pr\u00e9stamos P2P<\/strong><\/h3>\n\n\n\n<p>Los pr\u00e9stamos P2P poseen una serie de ventajas que hay que tener en cuenta a la hora de solicitarlos. Entre ellas est\u00e1n las <strong>buenas condiciones que puedes obtener<\/strong>, pudiendo obtener pr\u00e9stamos con tipos de inter\u00e9s realmente bajos gracias a no tener intermediarios por medio que suban el precio del pr\u00e9stamo. Adem\u00e1s, cuanto menos riesgo tengas menores tipos de inter\u00e9s tendr\u00e1s que pagar, por lo que son ideales para iniciar un nuevo negocio.<\/p>\n\n\n\n<p>Las condiciones del pr\u00e9stamo se acuerdan entre personas y no una entidad financiera, por lo que es posible negociar las condiciones del mismo y as\u00ed poseer una<strong> flexibilidad<\/strong>. De esta manera, los pr\u00e9stamos P2P constituyen una gran <strong>alternativa a los <\/strong>pr\u00e9stamos personales y a los <strong>pr\u00e9stamos r\u00e1pidos<\/strong>, ya que se solicitan de forma online y no es necesario cumplir muchos requisitos para obtenerlos. Existen muchos prestamistas compitiendo por prestar dinero y obtener gran rentabilidad por \u00e9l debido a la bajada de los tipos de inter\u00e9s y la b\u00fasqueda de otros tipos de inversiones rentables, entre los que est\u00e1n los pr\u00e9stamos P2P.<\/p>\n\n\n\n<p>Por \u00faltimo, <strong>su solicitud es muy sencilla<\/strong> y podr\u00e1s tener una respuesta con las condiciones del pr\u00e9stamo en unos minutos. Una vez obtenida la aprobaci\u00f3n de la plataforma de pr\u00e9stamos P2P, los prestamistas tendr\u00e1n que prestarte dinero a trav\u00e9s de la plataforma, pudiendo ponerse en contacto contigo para realizarte preguntas del mismo a trav\u00e9s de la p\u00e1gina web. Una vez tengas el 100 % del pr\u00e9stamo te entregar\u00e1n el dinero, tardando de media entre<\/p>\n\n\n\n<h3 class=\"wp-block-heading\"><strong>Requisitos para solicitar pr\u00e9stamos p2p<\/strong><\/h3>\n\n\n\n<p>Para poder solicitar pr\u00e9stamos P2P tienes que tener una<strong>\u00a0fuente de ingresos que sea estable<\/strong> y la suficiente\u00a0capacidad de pago\u00a0para afrontar los pagos de tus obligaciones pudiendo tener un ratio de endeudamiento m\u00e1ximo del 60 %. Adem\u00e1s no tendr\u00e1s que tener incidencias registradas en ASNEF. Poseer una vivienda te ayudar\u00e1 a obtener el pr\u00e9stamo P2P y tendr\u00e1s que indicar la finalidad del mismo.<\/p>\n\n\n\n<p>En cuanto a las finalidades permitidas, es posible solicitar pr\u00e9stamos P2P para cualquier finalidad, pero \u00e9sta tendr\u00e1 que ser <strong>coherente<\/strong> con la cantidad del mismo, ya que los prestamistas estudiar\u00e1n invertir en tu pr\u00e9stamo y si no es coherente no obtendr\u00e1s el 100 % de la cantidad del pr\u00e9stamo.<\/p>\n\n\n\n<h3 class=\"wp-block-heading\"><strong>Otros productos relacionados<\/strong><\/h3>\n\n\n\n<p>Si necesitas <strong>dinero r\u00e1pido<\/strong>, te ofrecemos los mejores productos financieros para conseguirlo de forma online y sin necesidad de cumplir requisitos en algunos casos. As\u00ed, los cr\u00e9ditos r\u00e1pidos online son la forma m\u00e1s sencilla y r\u00e1pida para conseguir dinero r\u00e1pido realizando la gesti\u00f3n de forma totalmente online y <strong>sin necesidad de realizar papeleos<\/strong>. Las tarjetas de cr\u00e9dito tambi\u00e9n ofrecen dinero al instante gracias a que es posible transferir su cr\u00e9dito a tu cuenta bancaria. Por \u00faltimo, es posible conseguir otro tipo de productos financieros a trav\u00e9s de Internet y disponer del dinero en unas horas, como es el caso de los pr\u00e9stamos entre particulares o pr\u00e9stamos personales online.<\/p>\n","protected":false},"excerpt":{"rendered":"<p>Los pr\u00e9stamos P2P &nbsp;o pr\u00e9stamos peer to peer (pr\u00e9stamos persona a persona) son una forma de obtener pr\u00e9stamos personales sin intermediarios, haciendo que el prestamista preste dinero directamente al prestatario. Pero, \u00bfc\u00f3mo es posible saltarse a los bancos en el negocio de los pr\u00e9stamos? \u00bfEs posible obtener mejores condiciones con este tipo de pr\u00e9stamos personales? &hellip; <a href=\"https:\/\/www.prestamospersonalesnet.com\/prestamos-p2p-los-prestamos-sin-intermediarios\/\" class=\"more-link\">Continue reading <span class=\"screen-reader-text\">Pr\u00e9stamos P2P, Los Pr\u00e9stamos Sin Intermediarios<\/span><\/a><\/p>\n","protected":false},"author":1,"featured_media":0,"parent":0,"menu_order":0,"comment_status":"closed","ping_status":"closed","template":"","meta":{"_uag_custom_page_level_css":"","footnotes":""},"class_list":["post-57","page","type-page","status-publish","hentry"],"yoast_head":"<!-- This site is optimized with the Yoast SEO plugin v25.4 - https:\/\/yoast.com\/wordpress\/plugins\/seo\/ -->\n<title>Pr\u00e9stamos P2P, Los Pr\u00e9stamos Sin Intermediarios | Pr\u00e9stamos Personales<\/title>\n<meta name=\"description\" content=\"Solicita pr\u00e9stamos P2P de forma sencilla y obt\u00e9n pr\u00e9stamos personales sin intermediarios con buenos tipos de inter\u00e9s. Entra para solicitar o m\u00e1s informaci\u00f3n\" \/>\n<meta name=\"robots\" content=\"index, follow, max-snippet:-1, max-image-preview:large, max-video-preview:-1\" \/>\n<link rel=\"canonical\" href=\"https:\/\/www.prestamospersonalesnet.com\/prestamos-p2p-los-prestamos-sin-intermediarios\/\" \/>\n<meta property=\"og:locale\" content=\"en_US\" \/>\n<meta property=\"og:type\" content=\"article\" \/>\n<meta property=\"og:title\" content=\"Pr\u00e9stamos P2P, Los Pr\u00e9stamos Sin Intermediarios | Pr\u00e9stamos Personales\" \/>\n<meta property=\"og:description\" content=\"Solicita pr\u00e9stamos P2P de forma sencilla y obt\u00e9n pr\u00e9stamos personales sin intermediarios con buenos tipos de inter\u00e9s. Entra para solicitar o m\u00e1s informaci\u00f3n\" \/>\n<meta property=\"og:url\" content=\"https:\/\/www.prestamospersonalesnet.com\/prestamos-p2p-los-prestamos-sin-intermediarios\/\" \/>\n<meta property=\"og:site_name\" content=\"Pr\u00e9stamos Personales\" \/>\n<meta property=\"article:modified_time\" content=\"2025-07-07T17:25:41+00:00\" \/>\n<meta property=\"og:image\" content=\"https:\/\/www.prestamospersonalesnet.com\/wp-content\/uploads\/2025\/07\/prestamos-personales-prestamos-p2p-300x249-1.jpg\" \/>\n<meta name=\"twitter:card\" content=\"summary_large_image\" \/>\n<meta name=\"twitter:label1\" content=\"Est. reading time\" \/>\n\t<meta name=\"twitter:data1\" content=\"5 minutes\" \/>\n<script type=\"application\/ld+json\" class=\"yoast-schema-graph\">{\"@context\":\"https:\/\/schema.org\",\"@graph\":[{\"@type\":\"WebPage\",\"@id\":\"https:\/\/www.prestamospersonalesnet.com\/prestamos-p2p-los-prestamos-sin-intermediarios\/\",\"url\":\"https:\/\/www.prestamospersonalesnet.com\/prestamos-p2p-los-prestamos-sin-intermediarios\/\",\"name\":\"Pr\u00e9stamos P2P, Los Pr\u00e9stamos Sin Intermediarios | Pr\u00e9stamos Personales\",\"isPartOf\":{\"@id\":\"https:\/\/www.prestamospersonalesnet.com\/#website\"},\"primaryImageOfPage\":{\"@id\":\"https:\/\/www.prestamospersonalesnet.com\/prestamos-p2p-los-prestamos-sin-intermediarios\/#primaryimage\"},\"image\":{\"@id\":\"https:\/\/www.prestamospersonalesnet.com\/prestamos-p2p-los-prestamos-sin-intermediarios\/#primaryimage\"},\"thumbnailUrl\":\"https:\/\/www.prestamospersonalesnet.com\/wp-content\/uploads\/2025\/07\/prestamos-personales-prestamos-p2p-300x249-1.jpg\",\"datePublished\":\"2025-07-07T15:57:14+00:00\",\"dateModified\":\"2025-07-07T17:25:41+00:00\",\"description\":\"Solicita pr\u00e9stamos P2P de forma sencilla y obt\u00e9n pr\u00e9stamos personales sin intermediarios con buenos tipos de inter\u00e9s. Entra para solicitar o m\u00e1s informaci\u00f3n\",\"breadcrumb\":{\"@id\":\"https:\/\/www.prestamospersonalesnet.com\/prestamos-p2p-los-prestamos-sin-intermediarios\/#breadcrumb\"},\"inLanguage\":\"en-US\",\"potentialAction\":[{\"@type\":\"ReadAction\",\"target\":[\"https:\/\/www.prestamospersonalesnet.com\/prestamos-p2p-los-prestamos-sin-intermediarios\/\"]}]},{\"@type\":\"ImageObject\",\"inLanguage\":\"en-US\",\"@id\":\"https:\/\/www.prestamospersonalesnet.com\/prestamos-p2p-los-prestamos-sin-intermediarios\/#primaryimage\",\"url\":\"https:\/\/www.prestamospersonalesnet.com\/wp-content\/uploads\/2025\/07\/prestamos-personales-prestamos-p2p-300x249-1.jpg\",\"contentUrl\":\"https:\/\/www.prestamospersonalesnet.com\/wp-content\/uploads\/2025\/07\/prestamos-personales-prestamos-p2p-300x249-1.jpg\",\"width\":300,\"height\":249},{\"@type\":\"BreadcrumbList\",\"@id\":\"https:\/\/www.prestamospersonalesnet.com\/prestamos-p2p-los-prestamos-sin-intermediarios\/#breadcrumb\",\"itemListElement\":[{\"@type\":\"ListItem\",\"position\":1,\"name\":\"Home\",\"item\":\"https:\/\/www.prestamospersonalesnet.com\/\"},{\"@type\":\"ListItem\",\"position\":2,\"name\":\"Pr\u00e9stamos P2P, Los Pr\u00e9stamos Sin Intermediarios\"}]},{\"@type\":\"WebSite\",\"@id\":\"https:\/\/www.prestamospersonalesnet.com\/#website\",\"url\":\"https:\/\/www.prestamospersonalesnet.com\/\",\"name\":\"Pr\u00e9stamos Personales\",\"description\":\"Toda la informaci\u00f3n sobre pr\u00e9stamos personales\",\"potentialAction\":[{\"@type\":\"SearchAction\",\"target\":{\"@type\":\"EntryPoint\",\"urlTemplate\":\"https:\/\/www.prestamospersonalesnet.com\/?s={search_term_string}\"},\"query-input\":{\"@type\":\"PropertyValueSpecification\",\"valueRequired\":true,\"valueName\":\"search_term_string\"}}],\"inLanguage\":\"en-US\"}]}<\/script>\n<!-- \/ Yoast SEO plugin. -->","yoast_head_json":{"title":"Pr\u00e9stamos P2P, Los Pr\u00e9stamos Sin Intermediarios | Pr\u00e9stamos Personales","description":"Solicita pr\u00e9stamos P2P de forma sencilla y obt\u00e9n pr\u00e9stamos personales sin intermediarios con buenos tipos de inter\u00e9s. Entra para solicitar o m\u00e1s informaci\u00f3n","robots":{"index":"index","follow":"follow","max-snippet":"max-snippet:-1","max-image-preview":"max-image-preview:large","max-video-preview":"max-video-preview:-1"},"canonical":"https:\/\/www.prestamospersonalesnet.com\/prestamos-p2p-los-prestamos-sin-intermediarios\/","og_locale":"en_US","og_type":"article","og_title":"Pr\u00e9stamos P2P, Los Pr\u00e9stamos Sin Intermediarios | Pr\u00e9stamos Personales","og_description":"Solicita pr\u00e9stamos P2P de forma sencilla y obt\u00e9n pr\u00e9stamos personales sin intermediarios con buenos tipos de inter\u00e9s. Entra para solicitar o m\u00e1s informaci\u00f3n","og_url":"https:\/\/www.prestamospersonalesnet.com\/prestamos-p2p-los-prestamos-sin-intermediarios\/","og_site_name":"Pr\u00e9stamos Personales","article_modified_time":"2025-07-07T17:25:41+00:00","og_image":[{"url":"https:\/\/www.prestamospersonalesnet.com\/wp-content\/uploads\/2025\/07\/prestamos-personales-prestamos-p2p-300x249-1.jpg","type":"","width":"","height":""}],"twitter_card":"summary_large_image","twitter_misc":{"Est. reading time":"5 minutes"},"schema":{"@context":"https:\/\/schema.org","@graph":[{"@type":"WebPage","@id":"https:\/\/www.prestamospersonalesnet.com\/prestamos-p2p-los-prestamos-sin-intermediarios\/","url":"https:\/\/www.prestamospersonalesnet.com\/prestamos-p2p-los-prestamos-sin-intermediarios\/","name":"Pr\u00e9stamos P2P, Los Pr\u00e9stamos Sin Intermediarios | Pr\u00e9stamos Personales","isPartOf":{"@id":"https:\/\/www.prestamospersonalesnet.com\/#website"},"primaryImageOfPage":{"@id":"https:\/\/www.prestamospersonalesnet.com\/prestamos-p2p-los-prestamos-sin-intermediarios\/#primaryimage"},"image":{"@id":"https:\/\/www.prestamospersonalesnet.com\/prestamos-p2p-los-prestamos-sin-intermediarios\/#primaryimage"},"thumbnailUrl":"https:\/\/www.prestamospersonalesnet.com\/wp-content\/uploads\/2025\/07\/prestamos-personales-prestamos-p2p-300x249-1.jpg","datePublished":"2025-07-07T15:57:14+00:00","dateModified":"2025-07-07T17:25:41+00:00","description":"Solicita pr\u00e9stamos P2P de forma sencilla y obt\u00e9n pr\u00e9stamos personales sin intermediarios con buenos tipos de inter\u00e9s. Entra para solicitar o m\u00e1s informaci\u00f3n","breadcrumb":{"@id":"https:\/\/www.prestamospersonalesnet.com\/prestamos-p2p-los-prestamos-sin-intermediarios\/#breadcrumb"},"inLanguage":"en-US","potentialAction":[{"@type":"ReadAction","target":["https:\/\/www.prestamospersonalesnet.com\/prestamos-p2p-los-prestamos-sin-intermediarios\/"]}]},{"@type":"ImageObject","inLanguage":"en-US","@id":"https:\/\/www.prestamospersonalesnet.com\/prestamos-p2p-los-prestamos-sin-intermediarios\/#primaryimage","url":"https:\/\/www.prestamospersonalesnet.com\/wp-content\/uploads\/2025\/07\/prestamos-personales-prestamos-p2p-300x249-1.jpg","contentUrl":"https:\/\/www.prestamospersonalesnet.com\/wp-content\/uploads\/2025\/07\/prestamos-personales-prestamos-p2p-300x249-1.jpg","width":300,"height":249},{"@type":"BreadcrumbList","@id":"https:\/\/www.prestamospersonalesnet.com\/prestamos-p2p-los-prestamos-sin-intermediarios\/#breadcrumb","itemListElement":[{"@type":"ListItem","position":1,"name":"Home","item":"https:\/\/www.prestamospersonalesnet.com\/"},{"@type":"ListItem","position":2,"name":"Pr\u00e9stamos P2P, Los Pr\u00e9stamos Sin Intermediarios"}]},{"@type":"WebSite","@id":"https:\/\/www.prestamospersonalesnet.com\/#website","url":"https:\/\/www.prestamospersonalesnet.com\/","name":"Pr\u00e9stamos Personales","description":"Toda la informaci\u00f3n sobre pr\u00e9stamos personales","potentialAction":[{"@type":"SearchAction","target":{"@type":"EntryPoint","urlTemplate":"https:\/\/www.prestamospersonalesnet.com\/?s={search_term_string}"},"query-input":{"@type":"PropertyValueSpecification","valueRequired":true,"valueName":"search_term_string"}}],"inLanguage":"en-US"}]}},"uagb_featured_image_src":{"full":false,"thumbnail":false,"medium":false,"medium_large":false,"large":false,"1536x1536":false,"2048x2048":false,"post-thumbnail":false},"uagb_author_info":{"display_name":"admin","author_link":"https:\/\/www.prestamospersonalesnet.com\/index.php\/author\/admin\/"},"uagb_comment_info":0,"uagb_excerpt":"Los pr\u00e9stamos P2P &nbsp;o pr\u00e9stamos peer to peer (pr\u00e9stamos persona a persona) son una forma de obtener pr\u00e9stamos personales sin intermediarios, haciendo que el prestamista preste dinero directamente al prestatario. Pero, \u00bfc\u00f3mo es posible saltarse a los bancos en el negocio de los pr\u00e9stamos? \u00bfEs posible obtener mejores condiciones con este tipo de pr\u00e9stamos personales?&hellip;","_links":{"self":[{"href":"https:\/\/www.prestamospersonalesnet.com\/index.php\/wp-json\/wp\/v2\/pages\/57","targetHints":{"allow":["GET"]}}],"collection":[{"href":"https:\/\/www.prestamospersonalesnet.com\/index.php\/wp-json\/wp\/v2\/pages"}],"about":[{"href":"https:\/\/www.prestamospersonalesnet.com\/index.php\/wp-json\/wp\/v2\/types\/page"}],"author":[{"embeddable":true,"href":"https:\/\/www.prestamospersonalesnet.com\/index.php\/wp-json\/wp\/v2\/users\/1"}],"replies":[{"embeddable":true,"href":"https:\/\/www.prestamospersonalesnet.com\/index.php\/wp-json\/wp\/v2\/comments?post=57"}],"version-history":[{"count":2,"href":"https:\/\/www.prestamospersonalesnet.com\/index.php\/wp-json\/wp\/v2\/pages\/57\/revisions"}],"predecessor-version":[{"id":128,"href":"https:\/\/www.prestamospersonalesnet.com\/index.php\/wp-json\/wp\/v2\/pages\/57\/revisions\/128"}],"wp:attachment":[{"href":"https:\/\/www.prestamospersonalesnet.com\/index.php\/wp-json\/wp\/v2\/media?parent=57"}],"curies":[{"name":"wp","href":"https:\/\/api.w.org\/{rel}","templated":true}]}}