{"id":61,"date":"2025-07-07T16:00:04","date_gmt":"2025-07-07T16:00:04","guid":{"rendered":"https:\/\/www.prestamospersonalesnet.com\/?page_id=61"},"modified":"2025-07-07T17:26:34","modified_gmt":"2025-07-07T17:26:34","slug":"solicita-los-mejores-prestamos-para-estudios","status":"publish","type":"page","link":"https:\/\/www.prestamospersonalesnet.com\/solicita-los-mejores-prestamos-para-estudios\/","title":{"rendered":"Solicita Los Mejores Pr\u00e9stamos Para Estudios"},"content":{"rendered":"\n<p>Los <strong>pr\u00e9stamos para estudios<\/strong> son un producto cada vez m\u00e1s demandado debido a varios motivos, entre los que est\u00e1n la subida de las tasas universitarias y el desempleo. Las entidades financieras han hecho que <strong>los pr\u00e9stamos para estudios se hayan ido adaptando al mercado<\/strong> con productos cada vez m\u00e1s especializados, por lo que para conseguir los mejores pr\u00e9stamos para estudios es necesario solicitar el que est\u00e9 adaptado a tus necesidades.<\/p>\n\n\n\n<p>Los j\u00f3venes son los peor parados en la crisis econ\u00f3mica, donde los datos del desempleo de este colectivo es muy superior al de los dem\u00e1s y sobre todo en el caso de <strong>los que no poseen estudios, que dobla a los que si los tienen<\/strong>. Esto provoca que cada vez haya m\u00e1s competencia y sea m\u00e1s importante realizar unos estudios universitarios, masters o posgrados. Este tipo de estudios pueden ser muy caros, y m\u00e1s ahora con la subida de las tasas de los estudios universitarios, por lo que mucha veces es necesario solicitar financiaci\u00f3n para pagarlos. La mejor manera es a trav\u00e9s de <strong>pr\u00e9stamos para estudios<\/strong>.<\/p>\n\n\n\n<p>El mercado de los <strong>pr\u00e9stamos para estudios<\/strong> es uno de los que menos ha descendido dentro de los <strong>pr\u00e9stamos personales<\/strong> y se han ido especializando dentro de un mercado en el que hay mucha competencia. Adem\u00e1s de dicha competencia, cada uno de los estudios a financiar a trav\u00e9s de pr\u00e9stamos para estudios es diferente y se requiere especializar cada uno de los productos financieros. Ahora bien, \u00bf<strong>cuales son los tipos de pr\u00e9stamos para estudios y cuales son los mejores<\/strong> de cada tipo?<\/p>\n\n\n\n<h3 class=\"wp-block-heading\"><strong>Pr\u00e9stamos para estudios universitarios,&nbsp;posgrado, masters y estudios en el extranjero.<\/strong><\/h3>\n\n\n\n<p>La subida de las matr\u00edculas universitarias han provocado que cada vez m\u00e1s universitarios tengan que <strong>solicitar pr\u00e9stamos para estudios<\/strong> universitarios. Con este tipo de cr\u00e9ditos es posible financiar tanto la matr\u00edcula, los libros, el material utilizado para los estudios, los desplazamientos o los gastos de estancia. Podr\u00e1s pagar el pr\u00e9stamo tanto mientras estudias como al finalizar tus estudios mediante cuotas mensuales. Adem\u00e1s, es posible solicitar <strong>pr\u00e9stamos para estudiar masters, posgrados o realizar estudios en el extranjero<\/strong>.<\/p>\n\n\n\n<p>Entre las entidades que ofrecen pr\u00e9stamos de estudios universitarios, posgrado, masters y estudios en el extranjero se encuentran <strong>Catalunya Caixa<\/strong>, que ofrece pr\u00e9stamos para cualquier tipo de estudios hasta 30.000 \u20ac con un plazo m\u00e1ximo de la duraci\u00f3n oficial de la carrera m\u00e1s 5 a\u00f1os, pudiendo pagar el pr\u00e9stamo cuando termines tus estudios (periodo de carencia).<\/p>\n\n\n\n<p><strong>La Caixa<\/strong> tambi\u00e9n ofrece pr\u00e9stamos para estudios universitarios a trav\u00e9s del Pr\u00e9stamo Estrella Estudios Matr\u00edcula, CrediEstudios Curso a Curso y CrediEstudios Superiores. A trav\u00e9s de estos pr\u00e9stamos podr\u00e1s financiar tanto la matr\u00edcula universitaria, el posgrado, el master, los estudios en el extranjero y los gastos asociados a los mismos a plazos o en un \u00fanico pago al terminar los estudios. Tiene un inter\u00e9s fijo y podr\u00e1s tener de hasta 24 meses de carencia donde s\u00f3lo pagas intereses.<\/p>\n\n\n\n<p>En <strong>Banco Sabadell<\/strong>\u00a0dispones de una gran flexibilidad para financiar cualquier tipo de estudios, tanto estudios escolares, universitarios, cursos y todos los gastos asociados a los mismos. Te ofrece hasta 15.000 \u20ac a devolver en plazos de hasta 10 a\u00f1os con un plazo de carencia de hasta 5 a\u00f1os, donde solamente pagar\u00e1s los intereses generados.<\/p>\n\n\n\n<h3 class=\"wp-block-heading\"><strong>Financiaci\u00f3n de los estudios a trav\u00e9s de pr\u00e9stamos r\u00e1pidos<\/strong><\/h3>\n\n\n\n<p>Otra opci\u00f3n que existe es <strong>financiar los estudios a trav\u00e9s de cr\u00e9ditos r\u00e1pidos<\/strong>, donde podr\u00e1s disponer de <strong>hasta 10.000 Euros en 24\/48 horas<\/strong> sin necesidad de realizar papeleos y con unos tipos de inter\u00e9s muy competitivos. Adem\u00e1s, es posible obtener pr\u00e9stamos para estudios a trav\u00e9s de pr\u00e9stamos r\u00e1pidos cuando otro tipo de entidades financieras no los aceptan, ya que solamente te van a solicitar que rellenes un formulario de solicitud, un DNI, cuenta bancaria y justificante de ingresos.<\/p>\n\n\n\n<p>Dentro de los pr\u00e9stamos r\u00e1pidos se encuentra <strong>Cofidis<\/strong>, donde podr\u00e1s disponer de hasta 10.000 \u20ac para financiar lo que quieras, en este caso cualquier tipo de gasto relacionado con los estudios. Podr\u00e1s pagar el pr\u00e9stamo en 4 a\u00f1os, eso s\u00ed, sin periodo de carencia.<\/p>\n\n\n\n<p>Otra entidad que ofrece cr\u00e9ditos r\u00e1pidos para estudios es <strong>BigBank<\/strong>, donde tambi\u00e9n podr\u00e1s conseguir hasta 10.000 \u20ac a devolver en un periodo de hasta 5 a\u00f1os de forma sencilla y sin tener que realizar ning\u00fan tipo de papeleo. Para obtener m\u00e1s informaci\u00f3n sobre c\u00f3mo y d\u00f3nde solicitar pr\u00e9stamos r\u00e1pidos entra en\u00a0<strong>esta p\u00e1gina<\/strong>.<\/p>\n\n\n\n<p>Si los pr\u00e9stamos de estudio no se adaptan a tus necesidades financieras dispones de todo tipo de pr\u00e9stamos personales en <strong>prestamospersonalesnet.com<\/strong>, la web de los pr\u00e9stamos personales adaptados a cada uno.<\/p>\n","protected":false},"excerpt":{"rendered":"<p>Los pr\u00e9stamos para estudios son un producto cada vez m\u00e1s demandado debido a varios motivos, entre los que est\u00e1n la subida de las tasas universitarias y el desempleo. Las entidades financieras han hecho que los pr\u00e9stamos para estudios se hayan ido adaptando al mercado con productos cada vez m\u00e1s especializados, por lo que para conseguir &hellip; <a href=\"https:\/\/www.prestamospersonalesnet.com\/solicita-los-mejores-prestamos-para-estudios\/\" class=\"more-link\">Continue reading <span class=\"screen-reader-text\">Solicita Los Mejores Pr\u00e9stamos Para Estudios<\/span><\/a><\/p>\n","protected":false},"author":1,"featured_media":0,"parent":0,"menu_order":0,"comment_status":"closed","ping_status":"closed","template":"","meta":{"_uag_custom_page_level_css":"","footnotes":""},"class_list":["post-61","page","type-page","status-publish","hentry"],"yoast_head":"<!-- This site is optimized with the Yoast SEO plugin v25.4 - https:\/\/yoast.com\/wordpress\/plugins\/seo\/ -->\n<title>Solicita Los Mejores Pr\u00e9stamos Para Estudios | Pr\u00e9stamos Personales<\/title>\n<meta name=\"description\" content=\"Los pr\u00e9stamos para estudios son cada vez m\u00e1s demandados, por lo que las entidades han lanzado pr\u00e9stamos estudio adaptados para cada una de las necesidades.\" \/>\n<meta name=\"robots\" content=\"index, follow, max-snippet:-1, max-image-preview:large, max-video-preview:-1\" \/>\n<link rel=\"canonical\" href=\"https:\/\/www.prestamospersonalesnet.com\/solicita-los-mejores-prestamos-para-estudios\/\" \/>\n<meta property=\"og:locale\" content=\"en_US\" \/>\n<meta property=\"og:type\" content=\"article\" \/>\n<meta property=\"og:title\" content=\"Solicita Los Mejores Pr\u00e9stamos Para Estudios | Pr\u00e9stamos Personales\" \/>\n<meta property=\"og:description\" content=\"Los pr\u00e9stamos para estudios son cada vez m\u00e1s demandados, por lo que las entidades han lanzado pr\u00e9stamos estudio adaptados para cada una de las necesidades.\" \/>\n<meta property=\"og:url\" content=\"https:\/\/www.prestamospersonalesnet.com\/solicita-los-mejores-prestamos-para-estudios\/\" \/>\n<meta property=\"og:site_name\" content=\"Pr\u00e9stamos Personales\" \/>\n<meta property=\"article:modified_time\" content=\"2025-07-07T17:26:34+00:00\" \/>\n<meta name=\"twitter:card\" content=\"summary_large_image\" \/>\n<meta name=\"twitter:label1\" content=\"Est. reading time\" \/>\n\t<meta name=\"twitter:data1\" content=\"4 minutes\" \/>\n<script type=\"application\/ld+json\" class=\"yoast-schema-graph\">{\"@context\":\"https:\/\/schema.org\",\"@graph\":[{\"@type\":\"WebPage\",\"@id\":\"https:\/\/www.prestamospersonalesnet.com\/solicita-los-mejores-prestamos-para-estudios\/\",\"url\":\"https:\/\/www.prestamospersonalesnet.com\/solicita-los-mejores-prestamos-para-estudios\/\",\"name\":\"Solicita Los Mejores Pr\u00e9stamos Para Estudios | Pr\u00e9stamos Personales\",\"isPartOf\":{\"@id\":\"https:\/\/www.prestamospersonalesnet.com\/#website\"},\"datePublished\":\"2025-07-07T16:00:04+00:00\",\"dateModified\":\"2025-07-07T17:26:34+00:00\",\"description\":\"Los pr\u00e9stamos para estudios son cada vez m\u00e1s demandados, por lo que las entidades han lanzado pr\u00e9stamos estudio adaptados para cada una de las necesidades.\",\"breadcrumb\":{\"@id\":\"https:\/\/www.prestamospersonalesnet.com\/solicita-los-mejores-prestamos-para-estudios\/#breadcrumb\"},\"inLanguage\":\"en-US\",\"potentialAction\":[{\"@type\":\"ReadAction\",\"target\":[\"https:\/\/www.prestamospersonalesnet.com\/solicita-los-mejores-prestamos-para-estudios\/\"]}]},{\"@type\":\"BreadcrumbList\",\"@id\":\"https:\/\/www.prestamospersonalesnet.com\/solicita-los-mejores-prestamos-para-estudios\/#breadcrumb\",\"itemListElement\":[{\"@type\":\"ListItem\",\"position\":1,\"name\":\"Home\",\"item\":\"https:\/\/www.prestamospersonalesnet.com\/\"},{\"@type\":\"ListItem\",\"position\":2,\"name\":\"Solicita Los Mejores Pr\u00e9stamos Para Estudios\"}]},{\"@type\":\"WebSite\",\"@id\":\"https:\/\/www.prestamospersonalesnet.com\/#website\",\"url\":\"https:\/\/www.prestamospersonalesnet.com\/\",\"name\":\"Pr\u00e9stamos Personales\",\"description\":\"Toda la informaci\u00f3n sobre pr\u00e9stamos personales\",\"potentialAction\":[{\"@type\":\"SearchAction\",\"target\":{\"@type\":\"EntryPoint\",\"urlTemplate\":\"https:\/\/www.prestamospersonalesnet.com\/?s={search_term_string}\"},\"query-input\":{\"@type\":\"PropertyValueSpecification\",\"valueRequired\":true,\"valueName\":\"search_term_string\"}}],\"inLanguage\":\"en-US\"}]}<\/script>\n<!-- \/ Yoast SEO plugin. -->","yoast_head_json":{"title":"Solicita Los Mejores Pr\u00e9stamos Para Estudios | Pr\u00e9stamos Personales","description":"Los pr\u00e9stamos para estudios son cada vez m\u00e1s demandados, por lo que las entidades han lanzado pr\u00e9stamos estudio adaptados para cada una de las necesidades.","robots":{"index":"index","follow":"follow","max-snippet":"max-snippet:-1","max-image-preview":"max-image-preview:large","max-video-preview":"max-video-preview:-1"},"canonical":"https:\/\/www.prestamospersonalesnet.com\/solicita-los-mejores-prestamos-para-estudios\/","og_locale":"en_US","og_type":"article","og_title":"Solicita Los Mejores Pr\u00e9stamos Para Estudios | Pr\u00e9stamos Personales","og_description":"Los pr\u00e9stamos para estudios son cada vez m\u00e1s demandados, por lo que las entidades han lanzado pr\u00e9stamos estudio adaptados para cada una de las necesidades.","og_url":"https:\/\/www.prestamospersonalesnet.com\/solicita-los-mejores-prestamos-para-estudios\/","og_site_name":"Pr\u00e9stamos Personales","article_modified_time":"2025-07-07T17:26:34+00:00","twitter_card":"summary_large_image","twitter_misc":{"Est. reading time":"4 minutes"},"schema":{"@context":"https:\/\/schema.org","@graph":[{"@type":"WebPage","@id":"https:\/\/www.prestamospersonalesnet.com\/solicita-los-mejores-prestamos-para-estudios\/","url":"https:\/\/www.prestamospersonalesnet.com\/solicita-los-mejores-prestamos-para-estudios\/","name":"Solicita Los Mejores Pr\u00e9stamos Para Estudios | Pr\u00e9stamos Personales","isPartOf":{"@id":"https:\/\/www.prestamospersonalesnet.com\/#website"},"datePublished":"2025-07-07T16:00:04+00:00","dateModified":"2025-07-07T17:26:34+00:00","description":"Los pr\u00e9stamos para estudios son cada vez m\u00e1s demandados, por lo que las entidades han lanzado pr\u00e9stamos estudio adaptados para cada una de las necesidades.","breadcrumb":{"@id":"https:\/\/www.prestamospersonalesnet.com\/solicita-los-mejores-prestamos-para-estudios\/#breadcrumb"},"inLanguage":"en-US","potentialAction":[{"@type":"ReadAction","target":["https:\/\/www.prestamospersonalesnet.com\/solicita-los-mejores-prestamos-para-estudios\/"]}]},{"@type":"BreadcrumbList","@id":"https:\/\/www.prestamospersonalesnet.com\/solicita-los-mejores-prestamos-para-estudios\/#breadcrumb","itemListElement":[{"@type":"ListItem","position":1,"name":"Home","item":"https:\/\/www.prestamospersonalesnet.com\/"},{"@type":"ListItem","position":2,"name":"Solicita Los Mejores Pr\u00e9stamos Para Estudios"}]},{"@type":"WebSite","@id":"https:\/\/www.prestamospersonalesnet.com\/#website","url":"https:\/\/www.prestamospersonalesnet.com\/","name":"Pr\u00e9stamos Personales","description":"Toda la informaci\u00f3n sobre pr\u00e9stamos personales","potentialAction":[{"@type":"SearchAction","target":{"@type":"EntryPoint","urlTemplate":"https:\/\/www.prestamospersonalesnet.com\/?s={search_term_string}"},"query-input":{"@type":"PropertyValueSpecification","valueRequired":true,"valueName":"search_term_string"}}],"inLanguage":"en-US"}]}},"uagb_featured_image_src":{"full":false,"thumbnail":false,"medium":false,"medium_large":false,"large":false,"1536x1536":false,"2048x2048":false,"post-thumbnail":false},"uagb_author_info":{"display_name":"admin","author_link":"https:\/\/www.prestamospersonalesnet.com\/index.php\/author\/admin\/"},"uagb_comment_info":0,"uagb_excerpt":"Los pr\u00e9stamos para estudios son un producto cada vez m\u00e1s demandado debido a varios motivos, entre los que est\u00e1n la subida de las tasas universitarias y el desempleo. Las entidades financieras han hecho que los pr\u00e9stamos para estudios se hayan ido adaptando al mercado con productos cada vez m\u00e1s especializados, por lo que para conseguir&hellip;","_links":{"self":[{"href":"https:\/\/www.prestamospersonalesnet.com\/index.php\/wp-json\/wp\/v2\/pages\/61","targetHints":{"allow":["GET"]}}],"collection":[{"href":"https:\/\/www.prestamospersonalesnet.com\/index.php\/wp-json\/wp\/v2\/pages"}],"about":[{"href":"https:\/\/www.prestamospersonalesnet.com\/index.php\/wp-json\/wp\/v2\/types\/page"}],"author":[{"embeddable":true,"href":"https:\/\/www.prestamospersonalesnet.com\/index.php\/wp-json\/wp\/v2\/users\/1"}],"replies":[{"embeddable":true,"href":"https:\/\/www.prestamospersonalesnet.com\/index.php\/wp-json\/wp\/v2\/comments?post=61"}],"version-history":[{"count":1,"href":"https:\/\/www.prestamospersonalesnet.com\/index.php\/wp-json\/wp\/v2\/pages\/61\/revisions"}],"predecessor-version":[{"id":62,"href":"https:\/\/www.prestamospersonalesnet.com\/index.php\/wp-json\/wp\/v2\/pages\/61\/revisions\/62"}],"wp:attachment":[{"href":"https:\/\/www.prestamospersonalesnet.com\/index.php\/wp-json\/wp\/v2\/media?parent=61"}],"curies":[{"name":"wp","href":"https:\/\/api.w.org\/{rel}","templated":true}]}}