{"id":63,"date":"2025-07-07T16:02:23","date_gmt":"2025-07-07T16:02:23","guid":{"rendered":"https:\/\/www.prestamospersonalesnet.com\/?page_id=63"},"modified":"2025-07-07T17:24:44","modified_gmt":"2025-07-07T17:24:44","slug":"como-obtener-financiacion-con-tarjetas-de-credito","status":"publish","type":"page","link":"https:\/\/www.prestamospersonalesnet.com\/como-obtener-financiacion-con-tarjetas-de-credito\/","title":{"rendered":"C\u00f3mo Obtener Financiaci\u00f3n Con Tarjetas De Cr\u00e9dito"},"content":{"rendered":"\n<p>Cuando necesitas dinero tienes que saber cuales son las <strong>formas de obtener financiaci\u00f3n<\/strong> para poder compararlas y solicitar la que m\u00e1s se adapta a tus necesidades. En este caso vamos a hablar de las <strong>tarjetas de cr\u00e9dito<\/strong> como una buena manera de obtener financiaci\u00f3n de una forma r\u00e1pida, sencilla y adem\u00e1s con unos <strong>tipos de inter\u00e9s<\/strong> competitivos, aunque peores que los de los <strong>pr\u00e9stamos personales<\/strong>.<\/p>\n\n\n\n<p>Las <strong>tarjetas de cr\u00e9dito<\/strong> son otra soluci\u00f3n m\u00e1s para obtener financiaci\u00f3n de una manera <strong>r\u00e1pida<\/strong>, adem\u00e1s de poder disfrutar de las ventajas que poseen. Es cierto que cuando necesitas una gran cantidad de dinero no es posible obtenerlo a trav\u00e9s de tarjetas de cr\u00e9dito y es necesario <strong>solicitar pr\u00e9stamos personales<\/strong>, pero son una gran soluci\u00f3n cuando necesitas dinero r\u00e1pido.<\/p>\n\n\n\n<p>Es posible <strong>obtener dinero prestado con tarjeta de cr\u00e9dito de 3 formas<\/strong> diferentes. A continuaci\u00f3n te las detallamos:<\/p>\n\n\n\n<p><strong>1. La principal manera de conseguir pr\u00e9stamos con las tarjetas de cr\u00e9dito es realizar compras con ellas<\/strong> y pagarlas a plazos. Con esto conseguir\u00e1s pr\u00e9stamos de la cantidad que te hayas gastado a devolver en varios meses (Dependiendo de la tarjeta). Esta forma es la m\u00e1s conocida y la que utilizan normalmente todas las personas, pero hay otras dos menos conocidas\u2026<\/p>\n\n\n\n<p><strong>2. Otra forma de conseguir pr\u00e9stamos a trav\u00e9s de las tarjetas de cr\u00e9dito es realizar un traspaso de dinero<\/strong> de la tarjeta de cr\u00e9dito a la cuenta bancaria asociada a ella, disponiendo del dinero al instante (O en un plazo muy corto) para todo lo que necesites y pudiendo devolverlo mes a mes al igual que los pr\u00e9stamos personales. Para poder realizar esta operaci\u00f3n es necesario que la tarjeta de cr\u00e9dito disponga de esta opci\u00f3n, por lo que es importante saberlo a la hora de contratarla.<\/p>\n\n\n\n<p><strong>3. Por \u00faltimo, es posible conseguir pr\u00e9stamos a trav\u00e9s de tarjetas de cr\u00e9dito sacando dinero a cr\u00e9dito<\/strong> desde un cajero autom\u00e1tico, de esta manera obtendr\u00e1s la cantidad del cr\u00e9dito de la tarjeta en efectivo al instante. Con ello conseguir\u00e1s pr\u00e9stamos r\u00e1pidos en efectivo. Como en la forma anterior es necesario que las tarjetas de cr\u00e9dito dispongan de esta opci\u00f3n para realizar esta operaci\u00f3n.<\/p>\n\n\n\n<p>Puedes obtener <strong>pr\u00e9stamos personales r\u00e1pidos<\/strong> con las tarjetas de cr\u00e9dito con estas formas que te hemos comentado. Los <strong>intereses y el plazo de devoluci\u00f3n<\/strong> dependen de las tarjetas de cr\u00e9dito, por lo que es muy importante tenerlo en cuenta antes de contratarlas si las vas a utilizar para obtener este tipo de pr\u00e9stamo.<\/p>\n\n\n\n<p>Para <strong>obtener tarjetas de cr\u00e9dito&nbsp;gratuitas<\/strong>, adem\u00e1s de poder solicitarlas de forma online en entidades de toda confianza te recomendamos que entres en esta p\u00e1gina, donde te contamos las entidades que ofrecen tarjetas de cr\u00e9dito gratis al abrir una cuenta bancaria en su entidad. Adem\u00e1s de poder <strong>disponer de dinero a cr\u00e9dito<\/strong>, las tarjetas de cr\u00e9dito tienen otra serie de <strong>ventajas<\/strong> no despreciables, que te explicaremos en otro art\u00edculo, por lo que a la hora de contratarlas deber\u00edas tenerlas en cuenta y saber cuales son para disfrutar de estas ventajas.<br><\/p>\n\n\n\n<p><\/p>\n","protected":false},"excerpt":{"rendered":"<p>Cuando necesitas dinero tienes que saber cuales son las formas de obtener financiaci\u00f3n para poder compararlas y solicitar la que m\u00e1s se adapta a tus necesidades. En este caso vamos a hablar de las tarjetas de cr\u00e9dito como una buena manera de obtener financiaci\u00f3n de una forma r\u00e1pida, sencilla y adem\u00e1s con unos tipos de &hellip; <a href=\"https:\/\/www.prestamospersonalesnet.com\/como-obtener-financiacion-con-tarjetas-de-credito\/\" class=\"more-link\">Continue reading <span class=\"screen-reader-text\">C\u00f3mo Obtener Financiaci\u00f3n Con Tarjetas De Cr\u00e9dito<\/span><\/a><\/p>\n","protected":false},"author":1,"featured_media":0,"parent":0,"menu_order":0,"comment_status":"closed","ping_status":"closed","template":"","meta":{"_uag_custom_page_level_css":"","footnotes":""},"class_list":["post-63","page","type-page","status-publish","hentry"],"yoast_head":"<!-- This site is optimized with the Yoast SEO plugin v25.4 - https:\/\/yoast.com\/wordpress\/plugins\/seo\/ -->\n<title>C\u00f3mo Obtener Financiaci\u00f3n Con Tarjetas De Cr\u00e9dito | Pr\u00e9stamos Personales<\/title>\n<meta name=\"description\" content=\"Aprende a obtener financiaci\u00f3n con tarjetas de cr\u00e9dito en lugar de solicitar pr\u00e9stamos personales y obt\u00e9n dinero al instante. Entra y enterate c\u00f3mo hacerlo.\" \/>\n<meta name=\"robots\" content=\"index, follow, max-snippet:-1, max-image-preview:large, max-video-preview:-1\" \/>\n<link rel=\"canonical\" href=\"https:\/\/www.prestamospersonalesnet.com\/como-obtener-financiacion-con-tarjetas-de-credito\/\" \/>\n<meta property=\"og:locale\" content=\"en_US\" \/>\n<meta property=\"og:type\" content=\"article\" \/>\n<meta property=\"og:title\" content=\"C\u00f3mo Obtener Financiaci\u00f3n Con Tarjetas De Cr\u00e9dito | Pr\u00e9stamos Personales\" \/>\n<meta property=\"og:description\" content=\"Aprende a obtener financiaci\u00f3n con tarjetas de cr\u00e9dito en lugar de solicitar pr\u00e9stamos personales y obt\u00e9n dinero al instante. Entra y enterate c\u00f3mo hacerlo.\" \/>\n<meta property=\"og:url\" content=\"https:\/\/www.prestamospersonalesnet.com\/como-obtener-financiacion-con-tarjetas-de-credito\/\" \/>\n<meta property=\"og:site_name\" content=\"Pr\u00e9stamos Personales\" \/>\n<meta property=\"article:modified_time\" content=\"2025-07-07T17:24:44+00:00\" \/>\n<meta name=\"twitter:card\" content=\"summary_large_image\" \/>\n<meta name=\"twitter:label1\" content=\"Est. reading time\" \/>\n\t<meta name=\"twitter:data1\" content=\"3 minutes\" \/>\n<script type=\"application\/ld+json\" class=\"yoast-schema-graph\">{\"@context\":\"https:\/\/schema.org\",\"@graph\":[{\"@type\":\"WebPage\",\"@id\":\"https:\/\/www.prestamospersonalesnet.com\/como-obtener-financiacion-con-tarjetas-de-credito\/\",\"url\":\"https:\/\/www.prestamospersonalesnet.com\/como-obtener-financiacion-con-tarjetas-de-credito\/\",\"name\":\"C\u00f3mo Obtener Financiaci\u00f3n Con Tarjetas De Cr\u00e9dito | Pr\u00e9stamos Personales\",\"isPartOf\":{\"@id\":\"https:\/\/www.prestamospersonalesnet.com\/#website\"},\"datePublished\":\"2025-07-07T16:02:23+00:00\",\"dateModified\":\"2025-07-07T17:24:44+00:00\",\"description\":\"Aprende a obtener financiaci\u00f3n con tarjetas de cr\u00e9dito en lugar de solicitar pr\u00e9stamos personales y obt\u00e9n dinero al instante. Entra y enterate c\u00f3mo hacerlo.\",\"breadcrumb\":{\"@id\":\"https:\/\/www.prestamospersonalesnet.com\/como-obtener-financiacion-con-tarjetas-de-credito\/#breadcrumb\"},\"inLanguage\":\"en-US\",\"potentialAction\":[{\"@type\":\"ReadAction\",\"target\":[\"https:\/\/www.prestamospersonalesnet.com\/como-obtener-financiacion-con-tarjetas-de-credito\/\"]}]},{\"@type\":\"BreadcrumbList\",\"@id\":\"https:\/\/www.prestamospersonalesnet.com\/como-obtener-financiacion-con-tarjetas-de-credito\/#breadcrumb\",\"itemListElement\":[{\"@type\":\"ListItem\",\"position\":1,\"name\":\"Home\",\"item\":\"https:\/\/www.prestamospersonalesnet.com\/\"},{\"@type\":\"ListItem\",\"position\":2,\"name\":\"C\u00f3mo Obtener Financiaci\u00f3n Con Tarjetas De Cr\u00e9dito\"}]},{\"@type\":\"WebSite\",\"@id\":\"https:\/\/www.prestamospersonalesnet.com\/#website\",\"url\":\"https:\/\/www.prestamospersonalesnet.com\/\",\"name\":\"Pr\u00e9stamos Personales\",\"description\":\"Toda la informaci\u00f3n sobre pr\u00e9stamos personales\",\"potentialAction\":[{\"@type\":\"SearchAction\",\"target\":{\"@type\":\"EntryPoint\",\"urlTemplate\":\"https:\/\/www.prestamospersonalesnet.com\/?s={search_term_string}\"},\"query-input\":{\"@type\":\"PropertyValueSpecification\",\"valueRequired\":true,\"valueName\":\"search_term_string\"}}],\"inLanguage\":\"en-US\"}]}<\/script>\n<!-- \/ Yoast SEO plugin. -->","yoast_head_json":{"title":"C\u00f3mo Obtener Financiaci\u00f3n Con Tarjetas De Cr\u00e9dito | Pr\u00e9stamos Personales","description":"Aprende a obtener financiaci\u00f3n con tarjetas de cr\u00e9dito en lugar de solicitar pr\u00e9stamos personales y obt\u00e9n dinero al instante. Entra y enterate c\u00f3mo hacerlo.","robots":{"index":"index","follow":"follow","max-snippet":"max-snippet:-1","max-image-preview":"max-image-preview:large","max-video-preview":"max-video-preview:-1"},"canonical":"https:\/\/www.prestamospersonalesnet.com\/como-obtener-financiacion-con-tarjetas-de-credito\/","og_locale":"en_US","og_type":"article","og_title":"C\u00f3mo Obtener Financiaci\u00f3n Con Tarjetas De Cr\u00e9dito | Pr\u00e9stamos Personales","og_description":"Aprende a obtener financiaci\u00f3n con tarjetas de cr\u00e9dito en lugar de solicitar pr\u00e9stamos personales y obt\u00e9n dinero al instante. Entra y enterate c\u00f3mo hacerlo.","og_url":"https:\/\/www.prestamospersonalesnet.com\/como-obtener-financiacion-con-tarjetas-de-credito\/","og_site_name":"Pr\u00e9stamos Personales","article_modified_time":"2025-07-07T17:24:44+00:00","twitter_card":"summary_large_image","twitter_misc":{"Est. reading time":"3 minutes"},"schema":{"@context":"https:\/\/schema.org","@graph":[{"@type":"WebPage","@id":"https:\/\/www.prestamospersonalesnet.com\/como-obtener-financiacion-con-tarjetas-de-credito\/","url":"https:\/\/www.prestamospersonalesnet.com\/como-obtener-financiacion-con-tarjetas-de-credito\/","name":"C\u00f3mo Obtener Financiaci\u00f3n Con Tarjetas De Cr\u00e9dito | Pr\u00e9stamos Personales","isPartOf":{"@id":"https:\/\/www.prestamospersonalesnet.com\/#website"},"datePublished":"2025-07-07T16:02:23+00:00","dateModified":"2025-07-07T17:24:44+00:00","description":"Aprende a obtener financiaci\u00f3n con tarjetas de cr\u00e9dito en lugar de solicitar pr\u00e9stamos personales y obt\u00e9n dinero al instante. Entra y enterate c\u00f3mo hacerlo.","breadcrumb":{"@id":"https:\/\/www.prestamospersonalesnet.com\/como-obtener-financiacion-con-tarjetas-de-credito\/#breadcrumb"},"inLanguage":"en-US","potentialAction":[{"@type":"ReadAction","target":["https:\/\/www.prestamospersonalesnet.com\/como-obtener-financiacion-con-tarjetas-de-credito\/"]}]},{"@type":"BreadcrumbList","@id":"https:\/\/www.prestamospersonalesnet.com\/como-obtener-financiacion-con-tarjetas-de-credito\/#breadcrumb","itemListElement":[{"@type":"ListItem","position":1,"name":"Home","item":"https:\/\/www.prestamospersonalesnet.com\/"},{"@type":"ListItem","position":2,"name":"C\u00f3mo Obtener Financiaci\u00f3n Con Tarjetas De Cr\u00e9dito"}]},{"@type":"WebSite","@id":"https:\/\/www.prestamospersonalesnet.com\/#website","url":"https:\/\/www.prestamospersonalesnet.com\/","name":"Pr\u00e9stamos Personales","description":"Toda la informaci\u00f3n sobre pr\u00e9stamos personales","potentialAction":[{"@type":"SearchAction","target":{"@type":"EntryPoint","urlTemplate":"https:\/\/www.prestamospersonalesnet.com\/?s={search_term_string}"},"query-input":{"@type":"PropertyValueSpecification","valueRequired":true,"valueName":"search_term_string"}}],"inLanguage":"en-US"}]}},"uagb_featured_image_src":{"full":false,"thumbnail":false,"medium":false,"medium_large":false,"large":false,"1536x1536":false,"2048x2048":false,"post-thumbnail":false},"uagb_author_info":{"display_name":"admin","author_link":"https:\/\/www.prestamospersonalesnet.com\/index.php\/author\/admin\/"},"uagb_comment_info":0,"uagb_excerpt":"Cuando necesitas dinero tienes que saber cuales son las formas de obtener financiaci\u00f3n para poder compararlas y solicitar la que m\u00e1s se adapta a tus necesidades. En este caso vamos a hablar de las tarjetas de cr\u00e9dito como una buena manera de obtener financiaci\u00f3n de una forma r\u00e1pida, sencilla y adem\u00e1s con unos tipos de&hellip;","_links":{"self":[{"href":"https:\/\/www.prestamospersonalesnet.com\/index.php\/wp-json\/wp\/v2\/pages\/63","targetHints":{"allow":["GET"]}}],"collection":[{"href":"https:\/\/www.prestamospersonalesnet.com\/index.php\/wp-json\/wp\/v2\/pages"}],"about":[{"href":"https:\/\/www.prestamospersonalesnet.com\/index.php\/wp-json\/wp\/v2\/types\/page"}],"author":[{"embeddable":true,"href":"https:\/\/www.prestamospersonalesnet.com\/index.php\/wp-json\/wp\/v2\/users\/1"}],"replies":[{"embeddable":true,"href":"https:\/\/www.prestamospersonalesnet.com\/index.php\/wp-json\/wp\/v2\/comments?post=63"}],"version-history":[{"count":1,"href":"https:\/\/www.prestamospersonalesnet.com\/index.php\/wp-json\/wp\/v2\/pages\/63\/revisions"}],"predecessor-version":[{"id":64,"href":"https:\/\/www.prestamospersonalesnet.com\/index.php\/wp-json\/wp\/v2\/pages\/63\/revisions\/64"}],"wp:attachment":[{"href":"https:\/\/www.prestamospersonalesnet.com\/index.php\/wp-json\/wp\/v2\/media?parent=63"}],"curies":[{"name":"wp","href":"https:\/\/api.w.org\/{rel}","templated":true}]}}