{"id":65,"date":"2025-07-07T16:04:39","date_gmt":"2025-07-07T16:04:39","guid":{"rendered":"https:\/\/www.prestamospersonalesnet.com\/?page_id=65"},"modified":"2025-07-07T17:24:49","modified_gmt":"2025-07-07T17:24:49","slug":"conseguir-los-mejores-prestamos-personales","status":"publish","type":"page","link":"https:\/\/www.prestamospersonalesnet.com\/conseguir-los-mejores-prestamos-personales\/","title":{"rendered":"Conseguir Los Mejores Pr\u00e9stamos Personales"},"content":{"rendered":"\n<p>El contexto econ\u00f3mico actual ha disparado la necesidad de muchas personas de solicitar <strong>prestamos personales<\/strong> para realizar compras o simplemente llegar a fin de mes. Con el aumento de esta necesidad hay que tener extremo cuidado a la hora de solicitar pr\u00e9stamos personales para <strong>conseguir las mejores condiciones<\/strong> posibles.<\/p>\n\n\n\n<p>Entre las condiciones a la hora de solicitar pr\u00e9stamos personales, las m\u00e1s importantes y que van a determinar lo que vamos a pagar son el <strong>tipo de inter\u00e9s<\/strong> que nos van a aplicar y las <strong>comisiones<\/strong> que hay que pagar si las hay, adem\u00e1s del <strong>plazo de devoluci\u00f3n<\/strong>.<\/p>\n\n\n\n<p>Para conseguir <strong>los mejores pr\u00e9stamos personales<\/strong>, os vamos a dar una serie de pasos a realizar y&nbsp;<strong>consejos<\/strong>&nbsp;a tener en cuenta a la hora de solicitarlos y con los que vas a obtener el mejor pr\u00e9stamo personal posible:<\/p>\n\n\n\n<p><strong>1.<\/strong> <strong>Determinar la urgencia con la que necesitas el dinero<\/strong>. \u00c9sto es muy importante a la hora de solicitar pr\u00e9stamos personales ya que existen productos adecuados para las necesidades urgentes que son los cr\u00e9ditos r\u00e1pidos y los minicr\u00e9ditos. Para obtener m\u00e1s informaci\u00f3n de los cr\u00e9ditos r\u00e1pidos y los minicr\u00e9ditos entra aqu\u00ed.<\/p>\n\n\n\n<p><strong>2.<\/strong> <strong>Determinar que tipo de pr\u00e9stamo necesitas<\/strong>, te permitir\u00e1 acceder al tipo de pr\u00e9stamo que m\u00e1s se acerca a tus necesidades. Para saber el tipo de pr\u00e9stamo que necesitas es necesario tener en cuenta factores como la urgencia, la cantidad de dinero que vas a pedir prestado o el plazo de devoluci\u00f3n, adem\u00e1s de la utilidad que le vas a dar al dinero prestado.<\/p>\n\n\n\n<p><strong>3.<\/strong> <strong>Buscar entidades de cr\u00e9dito<\/strong> que ofrecen el tipo de pr\u00e9stamo que necesitas. Vas a encontrar una gran cantidad de entidades de cr\u00e9dito que te van a ofrecer el tipo de pr\u00e9stamo que necesitas con unas condiciones diferentes.<\/p>\n\n\n\n<p><strong>4.<\/strong> <strong>Comparar los diferentes pr\u00e9stamos personales&nbsp;<\/strong>que te ofrecen cada entidad de cr\u00e9dito y elige la que mejores condiciones te ofrece. Ya sabes que hay que&nbsp;prestar&nbsp;especial atenci\u00f3n a los tipos de inter\u00e9s que te ofrecen, pero tambi\u00e9n hay que tener en cuenta las comisiones que te pueden hacer pagar. En cuanto a las comisiones hay que evitar en la medida de lo posible la comisi\u00f3n de estudio, ya que en el caso de que te denieguen&nbsp;el pr\u00e9stamo personal no tengas que pagar nada.<\/p>\n\n\n\n<p><strong>5.<\/strong> <strong>Realizar una simulaci\u00f3n del pr\u00e9stamo<\/strong> revisando el cuadro de amortizaci\u00f3n para estar seguro de cuanto vas a pagar cada mes y adem\u00e1s&nbsp;aseg\u00farate&nbsp;de que vas a poder pagarlo.<\/p>\n\n\n\n<p>Una vez realizados todos los pasos solicita el pr\u00e9stamo personal y espera a que la entidad financiera <strong>acepte la solicitud<\/strong>.<\/p>\n\n\n\n<p>Por \u00faltimo te recordamos que la <strong>cuota mensual del pr\u00e9stamo personal<\/strong> m\u00e1s las cuotas mensuales de otros pr\u00e9stamos que tengas no deben superar el 40 % de los ingresos mensuales, ya que de otro modo es posible que te lo denieguen. Si este es tu caso y necesitas dinero urgentemente te recomendamos que solicites <strong>cr\u00e9ditos r\u00e1pidos<\/strong> o intentes financiarte a trav\u00e9s de <strong>tarjetas de cr\u00e9dito<\/strong>. Busca c\u00f3mo hacerlo en los art\u00edculos de esta web.<\/p>\n","protected":false},"excerpt":{"rendered":"<p>El contexto econ\u00f3mico actual ha disparado la necesidad de muchas personas de solicitar prestamos personales para realizar compras o simplemente llegar a fin de mes. Con el aumento de esta necesidad hay que tener extremo cuidado a la hora de solicitar pr\u00e9stamos personales para conseguir las mejores condiciones posibles. Entre las condiciones a la hora &hellip; <a href=\"https:\/\/www.prestamospersonalesnet.com\/conseguir-los-mejores-prestamos-personales\/\" class=\"more-link\">Continue reading <span class=\"screen-reader-text\">Conseguir Los Mejores Pr\u00e9stamos Personales<\/span><\/a><\/p>\n","protected":false},"author":1,"featured_media":0,"parent":0,"menu_order":0,"comment_status":"closed","ping_status":"closed","template":"","meta":{"_uag_custom_page_level_css":"","footnotes":""},"class_list":["post-65","page","type-page","status-publish","hentry"],"yoast_head":"<!-- This site is optimized with the Yoast SEO plugin v25.4 - https:\/\/yoast.com\/wordpress\/plugins\/seo\/ -->\n<title>Conseguir Los Mejores Pr\u00e9stamos Personales | Pr\u00e9stamos Personales<\/title>\n<meta name=\"description\" content=\"Te explicamos como conseguir los mejores pr\u00e9stamos personales y donde solicitarlos. Entra para ver que hay que tener en cuenta para solicitar un cr\u00e9dito.\" \/>\n<meta name=\"robots\" content=\"index, follow, max-snippet:-1, max-image-preview:large, max-video-preview:-1\" \/>\n<link rel=\"canonical\" href=\"https:\/\/www.prestamospersonalesnet.com\/conseguir-los-mejores-prestamos-personales\/\" \/>\n<meta property=\"og:locale\" content=\"en_US\" \/>\n<meta property=\"og:type\" content=\"article\" \/>\n<meta property=\"og:title\" content=\"Conseguir Los Mejores Pr\u00e9stamos Personales | Pr\u00e9stamos Personales\" \/>\n<meta property=\"og:description\" content=\"Te explicamos como conseguir los mejores pr\u00e9stamos personales y donde solicitarlos. Entra para ver que hay que tener en cuenta para solicitar un cr\u00e9dito.\" \/>\n<meta property=\"og:url\" content=\"https:\/\/www.prestamospersonalesnet.com\/conseguir-los-mejores-prestamos-personales\/\" \/>\n<meta property=\"og:site_name\" content=\"Pr\u00e9stamos Personales\" \/>\n<meta property=\"article:modified_time\" content=\"2025-07-07T17:24:49+00:00\" \/>\n<meta name=\"twitter:card\" content=\"summary_large_image\" \/>\n<meta name=\"twitter:label1\" content=\"Est. reading time\" \/>\n\t<meta name=\"twitter:data1\" content=\"3 minutes\" \/>\n<script type=\"application\/ld+json\" class=\"yoast-schema-graph\">{\"@context\":\"https:\/\/schema.org\",\"@graph\":[{\"@type\":\"WebPage\",\"@id\":\"https:\/\/www.prestamospersonalesnet.com\/conseguir-los-mejores-prestamos-personales\/\",\"url\":\"https:\/\/www.prestamospersonalesnet.com\/conseguir-los-mejores-prestamos-personales\/\",\"name\":\"Conseguir Los Mejores Pr\u00e9stamos Personales | Pr\u00e9stamos Personales\",\"isPartOf\":{\"@id\":\"https:\/\/www.prestamospersonalesnet.com\/#website\"},\"datePublished\":\"2025-07-07T16:04:39+00:00\",\"dateModified\":\"2025-07-07T17:24:49+00:00\",\"description\":\"Te explicamos como conseguir los mejores pr\u00e9stamos personales y donde solicitarlos. Entra para ver que hay que tener en cuenta para solicitar un cr\u00e9dito.\",\"breadcrumb\":{\"@id\":\"https:\/\/www.prestamospersonalesnet.com\/conseguir-los-mejores-prestamos-personales\/#breadcrumb\"},\"inLanguage\":\"en-US\",\"potentialAction\":[{\"@type\":\"ReadAction\",\"target\":[\"https:\/\/www.prestamospersonalesnet.com\/conseguir-los-mejores-prestamos-personales\/\"]}]},{\"@type\":\"BreadcrumbList\",\"@id\":\"https:\/\/www.prestamospersonalesnet.com\/conseguir-los-mejores-prestamos-personales\/#breadcrumb\",\"itemListElement\":[{\"@type\":\"ListItem\",\"position\":1,\"name\":\"Home\",\"item\":\"https:\/\/www.prestamospersonalesnet.com\/\"},{\"@type\":\"ListItem\",\"position\":2,\"name\":\"Conseguir Los Mejores Pr\u00e9stamos Personales\"}]},{\"@type\":\"WebSite\",\"@id\":\"https:\/\/www.prestamospersonalesnet.com\/#website\",\"url\":\"https:\/\/www.prestamospersonalesnet.com\/\",\"name\":\"Pr\u00e9stamos Personales\",\"description\":\"Toda la informaci\u00f3n sobre pr\u00e9stamos personales\",\"potentialAction\":[{\"@type\":\"SearchAction\",\"target\":{\"@type\":\"EntryPoint\",\"urlTemplate\":\"https:\/\/www.prestamospersonalesnet.com\/?s={search_term_string}\"},\"query-input\":{\"@type\":\"PropertyValueSpecification\",\"valueRequired\":true,\"valueName\":\"search_term_string\"}}],\"inLanguage\":\"en-US\"}]}<\/script>\n<!-- \/ Yoast SEO plugin. -->","yoast_head_json":{"title":"Conseguir Los Mejores Pr\u00e9stamos Personales | Pr\u00e9stamos Personales","description":"Te explicamos como conseguir los mejores pr\u00e9stamos personales y donde solicitarlos. Entra para ver que hay que tener en cuenta para solicitar un cr\u00e9dito.","robots":{"index":"index","follow":"follow","max-snippet":"max-snippet:-1","max-image-preview":"max-image-preview:large","max-video-preview":"max-video-preview:-1"},"canonical":"https:\/\/www.prestamospersonalesnet.com\/conseguir-los-mejores-prestamos-personales\/","og_locale":"en_US","og_type":"article","og_title":"Conseguir Los Mejores Pr\u00e9stamos Personales | Pr\u00e9stamos Personales","og_description":"Te explicamos como conseguir los mejores pr\u00e9stamos personales y donde solicitarlos. Entra para ver que hay que tener en cuenta para solicitar un cr\u00e9dito.","og_url":"https:\/\/www.prestamospersonalesnet.com\/conseguir-los-mejores-prestamos-personales\/","og_site_name":"Pr\u00e9stamos Personales","article_modified_time":"2025-07-07T17:24:49+00:00","twitter_card":"summary_large_image","twitter_misc":{"Est. reading time":"3 minutes"},"schema":{"@context":"https:\/\/schema.org","@graph":[{"@type":"WebPage","@id":"https:\/\/www.prestamospersonalesnet.com\/conseguir-los-mejores-prestamos-personales\/","url":"https:\/\/www.prestamospersonalesnet.com\/conseguir-los-mejores-prestamos-personales\/","name":"Conseguir Los Mejores Pr\u00e9stamos Personales | Pr\u00e9stamos Personales","isPartOf":{"@id":"https:\/\/www.prestamospersonalesnet.com\/#website"},"datePublished":"2025-07-07T16:04:39+00:00","dateModified":"2025-07-07T17:24:49+00:00","description":"Te explicamos como conseguir los mejores pr\u00e9stamos personales y donde solicitarlos. Entra para ver que hay que tener en cuenta para solicitar un cr\u00e9dito.","breadcrumb":{"@id":"https:\/\/www.prestamospersonalesnet.com\/conseguir-los-mejores-prestamos-personales\/#breadcrumb"},"inLanguage":"en-US","potentialAction":[{"@type":"ReadAction","target":["https:\/\/www.prestamospersonalesnet.com\/conseguir-los-mejores-prestamos-personales\/"]}]},{"@type":"BreadcrumbList","@id":"https:\/\/www.prestamospersonalesnet.com\/conseguir-los-mejores-prestamos-personales\/#breadcrumb","itemListElement":[{"@type":"ListItem","position":1,"name":"Home","item":"https:\/\/www.prestamospersonalesnet.com\/"},{"@type":"ListItem","position":2,"name":"Conseguir Los Mejores Pr\u00e9stamos Personales"}]},{"@type":"WebSite","@id":"https:\/\/www.prestamospersonalesnet.com\/#website","url":"https:\/\/www.prestamospersonalesnet.com\/","name":"Pr\u00e9stamos Personales","description":"Toda la informaci\u00f3n sobre pr\u00e9stamos personales","potentialAction":[{"@type":"SearchAction","target":{"@type":"EntryPoint","urlTemplate":"https:\/\/www.prestamospersonalesnet.com\/?s={search_term_string}"},"query-input":{"@type":"PropertyValueSpecification","valueRequired":true,"valueName":"search_term_string"}}],"inLanguage":"en-US"}]}},"uagb_featured_image_src":{"full":false,"thumbnail":false,"medium":false,"medium_large":false,"large":false,"1536x1536":false,"2048x2048":false,"post-thumbnail":false},"uagb_author_info":{"display_name":"admin","author_link":"https:\/\/www.prestamospersonalesnet.com\/index.php\/author\/admin\/"},"uagb_comment_info":0,"uagb_excerpt":"El contexto econ\u00f3mico actual ha disparado la necesidad de muchas personas de solicitar prestamos personales para realizar compras o simplemente llegar a fin de mes. Con el aumento de esta necesidad hay que tener extremo cuidado a la hora de solicitar pr\u00e9stamos personales para conseguir las mejores condiciones posibles. Entre las condiciones a la hora&hellip;","_links":{"self":[{"href":"https:\/\/www.prestamospersonalesnet.com\/index.php\/wp-json\/wp\/v2\/pages\/65","targetHints":{"allow":["GET"]}}],"collection":[{"href":"https:\/\/www.prestamospersonalesnet.com\/index.php\/wp-json\/wp\/v2\/pages"}],"about":[{"href":"https:\/\/www.prestamospersonalesnet.com\/index.php\/wp-json\/wp\/v2\/types\/page"}],"author":[{"embeddable":true,"href":"https:\/\/www.prestamospersonalesnet.com\/index.php\/wp-json\/wp\/v2\/users\/1"}],"replies":[{"embeddable":true,"href":"https:\/\/www.prestamospersonalesnet.com\/index.php\/wp-json\/wp\/v2\/comments?post=65"}],"version-history":[{"count":1,"href":"https:\/\/www.prestamospersonalesnet.com\/index.php\/wp-json\/wp\/v2\/pages\/65\/revisions"}],"predecessor-version":[{"id":66,"href":"https:\/\/www.prestamospersonalesnet.com\/index.php\/wp-json\/wp\/v2\/pages\/65\/revisions\/66"}],"wp:attachment":[{"href":"https:\/\/www.prestamospersonalesnet.com\/index.php\/wp-json\/wp\/v2\/media?parent=65"}],"curies":[{"name":"wp","href":"https:\/\/api.w.org\/{rel}","templated":true}]}}