{"id":71,"date":"2025-07-07T16:23:59","date_gmt":"2025-07-07T16:23:59","guid":{"rendered":"https:\/\/www.prestamospersonalesnet.com\/?page_id=71"},"modified":"2025-07-07T17:25:48","modified_gmt":"2025-07-07T17:25:48","slug":"prestamos-personales-urgentes-y-minicreditos-rapidos-en-prestamo10","status":"publish","type":"page","link":"https:\/\/www.prestamospersonalesnet.com\/prestamos-personales-urgentes-y-minicreditos-rapidos-en-prestamo10\/","title":{"rendered":"Pr\u00e9stamos Personales Urgentes Y Minicr\u00e9ditos R\u00e1pidos En Prestamo10"},"content":{"rendered":"<div class=\"wp-block-image\">\n<figure class=\"alignleft size-full\"><img loading=\"lazy\" decoding=\"async\" width=\"150\" height=\"150\" src=\"https:\/\/www.prestamospersonalesnet.com\/wp-content\/uploads\/2025\/07\/creditos-rapidos-prestamo10-150x150-2.jpg\" alt=\"prestamospersonalesnet\" class=\"wp-image-72\"\/><\/figure>\n<\/div>\n\n\n<p><strong>Prestamo10<\/strong> es una compa\u00f1\u00eda perteneciente al grupo P10 Finance especialista en <strong>pr\u00e9stamos personales urgentes<\/strong>. Ofrece minicr\u00e9ditos r\u00e1pidos online<strong> hasta 600 \u20ac<\/strong> a devolver en un <strong>plazo m\u00e1ximo de 30 d\u00edas<\/strong> de forma sencilla y r\u00e1pida, ya que podr\u00e1s tener una respuesta a tu solicitud en un plazo de 10 minutos. Este l\u00edmite es de 300 \u20ac si es la primera vez que solicitas un <strong>minicr\u00e9dito<\/strong> con ellos.<\/p>\n\n\n\n<p>Para <strong>solicitar pr\u00e9stamos personales urgentes<\/strong> en Prestamo10 no vas a necesitar n\u00f3mina ni aval y lo podr\u00e1s realizar online de forma inmediata a trav\u00e9s de su <strong>formulario de solicitud<\/strong>. Tendr\u00e1s una respuesta en 10 minutos y podr\u00e1s tener el dinero en tu cuenta bancaria de forma inmediata.<\/p>\n\n\n\n<h3 class=\"wp-block-heading\"><strong>\u00bfC\u00f3mo solicitar minicr\u00e9ditos r\u00e1pidos y pr\u00e9stamos personales urgentes en Prestamo10?<\/strong><\/h3>\n\n\n\n<p>Para solicitar un pr\u00e9stamo personal urgente en Prestamo10 tan solo tienes que <strong>acceder a su formulario de solicitud<\/strong> e indicar la cantidad a solicitar y el plazo de devoluci\u00f3n. Posteriormente tendr\u00e1s que rellenar tus datos personales y enviarles una copia de tu DNI o NIE y un recibo bancario a tu nombre o una factura donde aparezcan tus datos para comprobar tu n\u00famero de cuenta. En el <strong>plazo de 10 minutos<\/strong> se pondr\u00e1n en contacto contigo para formalizar el minicr\u00e9dito.<\/p>\n\n\n\n<h3 class=\"wp-block-heading\"><strong>\u00bfQu\u00e9 requisitos hay que cumplir para solicitarlos?<\/strong><\/h3>\n\n\n\n<p>Para <strong>solicitar pr\u00e9stamos personales urgentes<\/strong> en Prestamo10 tienes que tener entre 21 y 65 a\u00f1os, tener un <strong>DNI o NIE<\/strong> en vigor en este momento, una cuenta bancaria en una entidad bancaria espa\u00f1ola y no estar en ning\u00fan listado de morosos. Por \u00faltimo vas a necesitar un <strong>tel\u00e9fono m\u00f3vil<\/strong>, ya que lo utilizar\u00e1n para ponerse en contacto contigo.<\/p>\n\n\n\n<h3 class=\"wp-block-heading\"><strong>Ventajas y particuliaridades de sus pr\u00e9stamos personales<\/strong><\/h3>\n\n\n\n<p>La principal ventaja de los pr\u00e9stamos personales urgentes de Prestamo10 es la <strong>rapidez<\/strong>, ya que podr\u00e1s disponer del dinero en tu cuenta bancaria en 10 minutos. Adem\u00e1s la solicitud de sus pr\u00e9stamos es muy <strong>sencilla y puede realizarse de forma totalmente online<\/strong>, simplemente rellenando un formulario en su p\u00e1gina web y enviando una copia de tu DNI\/NIE y tu cuenta bancaria. Podr\u00e1s recibir tu pr\u00e9stamo a trav\u00e9s de transferencia bancaria o en efectivo a trav\u00e9s de <strong>Hal-Cash<\/strong> en cualquier entidad bancaria adherida a este servicio.<\/p>\n\n\n\n<p>Otra de las ventajas de sus minicr\u00e9ditos es que <strong>no necesitas n\u00f3mina ni aval<\/strong> para solicitarlos, por lo que son ideales para urgencias o momentos que no puedes justificar tus ingresos a trav\u00e9s de una n\u00f3mina y no posees un avalista.<\/p>\n\n\n\n<p>Por \u00faltimo hay que comentar que no es posible solicitar m\u00e1s de un cr\u00e9dito a la vez, por lo que tendr\u00e1s que pagar uno antes de poder solicitar otro. Para <strong>devolver el pr\u00e9stamo<\/strong> tan s\u00f3lo tienes que realizar una transferencia o un ingreso en efectivo a una de sus cuentas bancarias.<\/p>\n","protected":false},"excerpt":{"rendered":"<p>Prestamo10 es una compa\u00f1\u00eda perteneciente al grupo P10 Finance especialista en pr\u00e9stamos personales urgentes. Ofrece minicr\u00e9ditos r\u00e1pidos online hasta 600 \u20ac a devolver en un plazo m\u00e1ximo de 30 d\u00edas de forma sencilla y r\u00e1pida, ya que podr\u00e1s tener una respuesta a tu solicitud en un plazo de 10 minutos. Este l\u00edmite es de 300 &hellip; <a href=\"https:\/\/www.prestamospersonalesnet.com\/prestamos-personales-urgentes-y-minicreditos-rapidos-en-prestamo10\/\" class=\"more-link\">Continue reading <span class=\"screen-reader-text\">Pr\u00e9stamos Personales Urgentes Y Minicr\u00e9ditos R\u00e1pidos En Prestamo10<\/span><\/a><\/p>\n","protected":false},"author":1,"featured_media":0,"parent":0,"menu_order":0,"comment_status":"closed","ping_status":"closed","template":"","meta":{"_uag_custom_page_level_css":"","footnotes":""},"class_list":["post-71","page","type-page","status-publish","hentry"],"yoast_head":"<!-- This site is optimized with the Yoast SEO plugin v25.4 - https:\/\/yoast.com\/wordpress\/plugins\/seo\/ -->\n<title>Pr\u00e9stamos Personales Urgentes Y Minicr\u00e9ditos R\u00e1pidos En Prestamo10 | Pr\u00e9stamos Personales<\/title>\n<meta name=\"description\" content=\"Solicita pr\u00e9stamos personales urgentes y minicr\u00e9ditos r\u00e1pidos online en Prestamo10. Entra para ver todas las caracter\u00edsticas y condiciones de sus pr\u00e9stamos.\" \/>\n<meta name=\"robots\" content=\"index, follow, max-snippet:-1, max-image-preview:large, max-video-preview:-1\" \/>\n<link rel=\"canonical\" href=\"https:\/\/www.prestamospersonalesnet.com\/prestamos-personales-urgentes-y-minicreditos-rapidos-en-prestamo10\/\" \/>\n<meta property=\"og:locale\" content=\"en_US\" \/>\n<meta property=\"og:type\" content=\"article\" \/>\n<meta property=\"og:title\" content=\"Pr\u00e9stamos Personales Urgentes Y Minicr\u00e9ditos R\u00e1pidos En Prestamo10 | Pr\u00e9stamos Personales\" \/>\n<meta property=\"og:description\" content=\"Solicita pr\u00e9stamos personales urgentes y minicr\u00e9ditos r\u00e1pidos online en Prestamo10. Entra para ver todas las caracter\u00edsticas y condiciones de sus pr\u00e9stamos.\" \/>\n<meta property=\"og:url\" content=\"https:\/\/www.prestamospersonalesnet.com\/prestamos-personales-urgentes-y-minicreditos-rapidos-en-prestamo10\/\" \/>\n<meta property=\"og:site_name\" content=\"Pr\u00e9stamos Personales\" \/>\n<meta property=\"article:modified_time\" content=\"2025-07-07T17:25:48+00:00\" \/>\n<meta property=\"og:image\" content=\"https:\/\/www.prestamospersonalesnet.com\/wp-content\/uploads\/2025\/07\/creditos-rapidos-prestamo10-150x150-2.jpg\" \/>\n<meta name=\"twitter:card\" content=\"summary_large_image\" \/>\n<meta name=\"twitter:label1\" content=\"Est. reading time\" \/>\n\t<meta name=\"twitter:data1\" content=\"3 minutes\" \/>\n<script type=\"application\/ld+json\" class=\"yoast-schema-graph\">{\"@context\":\"https:\/\/schema.org\",\"@graph\":[{\"@type\":\"WebPage\",\"@id\":\"https:\/\/www.prestamospersonalesnet.com\/prestamos-personales-urgentes-y-minicreditos-rapidos-en-prestamo10\/\",\"url\":\"https:\/\/www.prestamospersonalesnet.com\/prestamos-personales-urgentes-y-minicreditos-rapidos-en-prestamo10\/\",\"name\":\"Pr\u00e9stamos Personales Urgentes Y Minicr\u00e9ditos R\u00e1pidos En Prestamo10 | Pr\u00e9stamos Personales\",\"isPartOf\":{\"@id\":\"https:\/\/www.prestamospersonalesnet.com\/#website\"},\"primaryImageOfPage\":{\"@id\":\"https:\/\/www.prestamospersonalesnet.com\/prestamos-personales-urgentes-y-minicreditos-rapidos-en-prestamo10\/#primaryimage\"},\"image\":{\"@id\":\"https:\/\/www.prestamospersonalesnet.com\/prestamos-personales-urgentes-y-minicreditos-rapidos-en-prestamo10\/#primaryimage\"},\"thumbnailUrl\":\"https:\/\/www.prestamospersonalesnet.com\/wp-content\/uploads\/2025\/07\/creditos-rapidos-prestamo10-150x150-2.jpg\",\"datePublished\":\"2025-07-07T16:23:59+00:00\",\"dateModified\":\"2025-07-07T17:25:48+00:00\",\"description\":\"Solicita pr\u00e9stamos personales urgentes y minicr\u00e9ditos r\u00e1pidos online en Prestamo10. Entra para ver todas las caracter\u00edsticas y condiciones de sus pr\u00e9stamos.\",\"breadcrumb\":{\"@id\":\"https:\/\/www.prestamospersonalesnet.com\/prestamos-personales-urgentes-y-minicreditos-rapidos-en-prestamo10\/#breadcrumb\"},\"inLanguage\":\"en-US\",\"potentialAction\":[{\"@type\":\"ReadAction\",\"target\":[\"https:\/\/www.prestamospersonalesnet.com\/prestamos-personales-urgentes-y-minicreditos-rapidos-en-prestamo10\/\"]}]},{\"@type\":\"ImageObject\",\"inLanguage\":\"en-US\",\"@id\":\"https:\/\/www.prestamospersonalesnet.com\/prestamos-personales-urgentes-y-minicreditos-rapidos-en-prestamo10\/#primaryimage\",\"url\":\"https:\/\/www.prestamospersonalesnet.com\/wp-content\/uploads\/2025\/07\/creditos-rapidos-prestamo10-150x150-2.jpg\",\"contentUrl\":\"https:\/\/www.prestamospersonalesnet.com\/wp-content\/uploads\/2025\/07\/creditos-rapidos-prestamo10-150x150-2.jpg\",\"width\":150,\"height\":150},{\"@type\":\"BreadcrumbList\",\"@id\":\"https:\/\/www.prestamospersonalesnet.com\/prestamos-personales-urgentes-y-minicreditos-rapidos-en-prestamo10\/#breadcrumb\",\"itemListElement\":[{\"@type\":\"ListItem\",\"position\":1,\"name\":\"Home\",\"item\":\"https:\/\/www.prestamospersonalesnet.com\/\"},{\"@type\":\"ListItem\",\"position\":2,\"name\":\"Pr\u00e9stamos Personales Urgentes Y Minicr\u00e9ditos R\u00e1pidos En Prestamo10\"}]},{\"@type\":\"WebSite\",\"@id\":\"https:\/\/www.prestamospersonalesnet.com\/#website\",\"url\":\"https:\/\/www.prestamospersonalesnet.com\/\",\"name\":\"Pr\u00e9stamos Personales\",\"description\":\"Toda la informaci\u00f3n sobre pr\u00e9stamos personales\",\"potentialAction\":[{\"@type\":\"SearchAction\",\"target\":{\"@type\":\"EntryPoint\",\"urlTemplate\":\"https:\/\/www.prestamospersonalesnet.com\/?s={search_term_string}\"},\"query-input\":{\"@type\":\"PropertyValueSpecification\",\"valueRequired\":true,\"valueName\":\"search_term_string\"}}],\"inLanguage\":\"en-US\"}]}<\/script>\n<!-- \/ Yoast SEO plugin. -->","yoast_head_json":{"title":"Pr\u00e9stamos Personales Urgentes Y Minicr\u00e9ditos R\u00e1pidos En Prestamo10 | Pr\u00e9stamos Personales","description":"Solicita pr\u00e9stamos personales urgentes y minicr\u00e9ditos r\u00e1pidos online en Prestamo10. Entra para ver todas las caracter\u00edsticas y condiciones de sus pr\u00e9stamos.","robots":{"index":"index","follow":"follow","max-snippet":"max-snippet:-1","max-image-preview":"max-image-preview:large","max-video-preview":"max-video-preview:-1"},"canonical":"https:\/\/www.prestamospersonalesnet.com\/prestamos-personales-urgentes-y-minicreditos-rapidos-en-prestamo10\/","og_locale":"en_US","og_type":"article","og_title":"Pr\u00e9stamos Personales Urgentes Y Minicr\u00e9ditos R\u00e1pidos En Prestamo10 | Pr\u00e9stamos Personales","og_description":"Solicita pr\u00e9stamos personales urgentes y minicr\u00e9ditos r\u00e1pidos online en Prestamo10. Entra para ver todas las caracter\u00edsticas y condiciones de sus pr\u00e9stamos.","og_url":"https:\/\/www.prestamospersonalesnet.com\/prestamos-personales-urgentes-y-minicreditos-rapidos-en-prestamo10\/","og_site_name":"Pr\u00e9stamos Personales","article_modified_time":"2025-07-07T17:25:48+00:00","og_image":[{"url":"https:\/\/www.prestamospersonalesnet.com\/wp-content\/uploads\/2025\/07\/creditos-rapidos-prestamo10-150x150-2.jpg","type":"","width":"","height":""}],"twitter_card":"summary_large_image","twitter_misc":{"Est. reading time":"3 minutes"},"schema":{"@context":"https:\/\/schema.org","@graph":[{"@type":"WebPage","@id":"https:\/\/www.prestamospersonalesnet.com\/prestamos-personales-urgentes-y-minicreditos-rapidos-en-prestamo10\/","url":"https:\/\/www.prestamospersonalesnet.com\/prestamos-personales-urgentes-y-minicreditos-rapidos-en-prestamo10\/","name":"Pr\u00e9stamos Personales Urgentes Y Minicr\u00e9ditos R\u00e1pidos En Prestamo10 | Pr\u00e9stamos Personales","isPartOf":{"@id":"https:\/\/www.prestamospersonalesnet.com\/#website"},"primaryImageOfPage":{"@id":"https:\/\/www.prestamospersonalesnet.com\/prestamos-personales-urgentes-y-minicreditos-rapidos-en-prestamo10\/#primaryimage"},"image":{"@id":"https:\/\/www.prestamospersonalesnet.com\/prestamos-personales-urgentes-y-minicreditos-rapidos-en-prestamo10\/#primaryimage"},"thumbnailUrl":"https:\/\/www.prestamospersonalesnet.com\/wp-content\/uploads\/2025\/07\/creditos-rapidos-prestamo10-150x150-2.jpg","datePublished":"2025-07-07T16:23:59+00:00","dateModified":"2025-07-07T17:25:48+00:00","description":"Solicita pr\u00e9stamos personales urgentes y minicr\u00e9ditos r\u00e1pidos online en Prestamo10. Entra para ver todas las caracter\u00edsticas y condiciones de sus pr\u00e9stamos.","breadcrumb":{"@id":"https:\/\/www.prestamospersonalesnet.com\/prestamos-personales-urgentes-y-minicreditos-rapidos-en-prestamo10\/#breadcrumb"},"inLanguage":"en-US","potentialAction":[{"@type":"ReadAction","target":["https:\/\/www.prestamospersonalesnet.com\/prestamos-personales-urgentes-y-minicreditos-rapidos-en-prestamo10\/"]}]},{"@type":"ImageObject","inLanguage":"en-US","@id":"https:\/\/www.prestamospersonalesnet.com\/prestamos-personales-urgentes-y-minicreditos-rapidos-en-prestamo10\/#primaryimage","url":"https:\/\/www.prestamospersonalesnet.com\/wp-content\/uploads\/2025\/07\/creditos-rapidos-prestamo10-150x150-2.jpg","contentUrl":"https:\/\/www.prestamospersonalesnet.com\/wp-content\/uploads\/2025\/07\/creditos-rapidos-prestamo10-150x150-2.jpg","width":150,"height":150},{"@type":"BreadcrumbList","@id":"https:\/\/www.prestamospersonalesnet.com\/prestamos-personales-urgentes-y-minicreditos-rapidos-en-prestamo10\/#breadcrumb","itemListElement":[{"@type":"ListItem","position":1,"name":"Home","item":"https:\/\/www.prestamospersonalesnet.com\/"},{"@type":"ListItem","position":2,"name":"Pr\u00e9stamos Personales Urgentes Y Minicr\u00e9ditos R\u00e1pidos En Prestamo10"}]},{"@type":"WebSite","@id":"https:\/\/www.prestamospersonalesnet.com\/#website","url":"https:\/\/www.prestamospersonalesnet.com\/","name":"Pr\u00e9stamos Personales","description":"Toda la informaci\u00f3n sobre pr\u00e9stamos personales","potentialAction":[{"@type":"SearchAction","target":{"@type":"EntryPoint","urlTemplate":"https:\/\/www.prestamospersonalesnet.com\/?s={search_term_string}"},"query-input":{"@type":"PropertyValueSpecification","valueRequired":true,"valueName":"search_term_string"}}],"inLanguage":"en-US"}]}},"uagb_featured_image_src":{"full":false,"thumbnail":false,"medium":false,"medium_large":false,"large":false,"1536x1536":false,"2048x2048":false,"post-thumbnail":false},"uagb_author_info":{"display_name":"admin","author_link":"https:\/\/www.prestamospersonalesnet.com\/index.php\/author\/admin\/"},"uagb_comment_info":0,"uagb_excerpt":"Prestamo10 es una compa\u00f1\u00eda perteneciente al grupo P10 Finance especialista en pr\u00e9stamos personales urgentes. Ofrece minicr\u00e9ditos r\u00e1pidos online hasta 600 \u20ac a devolver en un plazo m\u00e1ximo de 30 d\u00edas de forma sencilla y r\u00e1pida, ya que podr\u00e1s tener una respuesta a tu solicitud en un plazo de 10 minutos. Este l\u00edmite es de 300&hellip;","_links":{"self":[{"href":"https:\/\/www.prestamospersonalesnet.com\/index.php\/wp-json\/wp\/v2\/pages\/71","targetHints":{"allow":["GET"]}}],"collection":[{"href":"https:\/\/www.prestamospersonalesnet.com\/index.php\/wp-json\/wp\/v2\/pages"}],"about":[{"href":"https:\/\/www.prestamospersonalesnet.com\/index.php\/wp-json\/wp\/v2\/types\/page"}],"author":[{"embeddable":true,"href":"https:\/\/www.prestamospersonalesnet.com\/index.php\/wp-json\/wp\/v2\/users\/1"}],"replies":[{"embeddable":true,"href":"https:\/\/www.prestamospersonalesnet.com\/index.php\/wp-json\/wp\/v2\/comments?post=71"}],"version-history":[{"count":2,"href":"https:\/\/www.prestamospersonalesnet.com\/index.php\/wp-json\/wp\/v2\/pages\/71\/revisions"}],"predecessor-version":[{"id":131,"href":"https:\/\/www.prestamospersonalesnet.com\/index.php\/wp-json\/wp\/v2\/pages\/71\/revisions\/131"}],"wp:attachment":[{"href":"https:\/\/www.prestamospersonalesnet.com\/index.php\/wp-json\/wp\/v2\/media?parent=71"}],"curies":[{"name":"wp","href":"https:\/\/api.w.org\/{rel}","templated":true}]}}