{"id":74,"date":"2025-07-07T16:26:28","date_gmt":"2025-07-07T16:26:28","guid":{"rendered":"https:\/\/www.prestamospersonalesnet.com\/?page_id=74"},"modified":"2025-07-07T17:25:05","modified_gmt":"2025-07-07T17:25:05","slug":"gedescoche-prestamos-rapidos-con-un-coche-como-garantia","status":"publish","type":"page","link":"https:\/\/www.prestamospersonalesnet.com\/gedescoche-prestamos-rapidos-coche-garantia\/","title":{"rendered":"Gedescoche: Pr\u00e9stamos R\u00e1pidos Con Un Coche Como Garant\u00eda"},"content":{"rendered":"<div class=\"wp-block-image\">\n<figure class=\"alignleft size-full\"><img loading=\"lazy\" decoding=\"async\" width=\"300\" height=\"277\" src=\"https:\/\/www.prestamospersonalesnet.com\/wp-content\/uploads\/2025\/07\/dinero-por-tu-coche-gedescoche-300x277-1.jpg\" alt=\"prestamospersonalesnet\" class=\"wp-image-75\"\/><\/figure>\n<\/div>\n\n\n<p><strong>Gedescoche<\/strong> es una soluci\u00f3n que ofrece el Grupo Gedesco para obtener pr\u00e9stamos r\u00e1pidos con un coche como garant\u00eda de pago, de forma que podr\u00e1s conseguir <strong>hasta 10.000 euros en 24 horas<\/strong> de forma sencilla y con toda la gesti\u00f3n a trav\u00e9s de Internet. A trav\u00e9s de los pr\u00e9stamos r\u00e1pidos por tu coche podr\u00e1s disponer de dinero r\u00e1pido para lo que quieras sin cumplir requisitos, ya que no es necesario disponer de n\u00f3mina o pensi\u00f3n y es posible <strong>conseguir los pr\u00e9stamos con ASNEF o RAI<\/strong>.<\/p>\n\n\n\n<p>Adem\u00e1s de ser un servicio r\u00e1pido y sencillo, <strong>los pr\u00e9stamos r\u00e1pidos que ofrece Gesdescoche son gratis<\/strong>, ya que devolver\u00e1s la misma cantidad que obtuviste al contratar el pr\u00e9stamo, y <strong>podr\u00e1s seguir utilizando tu veh\u00edculo<\/strong> como lo hac\u00edas hasta este momento, ya que te ofrecen la posibilidad de hacer uso del mismo a trav\u00e9s de un alquiler. A continuaci\u00f3n te mostramos c\u00f3mo realizar la solicitud en Gesdescoche y los&nbsp;requisitos y ventajas que ofrece.<\/p>\n\n\n\n<h3 class=\"wp-block-heading\"><strong>Solicitar pr\u00e9stamos r\u00e1pidos por un coche en Gesdescoche<\/strong><\/h3>\n\n\n\n<p>Realizar la <strong>solicitud de pr\u00e9stamos r\u00e1pidos con la garant\u00eda de un coche en Gedescoche<\/strong> es muy sencillo, ya que toda la gesti\u00f3n se realiza a trav\u00e9s de Internet de forma sencilla. Los pasos que hay que seguir para realizar la solicitud de Gedescoche son los siguientes:<\/p>\n\n\n\n<h3 class=\"wp-block-heading\"><strong>Rellenar el formulario de solicitud online<\/strong><\/h3>\n\n\n\n<p>Haz click aqu\u00ed y acceder\u00e1s al formulario de solicitud online de Gedescoche, muy sencillo de rellenar, ya que solamente tienes\u00a0que indicar tu nombre y apellidos, tel\u00e9fono, correo electr\u00f3nico, y marca y modelo del veh\u00edculo a dejar como garant\u00eda. Indica la hora que quieres que se pongan en contacto contigo para indicarte el resultado de la solicitud, y env\u00eda el formulario. Podr\u00e1s conseguir hasta 10.000 euros en 24 horas con el \u00fanico requisito de dejar tu coche como garant\u00eda de pago, por lo que podr\u00e1s conseguir pr\u00e9stamos r\u00e1pidos sin n\u00f3mina o pensi\u00f3n, y pr\u00e9stamos con ASNEF o RAI.<\/p>\n\n\n\n<h3 class=\"wp-block-heading\"><strong>Valoraci\u00f3n del veh\u00edculo<\/strong><\/h3>\n\n\n\n<p>Gedescoche valorar\u00e1 tu veh\u00edculo, ofreci\u00e9ndote m\u00e1xima tasaci\u00f3n, momento en el que se pondr\u00e1n en contacto contigo para indicarte si el pr\u00e9stamo ha sido concedido y la cantidad m\u00e1xima que te pueden ofrecer. Si est\u00e1s de acuerdo con las condiciones proceder\u00e1n a solicitarte todos los datos necesarios para tramitar el pr\u00e9stamo por tu coche.<\/p>\n\n\n\n<h3 class=\"wp-block-heading\"><strong>Recibir el dinero del pr\u00e9stamo<\/strong><\/h3>\n\n\n\n<p>Para realizar la operaci\u00f3n hay que cambiar el titular del veh\u00edculo puesto como garant\u00eda de pago y, si lo deseas, podr\u00e1s seguir haciendo uso del coche a trav\u00e9s de un alquiler que pone a tu disposici\u00f3n Gedescoche. En el plazo de 24 horas podr\u00e1s disponer del dinero del pr\u00e9stamo.<\/p>\n\n\n\n<h3 class=\"wp-block-heading\"><strong>Devoluci\u00f3n del pr\u00e9stamo r\u00e1pido<\/strong><\/h3>\n\n\n\n<p>Cuando quieras, podr\u00e1s devolver el dinero del pr\u00e9stamo y volver a ser el due\u00f1o del coche puesto como garant\u00eda, ya que solamente tendr\u00e1s que ponerte en contacto con Gedescoche y devolver la misma cantidad que obtuviste. Tendr\u00e1s que volver a cambiar el titular del veh\u00edculo, que volver\u00e1 a ser tuyo.<\/p>\n\n\n\n<h3 class=\"wp-block-heading\"><strong>Sigue utilizando tu coche mientras dispones del dinero<\/strong><\/h3>\n\n\n\n<p>Como hemos comentado anteriormente, es posible seguir utilizando el coche que dejaste como garant\u00eda en los pr\u00e9stamos r\u00e1pidos de Gedescoche, ya que te ofrecen la posibilidad de hacer el mismo uso que estabas haciendo de \u00e9l a trav\u00e9s de un contrato de alquiler. De esta manera, podr\u00e1s disfrutar del dinero y del coche como lo haces habitualmente, siendo la discreci\u00f3n una norma impuesta por Gedescoche. Si lo deseas, tambi\u00e9n puedes hacer uso de otro veh\u00edculo de la flota de Gedescoche a trav\u00e9s del alquiler del mismo.<\/p>\n\n\n\n<h3 class=\"wp-block-heading\"><strong>Requisitos necesarios para obtener un pr\u00e9stamo por tu coche<\/strong><\/h3>\n\n\n\n<p>Para <strong>obtener pr\u00e9stamos r\u00e1pidos en Gedescoche<\/strong>, tan solo tienes que tener un coche del que seas titular y que tenga menos de 10 a\u00f1os de antig\u00fcedad, no siendo necesario tener una n\u00f3mina o pensi\u00f3n y pudiendo conseguir el dinero estando incluso en listados de morosos como ASNEF o RAI.<\/p>\n\n\n\n<p>Los <strong>requisitos que vas a tener que cumplir<\/strong> son los siguientes:<\/p>\n\n\n\n<ul class=\"wp-block-list\">\n<li>Tener un veh\u00edculo en propiedad con menos de 10 a\u00f1os.<\/li>\n\n\n\n<li>Ser residente en Espa\u00f1a, exceptuando Ceuta, Melilla y Canarias.<\/li>\n\n\n\n<li>Tener el permiso de circulaci\u00f3n y la ficha t\u00e9cnica en regla.<\/li>\n\n\n\n<li>Tener la ITV pasada.<\/li>\n\n\n\n<li>El veh\u00edculo tiene que estar pagado en su totalidad.<\/li>\n<\/ul>\n\n\n\n<h3 class=\"wp-block-heading\"><strong>Ventajas que ofrece Gedescoche frente a los pr\u00e9stamos r\u00e1pidos online<\/strong><\/h3>\n\n\n\n<p>Gedescoche es un servicio de Gedesco que ofrece la posibilidad de disponer de pr\u00e9stamos r\u00e1pidos con la garant\u00eda de un veh\u00edculo, siendo la principal ventaja <strong>no tener que cumplir ning\u00fan tipo de requisito personal para obtener el dinero<\/strong>, ya que ofrecer\u00e1s tu veh\u00edculo como garant\u00eda de pago del pr\u00e9stamo. De esta forma, sus pr\u00e9stamos son sin n\u00f3mina, pensi\u00f3n, prestaci\u00f3n o justificante de ingresos, y sus pr\u00e9stamos se pueden obtener estando en listados de morosos como ASNEF o RAI.<\/p>\n\n\n\n<p>La rapidez es otra de las ventajas que ofrece <strong>Gedescoche, pudiendo conseguir el dinero en 24 horas<\/strong>, ya que es un servicio que se solicita a trav\u00e9s de Internet mediante un formulario de solicitud online y donde no es necesario realizar papeleos. La sencillez es uno de los factores que Gedescoche intenta que sobresalga, ya que poder conseguir el dinero de forma sencilla y r\u00e1pida es vital a la hora de conseguir dinero r\u00e1pido.<\/p>\n\n\n\n<p>Los <strong>pr\u00e9stamos r\u00e1pidos de Gedescoche son sin intereses<\/strong>, ya que devolver\u00e1s la misma cantidad que obtuviste. Adem\u00e1s, podr\u00e1s seguir utilizando el veh\u00edculo como lo hac\u00edas hasta este momento, a trav\u00e9s de un alquiler del mismo, que si que tendr\u00e1s que pagar. Si no deseas seguir utilizando el veh\u00edculo, no est\u00e1s obligado a alquilarlo y se quedar\u00e1 Gedescoche con \u00e9l hasta que devuelvas el dinero del pr\u00e9stamo. Adem\u00e1s, obtendr\u00e1s tasaci\u00f3n m\u00e1xima por tu coche.<\/p>\n\n\n\n<p>Gedescoche ofrece <strong>discreci\u00f3n absoluta<\/strong> en sus pr\u00e9stamos, por lo que nadie se tiene que enterar de que has pedido un pr\u00e9stamo por tu coche. Tendr\u00e1s la garant\u00eda del Grupo Gedesco, una empresa segura y con garant\u00eda.<\/p>\n\n\n\n<p>En <strong>Prestamospersonalesnet<\/strong> dispones de todo tipo de pr\u00e9stamos personales y pr\u00e9stamos con garant\u00eda para conseguir dinero a trav\u00e9s de Internet de forma sencilla, r\u00e1pida y en muchos de los casos sin cumplir requisitos. Comprueba las entidades financieras que ofrecen dinero de forma online y realiza tu solicitud a trav\u00e9s de Internet en este momento.<\/p>\n","protected":false},"excerpt":{"rendered":"<p>Gedescoche es una soluci\u00f3n que ofrece el Grupo Gedesco para obtener pr\u00e9stamos r\u00e1pidos con un coche como garant\u00eda de pago, de forma que podr\u00e1s conseguir hasta 10.000 euros en 24 horas de forma sencilla y con toda la gesti\u00f3n a trav\u00e9s de Internet. A trav\u00e9s de los pr\u00e9stamos r\u00e1pidos por tu coche podr\u00e1s disponer de &hellip; <a href=\"https:\/\/www.prestamospersonalesnet.com\/gedescoche-prestamos-rapidos-coche-garantia\/\" class=\"more-link\">Continue reading <span class=\"screen-reader-text\">Gedescoche: Pr\u00e9stamos R\u00e1pidos Con Un Coche Como Garant\u00eda<\/span><\/a><\/p>\n","protected":false},"author":1,"featured_media":0,"parent":0,"menu_order":0,"comment_status":"closed","ping_status":"closed","template":"","meta":{"_uag_custom_page_level_css":"","footnotes":""},"class_list":["post-74","page","type-page","status-publish","hentry"],"yoast_head":"<!-- This site is optimized with the Yoast SEO plugin v25.4 - https:\/\/yoast.com\/wordpress\/plugins\/seo\/ -->\n<title>Gedescoche: Pr\u00e9stamos R\u00e1pidos Con Un Coche Como Garant\u00eda | Pr\u00e9stamos Personales<\/title>\n<meta name=\"description\" content=\"Gedescoche ofrece pr\u00e9stamos r\u00e1pidos con un coche como garant\u00eda, de forma que podr\u00e1s conseguir dinero en 24 horas sin cumplir requisitos y de forma online.\" \/>\n<meta name=\"robots\" content=\"index, follow, max-snippet:-1, max-image-preview:large, max-video-preview:-1\" \/>\n<link rel=\"canonical\" href=\"https:\/\/www.prestamospersonalesnet.com\/gedescoche-prestamos-rapidos-coche-garantia\/\" \/>\n<meta property=\"og:locale\" content=\"en_US\" \/>\n<meta property=\"og:type\" content=\"article\" \/>\n<meta property=\"og:title\" content=\"Gedescoche: Pr\u00e9stamos R\u00e1pidos Con Un Coche Como Garant\u00eda | Pr\u00e9stamos Personales\" \/>\n<meta property=\"og:description\" content=\"Gedescoche ofrece pr\u00e9stamos r\u00e1pidos con un coche como garant\u00eda, de forma que podr\u00e1s conseguir dinero en 24 horas sin cumplir requisitos y de forma online.\" \/>\n<meta property=\"og:url\" content=\"https:\/\/www.prestamospersonalesnet.com\/gedescoche-prestamos-rapidos-coche-garantia\/\" \/>\n<meta property=\"og:site_name\" content=\"Pr\u00e9stamos Personales\" \/>\n<meta property=\"article:modified_time\" content=\"2025-07-07T17:25:05+00:00\" \/>\n<meta property=\"og:image\" content=\"https:\/\/www.prestamospersonalesnet.com\/wp-content\/uploads\/2025\/07\/dinero-por-tu-coche-gedescoche-300x277-1.jpg\" \/>\n<meta name=\"twitter:card\" content=\"summary_large_image\" \/>\n<meta name=\"twitter:label1\" content=\"Est. reading time\" \/>\n\t<meta name=\"twitter:data1\" content=\"5 minutes\" \/>\n<script type=\"application\/ld+json\" class=\"yoast-schema-graph\">{\"@context\":\"https:\/\/schema.org\",\"@graph\":[{\"@type\":\"WebPage\",\"@id\":\"https:\/\/www.prestamospersonalesnet.com\/gedescoche-prestamos-rapidos-coche-garantia\/\",\"url\":\"https:\/\/www.prestamospersonalesnet.com\/gedescoche-prestamos-rapidos-coche-garantia\/\",\"name\":\"Gedescoche: Pr\u00e9stamos R\u00e1pidos Con Un Coche Como Garant\u00eda | Pr\u00e9stamos Personales\",\"isPartOf\":{\"@id\":\"https:\/\/www.prestamospersonalesnet.com\/#website\"},\"primaryImageOfPage\":{\"@id\":\"https:\/\/www.prestamospersonalesnet.com\/gedescoche-prestamos-rapidos-coche-garantia\/#primaryimage\"},\"image\":{\"@id\":\"https:\/\/www.prestamospersonalesnet.com\/gedescoche-prestamos-rapidos-coche-garantia\/#primaryimage\"},\"thumbnailUrl\":\"https:\/\/www.prestamospersonalesnet.com\/wp-content\/uploads\/2025\/07\/dinero-por-tu-coche-gedescoche-300x277-1.jpg\",\"datePublished\":\"2025-07-07T16:26:28+00:00\",\"dateModified\":\"2025-07-07T17:25:05+00:00\",\"description\":\"Gedescoche ofrece pr\u00e9stamos r\u00e1pidos con un coche como garant\u00eda, de forma que podr\u00e1s conseguir dinero en 24 horas sin cumplir requisitos y de forma online.\",\"breadcrumb\":{\"@id\":\"https:\/\/www.prestamospersonalesnet.com\/gedescoche-prestamos-rapidos-coche-garantia\/#breadcrumb\"},\"inLanguage\":\"en-US\",\"potentialAction\":[{\"@type\":\"ReadAction\",\"target\":[\"https:\/\/www.prestamospersonalesnet.com\/gedescoche-prestamos-rapidos-coche-garantia\/\"]}]},{\"@type\":\"ImageObject\",\"inLanguage\":\"en-US\",\"@id\":\"https:\/\/www.prestamospersonalesnet.com\/gedescoche-prestamos-rapidos-coche-garantia\/#primaryimage\",\"url\":\"https:\/\/www.prestamospersonalesnet.com\/wp-content\/uploads\/2025\/07\/dinero-por-tu-coche-gedescoche-300x277-1.jpg\",\"contentUrl\":\"https:\/\/www.prestamospersonalesnet.com\/wp-content\/uploads\/2025\/07\/dinero-por-tu-coche-gedescoche-300x277-1.jpg\",\"width\":300,\"height\":277},{\"@type\":\"BreadcrumbList\",\"@id\":\"https:\/\/www.prestamospersonalesnet.com\/gedescoche-prestamos-rapidos-coche-garantia\/#breadcrumb\",\"itemListElement\":[{\"@type\":\"ListItem\",\"position\":1,\"name\":\"Home\",\"item\":\"https:\/\/www.prestamospersonalesnet.com\/\"},{\"@type\":\"ListItem\",\"position\":2,\"name\":\"Gedescoche: Pr\u00e9stamos R\u00e1pidos Con Un Coche Como Garant\u00eda\"}]},{\"@type\":\"WebSite\",\"@id\":\"https:\/\/www.prestamospersonalesnet.com\/#website\",\"url\":\"https:\/\/www.prestamospersonalesnet.com\/\",\"name\":\"Pr\u00e9stamos Personales\",\"description\":\"Toda la informaci\u00f3n sobre pr\u00e9stamos personales\",\"potentialAction\":[{\"@type\":\"SearchAction\",\"target\":{\"@type\":\"EntryPoint\",\"urlTemplate\":\"https:\/\/www.prestamospersonalesnet.com\/?s={search_term_string}\"},\"query-input\":{\"@type\":\"PropertyValueSpecification\",\"valueRequired\":true,\"valueName\":\"search_term_string\"}}],\"inLanguage\":\"en-US\"}]}<\/script>\n<!-- \/ Yoast SEO plugin. -->","yoast_head_json":{"title":"Gedescoche: Pr\u00e9stamos R\u00e1pidos Con Un Coche Como Garant\u00eda | Pr\u00e9stamos Personales","description":"Gedescoche ofrece pr\u00e9stamos r\u00e1pidos con un coche como garant\u00eda, de forma que podr\u00e1s conseguir dinero en 24 horas sin cumplir requisitos y de forma online.","robots":{"index":"index","follow":"follow","max-snippet":"max-snippet:-1","max-image-preview":"max-image-preview:large","max-video-preview":"max-video-preview:-1"},"canonical":"https:\/\/www.prestamospersonalesnet.com\/gedescoche-prestamos-rapidos-coche-garantia\/","og_locale":"en_US","og_type":"article","og_title":"Gedescoche: Pr\u00e9stamos R\u00e1pidos Con Un Coche Como Garant\u00eda | Pr\u00e9stamos Personales","og_description":"Gedescoche ofrece pr\u00e9stamos r\u00e1pidos con un coche como garant\u00eda, de forma que podr\u00e1s conseguir dinero en 24 horas sin cumplir requisitos y de forma online.","og_url":"https:\/\/www.prestamospersonalesnet.com\/gedescoche-prestamos-rapidos-coche-garantia\/","og_site_name":"Pr\u00e9stamos Personales","article_modified_time":"2025-07-07T17:25:05+00:00","og_image":[{"url":"https:\/\/www.prestamospersonalesnet.com\/wp-content\/uploads\/2025\/07\/dinero-por-tu-coche-gedescoche-300x277-1.jpg","type":"","width":"","height":""}],"twitter_card":"summary_large_image","twitter_misc":{"Est. reading time":"5 minutes"},"schema":{"@context":"https:\/\/schema.org","@graph":[{"@type":"WebPage","@id":"https:\/\/www.prestamospersonalesnet.com\/gedescoche-prestamos-rapidos-coche-garantia\/","url":"https:\/\/www.prestamospersonalesnet.com\/gedescoche-prestamos-rapidos-coche-garantia\/","name":"Gedescoche: Pr\u00e9stamos R\u00e1pidos Con Un Coche Como Garant\u00eda | Pr\u00e9stamos Personales","isPartOf":{"@id":"https:\/\/www.prestamospersonalesnet.com\/#website"},"primaryImageOfPage":{"@id":"https:\/\/www.prestamospersonalesnet.com\/gedescoche-prestamos-rapidos-coche-garantia\/#primaryimage"},"image":{"@id":"https:\/\/www.prestamospersonalesnet.com\/gedescoche-prestamos-rapidos-coche-garantia\/#primaryimage"},"thumbnailUrl":"https:\/\/www.prestamospersonalesnet.com\/wp-content\/uploads\/2025\/07\/dinero-por-tu-coche-gedescoche-300x277-1.jpg","datePublished":"2025-07-07T16:26:28+00:00","dateModified":"2025-07-07T17:25:05+00:00","description":"Gedescoche ofrece pr\u00e9stamos r\u00e1pidos con un coche como garant\u00eda, de forma que podr\u00e1s conseguir dinero en 24 horas sin cumplir requisitos y de forma online.","breadcrumb":{"@id":"https:\/\/www.prestamospersonalesnet.com\/gedescoche-prestamos-rapidos-coche-garantia\/#breadcrumb"},"inLanguage":"en-US","potentialAction":[{"@type":"ReadAction","target":["https:\/\/www.prestamospersonalesnet.com\/gedescoche-prestamos-rapidos-coche-garantia\/"]}]},{"@type":"ImageObject","inLanguage":"en-US","@id":"https:\/\/www.prestamospersonalesnet.com\/gedescoche-prestamos-rapidos-coche-garantia\/#primaryimage","url":"https:\/\/www.prestamospersonalesnet.com\/wp-content\/uploads\/2025\/07\/dinero-por-tu-coche-gedescoche-300x277-1.jpg","contentUrl":"https:\/\/www.prestamospersonalesnet.com\/wp-content\/uploads\/2025\/07\/dinero-por-tu-coche-gedescoche-300x277-1.jpg","width":300,"height":277},{"@type":"BreadcrumbList","@id":"https:\/\/www.prestamospersonalesnet.com\/gedescoche-prestamos-rapidos-coche-garantia\/#breadcrumb","itemListElement":[{"@type":"ListItem","position":1,"name":"Home","item":"https:\/\/www.prestamospersonalesnet.com\/"},{"@type":"ListItem","position":2,"name":"Gedescoche: Pr\u00e9stamos R\u00e1pidos Con Un Coche Como Garant\u00eda"}]},{"@type":"WebSite","@id":"https:\/\/www.prestamospersonalesnet.com\/#website","url":"https:\/\/www.prestamospersonalesnet.com\/","name":"Pr\u00e9stamos Personales","description":"Toda la informaci\u00f3n sobre pr\u00e9stamos personales","potentialAction":[{"@type":"SearchAction","target":{"@type":"EntryPoint","urlTemplate":"https:\/\/www.prestamospersonalesnet.com\/?s={search_term_string}"},"query-input":{"@type":"PropertyValueSpecification","valueRequired":true,"valueName":"search_term_string"}}],"inLanguage":"en-US"}]}},"uagb_featured_image_src":{"full":false,"thumbnail":false,"medium":false,"medium_large":false,"large":false,"1536x1536":false,"2048x2048":false,"post-thumbnail":false},"uagb_author_info":{"display_name":"admin","author_link":"https:\/\/www.prestamospersonalesnet.com\/index.php\/author\/admin\/"},"uagb_comment_info":0,"uagb_excerpt":"Gedescoche es una soluci\u00f3n que ofrece el Grupo Gedesco para obtener pr\u00e9stamos r\u00e1pidos con un coche como garant\u00eda de pago, de forma que podr\u00e1s conseguir hasta 10.000 euros en 24 horas de forma sencilla y con toda la gesti\u00f3n a trav\u00e9s de Internet. A trav\u00e9s de los pr\u00e9stamos r\u00e1pidos por tu coche podr\u00e1s disponer de&hellip;","_links":{"self":[{"href":"https:\/\/www.prestamospersonalesnet.com\/index.php\/wp-json\/wp\/v2\/pages\/74","targetHints":{"allow":["GET"]}}],"collection":[{"href":"https:\/\/www.prestamospersonalesnet.com\/index.php\/wp-json\/wp\/v2\/pages"}],"about":[{"href":"https:\/\/www.prestamospersonalesnet.com\/index.php\/wp-json\/wp\/v2\/types\/page"}],"author":[{"embeddable":true,"href":"https:\/\/www.prestamospersonalesnet.com\/index.php\/wp-json\/wp\/v2\/users\/1"}],"replies":[{"embeddable":true,"href":"https:\/\/www.prestamospersonalesnet.com\/index.php\/wp-json\/wp\/v2\/comments?post=74"}],"version-history":[{"count":1,"href":"https:\/\/www.prestamospersonalesnet.com\/index.php\/wp-json\/wp\/v2\/pages\/74\/revisions"}],"predecessor-version":[{"id":76,"href":"https:\/\/www.prestamospersonalesnet.com\/index.php\/wp-json\/wp\/v2\/pages\/74\/revisions\/76"}],"wp:attachment":[{"href":"https:\/\/www.prestamospersonalesnet.com\/index.php\/wp-json\/wp\/v2\/media?parent=74"}],"curies":[{"name":"wp","href":"https:\/\/api.w.org\/{rel}","templated":true}]}}