{"id":77,"date":"2025-07-07T16:29:04","date_gmt":"2025-07-07T16:29:04","guid":{"rendered":"https:\/\/www.prestamospersonalesnet.com\/?page_id=77"},"modified":"2025-07-07T17:26:47","modified_gmt":"2025-07-07T17:26:47","slug":"solicita-prestamos-rapidos-en-euroloan-y-consigue-4-000-e-en-24-horas","status":"publish","type":"page","link":"https:\/\/www.prestamospersonalesnet.com\/solicita-prestamos-rapidos-en-euroloan-y-consigue-4-000-e-en-24-horas\/","title":{"rendered":"Solicita Pr\u00e9stamos R\u00e1pidos En Euroloan Y Consigue 4.000 \u20ac En 24 Horas"},"content":{"rendered":"<div class=\"wp-block-image\">\n<figure class=\"alignleft size-full\"><img loading=\"lazy\" decoding=\"async\" width=\"300\" height=\"250\" src=\"https:\/\/www.prestamospersonalesnet.com\/wp-content\/uploads\/2025\/07\/prestamos-rapidos-en-euroloan.jpg\" alt=\"prestamospersonalesnet\" class=\"wp-image-78\"\/><\/figure>\n<\/div>\n\n\n<p><strong>Euroloan<\/strong> es una plataforma que ofrece pr\u00e9stamos r\u00e1pidos online donde es posible conseguir <strong>hasta 4.000 Euros en un plazo de 24 horas<\/strong>. Euroloan ofrece respuesta inmediata a la solicitud y la posibilidad de <strong>devolver el dinero en cuotas mensuales hasta 48 meses<\/strong>. Podr\u00e1s disponer del dinero de forma inmediata una vez aprobado el pr\u00e9stamo, o utilizarlo cuando quieras como si de una l\u00ednea de cr\u00e9dito se tratara.<\/p>\n\n\n\n<p>Para solicitar pr\u00e9stamos r\u00e1pidos en Euroloan no vas a necesitar cumplir muchos requisitos, ya que son <strong>pr\u00e9stamos sin aval<\/strong> que se pueden conseguir <strong>sin necesidad de n\u00f3mina<\/strong> o pensi\u00f3n. Tampoco vas a necesitar realizar papeleos. Te mostramos c\u00f3mo solicitar pr\u00e9stamos r\u00e1pidos en Euroloan, sus caracter\u00edsticas principales y ventajas que te ofrece esta financiera.<\/p>\n\n\n\n<h3 class=\"wp-block-heading\"><strong>Pasos para solicitar pr\u00e9stamos r\u00e1pidos en Euroloan<\/strong><\/h3>\n\n\n\n<p>La plataforma <strong>Euroloan<\/strong> ofrece sus <strong>pr\u00e9stamos r\u00e1pidos a trav\u00e9s de Internet<\/strong>, por lo que todo el proceso de solicitud y la gesti\u00f3n de lo mismos es de forma 100% online, siendo la solicitud un proceso muy sencillo de realizar. No tendr\u00e1s que realizar papeleos ni tr\u00e1mites innecesarios, y dispondr\u00e1s de <strong>respuesta inmediata a la solicitud<\/strong>, donde te indicar\u00e1n si puedes conseguir el pr\u00e9stamo solicitado.<\/p>\n\n\n\n<p>Los <strong>pasos que tienes que seguir para solicitar pr\u00e9stamos r\u00e1pidos en Euroloan<\/strong> son los siguientes:<\/p>\n\n\n\n<p><strong>1. Env\u00edo el formulario de solicitud online<\/strong><\/p>\n\n\n\n<p>Accede al formulario de solicitud online de Euroloan haciendo click aqu\u00ed\u00a0y selecciona la cantidad de dinero que quieres solicitar. El m\u00ednimo a solicitar son 200 \u20ac y la cantidad m\u00e1xima 4.000 \u20ac, siendo el plazo de devoluci\u00f3n del pr\u00e9stamo desde 5 a 48 meses.\u00a0 Una vez seleccionada la cantidad a solicitar, tendr\u00e1s que rellenar el formulario de solicitud online con tus datos personales y bancarios, de forma que Euroloan pueda realizar el estudio de riesgos financieros de forma inmediata.<\/p>\n\n\n\n<p><strong>2. Verificaci\u00f3n de los datos introducidos<\/strong><\/p>\n\n\n\n<p>Tendr\u00e1s respuesta inmediata a la solicitud y en ella te indicar\u00e1n si el pr\u00e9stamo puede ser aprobado y los pasos que tienes que seguir para verificar los datos introducidos. Esta verificaci\u00f3n es necesaria para que puedan comprobar que son ver\u00eddicos y se realizar tambi\u00e9n a trav\u00e9s de Internet sin necesidad de realizar papeleos.<\/p>\n\n\n\n<p><strong>3. Firma del contrato del pr\u00e9stamo r\u00e1pido<\/strong><\/p>\n\n\n\n<p>Una vez realizada la verificaci\u00f3n de los datos, Euroloan te indicar\u00e1 la cantidad m\u00e1xima de dinero que te puede ofrecer, dependiendo de tu situaci\u00f3n financiera. En esta comunicaci\u00f3n tambi\u00e9n te enviar\u00e1 los t\u00e9rminos y condiciones de su pr\u00e9stamo r\u00e1pido, que tendr\u00e1s que aceptar en el caso de que est\u00e9s de acuerdo con ellos.<\/p>\n\n\n\n<p><strong>4. Recibir el dinero<\/strong><\/p>\n\n\n\n<p>En el momento que hayas aceptado los t\u00e9rminos y condiciones del pr\u00e9stamo r\u00e1pido solicitado, te enviar\u00e1n de forma inmediata el dinero a tu cuenta bancaria, o la tendr\u00e1s disponible para utilizar cuando quieras, dependiendo de la opci\u00f3n que hayas elegido al realizar la solicitud. Esto te lo contamos con m\u00e1s detalle en la siguiente secci\u00f3n.<\/p>\n\n\n\n<h3 class=\"wp-block-heading\"><strong>Pr\u00e9stamos que ofrece Euroloan<\/strong><\/h3>\n\n\n\n<p>Tal y como te hemos dicho anteriormente, Euroloan te ofrece la posibilidad de disponer del dinero de forma inmediata en tu cuenta bancaria, o poder disponer del dinero para m\u00e1s adelante, siendo este tipo de cr\u00e9dito llamado <em>revolving<\/em> o l\u00ednea de cr\u00e9dito. Esto hace que <strong>Euroloan ofrezca dos tipos de pr\u00e9stamos<\/strong> que tendr\u00e1s que elegir al realizar la solicitud:<\/p>\n\n\n\n<h3 class=\"wp-block-heading\"><strong>Pr\u00e9stamo r\u00e1pido Euroloan<\/strong><\/h3>\n\n\n\n<p>El pr\u00e9stamo r\u00e1pido Euroloan ofrece dinero en un plazo de 24 horas en tu cuenta bancaria, a trav\u00e9s de una solicitud online sin papeleos y con respuesta inmediata. En el caso de que el pr\u00e9stamo r\u00e1pido haya sido aprobado, <strong>te enviar\u00e1n el dinero de forma inmediata a tu cuenta bancaria<\/strong> y podr\u00e1s devolver el dinero en c\u00f3modos plazos mensuales en el plazo establecido, que es hasta 48 meses.<\/p>\n\n\n\n<h3 class=\"wp-block-heading\"><strong>L\u00ednea de cr\u00e9dito Euroloan<\/strong><\/h3>\n\n\n\n<p>En el caso de que no quieras disponer del dinero de forma inmediata, Euroloan te ofrece la posibilidad de disponer de su aprobaci\u00f3n en su plataforma y obtener el dinero cuando lo necesites. Esto se llama <em>cr\u00e9dito revolving<\/em>, y es utilizado por otras entidades financieras como Cofidis. El funcionamiento es igual que una l\u00ednea de cr\u00e9dito y se basa en tener <strong>disponible una cantidad autorizada para obtener cuando la necesites<\/strong>, de forma que cuando quieras puedas acceder a la plataforma Euroloan y transferir el dinero sin necesidad de realizar otra solicitud.<\/p>\n\n\n\n<p>Para disponer de una l\u00ednea de cr\u00e9dito o <em>cr\u00e9dito revolving<\/em> en Euroloan no tienes que pagar nada, ya que <strong>solamente pagar\u00e1s intereses cuando dispongas del dinero<\/strong>, por lo que si simplemente abres la l\u00ednea de cr\u00e9dito no tienes que abonar nada. Adem\u00e1s, solamente pagar\u00e1s por el tiempo que tengas el dinero en tu poder, por lo que si devuelves el dinero con antelaci\u00f3n al plazo de devoluci\u00f3n, ahorrar\u00e1s en intereses.<\/p>\n\n\n\n<p>Cuando devuelvas el dinero, \u00e9ste podr\u00e1 ser utilizado de nuevo cuando quieras, ya que Euroloan no te cerrar\u00e1 la l\u00ednea de cr\u00e9dito a no ser que lo indiques. Esto hace que <strong>puedas retirar dinero cuando quieras<\/strong>, hasta el m\u00e1ximo asignado al realizar la solicitud, siendo una gran soluci\u00f3n en el caso de que necesites dinero r\u00e1pido de forma recurrente.<\/p>\n\n\n\n<h3 class=\"wp-block-heading\"><strong>Ventajas que ofrecen los pr\u00e9stamos r\u00e1pidos de Euroloan<\/strong><\/h3>\n\n\n\n<p>Euroloan es una entidad financiera de pr\u00e9stamos r\u00e1pidos que ofrece grandes ventajas en sus pr\u00e9stamos, siendo la <strong>rapidez y sencillez<\/strong> las principales, ya que es posible conseguir hasta 4.000 Euros a devolver en un plazo de 48 meses en solo 24 horas, siendo su solicitud a trav\u00e9s de Internet <strong>sin necesidad de realizar papeleos<\/strong>.<\/p>\n\n\n\n<p>La <strong>devoluci\u00f3n de sus pr\u00e9stamos se realiza en c\u00f3modos plazos mensuales<\/strong>, y tienes la opci\u00f3n de optar por un <strong>pr\u00e9stamo r\u00e1pido, o una l\u00ednea de cr\u00e9dito<\/strong>, con la que podr\u00e1s disponer del dinero cuando quieras de forma inmediata y solamente pagar intereses por el tiempo que tengas el dinero en tu poder. Adem\u00e1s, la l\u00ednea de cr\u00e9dito la puedes utilizar cuantas veces quieras, siempre y cuando no superes el l\u00edmite de cr\u00e9dito que te ofrezcan.<\/p>\n\n\n\n<p>Euroloan no pide apenas requisitos para solicitar sus pr\u00e9stamos r\u00e1pidos, ya que son <strong>pr\u00e9stamos sin garant\u00eda<\/strong> que no necesitan aval o avalista, y <strong>se pueden conseguir sin n\u00f3mina<\/strong> o pensi\u00f3n, aunque si que te pedir\u00e1n que les justifiques que puedes devolver el dinero prestado a trav\u00e9s de un justificante de ingresos.<\/p>\n\n\n\n<p>Podr\u00e1s <strong>abrir de forma gratuita tu l\u00ednea de cr\u00e9dito<\/strong> y pagar\u00e1s solamente cuando dispongas del dinero. Adem\u00e1s, te ofrece la posibilidad de devolver el dinero de forma anticipada, pagando solamente intereses por el tiempo que tengas el dinero en tu poder.<\/p>\n\n\n\n<p>En <strong>Pr\u00e9stamospersonalesnet<\/strong> dispones de todo tipo de pr\u00e9stamos y cr\u00e9ditos que puedes solicitar a trav\u00e9s de Internet de forma sencilla y sin papeleos. Te ofrecemos la posibilidad de comparar entre los diferentes pr\u00e9stamos que tenemos en nuestra base de datos para que elijas el que m\u00e1s se adapta a tus necesidades.<\/p>\n","protected":false},"excerpt":{"rendered":"<p>Euroloan es una plataforma que ofrece pr\u00e9stamos r\u00e1pidos online donde es posible conseguir hasta 4.000 Euros en un plazo de 24 horas. Euroloan ofrece respuesta inmediata a la solicitud y la posibilidad de devolver el dinero en cuotas mensuales hasta 48 meses. Podr\u00e1s disponer del dinero de forma inmediata una vez aprobado el pr\u00e9stamo, o &hellip; <a href=\"https:\/\/www.prestamospersonalesnet.com\/solicita-prestamos-rapidos-en-euroloan-y-consigue-4-000-e-en-24-horas\/\" class=\"more-link\">Continue reading <span class=\"screen-reader-text\">Solicita Pr\u00e9stamos R\u00e1pidos En Euroloan Y Consigue 4.000 \u20ac En 24 Horas<\/span><\/a><\/p>\n","protected":false},"author":1,"featured_media":0,"parent":0,"menu_order":0,"comment_status":"closed","ping_status":"closed","template":"","meta":{"_uag_custom_page_level_css":"","footnotes":""},"class_list":["post-77","page","type-page","status-publish","hentry"],"yoast_head":"<!-- This site is optimized with the Yoast SEO plugin v25.4 - https:\/\/yoast.com\/wordpress\/plugins\/seo\/ -->\n<title>Solicita Pr\u00e9stamos R\u00e1pidos En Euroloan Y Consigue 4.000 \u20ac En 24 Horas | Pr\u00e9stamos Personales<\/title>\n<meta name=\"description\" content=\"Solicita aqu\u00ed pr\u00e9stamos r\u00e1pidos en Euroloan y consigue hasta 4.000 Euros a devolver en 48 meses. \u2705Respuesta inmediata \u2705Tu dinero en 24 horas \u2705 Sin aval\" \/>\n<meta name=\"robots\" content=\"index, follow, max-snippet:-1, max-image-preview:large, max-video-preview:-1\" \/>\n<link rel=\"canonical\" href=\"https:\/\/www.prestamospersonalesnet.com\/solicita-prestamos-rapidos-en-euroloan-y-consigue-4-000-e-en-24-horas\/\" \/>\n<meta property=\"og:locale\" content=\"en_US\" \/>\n<meta property=\"og:type\" content=\"article\" \/>\n<meta property=\"og:title\" content=\"Solicita Pr\u00e9stamos R\u00e1pidos En Euroloan Y Consigue 4.000 \u20ac En 24 Horas | Pr\u00e9stamos Personales\" \/>\n<meta property=\"og:description\" content=\"Solicita aqu\u00ed pr\u00e9stamos r\u00e1pidos en Euroloan y consigue hasta 4.000 Euros a devolver en 48 meses. \u2705Respuesta inmediata \u2705Tu dinero en 24 horas \u2705 Sin aval\" \/>\n<meta property=\"og:url\" content=\"https:\/\/www.prestamospersonalesnet.com\/solicita-prestamos-rapidos-en-euroloan-y-consigue-4-000-e-en-24-horas\/\" \/>\n<meta property=\"og:site_name\" content=\"Pr\u00e9stamos Personales\" \/>\n<meta property=\"article:modified_time\" content=\"2025-07-07T17:26:47+00:00\" \/>\n<meta property=\"og:image\" content=\"https:\/\/www.prestamospersonalesnet.com\/wp-content\/uploads\/2025\/07\/prestamos-rapidos-en-euroloan.jpg\" \/>\n<meta name=\"twitter:card\" content=\"summary_large_image\" \/>\n<meta name=\"twitter:label1\" content=\"Est. reading time\" \/>\n\t<meta name=\"twitter:data1\" content=\"6 minutes\" \/>\n<script type=\"application\/ld+json\" class=\"yoast-schema-graph\">{\"@context\":\"https:\/\/schema.org\",\"@graph\":[{\"@type\":\"WebPage\",\"@id\":\"https:\/\/www.prestamospersonalesnet.com\/solicita-prestamos-rapidos-en-euroloan-y-consigue-4-000-e-en-24-horas\/\",\"url\":\"https:\/\/www.prestamospersonalesnet.com\/solicita-prestamos-rapidos-en-euroloan-y-consigue-4-000-e-en-24-horas\/\",\"name\":\"Solicita Pr\u00e9stamos R\u00e1pidos En Euroloan Y Consigue 4.000 \u20ac En 24 Horas | Pr\u00e9stamos Personales\",\"isPartOf\":{\"@id\":\"https:\/\/www.prestamospersonalesnet.com\/#website\"},\"primaryImageOfPage\":{\"@id\":\"https:\/\/www.prestamospersonalesnet.com\/solicita-prestamos-rapidos-en-euroloan-y-consigue-4-000-e-en-24-horas\/#primaryimage\"},\"image\":{\"@id\":\"https:\/\/www.prestamospersonalesnet.com\/solicita-prestamos-rapidos-en-euroloan-y-consigue-4-000-e-en-24-horas\/#primaryimage\"},\"thumbnailUrl\":\"https:\/\/www.prestamospersonalesnet.com\/wp-content\/uploads\/2025\/07\/prestamos-rapidos-en-euroloan.jpg\",\"datePublished\":\"2025-07-07T16:29:04+00:00\",\"dateModified\":\"2025-07-07T17:26:47+00:00\",\"description\":\"Solicita aqu\u00ed pr\u00e9stamos r\u00e1pidos en Euroloan y consigue hasta 4.000 Euros a devolver en 48 meses. \u2705Respuesta inmediata \u2705Tu dinero en 24 horas \u2705 Sin aval\",\"breadcrumb\":{\"@id\":\"https:\/\/www.prestamospersonalesnet.com\/solicita-prestamos-rapidos-en-euroloan-y-consigue-4-000-e-en-24-horas\/#breadcrumb\"},\"inLanguage\":\"en-US\",\"potentialAction\":[{\"@type\":\"ReadAction\",\"target\":[\"https:\/\/www.prestamospersonalesnet.com\/solicita-prestamos-rapidos-en-euroloan-y-consigue-4-000-e-en-24-horas\/\"]}]},{\"@type\":\"ImageObject\",\"inLanguage\":\"en-US\",\"@id\":\"https:\/\/www.prestamospersonalesnet.com\/solicita-prestamos-rapidos-en-euroloan-y-consigue-4-000-e-en-24-horas\/#primaryimage\",\"url\":\"https:\/\/www.prestamospersonalesnet.com\/wp-content\/uploads\/2025\/07\/prestamos-rapidos-en-euroloan.jpg\",\"contentUrl\":\"https:\/\/www.prestamospersonalesnet.com\/wp-content\/uploads\/2025\/07\/prestamos-rapidos-en-euroloan.jpg\",\"width\":300,\"height\":250},{\"@type\":\"BreadcrumbList\",\"@id\":\"https:\/\/www.prestamospersonalesnet.com\/solicita-prestamos-rapidos-en-euroloan-y-consigue-4-000-e-en-24-horas\/#breadcrumb\",\"itemListElement\":[{\"@type\":\"ListItem\",\"position\":1,\"name\":\"Home\",\"item\":\"https:\/\/www.prestamospersonalesnet.com\/\"},{\"@type\":\"ListItem\",\"position\":2,\"name\":\"Solicita Pr\u00e9stamos R\u00e1pidos En Euroloan Y Consigue 4.000 \u20ac En 24 Horas\"}]},{\"@type\":\"WebSite\",\"@id\":\"https:\/\/www.prestamospersonalesnet.com\/#website\",\"url\":\"https:\/\/www.prestamospersonalesnet.com\/\",\"name\":\"Pr\u00e9stamos Personales\",\"description\":\"Toda la informaci\u00f3n sobre pr\u00e9stamos personales\",\"potentialAction\":[{\"@type\":\"SearchAction\",\"target\":{\"@type\":\"EntryPoint\",\"urlTemplate\":\"https:\/\/www.prestamospersonalesnet.com\/?s={search_term_string}\"},\"query-input\":{\"@type\":\"PropertyValueSpecification\",\"valueRequired\":true,\"valueName\":\"search_term_string\"}}],\"inLanguage\":\"en-US\"}]}<\/script>\n<!-- \/ Yoast SEO plugin. -->","yoast_head_json":{"title":"Solicita Pr\u00e9stamos R\u00e1pidos En Euroloan Y Consigue 4.000 \u20ac En 24 Horas | Pr\u00e9stamos Personales","description":"Solicita aqu\u00ed pr\u00e9stamos r\u00e1pidos en Euroloan y consigue hasta 4.000 Euros a devolver en 48 meses. \u2705Respuesta inmediata \u2705Tu dinero en 24 horas \u2705 Sin aval","robots":{"index":"index","follow":"follow","max-snippet":"max-snippet:-1","max-image-preview":"max-image-preview:large","max-video-preview":"max-video-preview:-1"},"canonical":"https:\/\/www.prestamospersonalesnet.com\/solicita-prestamos-rapidos-en-euroloan-y-consigue-4-000-e-en-24-horas\/","og_locale":"en_US","og_type":"article","og_title":"Solicita Pr\u00e9stamos R\u00e1pidos En Euroloan Y Consigue 4.000 \u20ac En 24 Horas | Pr\u00e9stamos Personales","og_description":"Solicita aqu\u00ed pr\u00e9stamos r\u00e1pidos en Euroloan y consigue hasta 4.000 Euros a devolver en 48 meses. \u2705Respuesta inmediata \u2705Tu dinero en 24 horas \u2705 Sin aval","og_url":"https:\/\/www.prestamospersonalesnet.com\/solicita-prestamos-rapidos-en-euroloan-y-consigue-4-000-e-en-24-horas\/","og_site_name":"Pr\u00e9stamos Personales","article_modified_time":"2025-07-07T17:26:47+00:00","og_image":[{"url":"https:\/\/www.prestamospersonalesnet.com\/wp-content\/uploads\/2025\/07\/prestamos-rapidos-en-euroloan.jpg","type":"","width":"","height":""}],"twitter_card":"summary_large_image","twitter_misc":{"Est. reading time":"6 minutes"},"schema":{"@context":"https:\/\/schema.org","@graph":[{"@type":"WebPage","@id":"https:\/\/www.prestamospersonalesnet.com\/solicita-prestamos-rapidos-en-euroloan-y-consigue-4-000-e-en-24-horas\/","url":"https:\/\/www.prestamospersonalesnet.com\/solicita-prestamos-rapidos-en-euroloan-y-consigue-4-000-e-en-24-horas\/","name":"Solicita Pr\u00e9stamos R\u00e1pidos En Euroloan Y Consigue 4.000 \u20ac En 24 Horas | Pr\u00e9stamos Personales","isPartOf":{"@id":"https:\/\/www.prestamospersonalesnet.com\/#website"},"primaryImageOfPage":{"@id":"https:\/\/www.prestamospersonalesnet.com\/solicita-prestamos-rapidos-en-euroloan-y-consigue-4-000-e-en-24-horas\/#primaryimage"},"image":{"@id":"https:\/\/www.prestamospersonalesnet.com\/solicita-prestamos-rapidos-en-euroloan-y-consigue-4-000-e-en-24-horas\/#primaryimage"},"thumbnailUrl":"https:\/\/www.prestamospersonalesnet.com\/wp-content\/uploads\/2025\/07\/prestamos-rapidos-en-euroloan.jpg","datePublished":"2025-07-07T16:29:04+00:00","dateModified":"2025-07-07T17:26:47+00:00","description":"Solicita aqu\u00ed pr\u00e9stamos r\u00e1pidos en Euroloan y consigue hasta 4.000 Euros a devolver en 48 meses. \u2705Respuesta inmediata \u2705Tu dinero en 24 horas \u2705 Sin aval","breadcrumb":{"@id":"https:\/\/www.prestamospersonalesnet.com\/solicita-prestamos-rapidos-en-euroloan-y-consigue-4-000-e-en-24-horas\/#breadcrumb"},"inLanguage":"en-US","potentialAction":[{"@type":"ReadAction","target":["https:\/\/www.prestamospersonalesnet.com\/solicita-prestamos-rapidos-en-euroloan-y-consigue-4-000-e-en-24-horas\/"]}]},{"@type":"ImageObject","inLanguage":"en-US","@id":"https:\/\/www.prestamospersonalesnet.com\/solicita-prestamos-rapidos-en-euroloan-y-consigue-4-000-e-en-24-horas\/#primaryimage","url":"https:\/\/www.prestamospersonalesnet.com\/wp-content\/uploads\/2025\/07\/prestamos-rapidos-en-euroloan.jpg","contentUrl":"https:\/\/www.prestamospersonalesnet.com\/wp-content\/uploads\/2025\/07\/prestamos-rapidos-en-euroloan.jpg","width":300,"height":250},{"@type":"BreadcrumbList","@id":"https:\/\/www.prestamospersonalesnet.com\/solicita-prestamos-rapidos-en-euroloan-y-consigue-4-000-e-en-24-horas\/#breadcrumb","itemListElement":[{"@type":"ListItem","position":1,"name":"Home","item":"https:\/\/www.prestamospersonalesnet.com\/"},{"@type":"ListItem","position":2,"name":"Solicita Pr\u00e9stamos R\u00e1pidos En Euroloan Y Consigue 4.000 \u20ac En 24 Horas"}]},{"@type":"WebSite","@id":"https:\/\/www.prestamospersonalesnet.com\/#website","url":"https:\/\/www.prestamospersonalesnet.com\/","name":"Pr\u00e9stamos Personales","description":"Toda la informaci\u00f3n sobre pr\u00e9stamos personales","potentialAction":[{"@type":"SearchAction","target":{"@type":"EntryPoint","urlTemplate":"https:\/\/www.prestamospersonalesnet.com\/?s={search_term_string}"},"query-input":{"@type":"PropertyValueSpecification","valueRequired":true,"valueName":"search_term_string"}}],"inLanguage":"en-US"}]}},"uagb_featured_image_src":{"full":false,"thumbnail":false,"medium":false,"medium_large":false,"large":false,"1536x1536":false,"2048x2048":false,"post-thumbnail":false},"uagb_author_info":{"display_name":"admin","author_link":"https:\/\/www.prestamospersonalesnet.com\/index.php\/author\/admin\/"},"uagb_comment_info":0,"uagb_excerpt":"Euroloan es una plataforma que ofrece pr\u00e9stamos r\u00e1pidos online donde es posible conseguir hasta 4.000 Euros en un plazo de 24 horas. Euroloan ofrece respuesta inmediata a la solicitud y la posibilidad de devolver el dinero en cuotas mensuales hasta 48 meses. Podr\u00e1s disponer del dinero de forma inmediata una vez aprobado el pr\u00e9stamo, o&hellip;","_links":{"self":[{"href":"https:\/\/www.prestamospersonalesnet.com\/index.php\/wp-json\/wp\/v2\/pages\/77","targetHints":{"allow":["GET"]}}],"collection":[{"href":"https:\/\/www.prestamospersonalesnet.com\/index.php\/wp-json\/wp\/v2\/pages"}],"about":[{"href":"https:\/\/www.prestamospersonalesnet.com\/index.php\/wp-json\/wp\/v2\/types\/page"}],"author":[{"embeddable":true,"href":"https:\/\/www.prestamospersonalesnet.com\/index.php\/wp-json\/wp\/v2\/users\/1"}],"replies":[{"embeddable":true,"href":"https:\/\/www.prestamospersonalesnet.com\/index.php\/wp-json\/wp\/v2\/comments?post=77"}],"version-history":[{"count":2,"href":"https:\/\/www.prestamospersonalesnet.com\/index.php\/wp-json\/wp\/v2\/pages\/77\/revisions"}],"predecessor-version":[{"id":126,"href":"https:\/\/www.prestamospersonalesnet.com\/index.php\/wp-json\/wp\/v2\/pages\/77\/revisions\/126"}],"wp:attachment":[{"href":"https:\/\/www.prestamospersonalesnet.com\/index.php\/wp-json\/wp\/v2\/media?parent=77"}],"curies":[{"name":"wp","href":"https:\/\/api.w.org\/{rel}","templated":true}]}}