{"id":83,"date":"2025-07-07T16:34:16","date_gmt":"2025-07-07T16:34:16","guid":{"rendered":"https:\/\/www.prestamospersonalesnet.com\/?page_id=83"},"modified":"2025-07-07T17:26:28","modified_gmt":"2025-07-07T17:26:28","slug":"solicita-creditos-rapidos-online-en-pepedinero-y-obten-7-dias-gratis","status":"publish","type":"page","link":"https:\/\/www.prestamospersonalesnet.com\/solicita-creditos-rapidos-online-en-pepedinero-y-obten-7-dias-gratis\/","title":{"rendered":"Solicita Cr\u00e9ditos R\u00e1pidos Online En Pepedinero Y Obt\u00e9n 7 D\u00edas Gratis"},"content":{"rendered":"<div class=\"wp-block-image\">\n<figure class=\"alignleft size-full\"><img loading=\"lazy\" decoding=\"async\" width=\"300\" height=\"300\" src=\"https:\/\/www.prestamospersonalesnet.com\/wp-content\/uploads\/2025\/07\/creditos-rapidos-pepedinero-1.jpg\" alt=\"prestamospersonalesnet\" class=\"wp-image-86\" srcset=\"https:\/\/www.prestamospersonalesnet.com\/wp-content\/uploads\/2025\/07\/creditos-rapidos-pepedinero-1.jpg 300w, https:\/\/www.prestamospersonalesnet.com\/wp-content\/uploads\/2025\/07\/creditos-rapidos-pepedinero-1-150x150.jpg 150w\" sizes=\"auto, (max-width: 300px) 100vw, 300px\" \/><\/figure>\n<\/div>\n\n\n<p><strong>Pepedinero<\/strong> es una entidad financiera de cr\u00e9ditos r\u00e1pidos online donde es posible conseguir hasta 500 euros en menos de una hora de forma sencilla y sin necesidad de realizar ning\u00fan tipo de papeleo. Adem\u00e1s, para los nuevos clientes ofrece un pr\u00e9stamo de hasta 200 \u20ac con los primeros 7 d\u00edas gratis, es decir, no pagas intereses ni comisiones en estos d\u00edas, por lo que es una buena oportunidad para probar el servicio y obtener dinero r\u00e1pido gratis.<\/p>\n\n\n\n<p>En Pepedinero podr\u00e1s conseguir dinero para lo que quieras, ya que no te van a preguntar para que lo vas a utilizar, y los requisitos necesarios son muy bajos, por lo que casi cualquier persona puede solicitarlos. En tu primer pr\u00e9stamo dispondr\u00e1s de 7 d\u00edas gratis, siendo el plazo m\u00e1ximo de 30 d\u00edas.<\/p>\n\n\n\n<h3 class=\"wp-block-heading\"><strong>\u00bfC\u00f3mo obtener 7 d\u00edas gratis en tu primer pr\u00e9stamo de Pepedinero?<\/strong><\/h3>\n\n\n\n<p>Para solicitar cr\u00e9ditos r\u00e1pidos online en Pepedinero y obtener 7 d\u00edas gratis en tu primer pr\u00e9stamo online <strong>tan solo tienes que acceder a su p\u00e1gina de solicitudes de cr\u00e9ditos aqu\u00ed<\/strong> e indicar la cantidad a solicitar y el plazo m\u00e1ximo de devoluci\u00f3n. Dispones de la informaci\u00f3n de la cantidad de dinero que tendr\u00e1s que devolver en el plazo establecido. Una vez pulsado el bot\u00f3n \u00abSolicitar\u00bb tendr\u00e1s que rellenar un formulario online donde indicar\u00e1s tus datos personales, tus datos de contacto, la cuenta bancaria donde te enviar\u00e1n el dinero y otros datos adicionales que ser\u00e1n utilizados para realizar el estudio del pr\u00e9stamo.<\/p>\n\n\n\n<p><strong>En menos de 5 minutos se pondr\u00e1n en contacto contigo para indicarte la aceptaci\u00f3n o denegaci\u00f3n de tu solicitud<\/strong>. En el caso de que seas nuevo cliente es posible que este estudio se retrase algo m\u00e1s, ya que es posible que tengan que realizar comprobaciones manuales y tengas que enviar cierta documentaci\u00f3n a trav\u00e9s de email, como tu DNI o NIE, tu cuenta bancaria o un justificante de ingresos. Si la solicitud ha sido aceptada tendr\u00e1s que confirmar el pr\u00e9stamo y que est\u00e1s de acuerdo con las condiciones que te han ofrecido.<\/p>\n\n\n\n<p>En el momento que confirmes el pr\u00e9stamo <strong>te enviar\u00e1n el dinero de forma inmediata a tu n\u00famero de cuenta a trav\u00e9s de transferencia bancaria<\/strong>. Tambi\u00e9n te enviar\u00e1n un correo electr\u00f3nico con la informaci\u00f3n relativa a tu pr\u00e9stamo, como el importe, los honorarios que vas a tener que pagar y el d\u00eda que tendr\u00e1s que devolver el dinero.<\/p>\n\n\n\n<h3 class=\"wp-block-heading\"><strong>Cantidad m\u00e1xima a solicitar en Pepedinero<\/strong><\/h3>\n\n\n\n<p>En Pepedinero vas a poder <strong>conseguir hasta 500 euros en menos de una hora<\/strong> a devolver en un plazo m\u00e1ximo de 30 d\u00edas, aunque hasta el cuarto pr\u00e9stamo que solicites no vas a poder obtener esta cantidad, ya que va ofreciendo mayores cantidades una vez se solicitan y devuelven los pr\u00e9stamos de forma correcta. Las <strong>cantidades m\u00e1ximas a obtener<\/strong> son las siguientes:<\/p>\n\n\n\n<ul class=\"wp-block-list\">\n<li>Primer pr\u00e9stamo: Hasta 200 euros a devolver en un plazo m\u00e1ximo de 30 d\u00edas. Los primeros 7 d\u00edas gratis, pudiendo obtener un pr\u00e9stamo de 200 euros a 7 d\u00edas gratis, sin intereses ni comisiones.<\/li>\n\n\n\n<li>Segundo pr\u00e9stamo: Hasta 300 euros a\u00a0devolver en un plazo m\u00e1ximo de 30 d\u00edas.<\/li>\n\n\n\n<li>Tercer pr\u00e9stamo: Hasta 400 euros a\u00a0devolver en un plazo m\u00e1ximo de 30 d\u00edas.<\/li>\n\n\n\n<li>Cuarto pr\u00e9stamo y posteriores: Hasta 400 euros a\u00a0devolver en un plazo m\u00e1ximo de 30 d\u00edas.<\/li>\n<\/ul>\n\n\n\n<h3 class=\"wp-block-heading\"><strong>Devoluci\u00f3n del dinero prestado<\/strong><\/h3>\n\n\n\n<p>Para devolver el dinero del pr\u00e9stamo r\u00e1pido tendr\u00e1s que realizar una <strong>transferencia bancaria o un ingreso en efectivo<\/strong> en una de las cuentas bancarias que dispone Pepedinero. En el concepto tendr\u00e1s que indicar la palabra \u00abPago\u00bb y tu DNI para que puedan identificar el pago. Pepedinero dispone de cuentas bancarias en varias entidades bancarias, como el Banco Santander, Banco Sabadell, La Caixa o ING Direct. Adem\u00e1s, podr\u00e1s realizar un <strong>reembolso anticipado del pr\u00e9stamo gratis<\/strong>, adem\u00e1s de ahorrar honorarios por los d\u00edas que has devuelto antes el dinero, es decir, solamente pagas por el tiempo que tienes el dinero en tu poder.<\/p>\n\n\n<div class=\"wp-block-image\">\n<figure class=\"aligncenter size-full\"><img loading=\"lazy\" decoding=\"async\" width=\"336\" height=\"280\" src=\"https:\/\/www.prestamospersonalesnet.com\/wp-content\/uploads\/2025\/07\/pepedinero-7-dias-gratis.jpg\" alt=\"prestamospersonalesnet\" class=\"wp-image-85\" srcset=\"https:\/\/www.prestamospersonalesnet.com\/wp-content\/uploads\/2025\/07\/pepedinero-7-dias-gratis.jpg 336w, https:\/\/www.prestamospersonalesnet.com\/wp-content\/uploads\/2025\/07\/pepedinero-7-dias-gratis-300x250.jpg 300w\" sizes=\"auto, (max-width: 336px) 100vw, 336px\" \/><\/figure>\n<\/div>\n\n\n<h3 class=\"wp-block-heading\"><strong>Requisitos necesarios para conseguir cr\u00e9ditos r\u00e1pidos online en Pepedinero<\/strong><\/h3>\n\n\n\n<p>Los <strong>requisitos necesarios para obtener cr\u00e9ditos r\u00e1pidos online en Pepedinero<\/strong> son bajos, <strong>no teniendo que disponer de un aval<\/strong>, ya que son pr\u00e9stamos sin garant\u00eda. Los requisitos necesarios son los siguientes:<\/p>\n\n\n\n<ul class=\"wp-block-list\">\n<li>Tener al menos 18 a\u00f1os de edad.<\/li>\n\n\n\n<li>Tener la residencia en Espa\u00f1a, disponiendo de un DNI o NIE en vigor.<\/li>\n\n\n\n<li>Disponer de ingresos peri\u00f3dicos demostrables, como una n\u00f3mina, pensi\u00f3n, prestaci\u00f3n o justificante de ingresos.<\/li>\n\n\n\n<li>No tener otro pr\u00e9stamo en vigor en Pepedinero en ese momento.<\/li>\n\n\n\n<li>Tener un tel\u00e9fono m\u00f3vil.<\/li>\n\n\n\n<li>Tener una cuenta bancaria donde seas titular.<\/li>\n\n\n\n<li>No tener deudas en el listado de morosos ASNEF.<\/li>\n<\/ul>\n\n\n\n<h3 class=\"wp-block-heading\"><strong>Ventajas de sus pr\u00e9stamos r\u00e1pidos<\/strong><\/h3>\n\n\n\n<p>Entre las ventajas que disponen los cr\u00e9ditos r\u00e1pidos de Pepedinero est\u00e1n la <strong>rapidez y la sencillez<\/strong> para solicitarlos, ya que se solicitan a trav\u00e9s de un simple formulario a trav\u00e9s de su p\u00e1gina web y tienes <strong>respuesta en menos de 5 minutos<\/strong> una vez enviada la solicitud. No tendr\u00e1s que realizar ning\u00fan tipo de papeleo para solicitarlos y si tu solicitud resulta aceptada te enviar\u00e1n el dinero de forma inmediata a tu n\u00famero de cuenta bancaria.<\/p>\n\n\n\n<p>Podr\u00e1s disponer de <strong>7 d\u00edas gratis para tu primer cr\u00e9dito<\/strong>, de forma que puedas probar el servicio de forma gratuita durante 7 d\u00edas. De esta forma podr\u00e1s conseguir dinero r\u00e1pido gratis, <strong>sin intereses ni comisiones<\/strong>.<\/p>\n\n\n\n<p>Otra ventaja de los pr\u00e9stamos r\u00e1pidos de Pepedinero es que <strong>no vas a tener que cumplir grandes requisitos<\/strong> para obtenerlos, ya que simplemente necesitar\u00e1s un justificante de ingresos peri\u00f3dicos y no estar en listados de morosos como ASNEF. El estudio de riesgos lo realizan en el momento de enviar la solicitud y te mandan la respuesta en unos minutos.<\/p>\n\n\n\n<p>Podr\u00e1s obtener una cantidad mayor de dinero cada solicitud que realices, pudiendo disponer de <strong>hasta 500 euros a devolver en un plazo m\u00e1ximo de 30 d\u00edas<\/strong> a partir del cuarto pr\u00e9stamo solicitado. Para ello tendr\u00e1s que devolver el dinero de los pr\u00e9stamos anteriores en el plazo establecido.<\/p>\n\n\n\n<p>Podr\u00e1s devolver el dinero de dos formas diferentes, eligiendo la que mejor se adapte a ti: A trav\u00e9s de <strong>transferencia bancaria o realizando un ingreso en efectivo<\/strong> en uno de sus n\u00fameros de cuenta. Pepedinero dispone de cuentas bancarias en las mayores entidades bancarias del pa\u00eds. Adem\u00e1s, podr\u00e1s realizar un <strong>reembolso anticipado del dinero gratis<\/strong>.<\/p>\n\n\n\n<p>Por \u00faltimo, Pepedinero pone a tu disposici\u00f3n un <strong>servicio de atenci\u00f3n al cliente<\/strong> donde puedes ponerte en contacto a trav\u00e9s de tel\u00e9fono o email de lunes a viernes de 10:00 a 19:00.<\/p>\n\n\n\n<p>En <strong>prestamospersonalesnet<\/strong> dispones de todo tipo de pr\u00e9stamos donde conseguir dinero r\u00e1pido de forma online, como son los pr\u00e9stamos personales, cr\u00e9ditos r\u00e1pidos, pr\u00e9stamos preconcedidos o tarjetas de cr\u00e9dito. Si quieres saber m\u00e1s tipos de formas de obtener dinero r\u00e1pido, puedes consultar en los art\u00edculos que publicamos.<\/p>\n","protected":false},"excerpt":{"rendered":"<p>Pepedinero es una entidad financiera de cr\u00e9ditos r\u00e1pidos online donde es posible conseguir hasta 500 euros en menos de una hora de forma sencilla y sin necesidad de realizar ning\u00fan tipo de papeleo. Adem\u00e1s, para los nuevos clientes ofrece un pr\u00e9stamo de hasta 200 \u20ac con los primeros 7 d\u00edas gratis, es decir, no pagas &hellip; <a href=\"https:\/\/www.prestamospersonalesnet.com\/solicita-creditos-rapidos-online-en-pepedinero-y-obten-7-dias-gratis\/\" class=\"more-link\">Continue reading <span class=\"screen-reader-text\">Solicita Cr\u00e9ditos R\u00e1pidos Online En Pepedinero Y Obt\u00e9n 7 D\u00edas Gratis<\/span><\/a><\/p>\n","protected":false},"author":1,"featured_media":0,"parent":0,"menu_order":0,"comment_status":"closed","ping_status":"closed","template":"","meta":{"_uag_custom_page_level_css":"","footnotes":""},"class_list":["post-83","page","type-page","status-publish","hentry"],"yoast_head":"<!-- This site is optimized with the Yoast SEO plugin v25.4 - https:\/\/yoast.com\/wordpress\/plugins\/seo\/ -->\n<title>Solicita Cr\u00e9ditos R\u00e1pidos Online En Pepedinero Y Obt\u00e9n 7 D\u00edas Gratis | Pr\u00e9stamos Personales<\/title>\n<meta name=\"description\" content=\"Solicita cr\u00e9ditos r\u00e1pidos online en Pepedinero y obt\u00e9n 7 d\u00edas gratis en tu primer pr\u00e9stamo de hasta 200 \u20ac, sin intereses ni comisiones y en menos de 1 hora.\" \/>\n<meta name=\"robots\" content=\"index, follow, max-snippet:-1, max-image-preview:large, max-video-preview:-1\" \/>\n<link rel=\"canonical\" href=\"https:\/\/www.prestamospersonalesnet.com\/solicita-creditos-rapidos-online-en-pepedinero-y-obten-7-dias-gratis\/\" \/>\n<meta property=\"og:locale\" content=\"en_US\" \/>\n<meta property=\"og:type\" content=\"article\" \/>\n<meta property=\"og:title\" content=\"Solicita Cr\u00e9ditos R\u00e1pidos Online En Pepedinero Y Obt\u00e9n 7 D\u00edas Gratis | Pr\u00e9stamos Personales\" \/>\n<meta property=\"og:description\" content=\"Solicita cr\u00e9ditos r\u00e1pidos online en Pepedinero y obt\u00e9n 7 d\u00edas gratis en tu primer pr\u00e9stamo de hasta 200 \u20ac, sin intereses ni comisiones y en menos de 1 hora.\" \/>\n<meta property=\"og:url\" content=\"https:\/\/www.prestamospersonalesnet.com\/solicita-creditos-rapidos-online-en-pepedinero-y-obten-7-dias-gratis\/\" \/>\n<meta property=\"og:site_name\" content=\"Pr\u00e9stamos Personales\" \/>\n<meta property=\"article:modified_time\" content=\"2025-07-07T17:26:28+00:00\" \/>\n<meta property=\"og:image\" content=\"https:\/\/www.prestamospersonalesnet.com\/wp-content\/uploads\/2025\/07\/creditos-rapidos-pepedinero-1.jpg\" \/>\n<meta name=\"twitter:card\" content=\"summary_large_image\" \/>\n<meta name=\"twitter:label1\" content=\"Est. reading time\" \/>\n\t<meta name=\"twitter:data1\" content=\"6 minutes\" \/>\n<script type=\"application\/ld+json\" class=\"yoast-schema-graph\">{\"@context\":\"https:\/\/schema.org\",\"@graph\":[{\"@type\":\"WebPage\",\"@id\":\"https:\/\/www.prestamospersonalesnet.com\/solicita-creditos-rapidos-online-en-pepedinero-y-obten-7-dias-gratis\/\",\"url\":\"https:\/\/www.prestamospersonalesnet.com\/solicita-creditos-rapidos-online-en-pepedinero-y-obten-7-dias-gratis\/\",\"name\":\"Solicita Cr\u00e9ditos R\u00e1pidos Online En Pepedinero Y Obt\u00e9n 7 D\u00edas Gratis | Pr\u00e9stamos Personales\",\"isPartOf\":{\"@id\":\"https:\/\/www.prestamospersonalesnet.com\/#website\"},\"primaryImageOfPage\":{\"@id\":\"https:\/\/www.prestamospersonalesnet.com\/solicita-creditos-rapidos-online-en-pepedinero-y-obten-7-dias-gratis\/#primaryimage\"},\"image\":{\"@id\":\"https:\/\/www.prestamospersonalesnet.com\/solicita-creditos-rapidos-online-en-pepedinero-y-obten-7-dias-gratis\/#primaryimage\"},\"thumbnailUrl\":\"https:\/\/www.prestamospersonalesnet.com\/wp-content\/uploads\/2025\/07\/creditos-rapidos-pepedinero-1.jpg\",\"datePublished\":\"2025-07-07T16:34:16+00:00\",\"dateModified\":\"2025-07-07T17:26:28+00:00\",\"description\":\"Solicita cr\u00e9ditos r\u00e1pidos online en Pepedinero y obt\u00e9n 7 d\u00edas gratis en tu primer pr\u00e9stamo de hasta 200 \u20ac, sin intereses ni comisiones y en menos de 1 hora.\",\"breadcrumb\":{\"@id\":\"https:\/\/www.prestamospersonalesnet.com\/solicita-creditos-rapidos-online-en-pepedinero-y-obten-7-dias-gratis\/#breadcrumb\"},\"inLanguage\":\"en-US\",\"potentialAction\":[{\"@type\":\"ReadAction\",\"target\":[\"https:\/\/www.prestamospersonalesnet.com\/solicita-creditos-rapidos-online-en-pepedinero-y-obten-7-dias-gratis\/\"]}]},{\"@type\":\"ImageObject\",\"inLanguage\":\"en-US\",\"@id\":\"https:\/\/www.prestamospersonalesnet.com\/solicita-creditos-rapidos-online-en-pepedinero-y-obten-7-dias-gratis\/#primaryimage\",\"url\":\"https:\/\/www.prestamospersonalesnet.com\/wp-content\/uploads\/2025\/07\/creditos-rapidos-pepedinero-1.jpg\",\"contentUrl\":\"https:\/\/www.prestamospersonalesnet.com\/wp-content\/uploads\/2025\/07\/creditos-rapidos-pepedinero-1.jpg\",\"width\":300,\"height\":300},{\"@type\":\"BreadcrumbList\",\"@id\":\"https:\/\/www.prestamospersonalesnet.com\/solicita-creditos-rapidos-online-en-pepedinero-y-obten-7-dias-gratis\/#breadcrumb\",\"itemListElement\":[{\"@type\":\"ListItem\",\"position\":1,\"name\":\"Home\",\"item\":\"https:\/\/www.prestamospersonalesnet.com\/\"},{\"@type\":\"ListItem\",\"position\":2,\"name\":\"Solicita Cr\u00e9ditos R\u00e1pidos Online En Pepedinero Y Obt\u00e9n 7 D\u00edas Gratis\"}]},{\"@type\":\"WebSite\",\"@id\":\"https:\/\/www.prestamospersonalesnet.com\/#website\",\"url\":\"https:\/\/www.prestamospersonalesnet.com\/\",\"name\":\"Pr\u00e9stamos Personales\",\"description\":\"Toda la informaci\u00f3n sobre pr\u00e9stamos personales\",\"potentialAction\":[{\"@type\":\"SearchAction\",\"target\":{\"@type\":\"EntryPoint\",\"urlTemplate\":\"https:\/\/www.prestamospersonalesnet.com\/?s={search_term_string}\"},\"query-input\":{\"@type\":\"PropertyValueSpecification\",\"valueRequired\":true,\"valueName\":\"search_term_string\"}}],\"inLanguage\":\"en-US\"}]}<\/script>\n<!-- \/ Yoast SEO plugin. -->","yoast_head_json":{"title":"Solicita Cr\u00e9ditos R\u00e1pidos Online En Pepedinero Y Obt\u00e9n 7 D\u00edas Gratis | Pr\u00e9stamos Personales","description":"Solicita cr\u00e9ditos r\u00e1pidos online en Pepedinero y obt\u00e9n 7 d\u00edas gratis en tu primer pr\u00e9stamo de hasta 200 \u20ac, sin intereses ni comisiones y en menos de 1 hora.","robots":{"index":"index","follow":"follow","max-snippet":"max-snippet:-1","max-image-preview":"max-image-preview:large","max-video-preview":"max-video-preview:-1"},"canonical":"https:\/\/www.prestamospersonalesnet.com\/solicita-creditos-rapidos-online-en-pepedinero-y-obten-7-dias-gratis\/","og_locale":"en_US","og_type":"article","og_title":"Solicita Cr\u00e9ditos R\u00e1pidos Online En Pepedinero Y Obt\u00e9n 7 D\u00edas Gratis | Pr\u00e9stamos Personales","og_description":"Solicita cr\u00e9ditos r\u00e1pidos online en Pepedinero y obt\u00e9n 7 d\u00edas gratis en tu primer pr\u00e9stamo de hasta 200 \u20ac, sin intereses ni comisiones y en menos de 1 hora.","og_url":"https:\/\/www.prestamospersonalesnet.com\/solicita-creditos-rapidos-online-en-pepedinero-y-obten-7-dias-gratis\/","og_site_name":"Pr\u00e9stamos Personales","article_modified_time":"2025-07-07T17:26:28+00:00","og_image":[{"url":"https:\/\/www.prestamospersonalesnet.com\/wp-content\/uploads\/2025\/07\/creditos-rapidos-pepedinero-1.jpg","type":"","width":"","height":""}],"twitter_card":"summary_large_image","twitter_misc":{"Est. reading time":"6 minutes"},"schema":{"@context":"https:\/\/schema.org","@graph":[{"@type":"WebPage","@id":"https:\/\/www.prestamospersonalesnet.com\/solicita-creditos-rapidos-online-en-pepedinero-y-obten-7-dias-gratis\/","url":"https:\/\/www.prestamospersonalesnet.com\/solicita-creditos-rapidos-online-en-pepedinero-y-obten-7-dias-gratis\/","name":"Solicita Cr\u00e9ditos R\u00e1pidos Online En Pepedinero Y Obt\u00e9n 7 D\u00edas Gratis | Pr\u00e9stamos Personales","isPartOf":{"@id":"https:\/\/www.prestamospersonalesnet.com\/#website"},"primaryImageOfPage":{"@id":"https:\/\/www.prestamospersonalesnet.com\/solicita-creditos-rapidos-online-en-pepedinero-y-obten-7-dias-gratis\/#primaryimage"},"image":{"@id":"https:\/\/www.prestamospersonalesnet.com\/solicita-creditos-rapidos-online-en-pepedinero-y-obten-7-dias-gratis\/#primaryimage"},"thumbnailUrl":"https:\/\/www.prestamospersonalesnet.com\/wp-content\/uploads\/2025\/07\/creditos-rapidos-pepedinero-1.jpg","datePublished":"2025-07-07T16:34:16+00:00","dateModified":"2025-07-07T17:26:28+00:00","description":"Solicita cr\u00e9ditos r\u00e1pidos online en Pepedinero y obt\u00e9n 7 d\u00edas gratis en tu primer pr\u00e9stamo de hasta 200 \u20ac, sin intereses ni comisiones y en menos de 1 hora.","breadcrumb":{"@id":"https:\/\/www.prestamospersonalesnet.com\/solicita-creditos-rapidos-online-en-pepedinero-y-obten-7-dias-gratis\/#breadcrumb"},"inLanguage":"en-US","potentialAction":[{"@type":"ReadAction","target":["https:\/\/www.prestamospersonalesnet.com\/solicita-creditos-rapidos-online-en-pepedinero-y-obten-7-dias-gratis\/"]}]},{"@type":"ImageObject","inLanguage":"en-US","@id":"https:\/\/www.prestamospersonalesnet.com\/solicita-creditos-rapidos-online-en-pepedinero-y-obten-7-dias-gratis\/#primaryimage","url":"https:\/\/www.prestamospersonalesnet.com\/wp-content\/uploads\/2025\/07\/creditos-rapidos-pepedinero-1.jpg","contentUrl":"https:\/\/www.prestamospersonalesnet.com\/wp-content\/uploads\/2025\/07\/creditos-rapidos-pepedinero-1.jpg","width":300,"height":300},{"@type":"BreadcrumbList","@id":"https:\/\/www.prestamospersonalesnet.com\/solicita-creditos-rapidos-online-en-pepedinero-y-obten-7-dias-gratis\/#breadcrumb","itemListElement":[{"@type":"ListItem","position":1,"name":"Home","item":"https:\/\/www.prestamospersonalesnet.com\/"},{"@type":"ListItem","position":2,"name":"Solicita Cr\u00e9ditos R\u00e1pidos Online En Pepedinero Y Obt\u00e9n 7 D\u00edas Gratis"}]},{"@type":"WebSite","@id":"https:\/\/www.prestamospersonalesnet.com\/#website","url":"https:\/\/www.prestamospersonalesnet.com\/","name":"Pr\u00e9stamos Personales","description":"Toda la informaci\u00f3n sobre pr\u00e9stamos personales","potentialAction":[{"@type":"SearchAction","target":{"@type":"EntryPoint","urlTemplate":"https:\/\/www.prestamospersonalesnet.com\/?s={search_term_string}"},"query-input":{"@type":"PropertyValueSpecification","valueRequired":true,"valueName":"search_term_string"}}],"inLanguage":"en-US"}]}},"uagb_featured_image_src":{"full":false,"thumbnail":false,"medium":false,"medium_large":false,"large":false,"1536x1536":false,"2048x2048":false,"post-thumbnail":false},"uagb_author_info":{"display_name":"admin","author_link":"https:\/\/www.prestamospersonalesnet.com\/index.php\/author\/admin\/"},"uagb_comment_info":0,"uagb_excerpt":"Pepedinero es una entidad financiera de cr\u00e9ditos r\u00e1pidos online donde es posible conseguir hasta 500 euros en menos de una hora de forma sencilla y sin necesidad de realizar ning\u00fan tipo de papeleo. Adem\u00e1s, para los nuevos clientes ofrece un pr\u00e9stamo de hasta 200 \u20ac con los primeros 7 d\u00edas gratis, es decir, no pagas&hellip;","_links":{"self":[{"href":"https:\/\/www.prestamospersonalesnet.com\/index.php\/wp-json\/wp\/v2\/pages\/83","targetHints":{"allow":["GET"]}}],"collection":[{"href":"https:\/\/www.prestamospersonalesnet.com\/index.php\/wp-json\/wp\/v2\/pages"}],"about":[{"href":"https:\/\/www.prestamospersonalesnet.com\/index.php\/wp-json\/wp\/v2\/types\/page"}],"author":[{"embeddable":true,"href":"https:\/\/www.prestamospersonalesnet.com\/index.php\/wp-json\/wp\/v2\/users\/1"}],"replies":[{"embeddable":true,"href":"https:\/\/www.prestamospersonalesnet.com\/index.php\/wp-json\/wp\/v2\/comments?post=83"}],"version-history":[{"count":2,"href":"https:\/\/www.prestamospersonalesnet.com\/index.php\/wp-json\/wp\/v2\/pages\/83\/revisions"}],"predecessor-version":[{"id":88,"href":"https:\/\/www.prestamospersonalesnet.com\/index.php\/wp-json\/wp\/v2\/pages\/83\/revisions\/88"}],"wp:attachment":[{"href":"https:\/\/www.prestamospersonalesnet.com\/index.php\/wp-json\/wp\/v2\/media?parent=83"}],"curies":[{"name":"wp","href":"https:\/\/api.w.org\/{rel}","templated":true}]}}