{"id":89,"date":"2025-07-07T16:36:30","date_gmt":"2025-07-07T16:36:30","guid":{"rendered":"https:\/\/www.prestamospersonalesnet.com\/?page_id=89"},"modified":"2025-07-07T17:25:54","modified_gmt":"2025-07-07T17:25:54","slug":"prestamos-personales-y-minicreditos-rapidos-online-en-sucredito","status":"publish","type":"page","link":"https:\/\/www.prestamospersonalesnet.com\/prestamos-personales-y-minicreditos-rapidos-online-en-sucredito\/","title":{"rendered":"Pr\u00e9stamos Personales y Minicr\u00e9ditos R\u00e1pidos Online En Sucredito"},"content":{"rendered":"<div class=\"wp-block-image\">\n<figure class=\"alignleft size-full\"><img loading=\"lazy\" decoding=\"async\" width=\"150\" height=\"150\" src=\"https:\/\/www.prestamospersonalesnet.com\/wp-content\/uploads\/2025\/07\/prestamos-personales-mini-prestamos-rapidos-sucredito-2.jpg\" alt=\"prestamospersonalesnet\" class=\"wp-image-90\"\/><\/figure>\n<\/div>\n\n\n<p>Sucredito es una entidad con sede en Madrid especialista en <strong>pr\u00e9stamos personales urgentes<\/strong>, como son los <strong>minicr\u00e9ditos r\u00e1pidos online<\/strong>. Ofrece <strong>minicr\u00e9ditos de 50 \u20ac a 500 \u20ac<\/strong> a devolver en un <strong>plazo de 15 \u00f3 30 d\u00edas<\/strong>. Sucredito ofrece la soluci\u00f3n para peque\u00f1as necesidades financieras con pr\u00e9stamos personales urgentes r\u00e1pidos y flexibles, ideales para hacer frente a cualquier <strong>imprevisto o gasto excepcional<\/strong>.<\/p>\n\n\n\n<p>Los minicr\u00e9ditos r\u00e1pidos online que ofrece Sucredito son <strong>r\u00e1pidos, seguros y flexibles<\/strong>, pudiendo utilizar los pr\u00e9stamos personales que has solicitado para cualquier cosa que necesites <strong>sin dar explicaciones a nadie<\/strong>.<\/p>\n\n\n\n<h3 class=\"wp-block-heading\"><strong>\u00bfC\u00f3mo solicitar minicr\u00e9ditos r\u00e1pidos y pr\u00e9stamos personales en Sucredito?<\/strong><\/h3>\n\n\n\n<p>Para solicitar pr\u00e9stamos personales en Sucredito tan solo tienes que <strong>acceder a su formulario de solicitud pinchando aqu\u00ed<\/strong>. Tendr\u00e1s que rellenar tus datos personales y la cantidad y plazo a solicitar y pulsar el bot\u00f3n <em>solicite!<\/em>. Se podr\u00e1n en contacto contigo en menos de 10 minutos dentro de su horario de atenci\u00f3n que es de lunes a viernes de 09:30 a 21:00 y s\u00e1bados de 11:00 a 16:00.<\/p>\n\n\n\n<h3 class=\"wp-block-heading\"><strong>\u00bfQu\u00e9 requisitos hay que cumplir para solicitarlos?<\/strong><\/h3>\n\n\n\n<p>Para solicitar minicr\u00e9ditos r\u00e1pidos en Sucredito solamente tienes que ser mayor de edad y tener un documento de identidad. Adem\u00e1s tendr\u00e1s que tener un <strong>tel\u00e9fono m\u00f3vil<\/strong>, por el cual se pondr\u00e1n en contacto contigo. Una vez realizada la solicitud comprobar\u00e1n estos datos y se pondr\u00e1n en contacto contigo para terminar la contrataci\u00f3n del pr\u00e9stamo y podr\u00e1s tener <strong>el dinero en tu cuenta en 10 minutos<\/strong>.<\/p>\n\n\n\n<p>Para devolver el pr\u00e9stamo tan s\u00f3lo tienes que realizar una <strong>transferencia bancaria o un ingreso en efectivo<\/strong> a una de sus cuentas bancarias que te ser\u00e1n facilitadas en el momento de contrataci\u00f3n del pr\u00e9stamo personal.<\/p>\n\n\n\n<h3 class=\"wp-block-heading\"><strong>Ventajas de sus pr\u00e9stamos personales<\/strong><\/h3>\n\n\n\n<p>Con Sucredito <strong>puedes obtener pr\u00e9stamos con\u00a0ASNEF<\/strong>\u00a0de una manera sencilla y r\u00e1pida.\u00a0<strong>No tendr\u00e1s que dar explicaciones<\/strong>\u00a0a nadie de lo que vas a hacer con tu dinero al solicitar tu pr\u00e9stamo.<\/p>\n\n\n\n<p>La principal ventaja de los pr\u00e9stamos personales urgentes que te ofrece Sucredito es la <strong>rapidez<\/strong>, pudiendo tener el dinero en tu cuenta bancaria en 10 minutos. Adem\u00e1s te ofrecen <strong>sencillez<\/strong> a la hora de realizar la solicitud, rellenando un peque\u00f1o formulario con tus datos para ello.<\/p>\n\n\n\n<p>La <strong>flexibilidad<\/strong> es otro punto fuerte de Sucredito, ya que si no puedes pagar el pr\u00e9stamo en la fecha de vencimiento tendr\u00e1s un recargo de 10 Euros y otra semana m\u00e1s para poder pagarlo. Si la siguiente semana tampoco puedes pagarlo tendr\u00e1s otro recargo de 17,50 Euros y otra semana m\u00e1s para pagarlo y a partir de este momento puedes ponerte en contacto con ellos para <strong>llegar a un acuerdo para pagar el pr\u00e9stamo<\/strong>.<\/p>\n","protected":false},"excerpt":{"rendered":"<p>Sucredito es una entidad con sede en Madrid especialista en pr\u00e9stamos personales urgentes, como son los minicr\u00e9ditos r\u00e1pidos online. Ofrece minicr\u00e9ditos de 50 \u20ac a 500 \u20ac a devolver en un plazo de 15 \u00f3 30 d\u00edas. Sucredito ofrece la soluci\u00f3n para peque\u00f1as necesidades financieras con pr\u00e9stamos personales urgentes r\u00e1pidos y flexibles, ideales para hacer &hellip; <a href=\"https:\/\/www.prestamospersonalesnet.com\/prestamos-personales-y-minicreditos-rapidos-online-en-sucredito\/\" class=\"more-link\">Continue reading <span class=\"screen-reader-text\">Pr\u00e9stamos Personales y Minicr\u00e9ditos R\u00e1pidos Online En Sucredito<\/span><\/a><\/p>\n","protected":false},"author":1,"featured_media":0,"parent":0,"menu_order":0,"comment_status":"closed","ping_status":"closed","template":"","meta":{"_uag_custom_page_level_css":"","footnotes":""},"class_list":["post-89","page","type-page","status-publish","hentry"],"yoast_head":"<!-- This site is optimized with the Yoast SEO plugin v25.4 - https:\/\/yoast.com\/wordpress\/plugins\/seo\/ -->\n<title>Pr\u00e9stamos Personales y Minicr\u00e9ditos R\u00e1pidos Online En Sucredito | Pr\u00e9stamos Personales<\/title>\n<meta name=\"description\" content=\"Solicita pr\u00e9stamos personales y minicr\u00e9ditos r\u00e1pidos online en sucredito. Entra para ver todas las caracter\u00edsticas y condiciones de sus pr\u00e9stamos r\u00e1pidos\" \/>\n<meta name=\"robots\" content=\"index, follow, max-snippet:-1, max-image-preview:large, max-video-preview:-1\" \/>\n<link rel=\"canonical\" href=\"https:\/\/www.prestamospersonalesnet.com\/prestamos-personales-y-minicreditos-rapidos-online-en-sucredito\/\" \/>\n<meta property=\"og:locale\" content=\"en_US\" \/>\n<meta property=\"og:type\" content=\"article\" \/>\n<meta property=\"og:title\" content=\"Pr\u00e9stamos Personales y Minicr\u00e9ditos R\u00e1pidos Online En Sucredito | Pr\u00e9stamos Personales\" \/>\n<meta property=\"og:description\" content=\"Solicita pr\u00e9stamos personales y minicr\u00e9ditos r\u00e1pidos online en sucredito. Entra para ver todas las caracter\u00edsticas y condiciones de sus pr\u00e9stamos r\u00e1pidos\" \/>\n<meta property=\"og:url\" content=\"https:\/\/www.prestamospersonalesnet.com\/prestamos-personales-y-minicreditos-rapidos-online-en-sucredito\/\" \/>\n<meta property=\"og:site_name\" content=\"Pr\u00e9stamos Personales\" \/>\n<meta property=\"article:modified_time\" content=\"2025-07-07T17:25:54+00:00\" \/>\n<meta property=\"og:image\" content=\"https:\/\/www.prestamospersonalesnet.com\/wp-content\/uploads\/2025\/07\/prestamos-personales-mini-prestamos-rapidos-sucredito-2.jpg\" \/>\n<meta name=\"twitter:card\" content=\"summary_large_image\" \/>\n<meta name=\"twitter:label1\" content=\"Est. reading time\" \/>\n\t<meta name=\"twitter:data1\" content=\"3 minutes\" \/>\n<script type=\"application\/ld+json\" class=\"yoast-schema-graph\">{\"@context\":\"https:\/\/schema.org\",\"@graph\":[{\"@type\":\"WebPage\",\"@id\":\"https:\/\/www.prestamospersonalesnet.com\/prestamos-personales-y-minicreditos-rapidos-online-en-sucredito\/\",\"url\":\"https:\/\/www.prestamospersonalesnet.com\/prestamos-personales-y-minicreditos-rapidos-online-en-sucredito\/\",\"name\":\"Pr\u00e9stamos Personales y Minicr\u00e9ditos R\u00e1pidos Online En Sucredito | Pr\u00e9stamos Personales\",\"isPartOf\":{\"@id\":\"https:\/\/www.prestamospersonalesnet.com\/#website\"},\"primaryImageOfPage\":{\"@id\":\"https:\/\/www.prestamospersonalesnet.com\/prestamos-personales-y-minicreditos-rapidos-online-en-sucredito\/#primaryimage\"},\"image\":{\"@id\":\"https:\/\/www.prestamospersonalesnet.com\/prestamos-personales-y-minicreditos-rapidos-online-en-sucredito\/#primaryimage\"},\"thumbnailUrl\":\"https:\/\/www.prestamospersonalesnet.com\/wp-content\/uploads\/2025\/07\/prestamos-personales-mini-prestamos-rapidos-sucredito-2.jpg\",\"datePublished\":\"2025-07-07T16:36:30+00:00\",\"dateModified\":\"2025-07-07T17:25:54+00:00\",\"description\":\"Solicita pr\u00e9stamos personales y minicr\u00e9ditos r\u00e1pidos online en sucredito. Entra para ver todas las caracter\u00edsticas y condiciones de sus pr\u00e9stamos r\u00e1pidos\",\"breadcrumb\":{\"@id\":\"https:\/\/www.prestamospersonalesnet.com\/prestamos-personales-y-minicreditos-rapidos-online-en-sucredito\/#breadcrumb\"},\"inLanguage\":\"en-US\",\"potentialAction\":[{\"@type\":\"ReadAction\",\"target\":[\"https:\/\/www.prestamospersonalesnet.com\/prestamos-personales-y-minicreditos-rapidos-online-en-sucredito\/\"]}]},{\"@type\":\"ImageObject\",\"inLanguage\":\"en-US\",\"@id\":\"https:\/\/www.prestamospersonalesnet.com\/prestamos-personales-y-minicreditos-rapidos-online-en-sucredito\/#primaryimage\",\"url\":\"https:\/\/www.prestamospersonalesnet.com\/wp-content\/uploads\/2025\/07\/prestamos-personales-mini-prestamos-rapidos-sucredito-2.jpg\",\"contentUrl\":\"https:\/\/www.prestamospersonalesnet.com\/wp-content\/uploads\/2025\/07\/prestamos-personales-mini-prestamos-rapidos-sucredito-2.jpg\",\"width\":150,\"height\":150},{\"@type\":\"BreadcrumbList\",\"@id\":\"https:\/\/www.prestamospersonalesnet.com\/prestamos-personales-y-minicreditos-rapidos-online-en-sucredito\/#breadcrumb\",\"itemListElement\":[{\"@type\":\"ListItem\",\"position\":1,\"name\":\"Home\",\"item\":\"https:\/\/www.prestamospersonalesnet.com\/\"},{\"@type\":\"ListItem\",\"position\":2,\"name\":\"Pr\u00e9stamos Personales y Minicr\u00e9ditos R\u00e1pidos Online En Sucredito\"}]},{\"@type\":\"WebSite\",\"@id\":\"https:\/\/www.prestamospersonalesnet.com\/#website\",\"url\":\"https:\/\/www.prestamospersonalesnet.com\/\",\"name\":\"Pr\u00e9stamos Personales\",\"description\":\"Toda la informaci\u00f3n sobre pr\u00e9stamos personales\",\"potentialAction\":[{\"@type\":\"SearchAction\",\"target\":{\"@type\":\"EntryPoint\",\"urlTemplate\":\"https:\/\/www.prestamospersonalesnet.com\/?s={search_term_string}\"},\"query-input\":{\"@type\":\"PropertyValueSpecification\",\"valueRequired\":true,\"valueName\":\"search_term_string\"}}],\"inLanguage\":\"en-US\"}]}<\/script>\n<!-- \/ Yoast SEO plugin. -->","yoast_head_json":{"title":"Pr\u00e9stamos Personales y Minicr\u00e9ditos R\u00e1pidos Online En Sucredito | Pr\u00e9stamos Personales","description":"Solicita pr\u00e9stamos personales y minicr\u00e9ditos r\u00e1pidos online en sucredito. Entra para ver todas las caracter\u00edsticas y condiciones de sus pr\u00e9stamos r\u00e1pidos","robots":{"index":"index","follow":"follow","max-snippet":"max-snippet:-1","max-image-preview":"max-image-preview:large","max-video-preview":"max-video-preview:-1"},"canonical":"https:\/\/www.prestamospersonalesnet.com\/prestamos-personales-y-minicreditos-rapidos-online-en-sucredito\/","og_locale":"en_US","og_type":"article","og_title":"Pr\u00e9stamos Personales y Minicr\u00e9ditos R\u00e1pidos Online En Sucredito | Pr\u00e9stamos Personales","og_description":"Solicita pr\u00e9stamos personales y minicr\u00e9ditos r\u00e1pidos online en sucredito. Entra para ver todas las caracter\u00edsticas y condiciones de sus pr\u00e9stamos r\u00e1pidos","og_url":"https:\/\/www.prestamospersonalesnet.com\/prestamos-personales-y-minicreditos-rapidos-online-en-sucredito\/","og_site_name":"Pr\u00e9stamos Personales","article_modified_time":"2025-07-07T17:25:54+00:00","og_image":[{"url":"https:\/\/www.prestamospersonalesnet.com\/wp-content\/uploads\/2025\/07\/prestamos-personales-mini-prestamos-rapidos-sucredito-2.jpg","type":"","width":"","height":""}],"twitter_card":"summary_large_image","twitter_misc":{"Est. reading time":"3 minutes"},"schema":{"@context":"https:\/\/schema.org","@graph":[{"@type":"WebPage","@id":"https:\/\/www.prestamospersonalesnet.com\/prestamos-personales-y-minicreditos-rapidos-online-en-sucredito\/","url":"https:\/\/www.prestamospersonalesnet.com\/prestamos-personales-y-minicreditos-rapidos-online-en-sucredito\/","name":"Pr\u00e9stamos Personales y Minicr\u00e9ditos R\u00e1pidos Online En Sucredito | Pr\u00e9stamos Personales","isPartOf":{"@id":"https:\/\/www.prestamospersonalesnet.com\/#website"},"primaryImageOfPage":{"@id":"https:\/\/www.prestamospersonalesnet.com\/prestamos-personales-y-minicreditos-rapidos-online-en-sucredito\/#primaryimage"},"image":{"@id":"https:\/\/www.prestamospersonalesnet.com\/prestamos-personales-y-minicreditos-rapidos-online-en-sucredito\/#primaryimage"},"thumbnailUrl":"https:\/\/www.prestamospersonalesnet.com\/wp-content\/uploads\/2025\/07\/prestamos-personales-mini-prestamos-rapidos-sucredito-2.jpg","datePublished":"2025-07-07T16:36:30+00:00","dateModified":"2025-07-07T17:25:54+00:00","description":"Solicita pr\u00e9stamos personales y minicr\u00e9ditos r\u00e1pidos online en sucredito. Entra para ver todas las caracter\u00edsticas y condiciones de sus pr\u00e9stamos r\u00e1pidos","breadcrumb":{"@id":"https:\/\/www.prestamospersonalesnet.com\/prestamos-personales-y-minicreditos-rapidos-online-en-sucredito\/#breadcrumb"},"inLanguage":"en-US","potentialAction":[{"@type":"ReadAction","target":["https:\/\/www.prestamospersonalesnet.com\/prestamos-personales-y-minicreditos-rapidos-online-en-sucredito\/"]}]},{"@type":"ImageObject","inLanguage":"en-US","@id":"https:\/\/www.prestamospersonalesnet.com\/prestamos-personales-y-minicreditos-rapidos-online-en-sucredito\/#primaryimage","url":"https:\/\/www.prestamospersonalesnet.com\/wp-content\/uploads\/2025\/07\/prestamos-personales-mini-prestamos-rapidos-sucredito-2.jpg","contentUrl":"https:\/\/www.prestamospersonalesnet.com\/wp-content\/uploads\/2025\/07\/prestamos-personales-mini-prestamos-rapidos-sucredito-2.jpg","width":150,"height":150},{"@type":"BreadcrumbList","@id":"https:\/\/www.prestamospersonalesnet.com\/prestamos-personales-y-minicreditos-rapidos-online-en-sucredito\/#breadcrumb","itemListElement":[{"@type":"ListItem","position":1,"name":"Home","item":"https:\/\/www.prestamospersonalesnet.com\/"},{"@type":"ListItem","position":2,"name":"Pr\u00e9stamos Personales y Minicr\u00e9ditos R\u00e1pidos Online En Sucredito"}]},{"@type":"WebSite","@id":"https:\/\/www.prestamospersonalesnet.com\/#website","url":"https:\/\/www.prestamospersonalesnet.com\/","name":"Pr\u00e9stamos Personales","description":"Toda la informaci\u00f3n sobre pr\u00e9stamos personales","potentialAction":[{"@type":"SearchAction","target":{"@type":"EntryPoint","urlTemplate":"https:\/\/www.prestamospersonalesnet.com\/?s={search_term_string}"},"query-input":{"@type":"PropertyValueSpecification","valueRequired":true,"valueName":"search_term_string"}}],"inLanguage":"en-US"}]}},"uagb_featured_image_src":{"full":false,"thumbnail":false,"medium":false,"medium_large":false,"large":false,"1536x1536":false,"2048x2048":false,"post-thumbnail":false},"uagb_author_info":{"display_name":"admin","author_link":"https:\/\/www.prestamospersonalesnet.com\/index.php\/author\/admin\/"},"uagb_comment_info":0,"uagb_excerpt":"Sucredito es una entidad con sede en Madrid especialista en pr\u00e9stamos personales urgentes, como son los minicr\u00e9ditos r\u00e1pidos online. Ofrece minicr\u00e9ditos de 50 \u20ac a 500 \u20ac a devolver en un plazo de 15 \u00f3 30 d\u00edas. Sucredito ofrece la soluci\u00f3n para peque\u00f1as necesidades financieras con pr\u00e9stamos personales urgentes r\u00e1pidos y flexibles, ideales para hacer&hellip;","_links":{"self":[{"href":"https:\/\/www.prestamospersonalesnet.com\/index.php\/wp-json\/wp\/v2\/pages\/89","targetHints":{"allow":["GET"]}}],"collection":[{"href":"https:\/\/www.prestamospersonalesnet.com\/index.php\/wp-json\/wp\/v2\/pages"}],"about":[{"href":"https:\/\/www.prestamospersonalesnet.com\/index.php\/wp-json\/wp\/v2\/types\/page"}],"author":[{"embeddable":true,"href":"https:\/\/www.prestamospersonalesnet.com\/index.php\/wp-json\/wp\/v2\/users\/1"}],"replies":[{"embeddable":true,"href":"https:\/\/www.prestamospersonalesnet.com\/index.php\/wp-json\/wp\/v2\/comments?post=89"}],"version-history":[{"count":1,"href":"https:\/\/www.prestamospersonalesnet.com\/index.php\/wp-json\/wp\/v2\/pages\/89\/revisions"}],"predecessor-version":[{"id":91,"href":"https:\/\/www.prestamospersonalesnet.com\/index.php\/wp-json\/wp\/v2\/pages\/89\/revisions\/91"}],"wp:attachment":[{"href":"https:\/\/www.prestamospersonalesnet.com\/index.php\/wp-json\/wp\/v2\/media?parent=89"}],"curies":[{"name":"wp","href":"https:\/\/api.w.org\/{rel}","templated":true}]}}