{"id":92,"date":"2025-07-07T16:39:55","date_gmt":"2025-07-07T16:39:55","guid":{"rendered":"https:\/\/www.prestamospersonalesnet.com\/?page_id=92"},"modified":"2025-07-07T17:25:29","modified_gmt":"2025-07-07T17:25:29","slug":"monedo-now-prestamos-exclusivos-y-personales-sin-aval","status":"publish","type":"page","link":"https:\/\/www.prestamospersonalesnet.com\/monedo-now-prestamos-exclusivos-y-personales-hasta-5000-euros\/","title":{"rendered":"Monedo Now: Pr\u00e9stamos Exclusivos Y Personales Sin Aval"},"content":{"rendered":"<div class=\"wp-block-image\">\n<figure class=\"alignleft size-full\"><img loading=\"lazy\" decoding=\"async\" width=\"300\" height=\"250\" src=\"https:\/\/www.prestamospersonalesnet.com\/wp-content\/uploads\/2025\/07\/prestamos-exclusivos-personales-monedo-now.gif\" alt=\"prestamospersonalesnet\" class=\"wp-image-93\"\/><\/figure>\n<\/div>\n\n\n<p><strong>Monedo Now<\/strong> es un sitio web de pr\u00e9stamos personales online perteneciente a la empresa Kreditech que ofrece <strong>pr\u00e9stamos exclusivos hasta 5.000 Euros a devolver en cuotas mensuales a partir de 25 Euros<\/strong>, de forma r\u00e1pida y sencilla, pudiendo disponer del dinero en 10 minutos a trav\u00e9s de un solicitud por medio\u00a0de un formulario de solicitud online y sin necesidad de papeleos.<\/p>\n\n\n\n<p>Los <strong>pr\u00e9stamos exclusivos y personales de Monedo Now<\/strong> se pueden solicitar sin cumplir apenas requisitos, ya que son pr\u00e9stamos sin aval y se pueden solicitar sin tener una n\u00f3mina, pensi\u00f3n o justificante de ingresos y es posible conseguir su aprobaci\u00f3n estando en listados de morosos como ASNEF o RAI. En este art\u00edculo te vamos a contar c\u00f3mo realizar la solicitud online en Monedo y cuales son los requisitos, caracter\u00edsticas y ventajas de sus pr\u00e9stamos exclusivos y personales.<\/p>\n\n\n\n<h3 class=\"wp-block-heading\"><strong>\u00bfC\u00f3mo realizar la solicitud de los pr\u00e9stamos exclusivos y personales de Monedo Now?<\/strong><\/h3>\n\n\n\n<p>La solicitud de pr\u00e9stamos exclusivos y personales de Monedo Now es muy sencilla y consta de 3 pasos, con los que puedes conseguir dinero en 10 minutos. Los <strong>3 pasos que tienes que seguir para conseguir dinero r\u00e1pido en Monedo<\/strong> son los siguientes:<\/p>\n\n\n\n<h4 class=\"wp-block-heading\"><strong>1. Rellenar la solicitud del pr\u00e9stamo personal<\/strong><\/h4>\n\n\n\n<p>Para ello <strong>accede a la p\u00e1gina web de solicitudes online de Monedo aqu\u00ed<\/strong> y elige la cantidad que necesitas, con un m\u00ednimo de 500 \u20ac y un m\u00e1ximo de 5.000 \u20ac. Posteriormente haz click en el texto \u00abSelecciona pago mensual\u00bb y elige la cantidad que te gustar\u00eda pagar cada mes. Esta cantidad puede ser de un m\u00ednimo de 25 \u20ac y un m\u00e1ximo de 1.666 \u20ac, por lo que a menos cantidad seleccionada a pagar cada mes, mayor ser\u00e1 el plazo de devoluci\u00f3n del pr\u00e9stamo y mayor cantidad\u00a0de intereses tendr\u00e1s que pagar.<\/p>\n\n\n\n<p>Posteriormente haz click en el bot\u00f3n \u00abConsigue una oferta exclusiva y personal\u00bb y aparecer\u00e1 un formulario con 4 sencillos pasos, donde tendr\u00e1s que indicar tus datos de contacto, tus datos personales y tus datos bancarios.<\/p>\n\n\n\n<h4 class=\"wp-block-heading\"><strong>2. Elegir la oferta personalizada que m\u00e1s se adapte a tus necesidades<\/strong><\/h4>\n\n\n\n<p>Una vez enviado el formulario de solicitud de pr\u00e9stamos exclusivos y personales de Monedo, analizar\u00e1n los datos que has enviado de forma inmediata, envi\u00e1ndote una oferta de pr\u00e9stamo personalizada en cuesti\u00f3n de minutos. Esta oferta contendr\u00e1 la m\u00e1xima cantidad que te pueden prestar con las mejores condiciones que te pueden ofrecer, de acuerdo con tu perfil de riesgo financiero acorde a los datos que has enviado.<\/p>\n\n\n\n<p>La oferta personalizada es sin compromiso alguno, esto quiere decir que no est\u00e1s obligado a aceptarla y podr\u00e1s cancelarla en este momento sin ning\u00fan problema ni pagar nada por el estudio del pr\u00e9stamo realizado.<\/p>\n\n\n\n<p>Si por el contrario, la oferta de los <strong>pr\u00e9stamos personalizados de Monedo Now<\/strong> se adapta a tus necesidades, tan solo tienes que aceptarla y te transferir\u00e1n el dinero en cuesti\u00f3n de minutos.<\/p>\n\n\n\n<h4 class=\"wp-block-heading\"><strong>3. Te transferir\u00e1n el dinero en unos minutos<\/strong><\/h4>\n\n\n\n<p>Como hemos comentado anteriormente, si aceptas la oferta del pr\u00e9stamo personal de Monedo, te enviar\u00e1n el dinero en unos minutos. Para aceptar la oferta tendr\u00e1s que enviar una copia escaneada o fotograf\u00eda n\u00edtida de tu documento de identidad (DNI, NIE o pasaporte) a trav\u00e9s de correo electr\u00f3nico, de forma que puedan validar la veracidad de los datos antes de enviarte el dinero.<\/p>\n\n\n\n<h3 class=\"wp-block-heading\"><strong>\u00bfCuales son los requisitos que hay que cumplir para solicitar pr\u00e9stamos en Monedo?<\/strong><\/h3>\n\n\n\n<p>Los pr\u00e9stamos exclusivos y personales de Monedo Now no necesitan apenas requisitos para poder ser solicitados, ya que son <strong>pr\u00e9stamos sin garant\u00eda<\/strong>, lo que significa que no es necesario un aval o avalista para ello, se pueden solicitar <strong>sin n\u00f3mina, pensi\u00f3n o justificante de ingresos<\/strong> y es posible obtener su aprobaci\u00f3n estando en listados de morosos como <strong>ASNEF o RAI<\/strong>.<\/p>\n\n\n\n<p>Para poder <strong>solicitar pr\u00e9stamos personales en Monedo Now<\/strong> tendr\u00e1s que cumplir los siguientes requisitos:<\/p>\n\n\n\n<ul class=\"wp-block-list\">\n<li>\u2013 Tener la residencia en Espa\u00f1a y un documento de identidad como DNI, NIE o pasaporte.<\/li>\n\n\n\n<li>\u2013 Ser mayor de edad.<\/li>\n\n\n\n<li>\u2013 Tener una direcci\u00f3n de correo electr\u00f3nico y un tel\u00e9fono m\u00f3vil.<\/li>\n\n\n\n<li>\u2013 Tener una cuenta bancaria para que puedan ingresarte el dinero.<\/li>\n<\/ul>\n\n\n\n<h3 class=\"wp-block-heading\"><strong>Caracter\u00edsticas de los pr\u00e9stamos exclusivos y personales de Monedo Now<\/strong><\/h3>\n\n\n\n<p>Los pr\u00e9stamos personales de Monedo Now son exclusivos debido a que no ofrecen unas condiciones generales para todo el mundo, sino que tu eliges la cantidad y cuota que quieres pagar y ellos, de acuerdo con el perfil de riesgo que calculen, te ofrecer\u00e1n unas condiciones personalizadas para ti. En este momento tu eliges si te interesa el pr\u00e9stamo que te han ofertado o no, <strong>pudi\u00e9ndolo cancelar sin compromiso<\/strong> ni coste alguno.<\/p>\n\n\n\n<p>Entre las <strong>caracter\u00edsticas que tienen los pr\u00e9stamos exclusivos y personales de Monedo<\/strong> destacan las siguientes:<\/p>\n\n\n\n<h3 class=\"wp-block-heading\"><strong>La sencillez<\/strong><\/h3>\n\n\n\n<p>Los pr\u00e9stamos personales de Monedo son sencillos de solicitar, ya que tu indicas lo que quieres y quien eres y ellos te ofrecer\u00e1n el pr\u00e9stamo con mejores condiciones para tu perfil de riesgo, de forma que tu no tienes que pensar si cumples los requisitos y son ellos los que te ofrecer\u00e1n un pr\u00e9stamo exclusivo acorde a ti. Adem\u00e1s, para realizar la solicitud no es necesario realizar papeleos, ya que toda la gesti\u00f3n se realiza a trav\u00e9s de Internet.<\/p>\n\n\n\n<h3 class=\"wp-block-heading\"><strong>La rapidez<\/strong><\/h3>\n\n\n\n<p>La solicitud se realiza en unos minutos simplemente rellenando un formulario en su p\u00e1gina web y tendr\u00e1s respuesta en cuesti\u00f3n de minutos con las ofertas de pr\u00e9stamos que te pueden ofrecer. De esta forma podr\u00e1s conseguir dinero r\u00e1pido de forma sencilla y sin moverte de casa.<\/p>\n\n\n\n<h3 class=\"wp-block-heading\"><strong>Su seguridad<\/strong><\/h3>\n\n\n\n<p>Monedo dispone de un formulario de solicitud online que utiliza el protocolo de transferencia de datos segura (https), por lo que tus datos ser\u00e1n cifrados durante todo el proceso de solicitud, ofreci\u00e9ndote la m\u00e1xima seguridad en este proceso. Adem\u00e1s, Monedo se compromete a que los datos que les facilites no ser\u00e1n ofrecidos a terceras personas, guard\u00e1ndolos de forma confidencial y segura.<\/p>\n\n\n\n<h3 class=\"wp-block-heading\"><strong>Ventajas que ofrece Monedo Now<\/strong><\/h3>\n\n\n\n<p>Las ventajas que ofrecen los pr\u00e9stamos exclusivos y personales de Monedo Now destacan por la <strong>cantidad a solicitar, ya que es posible conseguir hasta 5.000 Euros<\/strong> en unos minutos, siendo una cantidad mucho mayor a la mayor\u00eda de entidades financieras de pr\u00e9stamos r\u00e1pidos. Adem\u00e1s, la devoluci\u00f3n se realiza en c\u00f3modas cuotas mensuales, siendo \u00e9stas a partir de 25 \u20ac al mes, por lo que tambi\u00e9n es una ventaja frente a otras entidades de pr\u00e9stamos r\u00e1pidos, que ofrecen plazos de devoluci\u00f3n menores y con la devoluci\u00f3n en una sola cuota.<\/p>\n\n\n\n<p>Los pr\u00e9stamos exclusivos de Monedo Now destacan tambi\u00e9n por su <strong>rapidez y facilidad<\/strong>, ya que es posible conseguir dinero en unos minutos simplemente rellenando un formulario a trav\u00e9s de Internet, sin necesidad de realizar papeleos. Adem\u00e1s, la solicitud se puede realizar todos los d\u00edas del a\u00f1o y a cualquier hora debido a que su sistema procesa las solicitudes de forma autom\u00e1tica.<\/p>\n\n\n\n<p><strong>Monedo no pide apenas requisitos para realizar la solicitud<\/strong>, ya que se puede realizar sin n\u00f3mina o pensi\u00f3n y es posible pedir el pr\u00e9stamo estando en listados de morosos como ASNEF o RAI. Adem\u00e1s, los pr\u00e9stamos personales de Monedo son pr\u00e9stamos sin garant\u00eda, por lo que tampoco necesitar\u00e1s un aval o avalista para su aprobaci\u00f3n.<\/p>\n\n\n\n<p>Por \u00faltimo, Monedo ofrece <strong>transparencia<\/strong> en sus pr\u00e9stamos exclusivos y personales, ya&nbsp;que no tienen ni letra peque\u00f1a ni costes ocultos. En el momento que te realicen la oferta personalizada, tendr\u00e1s los datos del pr\u00e9stamo de forma clara y sencilla, de forma que todo el mundo pueda entenderlos.<\/p>\n\n\n\n<p>En <strong>Prestamospersonalesnet<\/strong> dispones de todo tipo de pr\u00e9stamos personales y cr\u00e9ditos r\u00e1pidos para conseguir dinero a trav\u00e9s de Internet y sin necesidad de realizar papeleos. Selecciona el pr\u00e9stamo que m\u00e1s se adapte a tus necesidades financieras y realiza la solicitud en este momento a trav\u00e9s de Internet. Podr\u00e1s disponer del dinero en unos minutos.<\/p>\n\n\n\n<p><\/p>\n","protected":false},"excerpt":{"rendered":"<p>Monedo Now es un sitio web de pr\u00e9stamos personales online perteneciente a la empresa Kreditech que ofrece pr\u00e9stamos exclusivos hasta 5.000 Euros a devolver en cuotas mensuales a partir de 25 Euros, de forma r\u00e1pida y sencilla, pudiendo disponer del dinero en 10 minutos a trav\u00e9s de un solicitud por medio\u00a0de un formulario de solicitud &hellip; <a href=\"https:\/\/www.prestamospersonalesnet.com\/monedo-now-prestamos-exclusivos-y-personales-hasta-5000-euros\/\" class=\"more-link\">Continue reading <span class=\"screen-reader-text\">Monedo Now: Pr\u00e9stamos Exclusivos Y Personales Sin Aval<\/span><\/a><\/p>\n","protected":false},"author":1,"featured_media":0,"parent":0,"menu_order":0,"comment_status":"closed","ping_status":"closed","template":"","meta":{"_uag_custom_page_level_css":"","footnotes":""},"class_list":["post-92","page","type-page","status-publish","hentry"],"yoast_head":"<!-- This site is optimized with the Yoast SEO plugin v25.4 - https:\/\/yoast.com\/wordpress\/plugins\/seo\/ -->\n<title>Monedo Now: Pr\u00e9stamos Exclusivos Y Personales Sin Aval | Pr\u00e9stamos Personales<\/title>\n<meta name=\"description\" content=\"Solicita pr\u00e9stamos exclusivos y personales en Monedo Now y obt\u00e9n hasta 5.000 \u20ac en 10 minutos sin aval, sin n\u00f3mina y con una cuota desde 25 \u20ac al mes\" \/>\n<meta name=\"robots\" content=\"index, follow, max-snippet:-1, max-image-preview:large, max-video-preview:-1\" \/>\n<link rel=\"canonical\" href=\"https:\/\/www.prestamospersonalesnet.com\/monedo-now-prestamos-exclusivos-y-personales-hasta-5000-euros\/\" \/>\n<meta property=\"og:locale\" content=\"en_US\" \/>\n<meta property=\"og:type\" content=\"article\" \/>\n<meta property=\"og:title\" content=\"Monedo Now: Pr\u00e9stamos Exclusivos Y Personales Sin Aval | Pr\u00e9stamos Personales\" \/>\n<meta property=\"og:description\" content=\"Solicita pr\u00e9stamos exclusivos y personales en Monedo Now y obt\u00e9n hasta 5.000 \u20ac en 10 minutos sin aval, sin n\u00f3mina y con una cuota desde 25 \u20ac al mes\" \/>\n<meta property=\"og:url\" content=\"https:\/\/www.prestamospersonalesnet.com\/monedo-now-prestamos-exclusivos-y-personales-hasta-5000-euros\/\" \/>\n<meta property=\"og:site_name\" content=\"Pr\u00e9stamos Personales\" \/>\n<meta property=\"article:modified_time\" content=\"2025-07-07T17:25:29+00:00\" \/>\n<meta property=\"og:image\" content=\"https:\/\/www.prestamospersonalesnet.com\/wp-content\/uploads\/2025\/07\/prestamos-exclusivos-personales-monedo-now.gif\" \/>\n<meta name=\"twitter:card\" content=\"summary_large_image\" \/>\n<meta name=\"twitter:label1\" content=\"Est. reading time\" \/>\n\t<meta name=\"twitter:data1\" content=\"6 minutes\" \/>\n<script type=\"application\/ld+json\" class=\"yoast-schema-graph\">{\"@context\":\"https:\/\/schema.org\",\"@graph\":[{\"@type\":\"WebPage\",\"@id\":\"https:\/\/www.prestamospersonalesnet.com\/monedo-now-prestamos-exclusivos-y-personales-hasta-5000-euros\/\",\"url\":\"https:\/\/www.prestamospersonalesnet.com\/monedo-now-prestamos-exclusivos-y-personales-hasta-5000-euros\/\",\"name\":\"Monedo Now: Pr\u00e9stamos Exclusivos Y Personales Sin Aval | Pr\u00e9stamos Personales\",\"isPartOf\":{\"@id\":\"https:\/\/www.prestamospersonalesnet.com\/#website\"},\"primaryImageOfPage\":{\"@id\":\"https:\/\/www.prestamospersonalesnet.com\/monedo-now-prestamos-exclusivos-y-personales-hasta-5000-euros\/#primaryimage\"},\"image\":{\"@id\":\"https:\/\/www.prestamospersonalesnet.com\/monedo-now-prestamos-exclusivos-y-personales-hasta-5000-euros\/#primaryimage\"},\"thumbnailUrl\":\"https:\/\/www.prestamospersonalesnet.com\/wp-content\/uploads\/2025\/07\/prestamos-exclusivos-personales-monedo-now.gif\",\"datePublished\":\"2025-07-07T16:39:55+00:00\",\"dateModified\":\"2025-07-07T17:25:29+00:00\",\"description\":\"Solicita pr\u00e9stamos exclusivos y personales en Monedo Now y obt\u00e9n hasta 5.000 \u20ac en 10 minutos sin aval, sin n\u00f3mina y con una cuota desde 25 \u20ac al mes\",\"breadcrumb\":{\"@id\":\"https:\/\/www.prestamospersonalesnet.com\/monedo-now-prestamos-exclusivos-y-personales-hasta-5000-euros\/#breadcrumb\"},\"inLanguage\":\"en-US\",\"potentialAction\":[{\"@type\":\"ReadAction\",\"target\":[\"https:\/\/www.prestamospersonalesnet.com\/monedo-now-prestamos-exclusivos-y-personales-hasta-5000-euros\/\"]}]},{\"@type\":\"ImageObject\",\"inLanguage\":\"en-US\",\"@id\":\"https:\/\/www.prestamospersonalesnet.com\/monedo-now-prestamos-exclusivos-y-personales-hasta-5000-euros\/#primaryimage\",\"url\":\"https:\/\/www.prestamospersonalesnet.com\/wp-content\/uploads\/2025\/07\/prestamos-exclusivos-personales-monedo-now.gif\",\"contentUrl\":\"https:\/\/www.prestamospersonalesnet.com\/wp-content\/uploads\/2025\/07\/prestamos-exclusivos-personales-monedo-now.gif\",\"width\":300,\"height\":250},{\"@type\":\"BreadcrumbList\",\"@id\":\"https:\/\/www.prestamospersonalesnet.com\/monedo-now-prestamos-exclusivos-y-personales-hasta-5000-euros\/#breadcrumb\",\"itemListElement\":[{\"@type\":\"ListItem\",\"position\":1,\"name\":\"Home\",\"item\":\"https:\/\/www.prestamospersonalesnet.com\/\"},{\"@type\":\"ListItem\",\"position\":2,\"name\":\"Monedo Now: Pr\u00e9stamos Exclusivos Y Personales Sin Aval\"}]},{\"@type\":\"WebSite\",\"@id\":\"https:\/\/www.prestamospersonalesnet.com\/#website\",\"url\":\"https:\/\/www.prestamospersonalesnet.com\/\",\"name\":\"Pr\u00e9stamos Personales\",\"description\":\"Toda la informaci\u00f3n sobre pr\u00e9stamos personales\",\"potentialAction\":[{\"@type\":\"SearchAction\",\"target\":{\"@type\":\"EntryPoint\",\"urlTemplate\":\"https:\/\/www.prestamospersonalesnet.com\/?s={search_term_string}\"},\"query-input\":{\"@type\":\"PropertyValueSpecification\",\"valueRequired\":true,\"valueName\":\"search_term_string\"}}],\"inLanguage\":\"en-US\"}]}<\/script>\n<!-- \/ Yoast SEO plugin. -->","yoast_head_json":{"title":"Monedo Now: Pr\u00e9stamos Exclusivos Y Personales Sin Aval | Pr\u00e9stamos Personales","description":"Solicita pr\u00e9stamos exclusivos y personales en Monedo Now y obt\u00e9n hasta 5.000 \u20ac en 10 minutos sin aval, sin n\u00f3mina y con una cuota desde 25 \u20ac al mes","robots":{"index":"index","follow":"follow","max-snippet":"max-snippet:-1","max-image-preview":"max-image-preview:large","max-video-preview":"max-video-preview:-1"},"canonical":"https:\/\/www.prestamospersonalesnet.com\/monedo-now-prestamos-exclusivos-y-personales-hasta-5000-euros\/","og_locale":"en_US","og_type":"article","og_title":"Monedo Now: Pr\u00e9stamos Exclusivos Y Personales Sin Aval | Pr\u00e9stamos Personales","og_description":"Solicita pr\u00e9stamos exclusivos y personales en Monedo Now y obt\u00e9n hasta 5.000 \u20ac en 10 minutos sin aval, sin n\u00f3mina y con una cuota desde 25 \u20ac al mes","og_url":"https:\/\/www.prestamospersonalesnet.com\/monedo-now-prestamos-exclusivos-y-personales-hasta-5000-euros\/","og_site_name":"Pr\u00e9stamos Personales","article_modified_time":"2025-07-07T17:25:29+00:00","og_image":[{"url":"https:\/\/www.prestamospersonalesnet.com\/wp-content\/uploads\/2025\/07\/prestamos-exclusivos-personales-monedo-now.gif","type":"","width":"","height":""}],"twitter_card":"summary_large_image","twitter_misc":{"Est. reading time":"6 minutes"},"schema":{"@context":"https:\/\/schema.org","@graph":[{"@type":"WebPage","@id":"https:\/\/www.prestamospersonalesnet.com\/monedo-now-prestamos-exclusivos-y-personales-hasta-5000-euros\/","url":"https:\/\/www.prestamospersonalesnet.com\/monedo-now-prestamos-exclusivos-y-personales-hasta-5000-euros\/","name":"Monedo Now: Pr\u00e9stamos Exclusivos Y Personales Sin Aval | Pr\u00e9stamos Personales","isPartOf":{"@id":"https:\/\/www.prestamospersonalesnet.com\/#website"},"primaryImageOfPage":{"@id":"https:\/\/www.prestamospersonalesnet.com\/monedo-now-prestamos-exclusivos-y-personales-hasta-5000-euros\/#primaryimage"},"image":{"@id":"https:\/\/www.prestamospersonalesnet.com\/monedo-now-prestamos-exclusivos-y-personales-hasta-5000-euros\/#primaryimage"},"thumbnailUrl":"https:\/\/www.prestamospersonalesnet.com\/wp-content\/uploads\/2025\/07\/prestamos-exclusivos-personales-monedo-now.gif","datePublished":"2025-07-07T16:39:55+00:00","dateModified":"2025-07-07T17:25:29+00:00","description":"Solicita pr\u00e9stamos exclusivos y personales en Monedo Now y obt\u00e9n hasta 5.000 \u20ac en 10 minutos sin aval, sin n\u00f3mina y con una cuota desde 25 \u20ac al mes","breadcrumb":{"@id":"https:\/\/www.prestamospersonalesnet.com\/monedo-now-prestamos-exclusivos-y-personales-hasta-5000-euros\/#breadcrumb"},"inLanguage":"en-US","potentialAction":[{"@type":"ReadAction","target":["https:\/\/www.prestamospersonalesnet.com\/monedo-now-prestamos-exclusivos-y-personales-hasta-5000-euros\/"]}]},{"@type":"ImageObject","inLanguage":"en-US","@id":"https:\/\/www.prestamospersonalesnet.com\/monedo-now-prestamos-exclusivos-y-personales-hasta-5000-euros\/#primaryimage","url":"https:\/\/www.prestamospersonalesnet.com\/wp-content\/uploads\/2025\/07\/prestamos-exclusivos-personales-monedo-now.gif","contentUrl":"https:\/\/www.prestamospersonalesnet.com\/wp-content\/uploads\/2025\/07\/prestamos-exclusivos-personales-monedo-now.gif","width":300,"height":250},{"@type":"BreadcrumbList","@id":"https:\/\/www.prestamospersonalesnet.com\/monedo-now-prestamos-exclusivos-y-personales-hasta-5000-euros\/#breadcrumb","itemListElement":[{"@type":"ListItem","position":1,"name":"Home","item":"https:\/\/www.prestamospersonalesnet.com\/"},{"@type":"ListItem","position":2,"name":"Monedo Now: Pr\u00e9stamos Exclusivos Y Personales Sin Aval"}]},{"@type":"WebSite","@id":"https:\/\/www.prestamospersonalesnet.com\/#website","url":"https:\/\/www.prestamospersonalesnet.com\/","name":"Pr\u00e9stamos Personales","description":"Toda la informaci\u00f3n sobre pr\u00e9stamos personales","potentialAction":[{"@type":"SearchAction","target":{"@type":"EntryPoint","urlTemplate":"https:\/\/www.prestamospersonalesnet.com\/?s={search_term_string}"},"query-input":{"@type":"PropertyValueSpecification","valueRequired":true,"valueName":"search_term_string"}}],"inLanguage":"en-US"}]}},"uagb_featured_image_src":{"full":false,"thumbnail":false,"medium":false,"medium_large":false,"large":false,"1536x1536":false,"2048x2048":false,"post-thumbnail":false},"uagb_author_info":{"display_name":"admin","author_link":"https:\/\/www.prestamospersonalesnet.com\/index.php\/author\/admin\/"},"uagb_comment_info":0,"uagb_excerpt":"Monedo Now es un sitio web de pr\u00e9stamos personales online perteneciente a la empresa Kreditech que ofrece pr\u00e9stamos exclusivos hasta 5.000 Euros a devolver en cuotas mensuales a partir de 25 Euros, de forma r\u00e1pida y sencilla, pudiendo disponer del dinero en 10 minutos a trav\u00e9s de un solicitud por medio\u00a0de un formulario de solicitud&hellip;","_links":{"self":[{"href":"https:\/\/www.prestamospersonalesnet.com\/index.php\/wp-json\/wp\/v2\/pages\/92","targetHints":{"allow":["GET"]}}],"collection":[{"href":"https:\/\/www.prestamospersonalesnet.com\/index.php\/wp-json\/wp\/v2\/pages"}],"about":[{"href":"https:\/\/www.prestamospersonalesnet.com\/index.php\/wp-json\/wp\/v2\/types\/page"}],"author":[{"embeddable":true,"href":"https:\/\/www.prestamospersonalesnet.com\/index.php\/wp-json\/wp\/v2\/users\/1"}],"replies":[{"embeddable":true,"href":"https:\/\/www.prestamospersonalesnet.com\/index.php\/wp-json\/wp\/v2\/comments?post=92"}],"version-history":[{"count":1,"href":"https:\/\/www.prestamospersonalesnet.com\/index.php\/wp-json\/wp\/v2\/pages\/92\/revisions"}],"predecessor-version":[{"id":94,"href":"https:\/\/www.prestamospersonalesnet.com\/index.php\/wp-json\/wp\/v2\/pages\/92\/revisions\/94"}],"wp:attachment":[{"href":"https:\/\/www.prestamospersonalesnet.com\/index.php\/wp-json\/wp\/v2\/media?parent=92"}],"curies":[{"name":"wp","href":"https:\/\/api.w.org\/{rel}","templated":true}]}}