{"id":95,"date":"2025-07-07T16:42:06","date_gmt":"2025-07-07T16:42:06","guid":{"rendered":"https:\/\/www.prestamospersonalesnet.com\/?page_id=95"},"modified":"2025-07-07T17:25:12","modified_gmt":"2025-07-07T17:25:12","slug":"hapicredito-prestamos-personales-online-hasta-3000-euros","status":"publish","type":"page","link":"https:\/\/www.prestamospersonalesnet.com\/hapicredito-prestamos-personales-online-3000-euros\/","title":{"rendered":"Hapicredito, Pr\u00e9stamos Personales Online Hasta 3000 Euros"},"content":{"rendered":"<div class=\"wp-block-image\">\n<figure class=\"alignleft size-full\"><img loading=\"lazy\" decoding=\"async\" width=\"280\" height=\"210\" src=\"https:\/\/www.prestamospersonalesnet.com\/wp-content\/uploads\/2025\/07\/prestamos-personales-online-hapicredito.jpg\" alt=\"prestamospersonalesnet\" class=\"wp-image-96\"\/><\/figure>\n<\/div>\n\n\n<p><strong>Hapicredito<\/strong> es un sitio web donde es posible solicitar y obtener pr\u00e9stamos personales online de forma urgente y sin necesidad de realizar papeleos, perteneciente al grupo International Personal Finance. Hapicredito ofrece <strong>pr\u00e9stamos personales online de hasta 3000 Euros<\/strong> a devolver en cuotas mensuales hasta 36 meses, pudiendo conseguir el dinero en 15 minutos, ya que para ello solamente hay que rellenar un formulario de solicitud online y no es necesario realizar tr\u00e1mites innecesarios. Los pr\u00e9stamos personales online de Hapicredito son transparentes, flexibles y <strong>tienen tipos de inter\u00e9s \u00e9ticos<\/strong>, siendo de los m\u00e1s competitivos en el sector de los pr\u00e9stamos online.<\/p>\n\n\n\n<p><strong>Hapicredito ofrece dos productos financieros: una l\u00ednea de cr\u00e9dito<\/strong>, con la que podr\u00e1s obtener dinero al instante una vez concedida, y <strong>un pr\u00e9stamo a plazos<\/strong>, que consiste en un pr\u00e9stamo r\u00e1pido hasta 36 meses. &nbsp;A continuaci\u00f3n vamos a detallar c\u00f3mo realizar la solicitud en Hapicredito, los productos que puedes solicitar, los requisitos necesarios para obtener la aprobaci\u00f3n del cr\u00e9dito y las ventajas que ofrece Hapicredito frente a otras entidades financieras de pr\u00e9stamos personales online<\/p>\n\n\n\n<h3 class=\"wp-block-heading\"><strong>Pasos para solicitar pr\u00e9stamos personales online en Hapicredito<\/strong><\/h3>\n\n\n\n<p>Solicitar pr\u00e9stamos personales online en Hapicredito es muy sencillo, ya que simplemente hay que rellenar un formulario de solicitud y no es necesario realizar papeleos ni tr\u00e1mites innecesarios. A continuaci\u00f3n te mostramos los pasos detallados que hay que realizar para realizar la solicitud online:<\/p>\n\n\n\n<p><strong>1. Rellenar el formulario de solicitud online<\/strong><\/p>\n\n\n\n<p>En primer lugar hay que rellenar el formulario de solicitud online, por lo que <strong>hay que acceder a la p\u00e1gina web de solicitudes online de Hapicredito<\/strong> e indicar en primer lugar el DNI, NIF o NIE y el n\u00famero de tel\u00e9fono m\u00f3vil. Esto har\u00e1 que te registres en la plataforma, terminando dicho registro cuando recibas un SMS con un c\u00f3digo y lo introduzcas en el campo destinado a ello.<\/p>\n\n\n\n<p>Despu\u00e9s tendr\u00e1s que indicar la cantidad de dinero que quieres solicitar y el plazo m\u00e1ximo de devoluci\u00f3n del pr\u00e9stamo. Los pr\u00e9stamos personales online de Hapicredito ofrecen un m\u00ednimo de 100 \u20ac y un m\u00e1ximo de 3000 \u20ac, siendo el plazo de devoluci\u00f3n del dinero de hasta 36 meses, seg\u00fan el producto financiero elegido. Por \u00faltimo, introduce tus datos personales y bancarios en el formulario y as\u00ed terminar\u00e1s de realizar la solicitud del pr\u00e9stamo.<\/p>\n\n\n\n<p><strong>2. Confirmar el pr\u00e9stamo<\/strong><\/p>\n\n\n\n<p>Unos minutos despu\u00e9s de haber enviado el formulario de solicitud online, Hapicredito te responder\u00e1 con la aceptaci\u00f3n o denegaci\u00f3n de la misma a trav\u00e9s de email, SMS o una llamada telef\u00f3nica en el caso de que necesitaran m\u00e1s datos. Si la solicitud ha resultado aceptada, tan solo tendr\u00e1s que confirmar el pr\u00e9stamo desde tu \u00e1rea personal en la p\u00e1gina web de Hapicredito.<\/p>\n\n\n\n<p><strong>3. Obtener el dinero<\/strong><\/p>\n\n\n\n<p>Despu\u00e9s de haber confirmado el pr\u00e9stamo, Hapicredito te enviar\u00e1 el dinero a tu cuenta bancaria a trav\u00e9s de una transferencia. El plazo estimado del env\u00edo del dinero es de 15 minutos desde la confirmaci\u00f3n.<\/p>\n\n\n\n<h3 class=\"wp-block-heading\"><strong>Productos financieros que ofrece Hapicredito<\/strong><\/h3>\n\n\n\n<p>Hapicredito ofrece dos tipos de productos financieros, destinados a financiar las necesidades de cada persona. La l\u00ednea de cr\u00e9dito y el pr\u00e9stamo a plazos. Te vamos a explicar&nbsp;en qu\u00e9 consiste cada uno y cuales son sus caracter\u00edsticas principales:<\/p>\n\n\n\n<h3 class=\"wp-block-heading\"><strong>L\u00ednea de cr\u00e9dito de Hapicredito<\/strong><\/h3>\n\n\n\n<p>La l\u00ednea de cr\u00e9dito de <strong>Hapicredito ofrece hasta 3000 Euros<\/strong> y hasta 36 meses de plazo de devoluci\u00f3n, pudiendo obtenerse en solo 15 minutos mediante una solicitud online. Una vez concedida la l\u00ednea de cr\u00e9dito, podr\u00e1s utilizar su cr\u00e9dito tantas veces quieras con total libertad, obteniendo el dinero al instante y pudi\u00e9ndolo devolver cuando quieras, siempre dentro de los plazos establecidos. Las <strong>caracter\u00edsticas principales de la l\u00ednea de cr\u00e9dito de Hapicredito<\/strong> son las siguientes:<\/p>\n\n\n\n<ul class=\"wp-block-list\">\n<li>La cantidad m\u00e1xima a obtener es de 3000 Euros y el plazo m\u00e1ximo de devoluci\u00f3n del dinero de 36 meses.<\/li>\n\n\n\n<li>Solamente pagar\u00e1s por el tiempo que tengas el dinero en tu poder, ya que tener el cr\u00e9dito disponible es gratis. Cuando retires el dinero empezar\u00e1n a contar los intereses y cuando lo devuelvas dejar\u00e1s de pagarlos. Podr\u00e1s realizar esta operaci\u00f3n tantas veces como quieras con un importe m\u00e1ximo de 3000 Euros y no necesitar\u00e1s volver a realizar una solicitud para ello.<\/li>\n\n\n\n<li>La l\u00ednea de cr\u00e9dito de Hapicredito se obtiene a trav\u00e9s de Internet y su gesti\u00f3n es 100% online, pudiendo hacerlo a trav\u00e9s de su p\u00e1gina web o de la aplicaci\u00f3n para m\u00f3viles que disponen tanto para Android como para iPhone o iPad.<\/li>\n\n\n\n<li>Hapicredito te informar\u00e1 mensualmente de la actividad que has tenido en tu l\u00ednea de cr\u00e9dito y del importe m\u00ednimo mensual que tienes que devolver.<\/li>\n<\/ul>\n\n\n\n<h3 class=\"wp-block-heading\"><strong>Pr\u00e9stamos a plazos de Hapicredito<\/strong><\/h3>\n\n\n\n<p>El pr\u00e9stamo a plazos de Hapicredito es un pr\u00e9stamo personal online desde 100 Euros hasta un m\u00e1ximo de 3000 Euros que podr\u00e1s devolver entre 1 y 24 meses. Podr\u00e1s elegir lo que quieres devolver cada mes y el plazo de devoluci\u00f3n, pudiendo devolver el dinero de forma anticipada y ahorrar intereses. Las <strong>caracter\u00edsticas principales del pr\u00e9stamo a plazos de Hapicredito<\/strong> son las siguientes:<\/p>\n\n\n\n<ul class=\"wp-block-list\">\n<li>\u2013 La cantidad m\u00e1xima a obtener es de 3000 Euros y el plazo m\u00e1ximo de devoluci\u00f3n del dinero de 24 meses.<\/li>\n\n\n\n<li>\u2013 Toda la gesti\u00f3n del pr\u00e9stamo se realiza de forma online, siendo la solicitud muy sencilla de realizar y pudiendo conseguir el dinero en 15 minutos. Al igual que en la l\u00ednea de cr\u00e9dito, podr\u00e1s realizar las gestiones del pr\u00e9stamo tanto en la p\u00e1gina web de Hapicredito como en las\u00a0aplicaciones para m\u00f3viles.<\/li>\n\n\n\n<li>\u2013 Tu eliges lo que quieres devolver cada mes y el n\u00famero de cuotas que quieres en\u00a0el pr\u00e9stamo.<\/li>\n\n\n\n<li>\u2013 Si lo deseas, podr\u00e1s realizar una devoluci\u00f3n anticipada del pr\u00e9stamo, ahorrando intereses, ya que solamente pagar\u00e1s por el tiempo que tengas el dinero en tu poder, siendo un gran ahorro.<\/li>\n\n\n\n<li>\u2013 Hapicredito te informar\u00e1 mensualmente de la actividad que has tenido en tu l\u00ednea de cr\u00e9dito y del importe m\u00ednimo mensual que tienes que devolver.<\/li>\n<\/ul>\n\n\n\n<h3 class=\"wp-block-heading\"><strong>Requisitos necesarios para conseguir la aprobaci\u00f3n de sus pr\u00e9stamos personales online<\/strong><\/h3>\n\n\n\n<p>Los pr\u00e9stamos personales online de <strong>Hapicredito son pr\u00e9stamos sin garant\u00eda<\/strong>, por lo que no vas a necesitar un aval o avalista para conseguir la aprobaci\u00f3n de los mismos, siendo posible adem\u00e1s conseguirlos sin necesidad de tener una n\u00f3mina o pensi\u00f3n. Los <strong>requisitos necesarios para solicitar pr\u00e9stamos personales online en Hapicredito<\/strong> son los siguientes:<\/p>\n\n\n\n<ul class=\"wp-block-list\">\n<li>\u2013 Ser residente en Espa\u00f1a mayor de edad.<\/li>\n\n\n\n<li>\u2013 Poseer un documento de identidad como puede ser un DNI o NIE.<\/li>\n\n\n\n<li>\u2013 Tener una direcci\u00f3n de correo electr\u00f3nico y un tel\u00e9fono m\u00f3vil.<\/li>\n\n\n\n<li>\u2013 Tener una cuenta en una entidad bancaria.<\/li>\n\n\n\n<li>\u2013 Tener ingresos mensuales demostrables, de forma que Hapicredito pueda comprobar que vas a poder devolver el pr\u00e9stamo.<\/li>\n<\/ul>\n\n\n\n<p>Por \u00faltimo hay que comentar, que Hapicredito comprobar\u00e1 las deudas que tienes registradas en registros de morosos como ASNEF o RAI, no aprobando a los clientes que est\u00e9n en esta situaci\u00f3n.<\/p>\n\n\n\n<h3 class=\"wp-block-heading\"><strong>Ventajas de Hapicredito frente a otras entidades financieras de pr\u00e9stamos personales online<\/strong><\/h3>\n\n\n\n<p>Las ventajas que ofrece Hapicredito frente a otras entidades financieras de pr\u00e9stamos personales online son la <strong>rapidez y la facilidad<\/strong> para conseguir el dinero, ya que solamente hay que rellenar un formulario de solicitud online y esperar a que nos den respuesta a la solicitud, pudiendo obtener el dinero en 15 minutos. No hay que realizar papeleos ni tr\u00e1mites innecesarios.<\/p>\n\n\n\n<p>Hapicredito ofrece <strong>flexibilidad<\/strong> en sus cr\u00e9ditos y pr\u00e9stamos personales online, ya que tu eliges la cantidad de dinero que necesitas, el plazo de devoluci\u00f3n del mismo y lo que quieres pagar cada mes. Adem\u00e1s, podr\u00e1s <strong>devolver el dinero con antelaci\u00f3n ahorrando intereses<\/strong>, ya que solamente pagar\u00e1s por el tiempo que tengas el dinero en tu poder.<\/p>\n\n\n\n<p><strong>Hapicredito ofrece dos tipos de productos financieros<\/strong>, una l\u00ednea de cr\u00e9dito y un pr\u00e9stamo a plazos, cada uno adaptado a unas necesidades financieras diferentes, de forma que podr\u00e1s solicitar el que m\u00e1s se adapte a ti.<\/p>\n\n\n\n<p>Los requisitos para obtener la aprobaci\u00f3n de los pr\u00e9stamos personales online de Hapicredito son muy pocos, pudiendo obtenerlos <strong>sin aval o avalista e incluso sin n\u00f3mina o pensi\u00f3n<\/strong>.<\/p>\n\n\n\n<p>Por \u00faltimo indicar que <strong>los tipos de inter\u00e9s que ofrece Hapicredito son competitivos<\/strong>, siendo una de las entidades de pr\u00e9stamos r\u00e1pidos que ofrece mejores condiciones, siendo adem\u00e1s transparentes y sin letra peque\u00f1a.<\/p>\n\n\n\n<p>En <strong>Prestamospersonalesnet<\/strong> dispones de todo tipo de pr\u00e9stamos para obtener financiaci\u00f3n a trav\u00e9s de Internet. As\u00ed, los pr\u00e9stamos personales online ofrecen dinero r\u00e1pido sin moverte de casa. Elige el pr\u00e9stamo personal que m\u00e1s se adapte a tus necesidades y realizar la solicitud online en este momento.<\/p>\n","protected":false},"excerpt":{"rendered":"<p>Hapicredito es un sitio web donde es posible solicitar y obtener pr\u00e9stamos personales online de forma urgente y sin necesidad de realizar papeleos, perteneciente al grupo International Personal Finance. Hapicredito ofrece pr\u00e9stamos personales online de hasta 3000 Euros a devolver en cuotas mensuales hasta 36 meses, pudiendo conseguir el dinero en 15 minutos, ya que &hellip; <a href=\"https:\/\/www.prestamospersonalesnet.com\/hapicredito-prestamos-personales-online-3000-euros\/\" class=\"more-link\">Continue reading <span class=\"screen-reader-text\">Hapicredito, Pr\u00e9stamos Personales Online Hasta 3000 Euros<\/span><\/a><\/p>\n","protected":false},"author":1,"featured_media":0,"parent":0,"menu_order":0,"comment_status":"closed","ping_status":"closed","template":"","meta":{"_uag_custom_page_level_css":"","footnotes":""},"class_list":["post-95","page","type-page","status-publish","hentry"],"yoast_head":"<!-- This site is optimized with the Yoast SEO plugin v25.4 - https:\/\/yoast.com\/wordpress\/plugins\/seo\/ -->\n<title>Hapicredito, Pr\u00e9stamos Personales Online Hasta 3000 Euros | Pr\u00e9stamos Personales<\/title>\n<meta name=\"description\" content=\"Solicita pr\u00e9stamos personales online en Hapicredito y obt\u00e9n hasta 3000 \u20ac en 15 minutos sin aval, sin papeleos y con total flexibilidad en sus pr\u00e9stamos.\" \/>\n<meta name=\"robots\" content=\"index, follow, max-snippet:-1, max-image-preview:large, max-video-preview:-1\" \/>\n<link rel=\"canonical\" href=\"https:\/\/www.prestamospersonalesnet.com\/hapicredito-prestamos-personales-online-3000-euros\/\" \/>\n<meta property=\"og:locale\" content=\"en_US\" \/>\n<meta property=\"og:type\" content=\"article\" \/>\n<meta property=\"og:title\" content=\"Hapicredito, Pr\u00e9stamos Personales Online Hasta 3000 Euros | Pr\u00e9stamos Personales\" \/>\n<meta property=\"og:description\" content=\"Solicita pr\u00e9stamos personales online en Hapicredito y obt\u00e9n hasta 3000 \u20ac en 15 minutos sin aval, sin papeleos y con total flexibilidad en sus pr\u00e9stamos.\" \/>\n<meta property=\"og:url\" content=\"https:\/\/www.prestamospersonalesnet.com\/hapicredito-prestamos-personales-online-3000-euros\/\" \/>\n<meta property=\"og:site_name\" content=\"Pr\u00e9stamos Personales\" \/>\n<meta property=\"article:modified_time\" content=\"2025-07-07T17:25:12+00:00\" \/>\n<meta property=\"og:image\" content=\"https:\/\/www.prestamospersonalesnet.com\/wp-content\/uploads\/2025\/07\/prestamos-personales-online-hapicredito.jpg\" \/>\n<meta name=\"twitter:card\" content=\"summary_large_image\" \/>\n<meta name=\"twitter:label1\" content=\"Est. reading time\" \/>\n\t<meta name=\"twitter:data1\" content=\"7 minutes\" \/>\n<script type=\"application\/ld+json\" class=\"yoast-schema-graph\">{\"@context\":\"https:\/\/schema.org\",\"@graph\":[{\"@type\":\"WebPage\",\"@id\":\"https:\/\/www.prestamospersonalesnet.com\/hapicredito-prestamos-personales-online-3000-euros\/\",\"url\":\"https:\/\/www.prestamospersonalesnet.com\/hapicredito-prestamos-personales-online-3000-euros\/\",\"name\":\"Hapicredito, Pr\u00e9stamos Personales Online Hasta 3000 Euros | Pr\u00e9stamos Personales\",\"isPartOf\":{\"@id\":\"https:\/\/www.prestamospersonalesnet.com\/#website\"},\"primaryImageOfPage\":{\"@id\":\"https:\/\/www.prestamospersonalesnet.com\/hapicredito-prestamos-personales-online-3000-euros\/#primaryimage\"},\"image\":{\"@id\":\"https:\/\/www.prestamospersonalesnet.com\/hapicredito-prestamos-personales-online-3000-euros\/#primaryimage\"},\"thumbnailUrl\":\"https:\/\/www.prestamospersonalesnet.com\/wp-content\/uploads\/2025\/07\/prestamos-personales-online-hapicredito.jpg\",\"datePublished\":\"2025-07-07T16:42:06+00:00\",\"dateModified\":\"2025-07-07T17:25:12+00:00\",\"description\":\"Solicita pr\u00e9stamos personales online en Hapicredito y obt\u00e9n hasta 3000 \u20ac en 15 minutos sin aval, sin papeleos y con total flexibilidad en sus pr\u00e9stamos.\",\"breadcrumb\":{\"@id\":\"https:\/\/www.prestamospersonalesnet.com\/hapicredito-prestamos-personales-online-3000-euros\/#breadcrumb\"},\"inLanguage\":\"en-US\",\"potentialAction\":[{\"@type\":\"ReadAction\",\"target\":[\"https:\/\/www.prestamospersonalesnet.com\/hapicredito-prestamos-personales-online-3000-euros\/\"]}]},{\"@type\":\"ImageObject\",\"inLanguage\":\"en-US\",\"@id\":\"https:\/\/www.prestamospersonalesnet.com\/hapicredito-prestamos-personales-online-3000-euros\/#primaryimage\",\"url\":\"https:\/\/www.prestamospersonalesnet.com\/wp-content\/uploads\/2025\/07\/prestamos-personales-online-hapicredito.jpg\",\"contentUrl\":\"https:\/\/www.prestamospersonalesnet.com\/wp-content\/uploads\/2025\/07\/prestamos-personales-online-hapicredito.jpg\",\"width\":280,\"height\":210},{\"@type\":\"BreadcrumbList\",\"@id\":\"https:\/\/www.prestamospersonalesnet.com\/hapicredito-prestamos-personales-online-3000-euros\/#breadcrumb\",\"itemListElement\":[{\"@type\":\"ListItem\",\"position\":1,\"name\":\"Home\",\"item\":\"https:\/\/www.prestamospersonalesnet.com\/\"},{\"@type\":\"ListItem\",\"position\":2,\"name\":\"Hapicredito, Pr\u00e9stamos Personales Online Hasta 3000 Euros\"}]},{\"@type\":\"WebSite\",\"@id\":\"https:\/\/www.prestamospersonalesnet.com\/#website\",\"url\":\"https:\/\/www.prestamospersonalesnet.com\/\",\"name\":\"Pr\u00e9stamos Personales\",\"description\":\"Toda la informaci\u00f3n sobre pr\u00e9stamos personales\",\"potentialAction\":[{\"@type\":\"SearchAction\",\"target\":{\"@type\":\"EntryPoint\",\"urlTemplate\":\"https:\/\/www.prestamospersonalesnet.com\/?s={search_term_string}\"},\"query-input\":{\"@type\":\"PropertyValueSpecification\",\"valueRequired\":true,\"valueName\":\"search_term_string\"}}],\"inLanguage\":\"en-US\"}]}<\/script>\n<!-- \/ Yoast SEO plugin. -->","yoast_head_json":{"title":"Hapicredito, Pr\u00e9stamos Personales Online Hasta 3000 Euros | Pr\u00e9stamos Personales","description":"Solicita pr\u00e9stamos personales online en Hapicredito y obt\u00e9n hasta 3000 \u20ac en 15 minutos sin aval, sin papeleos y con total flexibilidad en sus pr\u00e9stamos.","robots":{"index":"index","follow":"follow","max-snippet":"max-snippet:-1","max-image-preview":"max-image-preview:large","max-video-preview":"max-video-preview:-1"},"canonical":"https:\/\/www.prestamospersonalesnet.com\/hapicredito-prestamos-personales-online-3000-euros\/","og_locale":"en_US","og_type":"article","og_title":"Hapicredito, Pr\u00e9stamos Personales Online Hasta 3000 Euros | Pr\u00e9stamos Personales","og_description":"Solicita pr\u00e9stamos personales online en Hapicredito y obt\u00e9n hasta 3000 \u20ac en 15 minutos sin aval, sin papeleos y con total flexibilidad en sus pr\u00e9stamos.","og_url":"https:\/\/www.prestamospersonalesnet.com\/hapicredito-prestamos-personales-online-3000-euros\/","og_site_name":"Pr\u00e9stamos Personales","article_modified_time":"2025-07-07T17:25:12+00:00","og_image":[{"url":"https:\/\/www.prestamospersonalesnet.com\/wp-content\/uploads\/2025\/07\/prestamos-personales-online-hapicredito.jpg","type":"","width":"","height":""}],"twitter_card":"summary_large_image","twitter_misc":{"Est. reading time":"7 minutes"},"schema":{"@context":"https:\/\/schema.org","@graph":[{"@type":"WebPage","@id":"https:\/\/www.prestamospersonalesnet.com\/hapicredito-prestamos-personales-online-3000-euros\/","url":"https:\/\/www.prestamospersonalesnet.com\/hapicredito-prestamos-personales-online-3000-euros\/","name":"Hapicredito, Pr\u00e9stamos Personales Online Hasta 3000 Euros | Pr\u00e9stamos Personales","isPartOf":{"@id":"https:\/\/www.prestamospersonalesnet.com\/#website"},"primaryImageOfPage":{"@id":"https:\/\/www.prestamospersonalesnet.com\/hapicredito-prestamos-personales-online-3000-euros\/#primaryimage"},"image":{"@id":"https:\/\/www.prestamospersonalesnet.com\/hapicredito-prestamos-personales-online-3000-euros\/#primaryimage"},"thumbnailUrl":"https:\/\/www.prestamospersonalesnet.com\/wp-content\/uploads\/2025\/07\/prestamos-personales-online-hapicredito.jpg","datePublished":"2025-07-07T16:42:06+00:00","dateModified":"2025-07-07T17:25:12+00:00","description":"Solicita pr\u00e9stamos personales online en Hapicredito y obt\u00e9n hasta 3000 \u20ac en 15 minutos sin aval, sin papeleos y con total flexibilidad en sus pr\u00e9stamos.","breadcrumb":{"@id":"https:\/\/www.prestamospersonalesnet.com\/hapicredito-prestamos-personales-online-3000-euros\/#breadcrumb"},"inLanguage":"en-US","potentialAction":[{"@type":"ReadAction","target":["https:\/\/www.prestamospersonalesnet.com\/hapicredito-prestamos-personales-online-3000-euros\/"]}]},{"@type":"ImageObject","inLanguage":"en-US","@id":"https:\/\/www.prestamospersonalesnet.com\/hapicredito-prestamos-personales-online-3000-euros\/#primaryimage","url":"https:\/\/www.prestamospersonalesnet.com\/wp-content\/uploads\/2025\/07\/prestamos-personales-online-hapicredito.jpg","contentUrl":"https:\/\/www.prestamospersonalesnet.com\/wp-content\/uploads\/2025\/07\/prestamos-personales-online-hapicredito.jpg","width":280,"height":210},{"@type":"BreadcrumbList","@id":"https:\/\/www.prestamospersonalesnet.com\/hapicredito-prestamos-personales-online-3000-euros\/#breadcrumb","itemListElement":[{"@type":"ListItem","position":1,"name":"Home","item":"https:\/\/www.prestamospersonalesnet.com\/"},{"@type":"ListItem","position":2,"name":"Hapicredito, Pr\u00e9stamos Personales Online Hasta 3000 Euros"}]},{"@type":"WebSite","@id":"https:\/\/www.prestamospersonalesnet.com\/#website","url":"https:\/\/www.prestamospersonalesnet.com\/","name":"Pr\u00e9stamos Personales","description":"Toda la informaci\u00f3n sobre pr\u00e9stamos personales","potentialAction":[{"@type":"SearchAction","target":{"@type":"EntryPoint","urlTemplate":"https:\/\/www.prestamospersonalesnet.com\/?s={search_term_string}"},"query-input":{"@type":"PropertyValueSpecification","valueRequired":true,"valueName":"search_term_string"}}],"inLanguage":"en-US"}]}},"uagb_featured_image_src":{"full":false,"thumbnail":false,"medium":false,"medium_large":false,"large":false,"1536x1536":false,"2048x2048":false,"post-thumbnail":false},"uagb_author_info":{"display_name":"admin","author_link":"https:\/\/www.prestamospersonalesnet.com\/index.php\/author\/admin\/"},"uagb_comment_info":0,"uagb_excerpt":"Hapicredito es un sitio web donde es posible solicitar y obtener pr\u00e9stamos personales online de forma urgente y sin necesidad de realizar papeleos, perteneciente al grupo International Personal Finance. Hapicredito ofrece pr\u00e9stamos personales online de hasta 3000 Euros a devolver en cuotas mensuales hasta 36 meses, pudiendo conseguir el dinero en 15 minutos, ya que&hellip;","_links":{"self":[{"href":"https:\/\/www.prestamospersonalesnet.com\/index.php\/wp-json\/wp\/v2\/pages\/95","targetHints":{"allow":["GET"]}}],"collection":[{"href":"https:\/\/www.prestamospersonalesnet.com\/index.php\/wp-json\/wp\/v2\/pages"}],"about":[{"href":"https:\/\/www.prestamospersonalesnet.com\/index.php\/wp-json\/wp\/v2\/types\/page"}],"author":[{"embeddable":true,"href":"https:\/\/www.prestamospersonalesnet.com\/index.php\/wp-json\/wp\/v2\/users\/1"}],"replies":[{"embeddable":true,"href":"https:\/\/www.prestamospersonalesnet.com\/index.php\/wp-json\/wp\/v2\/comments?post=95"}],"version-history":[{"count":1,"href":"https:\/\/www.prestamospersonalesnet.com\/index.php\/wp-json\/wp\/v2\/pages\/95\/revisions"}],"predecessor-version":[{"id":97,"href":"https:\/\/www.prestamospersonalesnet.com\/index.php\/wp-json\/wp\/v2\/pages\/95\/revisions\/97"}],"wp:attachment":[{"href":"https:\/\/www.prestamospersonalesnet.com\/index.php\/wp-json\/wp\/v2\/media?parent=95"}],"curies":[{"name":"wp","href":"https:\/\/api.w.org\/{rel}","templated":true}]}}