{"id":98,"date":"2025-07-07T16:46:07","date_gmt":"2025-07-07T16:46:07","guid":{"rendered":"https:\/\/www.prestamospersonalesnet.com\/?page_id=98"},"modified":"2025-07-07T17:25:35","modified_gmt":"2025-07-07T17:25:35","slug":"obtener-prestamos-personales-mediante-tarjetas-de-credito","status":"publish","type":"page","link":"https:\/\/www.prestamospersonalesnet.com\/obtener-prestamos-personales-mediante-tarjetas-de-credito\/","title":{"rendered":"Obtener Pr\u00e9stamos Personales Mediante Tarjetas De Cr\u00e9dito"},"content":{"rendered":"<div class=\"wp-block-image\">\n<figure class=\"alignleft size-full\"><img loading=\"lazy\" decoding=\"async\" width=\"150\" height=\"150\" src=\"https:\/\/www.prestamospersonalesnet.com\/wp-content\/uploads\/2025\/07\/prestamos-personales-tarjetas-de-credito-150x150-1.jpg\" alt=\"prestamospersonalesnet\" class=\"wp-image-99\"\/><\/figure>\n<\/div>\n\n\n<p>Las <strong>tarjetas de cr\u00e9dito<\/strong> son, junto a los cr\u00e9ditos r\u00e1pidos, los m\u00e9todos <strong>obtener dinero de forma sencilla y r\u00e1pida<\/strong>. Existen tres m\u00e9todos para <strong>obtener financiaci\u00f3n a trav\u00e9s de tarjetas de cr\u00e9dito<\/strong> que son realizar compras a trav\u00e9s de tarjetas, obtener dinero a cr\u00e9dito en un cajero autom\u00e1tico y realizar una transferencia del cr\u00e9dito de la tarjeta a tu cuenta bancaria asociada.<\/p>\n\n\n\n<p>Para poder realizar estas dos \u00faltimas operaciones las&nbsp;<strong>tarjetas de cr\u00e9dito<\/strong> tienen que soportar la operaci\u00f3n.<\/p>\n\n\n\n<h3 class=\"wp-block-heading\"><strong>\u00bfD\u00f3nde solicitar tarjetas de cr\u00e9dito?<\/strong><ins><ins><\/ins><\/ins><\/h3>\n\n\n\n<p>Las <strong>tarjetas de cr\u00e9dito<\/strong> se pueden obtener en las principales entidades bancarias del pa\u00eds, teniendo cada tarjeta una serie de caracter\u00edsticas que hacen que sea m\u00e1s beneficioso utilizar unas u otras. Te mostramos algunas <strong>tarjetas de cr\u00e9dito que puedes solicitar<\/strong> y con las que obtendr\u00e1s adem\u00e1s de cr\u00e9dito<strong> beneficios adicionales<\/strong> como son descuentos en compras, regalos o no tener que pagar cuota por ella.<\/p>\n\n\n\n<p>Solicitar&nbsp;<strong>tarjetas gratuitas sin cambiar de banco<\/strong>:<\/p>\n\n\n<div class=\"wp-block-image\">\n<figure class=\"alignleft size-full\"><img loading=\"lazy\" decoding=\"async\" width=\"150\" height=\"150\" src=\"https:\/\/www.prestamospersonalesnet.com\/wp-content\/uploads\/2025\/07\/prestamos-personales-tarjetas-de-credito-citibank.jpg\" alt=\"prestamospersonalesnet\" class=\"wp-image-103\"\/><\/figure>\n<\/div>\n\n\n<p><strong>Tarjeta de cr\u00e9dito\u00a0Citibank<\/strong><\/p>\n\n\n\n<p>Citibank es uno de los mayores bancos del mundo. Ofrece la <strong>tarjeta de cr\u00e9dito Citi Oro&nbsp;gratuita<\/strong>, con la que podr\u00e1s&nbsp;realizar compras a cr\u00e9dito o sacar dinero a cr\u00e9dito en cajeros autom\u00e1ticos y devolverlo en c\u00f3modos plazos. Adem\u00e1s te ofrece <strong>descuentos&nbsp;en tus compras<\/strong>, seguros gratuitos y&nbsp;<strong>te dan 25 \u20ac&nbsp;al realizar tu primera compra o retirada en efectivo<\/strong> y todo <strong>sin cambiar de banco<\/strong>.<\/p>\n\n\n<div class=\"wp-block-image\">\n<figure class=\"alignleft size-full is-resized\"><img loading=\"lazy\" decoding=\"async\" width=\"200\" height=\"200\" src=\"https:\/\/www.prestamospersonalesnet.com\/wp-content\/uploads\/2025\/07\/prestamos-personales-tarjetas-de-credito-iberia-cards.gif\" alt=\"prestamospersonalesnet\" class=\"wp-image-102\" style=\"width:150px\"\/><\/figure>\n<\/div>\n\n\n<p><strong>Tarjetas de cr\u00e9dito\u00a0Iberia Cards<\/strong><\/p>\n\n\n\n<p>Iberia te ofrece dos tarjetas con cuota gratis el primer a\u00f1o que funcionan como una sola,&nbsp;una Visa y otra American Express. Tendr\u00e1s&nbsp;<strong>descuentos en tus compras<\/strong>, un 10 % de descuento en Iberia, seguros de accidentes y asistencia en viaje y hasta&nbsp;<strong>un vuelo de ida y vuelta gratis<\/strong>. Todo esto <strong>sin cambiar de banco<\/strong>.<\/p>\n\n\n\n<p>Las siguientes <strong>tarjetas gratuitas<\/strong> requieren que contrates una <strong>cuenta bancaria sin comisiones<\/strong>:<\/p>\n\n\n<div class=\"wp-block-image\">\n<figure class=\"alignleft size-full is-resized\"><img loading=\"lazy\" decoding=\"async\" width=\"150\" height=\"150\" src=\"https:\/\/www.prestamospersonalesnet.com\/wp-content\/uploads\/2025\/07\/prestamos-personales-ingdirect-150x150-3.jpg\" alt=\"prestamospersonalesnet\" class=\"wp-image-101\" style=\"width:150px\"\/><\/figure>\n<\/div>\n\n\n<p><strong>Tarjetas de cr\u00e9dito en\u00a0ING Direct<\/strong><\/p>\n\n\n\n<p>ING DIRECT\u00a0pertenece al Grupo ING, primera entidad financiera de Holanda y una de las mayores del mundo. Ofrece\u00a0<strong>tarjetas visa cr\u00e9dito y visa d\u00e9bito gratis<\/strong>\u00a0(incluso la VISA ORO) al abrir una\u00a0cuenta n\u00f3mina\u00a0o cuenta sin n\u00f3mina.<\/p>\n\n\n<div class=\"wp-block-image\">\n<figure class=\"alignleft size-full is-resized\"><img loading=\"lazy\" decoding=\"async\" width=\"100\" height=\"100\" src=\"https:\/\/www.prestamospersonalesnet.com\/wp-content\/uploads\/2025\/07\/prestamos-personales-banco-sabadell-1.gif\" alt=\"prestamospersonalesnet\" class=\"wp-image-100\" style=\"width:150px\"\/><\/figure>\n<\/div>\n\n\n<p><strong>Tarjetas de cr\u00e9dito en\u00a0Banco Sabadell<\/strong><\/p>\n\n\n\n<p>Banco Sabadell es un banco de capital privado formado por la integraci\u00f3n de bancos, marcas y sociedades. Ofrece\u00a0<strong>tarjetas de cr\u00e9dito y d\u00e9bito\u00a0gratuitas<\/strong>\u00a0al contratar una\u00a0cuenta Expansi\u00f3n.<\/p>\n\n\n\n<p><strong>\u00bfC\u00f3mo obtener pr\u00e9stamos personales a trav\u00e9s de tarjetas de cr\u00e9dito?<\/strong><\/p>\n\n\n\n<p>Como hemos comentado al comienzo de la p\u00e1gina, existen <strong>3 formas de obtener financiaci\u00f3n a trav\u00e9s de tarjetas de cr\u00e9dito<\/strong>:<\/p>\n\n\n\n<ol class=\"wp-block-list\">\n<li><strong>Obteniendo\u00a0dinero en efectivo a cr\u00e9dito en cajeros autom\u00e1ticos<\/strong>. De esta forma obtendr\u00e1s un pr\u00e9stamo instant\u00e1neo en efectivo de forma sencilla y podr\u00e1s pagarlo en c\u00f3modos plazos.<\/li>\n\n\n\n<li><strong>Realizando compras con las tarjetas<\/strong> y pag\u00e1ndolas en c\u00f3modas cuotas, siendo la forma m\u00e1s habitual de obtener financiaci\u00f3n a trav\u00e9s de tarjetas de cr\u00e9dito.<\/li>\n\n\n\n<li><strong>Realizando una transferencia del cr\u00e9dito de la tarjeta a la cuenta bancaria asociada a la misma<\/strong>. Obtendr\u00e1s un pr\u00e9stamo instant\u00e1neo de forma c\u00f3moda y podr\u00e1s pagarlo en cuotas mensuales.<\/li>\n<\/ol>\n\n\n\n<p>Para realizar las dos \u00faltimas operaciones <strong>la tarjeta de cr\u00e9dito tiene que soportarlas<\/strong>, por lo que si vas a necesitar realizarlas antes de solicitar una tarjeta de cr\u00e9dito comprueba sus caracter\u00edsticas.<\/p>\n\n\n\n<h3 class=\"wp-block-heading\"><strong>Caracter\u00edsticas a tener en cuenta a la hora de solicitar tarjetas de cr\u00e9dito<\/strong><\/h3>\n\n\n\n<p>Adem\u00e1s de obtener financiaci\u00f3n realizando compras, en efectivo o por transferencia, las tarjetas de cr\u00e9dito tienen otro tipo de caracter\u00edsticas&nbsp;que hay que tener en cuenta al solicitarlas.&nbsp;Las <strong>principales caracter\u00edsticas a tener en cuenta<\/strong> son las siguientes:<\/p>\n\n\n\n<ul class=\"wp-block-list\">\n<li>\u2013 Precio o cuota de la tarjeta de cr\u00e9dito.<\/li>\n\n\n\n<li>\u2013 L\u00edmite\u00a0de cr\u00e9dito que tiene la tarjeta.<\/li>\n\n\n\n<li>\u2013 Tipos de inter\u00e9s\u00a0al utilizar el cr\u00e9dito de la tarjeta.<\/li>\n\n\n\n<li>\u2013 Poder disfrutar de descuentos\u00a0en tus compras.<\/li>\n\n\n\n<li>\u2013 Poder realizar\u00a0traspaso de dinero de la tarjeta de cr\u00e9dito a la cuenta bancaria\u00a0asociada.<\/li>\n\n\n\n<li>\u2013 Poder obtener dinero en efectivo a cr\u00e9dito en cajeros autom\u00e1ticos.<\/li>\n\n\n\n<li>\u2013 Coberturas del\u00a0seguro\u00a0que posee la tarjeta de cr\u00e9dito.<\/li>\n\n\n\n<li>\u2013 Poder obtener la tarjeta de cr\u00e9dito\u00a0sin cambiar de banco\u00a0(se puede vincular a la entidad que deseemos) o tarjeta de cr\u00e9dito vinculada a la entidad donde se solicita (en este caso es necesario hacerse cliente de la entidad bancaria)<\/li>\n<\/ul>\n\n\n\n<h3 class=\"wp-block-heading\"><strong>Ventajas de financiarse a trav\u00e9s de tarjetas de cr\u00e9dito<\/strong><\/h3>\n\n\n\n<p>La principal ventaja de financiarse a trav\u00e9s de tarjetas de cr\u00e9dito es su <strong>rapidez, pudiendo disfrutar del dinero al instante<\/strong> y pagarlo en c\u00f3modos plazos mensuales. La <strong>facilidad<\/strong> tambi\u00e9n es otra ventaja, ya que no es necesario firmar ning\u00fan papel ni realizar ninguna gesti\u00f3n, solamente utilizas tu tarjeta, el banco te presta el dinero y tambi\u00e9n se encarga de cobrarlo mes a mes.<\/p>\n\n\n\n<p>Otras ventajas que puedes obtener son <strong>descuentos en tus compras<\/strong>, pudiendo obtener un % de la compra realizada. Adem\u00e1s, alguna tarjetas te ofrecen <strong>regalos al utilizarlas<\/strong> y <strong>la mayor\u00eda tiene asociado un seguro a la misma<\/strong>, por lo que te recomendamos que te leas las coberturas del mismo ya que puede ser \u00fatil en muchos tipos de situaciones que no pensamos que un seguro de tarjeta vaya a cubrirlas.<\/p>\n\n\n\n<h3 class=\"wp-block-heading\"><strong>Desventajas de financiarse a trav\u00e9s de tarjetas de cr\u00e9dito<\/strong><\/h3>\n\n\n\n<p>La principal desventaja de financiarse a trav\u00e9s de tarjetas de cr\u00e9dito suelen ser los <strong>tipos de inter\u00e9s<\/strong>, mayores que los que se cobran al solicitar pr\u00e9stamos personales. Si bien hay que decir que son dos productos financieros diferentes para ser utilizados en diferentes situaciones, por lo que no es posible compararlos.<\/p>\n\n\n\n<p>Otra desventaja de las tarjetas de cr\u00e9dito son <strong>los l\u00edmites de cr\u00e9dito que disponen<\/strong>, siendo en algunos casos inferiores a los que necesitamos o por defecto son bajos y hay que indicarle a la entidad bancaria que los aumente, pudiendo generar <strong>situaciones en las que no podemos pagar a cr\u00e9dito por no haberlo subido con anterioridad<\/strong>, por lo que es algo a tener en cuenta a la hora de solicitarlas.<\/p>\n\n\n\n<h3 class=\"wp-block-heading\"><strong>Opiniones de tarjetas de cr\u00e9dito<\/strong><\/h3>\n\n\n\n<p>Danos tu <strong>opini\u00f3n sobre las tarjetas de cr\u00e9dito<\/strong>, cuales son las que mayores ventajas has obtenido, cuales funcionan mejor y cuales peor. En prestamospersonalesnet.com\u00a0intentamos ofrecerte informaci\u00f3n sobre las mejores <strong>formas de obtener financiaci\u00f3n<\/strong>. Si las tarjetas de cr\u00e9dito no son la forma que buscabas te ofrecemos muchas m\u00e1s maneras de obtener pr\u00e9stamos personales.<\/p>\n","protected":false},"excerpt":{"rendered":"<p>Las tarjetas de cr\u00e9dito son, junto a los cr\u00e9ditos r\u00e1pidos, los m\u00e9todos obtener dinero de forma sencilla y r\u00e1pida. Existen tres m\u00e9todos para obtener financiaci\u00f3n a trav\u00e9s de tarjetas de cr\u00e9dito que son realizar compras a trav\u00e9s de tarjetas, obtener dinero a cr\u00e9dito en un cajero autom\u00e1tico y realizar una transferencia del cr\u00e9dito de la &hellip; <a href=\"https:\/\/www.prestamospersonalesnet.com\/obtener-prestamos-personales-mediante-tarjetas-de-credito\/\" class=\"more-link\">Continue reading <span class=\"screen-reader-text\">Obtener Pr\u00e9stamos Personales Mediante Tarjetas De Cr\u00e9dito<\/span><\/a><\/p>\n","protected":false},"author":1,"featured_media":0,"parent":0,"menu_order":0,"comment_status":"closed","ping_status":"closed","template":"","meta":{"_uag_custom_page_level_css":"","footnotes":""},"class_list":["post-98","page","type-page","status-publish","hentry"],"yoast_head":"<!-- This site is optimized with the Yoast SEO plugin v25.4 - https:\/\/yoast.com\/wordpress\/plugins\/seo\/ -->\n<title>Obtener Pr\u00e9stamos Personales Mediante Tarjetas De Cr\u00e9dito | Pr\u00e9stamos Personales<\/title>\n<meta name=\"description\" content=\"Las tarjetas de cr\u00e9dito son uno de los m\u00e9todos m\u00e1s sencillos y r\u00e1pidos para obtener financiaci\u00f3n. Entra y comprueba donde solicitar tu tarjeta de cr\u00e9dito.\" \/>\n<meta name=\"robots\" content=\"index, follow, max-snippet:-1, max-image-preview:large, max-video-preview:-1\" \/>\n<link rel=\"canonical\" href=\"https:\/\/www.prestamospersonalesnet.com\/obtener-prestamos-personales-mediante-tarjetas-de-credito\/\" \/>\n<meta property=\"og:locale\" content=\"en_US\" \/>\n<meta property=\"og:type\" content=\"article\" \/>\n<meta property=\"og:title\" content=\"Obtener Pr\u00e9stamos Personales Mediante Tarjetas De Cr\u00e9dito | Pr\u00e9stamos Personales\" \/>\n<meta property=\"og:description\" content=\"Las tarjetas de cr\u00e9dito son uno de los m\u00e9todos m\u00e1s sencillos y r\u00e1pidos para obtener financiaci\u00f3n. Entra y comprueba donde solicitar tu tarjeta de cr\u00e9dito.\" \/>\n<meta property=\"og:url\" content=\"https:\/\/www.prestamospersonalesnet.com\/obtener-prestamos-personales-mediante-tarjetas-de-credito\/\" \/>\n<meta property=\"og:site_name\" content=\"Pr\u00e9stamos Personales\" \/>\n<meta property=\"article:modified_time\" content=\"2025-07-07T17:25:35+00:00\" \/>\n<meta property=\"og:image\" content=\"https:\/\/www.prestamospersonalesnet.com\/wp-content\/uploads\/2025\/07\/prestamos-personales-tarjetas-de-credito-150x150-1.jpg\" \/>\n<meta name=\"twitter:card\" content=\"summary_large_image\" \/>\n<meta name=\"twitter:label1\" content=\"Est. reading time\" \/>\n\t<meta name=\"twitter:data1\" content=\"6 minutes\" \/>\n<script type=\"application\/ld+json\" class=\"yoast-schema-graph\">{\"@context\":\"https:\/\/schema.org\",\"@graph\":[{\"@type\":\"WebPage\",\"@id\":\"https:\/\/www.prestamospersonalesnet.com\/obtener-prestamos-personales-mediante-tarjetas-de-credito\/\",\"url\":\"https:\/\/www.prestamospersonalesnet.com\/obtener-prestamos-personales-mediante-tarjetas-de-credito\/\",\"name\":\"Obtener Pr\u00e9stamos Personales Mediante Tarjetas De Cr\u00e9dito | Pr\u00e9stamos Personales\",\"isPartOf\":{\"@id\":\"https:\/\/www.prestamospersonalesnet.com\/#website\"},\"primaryImageOfPage\":{\"@id\":\"https:\/\/www.prestamospersonalesnet.com\/obtener-prestamos-personales-mediante-tarjetas-de-credito\/#primaryimage\"},\"image\":{\"@id\":\"https:\/\/www.prestamospersonalesnet.com\/obtener-prestamos-personales-mediante-tarjetas-de-credito\/#primaryimage\"},\"thumbnailUrl\":\"https:\/\/www.prestamospersonalesnet.com\/wp-content\/uploads\/2025\/07\/prestamos-personales-tarjetas-de-credito-150x150-1.jpg\",\"datePublished\":\"2025-07-07T16:46:07+00:00\",\"dateModified\":\"2025-07-07T17:25:35+00:00\",\"description\":\"Las tarjetas de cr\u00e9dito son uno de los m\u00e9todos m\u00e1s sencillos y r\u00e1pidos para obtener financiaci\u00f3n. Entra y comprueba donde solicitar tu tarjeta de cr\u00e9dito.\",\"breadcrumb\":{\"@id\":\"https:\/\/www.prestamospersonalesnet.com\/obtener-prestamos-personales-mediante-tarjetas-de-credito\/#breadcrumb\"},\"inLanguage\":\"en-US\",\"potentialAction\":[{\"@type\":\"ReadAction\",\"target\":[\"https:\/\/www.prestamospersonalesnet.com\/obtener-prestamos-personales-mediante-tarjetas-de-credito\/\"]}]},{\"@type\":\"ImageObject\",\"inLanguage\":\"en-US\",\"@id\":\"https:\/\/www.prestamospersonalesnet.com\/obtener-prestamos-personales-mediante-tarjetas-de-credito\/#primaryimage\",\"url\":\"https:\/\/www.prestamospersonalesnet.com\/wp-content\/uploads\/2025\/07\/prestamos-personales-tarjetas-de-credito-150x150-1.jpg\",\"contentUrl\":\"https:\/\/www.prestamospersonalesnet.com\/wp-content\/uploads\/2025\/07\/prestamos-personales-tarjetas-de-credito-150x150-1.jpg\",\"width\":150,\"height\":150},{\"@type\":\"BreadcrumbList\",\"@id\":\"https:\/\/www.prestamospersonalesnet.com\/obtener-prestamos-personales-mediante-tarjetas-de-credito\/#breadcrumb\",\"itemListElement\":[{\"@type\":\"ListItem\",\"position\":1,\"name\":\"Home\",\"item\":\"https:\/\/www.prestamospersonalesnet.com\/\"},{\"@type\":\"ListItem\",\"position\":2,\"name\":\"Obtener Pr\u00e9stamos Personales Mediante Tarjetas De Cr\u00e9dito\"}]},{\"@type\":\"WebSite\",\"@id\":\"https:\/\/www.prestamospersonalesnet.com\/#website\",\"url\":\"https:\/\/www.prestamospersonalesnet.com\/\",\"name\":\"Pr\u00e9stamos Personales\",\"description\":\"Toda la informaci\u00f3n sobre pr\u00e9stamos personales\",\"potentialAction\":[{\"@type\":\"SearchAction\",\"target\":{\"@type\":\"EntryPoint\",\"urlTemplate\":\"https:\/\/www.prestamospersonalesnet.com\/?s={search_term_string}\"},\"query-input\":{\"@type\":\"PropertyValueSpecification\",\"valueRequired\":true,\"valueName\":\"search_term_string\"}}],\"inLanguage\":\"en-US\"}]}<\/script>\n<!-- \/ Yoast SEO plugin. -->","yoast_head_json":{"title":"Obtener Pr\u00e9stamos Personales Mediante Tarjetas De Cr\u00e9dito | Pr\u00e9stamos Personales","description":"Las tarjetas de cr\u00e9dito son uno de los m\u00e9todos m\u00e1s sencillos y r\u00e1pidos para obtener financiaci\u00f3n. Entra y comprueba donde solicitar tu tarjeta de cr\u00e9dito.","robots":{"index":"index","follow":"follow","max-snippet":"max-snippet:-1","max-image-preview":"max-image-preview:large","max-video-preview":"max-video-preview:-1"},"canonical":"https:\/\/www.prestamospersonalesnet.com\/obtener-prestamos-personales-mediante-tarjetas-de-credito\/","og_locale":"en_US","og_type":"article","og_title":"Obtener Pr\u00e9stamos Personales Mediante Tarjetas De Cr\u00e9dito | Pr\u00e9stamos Personales","og_description":"Las tarjetas de cr\u00e9dito son uno de los m\u00e9todos m\u00e1s sencillos y r\u00e1pidos para obtener financiaci\u00f3n. Entra y comprueba donde solicitar tu tarjeta de cr\u00e9dito.","og_url":"https:\/\/www.prestamospersonalesnet.com\/obtener-prestamos-personales-mediante-tarjetas-de-credito\/","og_site_name":"Pr\u00e9stamos Personales","article_modified_time":"2025-07-07T17:25:35+00:00","og_image":[{"url":"https:\/\/www.prestamospersonalesnet.com\/wp-content\/uploads\/2025\/07\/prestamos-personales-tarjetas-de-credito-150x150-1.jpg","type":"","width":"","height":""}],"twitter_card":"summary_large_image","twitter_misc":{"Est. reading time":"6 minutes"},"schema":{"@context":"https:\/\/schema.org","@graph":[{"@type":"WebPage","@id":"https:\/\/www.prestamospersonalesnet.com\/obtener-prestamos-personales-mediante-tarjetas-de-credito\/","url":"https:\/\/www.prestamospersonalesnet.com\/obtener-prestamos-personales-mediante-tarjetas-de-credito\/","name":"Obtener Pr\u00e9stamos Personales Mediante Tarjetas De Cr\u00e9dito | Pr\u00e9stamos Personales","isPartOf":{"@id":"https:\/\/www.prestamospersonalesnet.com\/#website"},"primaryImageOfPage":{"@id":"https:\/\/www.prestamospersonalesnet.com\/obtener-prestamos-personales-mediante-tarjetas-de-credito\/#primaryimage"},"image":{"@id":"https:\/\/www.prestamospersonalesnet.com\/obtener-prestamos-personales-mediante-tarjetas-de-credito\/#primaryimage"},"thumbnailUrl":"https:\/\/www.prestamospersonalesnet.com\/wp-content\/uploads\/2025\/07\/prestamos-personales-tarjetas-de-credito-150x150-1.jpg","datePublished":"2025-07-07T16:46:07+00:00","dateModified":"2025-07-07T17:25:35+00:00","description":"Las tarjetas de cr\u00e9dito son uno de los m\u00e9todos m\u00e1s sencillos y r\u00e1pidos para obtener financiaci\u00f3n. Entra y comprueba donde solicitar tu tarjeta de cr\u00e9dito.","breadcrumb":{"@id":"https:\/\/www.prestamospersonalesnet.com\/obtener-prestamos-personales-mediante-tarjetas-de-credito\/#breadcrumb"},"inLanguage":"en-US","potentialAction":[{"@type":"ReadAction","target":["https:\/\/www.prestamospersonalesnet.com\/obtener-prestamos-personales-mediante-tarjetas-de-credito\/"]}]},{"@type":"ImageObject","inLanguage":"en-US","@id":"https:\/\/www.prestamospersonalesnet.com\/obtener-prestamos-personales-mediante-tarjetas-de-credito\/#primaryimage","url":"https:\/\/www.prestamospersonalesnet.com\/wp-content\/uploads\/2025\/07\/prestamos-personales-tarjetas-de-credito-150x150-1.jpg","contentUrl":"https:\/\/www.prestamospersonalesnet.com\/wp-content\/uploads\/2025\/07\/prestamos-personales-tarjetas-de-credito-150x150-1.jpg","width":150,"height":150},{"@type":"BreadcrumbList","@id":"https:\/\/www.prestamospersonalesnet.com\/obtener-prestamos-personales-mediante-tarjetas-de-credito\/#breadcrumb","itemListElement":[{"@type":"ListItem","position":1,"name":"Home","item":"https:\/\/www.prestamospersonalesnet.com\/"},{"@type":"ListItem","position":2,"name":"Obtener Pr\u00e9stamos Personales Mediante Tarjetas De Cr\u00e9dito"}]},{"@type":"WebSite","@id":"https:\/\/www.prestamospersonalesnet.com\/#website","url":"https:\/\/www.prestamospersonalesnet.com\/","name":"Pr\u00e9stamos Personales","description":"Toda la informaci\u00f3n sobre pr\u00e9stamos personales","potentialAction":[{"@type":"SearchAction","target":{"@type":"EntryPoint","urlTemplate":"https:\/\/www.prestamospersonalesnet.com\/?s={search_term_string}"},"query-input":{"@type":"PropertyValueSpecification","valueRequired":true,"valueName":"search_term_string"}}],"inLanguage":"en-US"}]}},"uagb_featured_image_src":{"full":false,"thumbnail":false,"medium":false,"medium_large":false,"large":false,"1536x1536":false,"2048x2048":false,"post-thumbnail":false},"uagb_author_info":{"display_name":"admin","author_link":"https:\/\/www.prestamospersonalesnet.com\/index.php\/author\/admin\/"},"uagb_comment_info":0,"uagb_excerpt":"Las tarjetas de cr\u00e9dito son, junto a los cr\u00e9ditos r\u00e1pidos, los m\u00e9todos obtener dinero de forma sencilla y r\u00e1pida. Existen tres m\u00e9todos para obtener financiaci\u00f3n a trav\u00e9s de tarjetas de cr\u00e9dito que son realizar compras a trav\u00e9s de tarjetas, obtener dinero a cr\u00e9dito en un cajero autom\u00e1tico y realizar una transferencia del cr\u00e9dito de la&hellip;","_links":{"self":[{"href":"https:\/\/www.prestamospersonalesnet.com\/index.php\/wp-json\/wp\/v2\/pages\/98","targetHints":{"allow":["GET"]}}],"collection":[{"href":"https:\/\/www.prestamospersonalesnet.com\/index.php\/wp-json\/wp\/v2\/pages"}],"about":[{"href":"https:\/\/www.prestamospersonalesnet.com\/index.php\/wp-json\/wp\/v2\/types\/page"}],"author":[{"embeddable":true,"href":"https:\/\/www.prestamospersonalesnet.com\/index.php\/wp-json\/wp\/v2\/users\/1"}],"replies":[{"embeddable":true,"href":"https:\/\/www.prestamospersonalesnet.com\/index.php\/wp-json\/wp\/v2\/comments?post=98"}],"version-history":[{"count":1,"href":"https:\/\/www.prestamospersonalesnet.com\/index.php\/wp-json\/wp\/v2\/pages\/98\/revisions"}],"predecessor-version":[{"id":104,"href":"https:\/\/www.prestamospersonalesnet.com\/index.php\/wp-json\/wp\/v2\/pages\/98\/revisions\/104"}],"wp:attachment":[{"href":"https:\/\/www.prestamospersonalesnet.com\/index.php\/wp-json\/wp\/v2\/media?parent=98"}],"curies":[{"name":"wp","href":"https:\/\/api.w.org\/{rel}","templated":true}]}}